{"id":987218,"date":"2024-08-12T16:18:18","date_gmt":"2024-08-12T14:18:18","guid":{"rendered":"https:\/\/colmadosingular.com\/producto\/tomates-cherry-semisecos-200g\/"},"modified":"2025-02-22T19:42:02","modified_gmt":"2025-02-22T18:42:02","slug":"tomates-cherry-semisecos-200g","status":"publish","type":"product","link":"https:\/\/colmadosingular.com\/ca\/producto\/tomates-cherry-semisecos-200g\/","title":{"rendered":"TOM\u00c0QUETS CHERRY SEMISECS 200G"},"content":{"rendered":"","protected":false},"excerpt":{"rendered":"<p>DE CARLO<\/p>\n<p>Tom\u00e0quets Pomodorini semisecs: <em>Sun Kissed Cherry<br \/>\n<\/em>Comparables en versatilitat als carciofini, s\u00f3n els aliats imprescindibles de mil plats. Assecats al sol durant menys d\u2019un dia, conserven la polpa dol\u00e7a d\u2019una varietat t\u00edpica de la Pulla. <\/p>\n<p>Els cherry es presenten en un pot a l\u2019oli condimentat amb una mica de sal, d\u2019all i amb un toc d\u2019herbes arom\u00e0tiques. S\u00f3n el fant\u00e0stic sol de la cremosa suavitat de la burrata o d\u2019una bona mozzarella. <\/p>\n<p>Per anar m\u00e9s enll\u00e0\u2026<br \/>\nIdeal amb pasta Paolo Petrilli, sal Halen M\u00f4n i el mateix oli de la conserva.<\/p>\n","protected":false},"featured_media":5209,"template":"","meta":{"_acf_changed":false,"_monsterinsights_skip_tracking":false,"_monsterinsights_sitenote_active":false,"_monsterinsights_sitenote_note":"","_monsterinsights_sitenote_category":0,"_joinchat":[]},"product_brand":[],"product_cat":[232,240],"product_tag":[],"class_list":{"0":"post-987218","1":"product","2":"type-product","3":"status-publish","4":"has-post-thumbnail","6":"product_cat-conserves-vegetals","7":"product_cat-tomaquets","9":"first","10":"instock","11":"taxable","12":"shipping-taxable","13":"purchasable","14":"product-type-simple"},"acf":[],"yoast_head":"<!-- This site is optimized with the Yoast SEO plugin v24.8.1 - https:\/\/yoast.com\/wordpress\/plugins\/seo\/ -->\n<title>TOM\u00c0QUETS CHERRY SEMISECS 200G - Colmado Singular<\/title>\n<meta name=\"robots\" content=\"index, follow, max-snippet:-1, max-image-preview:large, max-video-preview:-1\" \/>\n<link rel=\"canonical\" href=\"https:\/\/colmadosingular.com\/ca\/producto\/tomates-cherry-semisecos-200g\/\" \/>\n<meta property=\"og:locale\" content=\"ca_ES\" \/>\n<meta property=\"og:type\" content=\"article\" \/>\n<meta property=\"og:title\" content=\"TOM\u00c0QUETS CHERRY SEMISECS 200G - Colmado Singular\" \/>\n<meta property=\"og:description\" content=\"DE CARLO Tom\u00e0quets Pomodorini semisecs: Sun Kissed Cherry Comparables en versatilitat als carciofini, s\u00f3n els aliats imprescindibles de mil plats. Assecats al sol durant menys d\u2019un dia, conserven la polpa dol\u00e7a d\u2019una varietat t\u00edpica de la Pulla.  Els cherry es presenten en un pot a l\u2019oli condimentat amb una mica de sal, d\u2019all i amb un toc d\u2019herbes arom\u00e0tiques. S\u00f3n el fant\u00e0stic sol de la cremosa suavitat de la burrata o d\u2019una bona mozzarella.  Per anar m\u00e9s enll\u00e0\u2026 Ideal amb pasta Paolo Petrilli, sal Halen M\u00f4n i el mateix oli de la conserva.\" \/>\n<meta property=\"og:url\" content=\"https:\/\/colmadosingular.com\/ca\/producto\/tomates-cherry-semisecos-200g\/\" \/>\n<meta property=\"og:site_name\" content=\"Colmado Singular\" \/>\n<meta property=\"article:modified_time\" content=\"2025-02-22T18:42:02+00:00\" \/>\n<meta property=\"og:image\" content=\"https:\/\/colmadosingular.com\/wp-content\/uploads\/2024\/08\/DC007_g_p-b_PSV4674_OK.jpg\" \/>\n\t<meta property=\"og:image:width\" content=\"800\" \/>\n\t<meta property=\"og:image:height\" content=\"800\" \/>\n\t<meta property=\"og:image:type\" content=\"image\/jpeg\" \/>\n<meta name=\"twitter:card\" content=\"summary_large_image\" \/>\n<meta name=\"twitter:label1\" content=\"Temps estimat de lectura\" \/>\n\t<meta name=\"twitter:data1\" content=\"1 minut\" \/>\n<script type=\"application\/ld+json\" class=\"yoast-schema-graph\">{\"@context\":\"https:\/\/schema.org\",\"@graph\":[{\"@type\":\"WebPage\",\"@id\":\"https:\/\/colmadosingular.com\/ca\/producto\/tomates-cherry-semisecos-200g\/\",\"url\":\"https:\/\/colmadosingular.com\/ca\/producto\/tomates-cherry-semisecos-200g\/\",\"name\":\"TOM\u00c0QUETS CHERRY SEMISECS 200G - Colmado Singular\",\"isPartOf\":{\"@id\":\"https:\/\/colmadosingular.com\/ca\/#website\"},\"primaryImageOfPage\":{\"@id\":\"https:\/\/colmadosingular.com\/ca\/producto\/tomates-cherry-semisecos-200g\/#primaryimage\"},\"image\":{\"@id\":\"https:\/\/colmadosingular.com\/ca\/producto\/tomates-cherry-semisecos-200g\/#primaryimage\"},\"thumbnailUrl\":\"https:\/\/colmadosingular.com\/wp-content\/uploads\/2024\/08\/DC007_g_p-b_PSV4674_OK.jpg\",\"datePublished\":\"2024-08-12T14:18:18+00:00\",\"dateModified\":\"2025-02-22T18:42:02+00:00\",\"breadcrumb\":{\"@id\":\"https:\/\/colmadosingular.com\/ca\/producto\/tomates-cherry-semisecos-200g\/#breadcrumb\"},\"inLanguage\":\"ca\",\"potentialAction\":[{\"@type\":\"ReadAction\",\"target\":[\"https:\/\/colmadosingular.com\/ca\/producto\/tomates-cherry-semisecos-200g\/\"]}]},{\"@type\":\"ImageObject\",\"inLanguage\":\"ca\",\"@id\":\"https:\/\/colmadosingular.com\/ca\/producto\/tomates-cherry-semisecos-200g\/#primaryimage\",\"url\":\"https:\/\/colmadosingular.com\/wp-content\/uploads\/2024\/08\/DC007_g_p-b_PSV4674_OK.jpg\",\"contentUrl\":\"https:\/\/colmadosingular.com\/wp-content\/uploads\/2024\/08\/DC007_g_p-b_PSV4674_OK.jpg\",\"width\":800,\"height\":800},{\"@type\":\"BreadcrumbList\",\"@id\":\"https:\/\/colmadosingular.com\/ca\/producto\/tomates-cherry-semisecos-200g\/#breadcrumb\",\"itemListElement\":[{\"@type\":\"ListItem\",\"position\":1,\"name\":\"Portada\",\"item\":\"https:\/\/colmadosingular.com\/ca\/inici\/\"},{\"@type\":\"ListItem\",\"position\":2,\"name\":\"BOTIGA\",\"item\":\"https:\/\/colmadosingular.com\/ca\/shop\/\"},{\"@type\":\"ListItem\",\"position\":3,\"name\":\"TOM\u00c0QUETS CHERRY SEMISECS 200G\"}]},{\"@type\":\"WebSite\",\"@id\":\"https:\/\/colmadosingular.com\/ca\/#website\",\"url\":\"https:\/\/colmadosingular.com\/ca\/\",\"name\":\"Colmado Singular\",\"description\":\"\",\"publisher\":{\"@id\":\"https:\/\/colmadosingular.com\/ca\/#organization\"},\"potentialAction\":[{\"@type\":\"SearchAction\",\"target\":{\"@type\":\"EntryPoint\",\"urlTemplate\":\"https:\/\/colmadosingular.com\/ca\/?s={search_term_string}\"},\"query-input\":{\"@type\":\"PropertyValueSpecification\",\"valueRequired\":true,\"valueName\":\"search_term_string\"}}],\"inLanguage\":\"ca\"},{\"@type\":\"Organization\",\"@id\":\"https:\/\/colmadosingular.com\/ca\/#organization\",\"name\":\"Colmado Singular\",\"url\":\"https:\/\/colmadosingular.com\/ca\/\",\"logo\":{\"@type\":\"ImageObject\",\"inLanguage\":\"ca\",\"@id\":\"https:\/\/colmadosingular.com\/ca\/#\/schema\/logo\/image\/\",\"url\":\"https:\/\/colmadosingular.com\/wp-content\/uploads\/2024\/08\/logo-colmado.svg\",\"contentUrl\":\"https:\/\/colmadosingular.com\/wp-content\/uploads\/2024\/08\/logo-colmado.svg\",\"width\":620,\"height\":50,\"caption\":\"Colmado Singular\"},\"image\":{\"@id\":\"https:\/\/colmadosingular.com\/ca\/#\/schema\/logo\/image\/\"}}]}<\/script>\n<!-- \/ Yoast SEO plugin. -->","yoast_head_json":{"title":"TOM\u00c0QUETS CHERRY SEMISECS 200G - Colmado Singular","robots":{"index":"index","follow":"follow","max-snippet":"max-snippet:-1","max-image-preview":"max-image-preview:large","max-video-preview":"max-video-preview:-1"},"canonical":"https:\/\/colmadosingular.com\/ca\/producto\/tomates-cherry-semisecos-200g\/","og_locale":"ca_ES","og_type":"article","og_title":"TOM\u00c0QUETS CHERRY SEMISECS 200G - Colmado Singular","og_description":"DE CARLO Tom\u00e0quets Pomodorini semisecs: Sun Kissed Cherry Comparables en versatilitat als carciofini, s\u00f3n els aliats imprescindibles de mil plats. Assecats al sol durant menys d\u2019un dia, conserven la polpa dol\u00e7a d\u2019una varietat t\u00edpica de la Pulla.  Els cherry es presenten en un pot a l\u2019oli condimentat amb una mica de sal, d\u2019all i amb un toc d\u2019herbes arom\u00e0tiques. S\u00f3n el fant\u00e0stic sol de la cremosa suavitat de la burrata o d\u2019una bona mozzarella.  Per anar m\u00e9s enll\u00e0\u2026 Ideal amb pasta Paolo Petrilli, sal Halen M\u00f4n i el mateix oli de la conserva.","og_url":"https:\/\/colmadosingular.com\/ca\/producto\/tomates-cherry-semisecos-200g\/","og_site_name":"Colmado Singular","article_modified_time":"2025-02-22T18:42:02+00:00","og_image":[{"width":800,"height":800,"url":"https:\/\/colmadosingular.com\/wp-content\/uploads\/2024\/08\/DC007_g_p-b_PSV4674_OK.jpg","type":"image\/jpeg"}],"twitter_card":"summary_large_image","twitter_misc":{"Temps estimat de lectura":"1 minut"},"schema":{"@context":"https:\/\/schema.org","@graph":[{"@type":"WebPage","@id":"https:\/\/colmadosingular.com\/ca\/producto\/tomates-cherry-semisecos-200g\/","url":"https:\/\/colmadosingular.com\/ca\/producto\/tomates-cherry-semisecos-200g\/","name":"TOM\u00c0QUETS CHERRY SEMISECS 200G - Colmado Singular","isPartOf":{"@id":"https:\/\/colmadosingular.com\/ca\/#website"},"primaryImageOfPage":{"@id":"https:\/\/colmadosingular.com\/ca\/producto\/tomates-cherry-semisecos-200g\/#primaryimage"},"image":{"@id":"https:\/\/colmadosingular.com\/ca\/producto\/tomates-cherry-semisecos-200g\/#primaryimage"},"thumbnailUrl":"https:\/\/colmadosingular.com\/wp-content\/uploads\/2024\/08\/DC007_g_p-b_PSV4674_OK.jpg","datePublished":"2024-08-12T14:18:18+00:00","dateModified":"2025-02-22T18:42:02+00:00","breadcrumb":{"@id":"https:\/\/colmadosingular.com\/ca\/producto\/tomates-cherry-semisecos-200g\/#breadcrumb"},"inLanguage":"ca","potentialAction":[{"@type":"ReadAction","target":["https:\/\/colmadosingular.com\/ca\/producto\/tomates-cherry-semisecos-200g\/"]}]},{"@type":"ImageObject","inLanguage":"ca","@id":"https:\/\/colmadosingular.com\/ca\/producto\/tomates-cherry-semisecos-200g\/#primaryimage","url":"https:\/\/colmadosingular.com\/wp-content\/uploads\/2024\/08\/DC007_g_p-b_PSV4674_OK.jpg","contentUrl":"https:\/\/colmadosingular.com\/wp-content\/uploads\/2024\/08\/DC007_g_p-b_PSV4674_OK.jpg","width":800,"height":800},{"@type":"BreadcrumbList","@id":"https:\/\/colmadosingular.com\/ca\/producto\/tomates-cherry-semisecos-200g\/#breadcrumb","itemListElement":[{"@type":"ListItem","position":1,"name":"Portada","item":"https:\/\/colmadosingular.com\/ca\/inici\/"},{"@type":"ListItem","position":2,"name":"BOTIGA","item":"https:\/\/colmadosingular.com\/ca\/shop\/"},{"@type":"ListItem","position":3,"name":"TOM\u00c0QUETS CHERRY SEMISECS 200G"}]},{"@type":"WebSite","@id":"https:\/\/colmadosingular.com\/ca\/#website","url":"https:\/\/colmadosingular.com\/ca\/","name":"Colmado Singular","description":"","publisher":{"@id":"https:\/\/colmadosingular.com\/ca\/#organization"},"potentialAction":[{"@type":"SearchAction","target":{"@type":"EntryPoint","urlTemplate":"https:\/\/colmadosingular.com\/ca\/?s={search_term_string}"},"query-input":{"@type":"PropertyValueSpecification","valueRequired":true,"valueName":"search_term_string"}}],"inLanguage":"ca"},{"@type":"Organization","@id":"https:\/\/colmadosingular.com\/ca\/#organization","name":"Colmado Singular","url":"https:\/\/colmadosingular.com\/ca\/","logo":{"@type":"ImageObject","inLanguage":"ca","@id":"https:\/\/colmadosingular.com\/ca\/#\/schema\/logo\/image\/","url":"https:\/\/colmadosingular.com\/wp-content\/uploads\/2024\/08\/logo-colmado.svg","contentUrl":"https:\/\/colmadosingular.com\/wp-content\/uploads\/2024\/08\/logo-colmado.svg","width":620,"height":50,"caption":"Colmado Singular"},"image":{"@id":"https:\/\/colmadosingular.com\/ca\/#\/schema\/logo\/image\/"}}]}},"_links":{"self":[{"href":"https:\/\/colmadosingular.com\/ca\/wp-json\/wp\/v2\/product\/987218","targetHints":{"allow":["GET"]}}],"collection":[{"href":"https:\/\/colmadosingular.com\/ca\/wp-json\/wp\/v2\/product"}],"about":[{"href":"https:\/\/colmadosingular.com\/ca\/wp-json\/wp\/v2\/types\/product"}],"wp:featuredmedia":[{"embeddable":true,"href":"https:\/\/colmadosingular.com\/ca\/wp-json\/wp\/v2\/media\/5209"}],"wp:attachment":[{"href":"https:\/\/colmadosingular.com\/ca\/wp-json\/wp\/v2\/media?parent=987218"}],"wp:term":[{"taxonomy":"product_brand","embeddable":true,"href":"https:\/\/colmadosingular.com\/ca\/wp-json\/wp\/v2\/product_brand?post=987218"},{"taxonomy":"product_cat","embeddable":true,"href":"https:\/\/colmadosingular.com\/ca\/wp-json\/wp\/v2\/product_cat?post=987218"},{"taxonomy":"product_tag","embeddable":true,"href":"https:\/\/colmadosingular.com\/ca\/wp-json\/wp\/v2\/product_tag?post=987218"}],"curies":[{"name":"wp","href":"https:\/\/api.w.org\/{rel}","templated":true}]}}