{"id":987237,"date":"2024-08-12T16:24:50","date_gmt":"2024-08-12T14:24:50","guid":{"rendered":"https:\/\/colmadosingular.com\/producto\/bacalao-ahumado-fileteado-100g\/"},"modified":"2025-02-23T13:57:37","modified_gmt":"2025-02-23T12:57:37","slug":"bacalao-ahumado-fileteado-100g","status":"publish","type":"product","link":"https:\/\/colmadosingular.com\/ca\/producto\/bacalao-ahumado-fileteado-100g\/","title":{"rendered":"BACALL\u00c0 FUMAT FILETEJAT 100g"},"content":{"rendered":"","protected":false},"excerpt":{"rendered":"<p>HYTTELS ROGERI<\/p>\n<p>Ters, suau i amb la salinitat justa. El seu fumat est\u00e0 molt regulat i no t\u00e9 matisos artificials, es podria dir que \u00e9s molt delicat. Tallat a ganivet i amb un gruix molt apropiat per menjar sobre una torrada, pizza o coca, i tamb\u00e9 a mode de carpaccio. Una de les coses m\u00e9s interessants \u00e9s la seva textura, amb certa rigidesa, t\u00e9 mossegada i no \u00e9s en absolut past\u00f3s; a la boca es poden diferenciar fins i tot les lasques del peix.   <\/p>\n","protected":false},"featured_media":5776,"template":"","meta":{"_acf_changed":false,"_monsterinsights_skip_tracking":false,"_monsterinsights_sitenote_active":false,"_monsterinsights_sitenote_note":"","_monsterinsights_sitenote_category":0,"_joinchat":[]},"product_brand":[],"product_cat":[226,227],"product_tag":[],"class_list":{"0":"post-987237","1":"product","2":"type-product","3":"status-publish","4":"has-post-thumbnail","6":"product_cat-conserves-del-mar","7":"product_cat-fumats","9":"first","10":"outofstock","11":"taxable","12":"shipping-taxable","13":"purchasable","14":"product-type-simple"},"acf":[],"yoast_head":"<!-- This site is optimized with the Yoast SEO plugin v24.8.1 - https:\/\/yoast.com\/wordpress\/plugins\/seo\/ -->\n<title>BACALL\u00c0 FUMAT FILETEJAT 100g - Colmado Singular<\/title>\n<meta name=\"robots\" content=\"index, follow, max-snippet:-1, max-image-preview:large, max-video-preview:-1\" \/>\n<link rel=\"canonical\" href=\"https:\/\/colmadosingular.com\/ca\/producto\/bacalao-ahumado-fileteado-100g\/\" \/>\n<meta property=\"og:locale\" content=\"ca_ES\" \/>\n<meta property=\"og:type\" content=\"article\" \/>\n<meta property=\"og:title\" content=\"BACALL\u00c0 FUMAT FILETEJAT 100g - Colmado Singular\" \/>\n<meta property=\"og:description\" content=\"HYTTELS ROGERI Ters, suau i amb la salinitat justa. El seu fumat est\u00e0 molt regulat i no t\u00e9 matisos artificials, es podria dir que \u00e9s molt delicat. Tallat a ganivet i amb un gruix molt apropiat per menjar sobre una torrada, pizza o coca, i tamb\u00e9 a mode de carpaccio. Una de les coses m\u00e9s interessants \u00e9s la seva textura, amb certa rigidesa, t\u00e9 mossegada i no \u00e9s en absolut past\u00f3s; a la boca es poden diferenciar fins i tot les lasques del peix.\" \/>\n<meta property=\"og:url\" content=\"https:\/\/colmadosingular.com\/ca\/producto\/bacalao-ahumado-fileteado-100g\/\" \/>\n<meta property=\"og:site_name\" content=\"Colmado Singular\" \/>\n<meta property=\"article:modified_time\" content=\"2025-02-23T12:57:37+00:00\" \/>\n<meta property=\"og:image\" content=\"https:\/\/colmadosingular.com\/wp-content\/uploads\/2024\/08\/HY007_PSV0204-1G-BR.jpg\" \/>\n\t<meta property=\"og:image:width\" content=\"935\" \/>\n\t<meta property=\"og:image:height\" content=\"935\" \/>\n\t<meta property=\"og:image:type\" content=\"image\/jpeg\" \/>\n<meta name=\"twitter:card\" content=\"summary_large_image\" \/>\n<meta name=\"twitter:label1\" content=\"Temps estimat de lectura\" \/>\n\t<meta name=\"twitter:data1\" content=\"1 minut\" \/>\n<script type=\"application\/ld+json\" class=\"yoast-schema-graph\">{\"@context\":\"https:\/\/schema.org\",\"@graph\":[{\"@type\":\"WebPage\",\"@id\":\"https:\/\/colmadosingular.com\/ca\/producto\/bacalao-ahumado-fileteado-100g\/\",\"url\":\"https:\/\/colmadosingular.com\/ca\/producto\/bacalao-ahumado-fileteado-100g\/\",\"name\":\"BACALL\u00c0 FUMAT FILETEJAT 100g - Colmado Singular\",\"isPartOf\":{\"@id\":\"https:\/\/colmadosingular.com\/ca\/#website\"},\"primaryImageOfPage\":{\"@id\":\"https:\/\/colmadosingular.com\/ca\/producto\/bacalao-ahumado-fileteado-100g\/#primaryimage\"},\"image\":{\"@id\":\"https:\/\/colmadosingular.com\/ca\/producto\/bacalao-ahumado-fileteado-100g\/#primaryimage\"},\"thumbnailUrl\":\"https:\/\/colmadosingular.com\/wp-content\/uploads\/2024\/08\/HY007_PSV0204-1G-BR.jpg\",\"datePublished\":\"2024-08-12T14:24:50+00:00\",\"dateModified\":\"2025-02-23T12:57:37+00:00\",\"breadcrumb\":{\"@id\":\"https:\/\/colmadosingular.com\/ca\/producto\/bacalao-ahumado-fileteado-100g\/#breadcrumb\"},\"inLanguage\":\"ca\",\"potentialAction\":[{\"@type\":\"ReadAction\",\"target\":[\"https:\/\/colmadosingular.com\/ca\/producto\/bacalao-ahumado-fileteado-100g\/\"]}]},{\"@type\":\"ImageObject\",\"inLanguage\":\"ca\",\"@id\":\"https:\/\/colmadosingular.com\/ca\/producto\/bacalao-ahumado-fileteado-100g\/#primaryimage\",\"url\":\"https:\/\/colmadosingular.com\/wp-content\/uploads\/2024\/08\/HY007_PSV0204-1G-BR.jpg\",\"contentUrl\":\"https:\/\/colmadosingular.com\/wp-content\/uploads\/2024\/08\/HY007_PSV0204-1G-BR.jpg\",\"width\":935,\"height\":935},{\"@type\":\"BreadcrumbList\",\"@id\":\"https:\/\/colmadosingular.com\/ca\/producto\/bacalao-ahumado-fileteado-100g\/#breadcrumb\",\"itemListElement\":[{\"@type\":\"ListItem\",\"position\":1,\"name\":\"Portada\",\"item\":\"https:\/\/colmadosingular.com\/ca\/inici\/\"},{\"@type\":\"ListItem\",\"position\":2,\"name\":\"BOTIGA\",\"item\":\"https:\/\/colmadosingular.com\/ca\/shop\/\"},{\"@type\":\"ListItem\",\"position\":3,\"name\":\"BACALL\u00c0 FUMAT FILETEJAT 100g\"}]},{\"@type\":\"WebSite\",\"@id\":\"https:\/\/colmadosingular.com\/ca\/#website\",\"url\":\"https:\/\/colmadosingular.com\/ca\/\",\"name\":\"Colmado Singular\",\"description\":\"\",\"publisher\":{\"@id\":\"https:\/\/colmadosingular.com\/ca\/#organization\"},\"potentialAction\":[{\"@type\":\"SearchAction\",\"target\":{\"@type\":\"EntryPoint\",\"urlTemplate\":\"https:\/\/colmadosingular.com\/ca\/?s={search_term_string}\"},\"query-input\":{\"@type\":\"PropertyValueSpecification\",\"valueRequired\":true,\"valueName\":\"search_term_string\"}}],\"inLanguage\":\"ca\"},{\"@type\":\"Organization\",\"@id\":\"https:\/\/colmadosingular.com\/ca\/#organization\",\"name\":\"Colmado Singular\",\"url\":\"https:\/\/colmadosingular.com\/ca\/\",\"logo\":{\"@type\":\"ImageObject\",\"inLanguage\":\"ca\",\"@id\":\"https:\/\/colmadosingular.com\/ca\/#\/schema\/logo\/image\/\",\"url\":\"https:\/\/colmadosingular.com\/wp-content\/uploads\/2024\/08\/logo-colmado.svg\",\"contentUrl\":\"https:\/\/colmadosingular.com\/wp-content\/uploads\/2024\/08\/logo-colmado.svg\",\"width\":620,\"height\":50,\"caption\":\"Colmado Singular\"},\"image\":{\"@id\":\"https:\/\/colmadosingular.com\/ca\/#\/schema\/logo\/image\/\"}}]}<\/script>\n<!-- \/ Yoast SEO plugin. -->","yoast_head_json":{"title":"BACALL\u00c0 FUMAT FILETEJAT 100g - Colmado Singular","robots":{"index":"index","follow":"follow","max-snippet":"max-snippet:-1","max-image-preview":"max-image-preview:large","max-video-preview":"max-video-preview:-1"},"canonical":"https:\/\/colmadosingular.com\/ca\/producto\/bacalao-ahumado-fileteado-100g\/","og_locale":"ca_ES","og_type":"article","og_title":"BACALL\u00c0 FUMAT FILETEJAT 100g - Colmado Singular","og_description":"HYTTELS ROGERI Ters, suau i amb la salinitat justa. El seu fumat est\u00e0 molt regulat i no t\u00e9 matisos artificials, es podria dir que \u00e9s molt delicat. Tallat a ganivet i amb un gruix molt apropiat per menjar sobre una torrada, pizza o coca, i tamb\u00e9 a mode de carpaccio. Una de les coses m\u00e9s interessants \u00e9s la seva textura, amb certa rigidesa, t\u00e9 mossegada i no \u00e9s en absolut past\u00f3s; a la boca es poden diferenciar fins i tot les lasques del peix.","og_url":"https:\/\/colmadosingular.com\/ca\/producto\/bacalao-ahumado-fileteado-100g\/","og_site_name":"Colmado Singular","article_modified_time":"2025-02-23T12:57:37+00:00","og_image":[{"width":935,"height":935,"url":"https:\/\/colmadosingular.com\/wp-content\/uploads\/2024\/08\/HY007_PSV0204-1G-BR.jpg","type":"image\/jpeg"}],"twitter_card":"summary_large_image","twitter_misc":{"Temps estimat de lectura":"1 minut"},"schema":{"@context":"https:\/\/schema.org","@graph":[{"@type":"WebPage","@id":"https:\/\/colmadosingular.com\/ca\/producto\/bacalao-ahumado-fileteado-100g\/","url":"https:\/\/colmadosingular.com\/ca\/producto\/bacalao-ahumado-fileteado-100g\/","name":"BACALL\u00c0 FUMAT FILETEJAT 100g - Colmado Singular","isPartOf":{"@id":"https:\/\/colmadosingular.com\/ca\/#website"},"primaryImageOfPage":{"@id":"https:\/\/colmadosingular.com\/ca\/producto\/bacalao-ahumado-fileteado-100g\/#primaryimage"},"image":{"@id":"https:\/\/colmadosingular.com\/ca\/producto\/bacalao-ahumado-fileteado-100g\/#primaryimage"},"thumbnailUrl":"https:\/\/colmadosingular.com\/wp-content\/uploads\/2024\/08\/HY007_PSV0204-1G-BR.jpg","datePublished":"2024-08-12T14:24:50+00:00","dateModified":"2025-02-23T12:57:37+00:00","breadcrumb":{"@id":"https:\/\/colmadosingular.com\/ca\/producto\/bacalao-ahumado-fileteado-100g\/#breadcrumb"},"inLanguage":"ca","potentialAction":[{"@type":"ReadAction","target":["https:\/\/colmadosingular.com\/ca\/producto\/bacalao-ahumado-fileteado-100g\/"]}]},{"@type":"ImageObject","inLanguage":"ca","@id":"https:\/\/colmadosingular.com\/ca\/producto\/bacalao-ahumado-fileteado-100g\/#primaryimage","url":"https:\/\/colmadosingular.com\/wp-content\/uploads\/2024\/08\/HY007_PSV0204-1G-BR.jpg","contentUrl":"https:\/\/colmadosingular.com\/wp-content\/uploads\/2024\/08\/HY007_PSV0204-1G-BR.jpg","width":935,"height":935},{"@type":"BreadcrumbList","@id":"https:\/\/colmadosingular.com\/ca\/producto\/bacalao-ahumado-fileteado-100g\/#breadcrumb","itemListElement":[{"@type":"ListItem","position":1,"name":"Portada","item":"https:\/\/colmadosingular.com\/ca\/inici\/"},{"@type":"ListItem","position":2,"name":"BOTIGA","item":"https:\/\/colmadosingular.com\/ca\/shop\/"},{"@type":"ListItem","position":3,"name":"BACALL\u00c0 FUMAT FILETEJAT 100g"}]},{"@type":"WebSite","@id":"https:\/\/colmadosingular.com\/ca\/#website","url":"https:\/\/colmadosingular.com\/ca\/","name":"Colmado Singular","description":"","publisher":{"@id":"https:\/\/colmadosingular.com\/ca\/#organization"},"potentialAction":[{"@type":"SearchAction","target":{"@type":"EntryPoint","urlTemplate":"https:\/\/colmadosingular.com\/ca\/?s={search_term_string}"},"query-input":{"@type":"PropertyValueSpecification","valueRequired":true,"valueName":"search_term_string"}}],"inLanguage":"ca"},{"@type":"Organization","@id":"https:\/\/colmadosingular.com\/ca\/#organization","name":"Colmado Singular","url":"https:\/\/colmadosingular.com\/ca\/","logo":{"@type":"ImageObject","inLanguage":"ca","@id":"https:\/\/colmadosingular.com\/ca\/#\/schema\/logo\/image\/","url":"https:\/\/colmadosingular.com\/wp-content\/uploads\/2024\/08\/logo-colmado.svg","contentUrl":"https:\/\/colmadosingular.com\/wp-content\/uploads\/2024\/08\/logo-colmado.svg","width":620,"height":50,"caption":"Colmado Singular"},"image":{"@id":"https:\/\/colmadosingular.com\/ca\/#\/schema\/logo\/image\/"}}]}},"_links":{"self":[{"href":"https:\/\/colmadosingular.com\/ca\/wp-json\/wp\/v2\/product\/987237","targetHints":{"allow":["GET"]}}],"collection":[{"href":"https:\/\/colmadosingular.com\/ca\/wp-json\/wp\/v2\/product"}],"about":[{"href":"https:\/\/colmadosingular.com\/ca\/wp-json\/wp\/v2\/types\/product"}],"wp:featuredmedia":[{"embeddable":true,"href":"https:\/\/colmadosingular.com\/ca\/wp-json\/wp\/v2\/media\/5776"}],"wp:attachment":[{"href":"https:\/\/colmadosingular.com\/ca\/wp-json\/wp\/v2\/media?parent=987237"}],"wp:term":[{"taxonomy":"product_brand","embeddable":true,"href":"https:\/\/colmadosingular.com\/ca\/wp-json\/wp\/v2\/product_brand?post=987237"},{"taxonomy":"product_cat","embeddable":true,"href":"https:\/\/colmadosingular.com\/ca\/wp-json\/wp\/v2\/product_cat?post=987237"},{"taxonomy":"product_tag","embeddable":true,"href":"https:\/\/colmadosingular.com\/ca\/wp-json\/wp\/v2\/product_tag?post=987237"}],"curies":[{"name":"wp","href":"https:\/\/api.w.org\/{rel}","templated":true}]}}