{"id":987333,"date":"2024-08-12T16:17:32","date_gmt":"2024-08-12T14:17:32","guid":{"rendered":"https:\/\/colmadosingular.com\/producto\/sardinas-sin-piel-ni-espina-125g\/"},"modified":"2026-03-03T16:37:35","modified_gmt":"2026-03-03T15:37:35","slug":"sardinas-sin-piel-ni-espina-125g","status":"publish","type":"product","link":"https:\/\/colmadosingular.com\/ca\/producto\/sardinas-sin-piel-ni-espina-125g\/","title":{"rendered":"SARDINES SENSE PELL NI ESPINA 125g"},"content":{"rendered":"","protected":false},"excerpt":{"rendered":"<p>LA SINGULAR DEL MAR<\/p>\n<p>Productes de gran selecci\u00f3. Envasats en oli vegetal d&#8217;oliva neutre, mer conservant, perqu\u00e8, escorregut, cadasc\u00fa imprimeixi al producte el seu oli especial. <\/p>\n<p>Sardina<br \/>\nDe Matosinhos, al nord de Porto, el mercat de sardina m\u00e9s gran d&#8217;Europa.<br \/>\nPeix fresc. Escap\u00e7at i eviscerat a m\u00e0. Amb pell i espina o sense pell i sense espina. Sardina sempre ferma i sucosa.   <\/p>\n","protected":false},"featured_media":5146,"template":"","meta":{"_acf_changed":false,"_monsterinsights_skip_tracking":false,"_monsterinsights_sitenote_active":false,"_monsterinsights_sitenote_note":"","_monsterinsights_sitenote_category":0,"_joinchat":[]},"product_brand":[],"product_cat":[226,231],"product_tag":[],"class_list":{"0":"post-987333","1":"product","2":"type-product","3":"status-publish","4":"has-post-thumbnail","6":"product_cat-conserves-del-mar","7":"product_cat-conserves-de-peix","9":"first","10":"instock","11":"taxable","12":"shipping-taxable","13":"purchasable","14":"product-type-simple"},"acf":[],"yoast_head":"<!-- This site is optimized with the Yoast SEO plugin v24.8.1 - https:\/\/yoast.com\/wordpress\/plugins\/seo\/ -->\n<title>SARDINES SENSE PELL NI ESPINA 125g - Colmado Singular<\/title>\n<meta name=\"robots\" content=\"index, follow, max-snippet:-1, max-image-preview:large, max-video-preview:-1\" \/>\n<link rel=\"canonical\" href=\"https:\/\/colmadosingular.com\/ca\/producto\/sardinas-sin-piel-ni-espina-125g\/\" \/>\n<meta property=\"og:locale\" content=\"ca_ES\" \/>\n<meta property=\"og:type\" content=\"article\" \/>\n<meta property=\"og:title\" content=\"SARDINES SENSE PELL NI ESPINA 125g - Colmado Singular\" \/>\n<meta property=\"og:description\" content=\"LA SINGULAR DEL MAR Productes de gran selecci\u00f3. Envasats en oli vegetal d&#039;oliva neutre, mer conservant, perqu\u00e8, escorregut, cadasc\u00fa imprimeixi al producte el seu oli especial.  Sardina De Matosinhos, al nord de Porto, el mercat de sardina m\u00e9s gran d&#039;Europa. Peix fresc. Escap\u00e7at i eviscerat a m\u00e0. Amb pell i espina o sense pell i sense espina. Sardina sempre ferma i sucosa.\" \/>\n<meta property=\"og:url\" content=\"https:\/\/colmadosingular.com\/ca\/producto\/sardinas-sin-piel-ni-espina-125g\/\" \/>\n<meta property=\"og:site_name\" content=\"Colmado Singular\" \/>\n<meta property=\"article:modified_time\" content=\"2026-03-03T15:37:35+00:00\" \/>\n<meta property=\"og:image\" content=\"https:\/\/colmadosingular.com\/wp-content\/uploads\/2024\/08\/SM015-19380311_OK.jpg\" \/>\n\t<meta property=\"og:image:width\" content=\"800\" \/>\n\t<meta property=\"og:image:height\" content=\"800\" \/>\n\t<meta property=\"og:image:type\" content=\"image\/jpeg\" \/>\n<meta name=\"twitter:card\" content=\"summary_large_image\" \/>\n<meta name=\"twitter:label1\" content=\"Temps estimat de lectura\" \/>\n\t<meta name=\"twitter:data1\" content=\"1 minut\" \/>\n<script type=\"application\/ld+json\" class=\"yoast-schema-graph\">{\"@context\":\"https:\/\/schema.org\",\"@graph\":[{\"@type\":\"WebPage\",\"@id\":\"https:\/\/colmadosingular.com\/ca\/producto\/sardinas-sin-piel-ni-espina-125g\/\",\"url\":\"https:\/\/colmadosingular.com\/ca\/producto\/sardinas-sin-piel-ni-espina-125g\/\",\"name\":\"SARDINES SENSE PELL NI ESPINA 125g - Colmado Singular\",\"isPartOf\":{\"@id\":\"https:\/\/colmadosingular.com\/ca\/#website\"},\"primaryImageOfPage\":{\"@id\":\"https:\/\/colmadosingular.com\/ca\/producto\/sardinas-sin-piel-ni-espina-125g\/#primaryimage\"},\"image\":{\"@id\":\"https:\/\/colmadosingular.com\/ca\/producto\/sardinas-sin-piel-ni-espina-125g\/#primaryimage\"},\"thumbnailUrl\":\"https:\/\/colmadosingular.com\/wp-content\/uploads\/2024\/08\/SM015-19380311_OK.jpg\",\"datePublished\":\"2024-08-12T14:17:32+00:00\",\"dateModified\":\"2026-03-03T15:37:35+00:00\",\"breadcrumb\":{\"@id\":\"https:\/\/colmadosingular.com\/ca\/producto\/sardinas-sin-piel-ni-espina-125g\/#breadcrumb\"},\"inLanguage\":\"ca\",\"potentialAction\":[{\"@type\":\"ReadAction\",\"target\":[\"https:\/\/colmadosingular.com\/ca\/producto\/sardinas-sin-piel-ni-espina-125g\/\"]}]},{\"@type\":\"ImageObject\",\"inLanguage\":\"ca\",\"@id\":\"https:\/\/colmadosingular.com\/ca\/producto\/sardinas-sin-piel-ni-espina-125g\/#primaryimage\",\"url\":\"https:\/\/colmadosingular.com\/wp-content\/uploads\/2024\/08\/SM015-19380311_OK.jpg\",\"contentUrl\":\"https:\/\/colmadosingular.com\/wp-content\/uploads\/2024\/08\/SM015-19380311_OK.jpg\",\"width\":800,\"height\":800},{\"@type\":\"BreadcrumbList\",\"@id\":\"https:\/\/colmadosingular.com\/ca\/producto\/sardinas-sin-piel-ni-espina-125g\/#breadcrumb\",\"itemListElement\":[{\"@type\":\"ListItem\",\"position\":1,\"name\":\"Portada\",\"item\":\"https:\/\/colmadosingular.com\/ca\/inici\/\"},{\"@type\":\"ListItem\",\"position\":2,\"name\":\"BOTIGA\",\"item\":\"https:\/\/colmadosingular.com\/ca\/shop\/\"},{\"@type\":\"ListItem\",\"position\":3,\"name\":\"SARDINES SENSE PELL NI ESPINA 125g\"}]},{\"@type\":\"WebSite\",\"@id\":\"https:\/\/colmadosingular.com\/ca\/#website\",\"url\":\"https:\/\/colmadosingular.com\/ca\/\",\"name\":\"Colmado Singular\",\"description\":\"\",\"publisher\":{\"@id\":\"https:\/\/colmadosingular.com\/ca\/#organization\"},\"potentialAction\":[{\"@type\":\"SearchAction\",\"target\":{\"@type\":\"EntryPoint\",\"urlTemplate\":\"https:\/\/colmadosingular.com\/ca\/?s={search_term_string}\"},\"query-input\":{\"@type\":\"PropertyValueSpecification\",\"valueRequired\":true,\"valueName\":\"search_term_string\"}}],\"inLanguage\":\"ca\"},{\"@type\":\"Organization\",\"@id\":\"https:\/\/colmadosingular.com\/ca\/#organization\",\"name\":\"Colmado Singular\",\"url\":\"https:\/\/colmadosingular.com\/ca\/\",\"logo\":{\"@type\":\"ImageObject\",\"inLanguage\":\"ca\",\"@id\":\"https:\/\/colmadosingular.com\/ca\/#\/schema\/logo\/image\/\",\"url\":\"https:\/\/colmadosingular.com\/wp-content\/uploads\/2024\/08\/logo-colmado.svg\",\"contentUrl\":\"https:\/\/colmadosingular.com\/wp-content\/uploads\/2024\/08\/logo-colmado.svg\",\"width\":620,\"height\":50,\"caption\":\"Colmado Singular\"},\"image\":{\"@id\":\"https:\/\/colmadosingular.com\/ca\/#\/schema\/logo\/image\/\"}}]}<\/script>\n<!-- \/ Yoast SEO plugin. -->","yoast_head_json":{"title":"SARDINES SENSE PELL NI ESPINA 125g - Colmado Singular","robots":{"index":"index","follow":"follow","max-snippet":"max-snippet:-1","max-image-preview":"max-image-preview:large","max-video-preview":"max-video-preview:-1"},"canonical":"https:\/\/colmadosingular.com\/ca\/producto\/sardinas-sin-piel-ni-espina-125g\/","og_locale":"ca_ES","og_type":"article","og_title":"SARDINES SENSE PELL NI ESPINA 125g - Colmado Singular","og_description":"LA SINGULAR DEL MAR Productes de gran selecci\u00f3. Envasats en oli vegetal d'oliva neutre, mer conservant, perqu\u00e8, escorregut, cadasc\u00fa imprimeixi al producte el seu oli especial.  Sardina De Matosinhos, al nord de Porto, el mercat de sardina m\u00e9s gran d'Europa. Peix fresc. Escap\u00e7at i eviscerat a m\u00e0. Amb pell i espina o sense pell i sense espina. Sardina sempre ferma i sucosa.","og_url":"https:\/\/colmadosingular.com\/ca\/producto\/sardinas-sin-piel-ni-espina-125g\/","og_site_name":"Colmado Singular","article_modified_time":"2026-03-03T15:37:35+00:00","og_image":[{"width":800,"height":800,"url":"https:\/\/colmadosingular.com\/wp-content\/uploads\/2024\/08\/SM015-19380311_OK.jpg","type":"image\/jpeg"}],"twitter_card":"summary_large_image","twitter_misc":{"Temps estimat de lectura":"1 minut"},"schema":{"@context":"https:\/\/schema.org","@graph":[{"@type":"WebPage","@id":"https:\/\/colmadosingular.com\/ca\/producto\/sardinas-sin-piel-ni-espina-125g\/","url":"https:\/\/colmadosingular.com\/ca\/producto\/sardinas-sin-piel-ni-espina-125g\/","name":"SARDINES SENSE PELL NI ESPINA 125g - Colmado Singular","isPartOf":{"@id":"https:\/\/colmadosingular.com\/ca\/#website"},"primaryImageOfPage":{"@id":"https:\/\/colmadosingular.com\/ca\/producto\/sardinas-sin-piel-ni-espina-125g\/#primaryimage"},"image":{"@id":"https:\/\/colmadosingular.com\/ca\/producto\/sardinas-sin-piel-ni-espina-125g\/#primaryimage"},"thumbnailUrl":"https:\/\/colmadosingular.com\/wp-content\/uploads\/2024\/08\/SM015-19380311_OK.jpg","datePublished":"2024-08-12T14:17:32+00:00","dateModified":"2026-03-03T15:37:35+00:00","breadcrumb":{"@id":"https:\/\/colmadosingular.com\/ca\/producto\/sardinas-sin-piel-ni-espina-125g\/#breadcrumb"},"inLanguage":"ca","potentialAction":[{"@type":"ReadAction","target":["https:\/\/colmadosingular.com\/ca\/producto\/sardinas-sin-piel-ni-espina-125g\/"]}]},{"@type":"ImageObject","inLanguage":"ca","@id":"https:\/\/colmadosingular.com\/ca\/producto\/sardinas-sin-piel-ni-espina-125g\/#primaryimage","url":"https:\/\/colmadosingular.com\/wp-content\/uploads\/2024\/08\/SM015-19380311_OK.jpg","contentUrl":"https:\/\/colmadosingular.com\/wp-content\/uploads\/2024\/08\/SM015-19380311_OK.jpg","width":800,"height":800},{"@type":"BreadcrumbList","@id":"https:\/\/colmadosingular.com\/ca\/producto\/sardinas-sin-piel-ni-espina-125g\/#breadcrumb","itemListElement":[{"@type":"ListItem","position":1,"name":"Portada","item":"https:\/\/colmadosingular.com\/ca\/inici\/"},{"@type":"ListItem","position":2,"name":"BOTIGA","item":"https:\/\/colmadosingular.com\/ca\/shop\/"},{"@type":"ListItem","position":3,"name":"SARDINES SENSE PELL NI ESPINA 125g"}]},{"@type":"WebSite","@id":"https:\/\/colmadosingular.com\/ca\/#website","url":"https:\/\/colmadosingular.com\/ca\/","name":"Colmado Singular","description":"","publisher":{"@id":"https:\/\/colmadosingular.com\/ca\/#organization"},"potentialAction":[{"@type":"SearchAction","target":{"@type":"EntryPoint","urlTemplate":"https:\/\/colmadosingular.com\/ca\/?s={search_term_string}"},"query-input":{"@type":"PropertyValueSpecification","valueRequired":true,"valueName":"search_term_string"}}],"inLanguage":"ca"},{"@type":"Organization","@id":"https:\/\/colmadosingular.com\/ca\/#organization","name":"Colmado Singular","url":"https:\/\/colmadosingular.com\/ca\/","logo":{"@type":"ImageObject","inLanguage":"ca","@id":"https:\/\/colmadosingular.com\/ca\/#\/schema\/logo\/image\/","url":"https:\/\/colmadosingular.com\/wp-content\/uploads\/2024\/08\/logo-colmado.svg","contentUrl":"https:\/\/colmadosingular.com\/wp-content\/uploads\/2024\/08\/logo-colmado.svg","width":620,"height":50,"caption":"Colmado Singular"},"image":{"@id":"https:\/\/colmadosingular.com\/ca\/#\/schema\/logo\/image\/"}}]}},"_links":{"self":[{"href":"https:\/\/colmadosingular.com\/ca\/wp-json\/wp\/v2\/product\/987333","targetHints":{"allow":["GET"]}}],"collection":[{"href":"https:\/\/colmadosingular.com\/ca\/wp-json\/wp\/v2\/product"}],"about":[{"href":"https:\/\/colmadosingular.com\/ca\/wp-json\/wp\/v2\/types\/product"}],"wp:featuredmedia":[{"embeddable":true,"href":"https:\/\/colmadosingular.com\/ca\/wp-json\/wp\/v2\/media\/5146"}],"wp:attachment":[{"href":"https:\/\/colmadosingular.com\/ca\/wp-json\/wp\/v2\/media?parent=987333"}],"wp:term":[{"taxonomy":"product_brand","embeddable":true,"href":"https:\/\/colmadosingular.com\/ca\/wp-json\/wp\/v2\/product_brand?post=987333"},{"taxonomy":"product_cat","embeddable":true,"href":"https:\/\/colmadosingular.com\/ca\/wp-json\/wp\/v2\/product_cat?post=987333"},{"taxonomy":"product_tag","embeddable":true,"href":"https:\/\/colmadosingular.com\/ca\/wp-json\/wp\/v2\/product_tag?post=987333"}],"curies":[{"name":"wp","href":"https:\/\/api.w.org\/{rel}","templated":true}]}}