{"id":987366,"date":"2024-08-12T16:24:06","date_gmt":"2024-08-12T14:24:06","guid":{"rendered":"https:\/\/colmadosingular.com\/producto\/caviar-oscietra-50g\/"},"modified":"2026-03-02T16:30:16","modified_gmt":"2026-03-02T15:30:16","slug":"caviar-oscietra-50g","status":"publish","type":"product","link":"https:\/\/colmadosingular.com\/ca\/producto\/caviar-oscietra-50g\/","title":{"rendered":"CAVIAR OSCIETRA 50g"},"content":{"rendered":"","protected":false},"excerpt":{"rendered":"<p>CAVIAR OSCIETRA<\/p>\n<p>Esturi\u00f3 rus<\/p>\n<p>El<strong> caviar Asetra <\/strong>\u00e9s un caviar delici\u00f3s. El seu particular sabor iodat, amb un toc d&#8217;avellana, el converteixen en un caviar que sempre aprecien els paladars m\u00e9s exigents i molts el consideren <strong>com la qualitat m\u00e9s refinada <\/strong>per ser degustat en estat pur. <\/p>\n<p>Prov\u00e9 de l&#8217;esturi\u00f3 rus ( <em>Acipenser gueldenstaedtii<\/em> ). Cal una mitjana de 9 a 11 anys per obtenir aquest caviar. <\/p>\n<p><strong>Di\u00e0metre de l&#8217;ou<\/strong>: aproximadament 3 mm<\/p>\n<p><strong>Color<\/strong>: gris fosc<\/p>\n<p><strong>Nota gustativa<\/strong>: substanci\u00f3s, amb tocs d&#8217;avellana<\/p>\n<p><strong>Origen:<\/strong> It\u00e0lia<\/p>\n<p><strong>Producte disponible sota comanda.<\/strong><\/p>\n","protected":false},"featured_media":5719,"template":"","meta":{"_acf_changed":false,"_monsterinsights_skip_tracking":false,"_monsterinsights_sitenote_active":false,"_monsterinsights_sitenote_note":"","_monsterinsights_sitenote_category":0,"_joinchat":[]},"product_brand":[],"product_cat":[226,230],"product_tag":[],"class_list":{"0":"post-987366","1":"product","2":"type-product","3":"status-publish","4":"has-post-thumbnail","6":"product_cat-conserves-del-mar","7":"product_cat-caviar-ca","9":"first","10":"onbackorder","11":"taxable","12":"shipping-taxable","13":"purchasable","14":"product-type-simple"},"acf":[],"yoast_head":"<!-- This site is optimized with the Yoast SEO plugin v24.8.1 - https:\/\/yoast.com\/wordpress\/plugins\/seo\/ -->\n<title>CAVIAR OSCIETRA 50g - Colmado Singular<\/title>\n<meta name=\"robots\" content=\"index, follow, max-snippet:-1, max-image-preview:large, max-video-preview:-1\" \/>\n<link rel=\"canonical\" href=\"https:\/\/colmadosingular.com\/ca\/producto\/caviar-oscietra-50g\/\" \/>\n<meta property=\"og:locale\" content=\"ca_ES\" \/>\n<meta property=\"og:type\" content=\"article\" \/>\n<meta property=\"og:title\" content=\"CAVIAR OSCIETRA 50g - Colmado Singular\" \/>\n<meta property=\"og:description\" content=\"CAVIAR OSCIETRA Esturi\u00f3 rus El caviar Asetra \u00e9s un caviar delici\u00f3s. El seu particular sabor iodat, amb un toc d&#039;avellana, el converteixen en un caviar que sempre aprecien els paladars m\u00e9s exigents i molts el consideren com la qualitat m\u00e9s refinada per ser degustat en estat pur.  Prov\u00e9 de l&#039;esturi\u00f3 rus ( Acipenser gueldenstaedtii ). Cal una mitjana de 9 a 11 anys per obtenir aquest caviar.  Di\u00e0metre de l&#039;ou: aproximadament 3 mm Color: gris fosc Nota gustativa: substanci\u00f3s, amb tocs d&#039;avellana Origen: It\u00e0lia Producte disponible sota comanda.\" \/>\n<meta property=\"og:url\" content=\"https:\/\/colmadosingular.com\/ca\/producto\/caviar-oscietra-50g\/\" \/>\n<meta property=\"og:site_name\" content=\"Colmado Singular\" \/>\n<meta property=\"article:modified_time\" content=\"2026-03-02T15:30:16+00:00\" \/>\n<meta property=\"og:image\" content=\"https:\/\/colmadosingular.com\/wp-content\/uploads\/2024\/08\/CI005-19600019.jpg\" \/>\n\t<meta property=\"og:image:width\" content=\"1280\" \/>\n\t<meta property=\"og:image:height\" content=\"1280\" \/>\n\t<meta property=\"og:image:type\" content=\"image\/jpeg\" \/>\n<meta name=\"twitter:card\" content=\"summary_large_image\" \/>\n<meta name=\"twitter:label1\" content=\"Temps estimat de lectura\" \/>\n\t<meta name=\"twitter:data1\" content=\"1 minut\" \/>\n<script type=\"application\/ld+json\" class=\"yoast-schema-graph\">{\"@context\":\"https:\/\/schema.org\",\"@graph\":[{\"@type\":\"WebPage\",\"@id\":\"https:\/\/colmadosingular.com\/ca\/producto\/caviar-oscietra-50g\/\",\"url\":\"https:\/\/colmadosingular.com\/ca\/producto\/caviar-oscietra-50g\/\",\"name\":\"CAVIAR OSCIETRA 50g - Colmado Singular\",\"isPartOf\":{\"@id\":\"https:\/\/colmadosingular.com\/ca\/#website\"},\"primaryImageOfPage\":{\"@id\":\"https:\/\/colmadosingular.com\/ca\/producto\/caviar-oscietra-50g\/#primaryimage\"},\"image\":{\"@id\":\"https:\/\/colmadosingular.com\/ca\/producto\/caviar-oscietra-50g\/#primaryimage\"},\"thumbnailUrl\":\"https:\/\/colmadosingular.com\/wp-content\/uploads\/2024\/08\/CI005-19600019.jpg\",\"datePublished\":\"2024-08-12T14:24:06+00:00\",\"dateModified\":\"2026-03-02T15:30:16+00:00\",\"breadcrumb\":{\"@id\":\"https:\/\/colmadosingular.com\/ca\/producto\/caviar-oscietra-50g\/#breadcrumb\"},\"inLanguage\":\"ca\",\"potentialAction\":[{\"@type\":\"ReadAction\",\"target\":[\"https:\/\/colmadosingular.com\/ca\/producto\/caviar-oscietra-50g\/\"]}]},{\"@type\":\"ImageObject\",\"inLanguage\":\"ca\",\"@id\":\"https:\/\/colmadosingular.com\/ca\/producto\/caviar-oscietra-50g\/#primaryimage\",\"url\":\"https:\/\/colmadosingular.com\/wp-content\/uploads\/2024\/08\/CI005-19600019.jpg\",\"contentUrl\":\"https:\/\/colmadosingular.com\/wp-content\/uploads\/2024\/08\/CI005-19600019.jpg\",\"width\":1280,\"height\":1280},{\"@type\":\"BreadcrumbList\",\"@id\":\"https:\/\/colmadosingular.com\/ca\/producto\/caviar-oscietra-50g\/#breadcrumb\",\"itemListElement\":[{\"@type\":\"ListItem\",\"position\":1,\"name\":\"Portada\",\"item\":\"https:\/\/colmadosingular.com\/ca\/inici\/\"},{\"@type\":\"ListItem\",\"position\":2,\"name\":\"BOTIGA\",\"item\":\"https:\/\/colmadosingular.com\/ca\/shop\/\"},{\"@type\":\"ListItem\",\"position\":3,\"name\":\"CAVIAR OSCIETRA 50g\"}]},{\"@type\":\"WebSite\",\"@id\":\"https:\/\/colmadosingular.com\/ca\/#website\",\"url\":\"https:\/\/colmadosingular.com\/ca\/\",\"name\":\"Colmado Singular\",\"description\":\"\",\"publisher\":{\"@id\":\"https:\/\/colmadosingular.com\/ca\/#organization\"},\"potentialAction\":[{\"@type\":\"SearchAction\",\"target\":{\"@type\":\"EntryPoint\",\"urlTemplate\":\"https:\/\/colmadosingular.com\/ca\/?s={search_term_string}\"},\"query-input\":{\"@type\":\"PropertyValueSpecification\",\"valueRequired\":true,\"valueName\":\"search_term_string\"}}],\"inLanguage\":\"ca\"},{\"@type\":\"Organization\",\"@id\":\"https:\/\/colmadosingular.com\/ca\/#organization\",\"name\":\"Colmado Singular\",\"url\":\"https:\/\/colmadosingular.com\/ca\/\",\"logo\":{\"@type\":\"ImageObject\",\"inLanguage\":\"ca\",\"@id\":\"https:\/\/colmadosingular.com\/ca\/#\/schema\/logo\/image\/\",\"url\":\"https:\/\/colmadosingular.com\/wp-content\/uploads\/2024\/08\/logo-colmado.svg\",\"contentUrl\":\"https:\/\/colmadosingular.com\/wp-content\/uploads\/2024\/08\/logo-colmado.svg\",\"width\":620,\"height\":50,\"caption\":\"Colmado Singular\"},\"image\":{\"@id\":\"https:\/\/colmadosingular.com\/ca\/#\/schema\/logo\/image\/\"}}]}<\/script>\n<!-- \/ Yoast SEO plugin. -->","yoast_head_json":{"title":"CAVIAR OSCIETRA 50g - Colmado Singular","robots":{"index":"index","follow":"follow","max-snippet":"max-snippet:-1","max-image-preview":"max-image-preview:large","max-video-preview":"max-video-preview:-1"},"canonical":"https:\/\/colmadosingular.com\/ca\/producto\/caviar-oscietra-50g\/","og_locale":"ca_ES","og_type":"article","og_title":"CAVIAR OSCIETRA 50g - Colmado Singular","og_description":"CAVIAR OSCIETRA Esturi\u00f3 rus El caviar Asetra \u00e9s un caviar delici\u00f3s. El seu particular sabor iodat, amb un toc d'avellana, el converteixen en un caviar que sempre aprecien els paladars m\u00e9s exigents i molts el consideren com la qualitat m\u00e9s refinada per ser degustat en estat pur.  Prov\u00e9 de l'esturi\u00f3 rus ( Acipenser gueldenstaedtii ). Cal una mitjana de 9 a 11 anys per obtenir aquest caviar.  Di\u00e0metre de l'ou: aproximadament 3 mm Color: gris fosc Nota gustativa: substanci\u00f3s, amb tocs d'avellana Origen: It\u00e0lia Producte disponible sota comanda.","og_url":"https:\/\/colmadosingular.com\/ca\/producto\/caviar-oscietra-50g\/","og_site_name":"Colmado Singular","article_modified_time":"2026-03-02T15:30:16+00:00","og_image":[{"width":1280,"height":1280,"url":"https:\/\/colmadosingular.com\/wp-content\/uploads\/2024\/08\/CI005-19600019.jpg","type":"image\/jpeg"}],"twitter_card":"summary_large_image","twitter_misc":{"Temps estimat de lectura":"1 minut"},"schema":{"@context":"https:\/\/schema.org","@graph":[{"@type":"WebPage","@id":"https:\/\/colmadosingular.com\/ca\/producto\/caviar-oscietra-50g\/","url":"https:\/\/colmadosingular.com\/ca\/producto\/caviar-oscietra-50g\/","name":"CAVIAR OSCIETRA 50g - Colmado Singular","isPartOf":{"@id":"https:\/\/colmadosingular.com\/ca\/#website"},"primaryImageOfPage":{"@id":"https:\/\/colmadosingular.com\/ca\/producto\/caviar-oscietra-50g\/#primaryimage"},"image":{"@id":"https:\/\/colmadosingular.com\/ca\/producto\/caviar-oscietra-50g\/#primaryimage"},"thumbnailUrl":"https:\/\/colmadosingular.com\/wp-content\/uploads\/2024\/08\/CI005-19600019.jpg","datePublished":"2024-08-12T14:24:06+00:00","dateModified":"2026-03-02T15:30:16+00:00","breadcrumb":{"@id":"https:\/\/colmadosingular.com\/ca\/producto\/caviar-oscietra-50g\/#breadcrumb"},"inLanguage":"ca","potentialAction":[{"@type":"ReadAction","target":["https:\/\/colmadosingular.com\/ca\/producto\/caviar-oscietra-50g\/"]}]},{"@type":"ImageObject","inLanguage":"ca","@id":"https:\/\/colmadosingular.com\/ca\/producto\/caviar-oscietra-50g\/#primaryimage","url":"https:\/\/colmadosingular.com\/wp-content\/uploads\/2024\/08\/CI005-19600019.jpg","contentUrl":"https:\/\/colmadosingular.com\/wp-content\/uploads\/2024\/08\/CI005-19600019.jpg","width":1280,"height":1280},{"@type":"BreadcrumbList","@id":"https:\/\/colmadosingular.com\/ca\/producto\/caviar-oscietra-50g\/#breadcrumb","itemListElement":[{"@type":"ListItem","position":1,"name":"Portada","item":"https:\/\/colmadosingular.com\/ca\/inici\/"},{"@type":"ListItem","position":2,"name":"BOTIGA","item":"https:\/\/colmadosingular.com\/ca\/shop\/"},{"@type":"ListItem","position":3,"name":"CAVIAR OSCIETRA 50g"}]},{"@type":"WebSite","@id":"https:\/\/colmadosingular.com\/ca\/#website","url":"https:\/\/colmadosingular.com\/ca\/","name":"Colmado Singular","description":"","publisher":{"@id":"https:\/\/colmadosingular.com\/ca\/#organization"},"potentialAction":[{"@type":"SearchAction","target":{"@type":"EntryPoint","urlTemplate":"https:\/\/colmadosingular.com\/ca\/?s={search_term_string}"},"query-input":{"@type":"PropertyValueSpecification","valueRequired":true,"valueName":"search_term_string"}}],"inLanguage":"ca"},{"@type":"Organization","@id":"https:\/\/colmadosingular.com\/ca\/#organization","name":"Colmado Singular","url":"https:\/\/colmadosingular.com\/ca\/","logo":{"@type":"ImageObject","inLanguage":"ca","@id":"https:\/\/colmadosingular.com\/ca\/#\/schema\/logo\/image\/","url":"https:\/\/colmadosingular.com\/wp-content\/uploads\/2024\/08\/logo-colmado.svg","contentUrl":"https:\/\/colmadosingular.com\/wp-content\/uploads\/2024\/08\/logo-colmado.svg","width":620,"height":50,"caption":"Colmado Singular"},"image":{"@id":"https:\/\/colmadosingular.com\/ca\/#\/schema\/logo\/image\/"}}]}},"_links":{"self":[{"href":"https:\/\/colmadosingular.com\/ca\/wp-json\/wp\/v2\/product\/987366","targetHints":{"allow":["GET"]}}],"collection":[{"href":"https:\/\/colmadosingular.com\/ca\/wp-json\/wp\/v2\/product"}],"about":[{"href":"https:\/\/colmadosingular.com\/ca\/wp-json\/wp\/v2\/types\/product"}],"wp:featuredmedia":[{"embeddable":true,"href":"https:\/\/colmadosingular.com\/ca\/wp-json\/wp\/v2\/media\/5719"}],"wp:attachment":[{"href":"https:\/\/colmadosingular.com\/ca\/wp-json\/wp\/v2\/media?parent=987366"}],"wp:term":[{"taxonomy":"product_brand","embeddable":true,"href":"https:\/\/colmadosingular.com\/ca\/wp-json\/wp\/v2\/product_brand?post=987366"},{"taxonomy":"product_cat","embeddable":true,"href":"https:\/\/colmadosingular.com\/ca\/wp-json\/wp\/v2\/product_cat?post=987366"},{"taxonomy":"product_tag","embeddable":true,"href":"https:\/\/colmadosingular.com\/ca\/wp-json\/wp\/v2\/product_tag?post=987366"}],"curies":[{"name":"wp","href":"https:\/\/api.w.org\/{rel}","templated":true}]}}