{"id":987539,"date":"2024-08-12T16:24:06","date_gmt":"2024-08-12T14:24:06","guid":{"rendered":"https:\/\/colmadosingular.com\/producto\/caviar-beluga-28g\/"},"modified":"2026-03-02T09:25:07","modified_gmt":"2026-03-02T08:25:07","slug":"caviar-beluga-28g","status":"publish","type":"product","link":"https:\/\/colmadosingular.com\/ca\/producto\/caviar-beluga-28g\/","title":{"rendered":"CAVIAR BELUGA 28g"},"content":{"rendered":"","protected":false},"excerpt":{"rendered":"<p>CAVIAR BELUGA<\/p>\n<p>Pur al 100%<\/p>\n<p>El caviar beluga \u00e9s el m\u00e9s rar i preuat. Era el menjar preferit dels tsars i dels x\u00e0s. Procedeix de l&#8217;esturi\u00f3 Huso huso, originari de la mar C\u00e0spia. Aquesta esp\u00e8cie, la m\u00e9s gran de tots els peixos d&#8217;aigua dol\u00e7a, pot fer fins a 7 metres de longitud i pesar fins a 1.200 quilograms. L&#8217;obtenci\u00f3 d&#8217;aquest caviar requereix uns 20 anys d&#8217;espera.    <\/p>\n<p>El <strong>caviar beluga<\/strong> s&#8217;ha de consumir estrictament en estat pur, amb una cullera. Disponible d&#8217;origen itali\u00e0 o irani\u00e0. <\/p>\n<p><strong>Di\u00e0metre de l&#8217;ou<\/strong>: aproximadament 3,2 mm<\/p>\n<p><strong>Color<\/strong>: de gris perla a gris marr\u00f3<\/p>\n<p><strong>Nota gustativa<\/strong>: delicat, manteg\u00f3s, suau<\/p>\n<p><strong>Origen<\/strong>: It\u00e0lia<\/p>\n<p><strong>Producte disponible sota comanda.<\/strong><\/p>\n","protected":false},"featured_media":5717,"template":"","meta":{"_acf_changed":false,"_monsterinsights_skip_tracking":false,"_monsterinsights_sitenote_active":false,"_monsterinsights_sitenote_note":"","_monsterinsights_sitenote_category":0,"_joinchat":[]},"product_brand":[],"product_cat":[226,230],"product_tag":[],"class_list":{"0":"post-987539","1":"product","2":"type-product","3":"status-publish","4":"has-post-thumbnail","6":"product_cat-conserves-del-mar","7":"product_cat-caviar-ca","9":"first","10":"onbackorder","11":"taxable","12":"shipping-taxable","13":"purchasable","14":"product-type-simple"},"acf":[],"yoast_head":"<!-- This site is optimized with the Yoast SEO plugin v24.8.1 - https:\/\/yoast.com\/wordpress\/plugins\/seo\/ -->\n<title>CAVIAR BELUGA 28g - Colmado Singular<\/title>\n<meta name=\"robots\" content=\"index, follow, max-snippet:-1, max-image-preview:large, max-video-preview:-1\" \/>\n<link rel=\"canonical\" href=\"https:\/\/colmadosingular.com\/ca\/producto\/caviar-beluga-28g\/\" \/>\n<meta property=\"og:locale\" content=\"ca_ES\" \/>\n<meta property=\"og:type\" content=\"article\" \/>\n<meta property=\"og:title\" content=\"CAVIAR BELUGA 28g - Colmado Singular\" \/>\n<meta property=\"og:description\" content=\"CAVIAR BELUGA Pur al 100% El caviar beluga \u00e9s el m\u00e9s rar i preuat. Era el menjar preferit dels tsars i dels x\u00e0s. Procedeix de l&#039;esturi\u00f3 Huso huso, originari de la mar C\u00e0spia. Aquesta esp\u00e8cie, la m\u00e9s gran de tots els peixos d&#039;aigua dol\u00e7a, pot fer fins a 7 metres de longitud i pesar fins a 1.200 quilograms. L&#039;obtenci\u00f3 d&#039;aquest caviar requereix uns 20 anys d&#039;espera.   El caviar beluga s&#039;ha de consumir estrictament en estat pur, amb una cullera. Disponible d&#039;origen itali\u00e0 o irani\u00e0.  Di\u00e0metre de l&#039;ou: aproximadament 3,2 mm Color: de gris perla a gris marr\u00f3 Nota gustativa: delicat, manteg\u00f3s, suau Origen: It\u00e0lia Producte disponible sota comanda.\" \/>\n<meta property=\"og:url\" content=\"https:\/\/colmadosingular.com\/ca\/producto\/caviar-beluga-28g\/\" \/>\n<meta property=\"og:site_name\" content=\"Colmado Singular\" \/>\n<meta property=\"article:modified_time\" content=\"2026-03-02T08:25:07+00:00\" \/>\n<meta property=\"og:image\" content=\"https:\/\/colmadosingular.com\/wp-content\/uploads\/2024\/08\/CI006-19600021.jpg\" \/>\n\t<meta property=\"og:image:width\" content=\"1280\" \/>\n\t<meta property=\"og:image:height\" content=\"1280\" \/>\n\t<meta property=\"og:image:type\" content=\"image\/jpeg\" \/>\n<meta name=\"twitter:card\" content=\"summary_large_image\" \/>\n<meta name=\"twitter:label1\" content=\"Temps estimat de lectura\" \/>\n\t<meta name=\"twitter:data1\" content=\"1 minut\" \/>\n<script type=\"application\/ld+json\" class=\"yoast-schema-graph\">{\"@context\":\"https:\/\/schema.org\",\"@graph\":[{\"@type\":\"WebPage\",\"@id\":\"https:\/\/colmadosingular.com\/ca\/producto\/caviar-beluga-28g\/\",\"url\":\"https:\/\/colmadosingular.com\/ca\/producto\/caviar-beluga-28g\/\",\"name\":\"CAVIAR BELUGA 28g - Colmado Singular\",\"isPartOf\":{\"@id\":\"https:\/\/colmadosingular.com\/ca\/#website\"},\"primaryImageOfPage\":{\"@id\":\"https:\/\/colmadosingular.com\/ca\/producto\/caviar-beluga-28g\/#primaryimage\"},\"image\":{\"@id\":\"https:\/\/colmadosingular.com\/ca\/producto\/caviar-beluga-28g\/#primaryimage\"},\"thumbnailUrl\":\"https:\/\/colmadosingular.com\/wp-content\/uploads\/2024\/08\/CI006-19600021.jpg\",\"datePublished\":\"2024-08-12T14:24:06+00:00\",\"dateModified\":\"2026-03-02T08:25:07+00:00\",\"breadcrumb\":{\"@id\":\"https:\/\/colmadosingular.com\/ca\/producto\/caviar-beluga-28g\/#breadcrumb\"},\"inLanguage\":\"ca\",\"potentialAction\":[{\"@type\":\"ReadAction\",\"target\":[\"https:\/\/colmadosingular.com\/ca\/producto\/caviar-beluga-28g\/\"]}]},{\"@type\":\"ImageObject\",\"inLanguage\":\"ca\",\"@id\":\"https:\/\/colmadosingular.com\/ca\/producto\/caviar-beluga-28g\/#primaryimage\",\"url\":\"https:\/\/colmadosingular.com\/wp-content\/uploads\/2024\/08\/CI006-19600021.jpg\",\"contentUrl\":\"https:\/\/colmadosingular.com\/wp-content\/uploads\/2024\/08\/CI006-19600021.jpg\",\"width\":1280,\"height\":1280},{\"@type\":\"BreadcrumbList\",\"@id\":\"https:\/\/colmadosingular.com\/ca\/producto\/caviar-beluga-28g\/#breadcrumb\",\"itemListElement\":[{\"@type\":\"ListItem\",\"position\":1,\"name\":\"Portada\",\"item\":\"https:\/\/colmadosingular.com\/ca\/inici\/\"},{\"@type\":\"ListItem\",\"position\":2,\"name\":\"BOTIGA\",\"item\":\"https:\/\/colmadosingular.com\/ca\/shop\/\"},{\"@type\":\"ListItem\",\"position\":3,\"name\":\"CAVIAR BELUGA 28g\"}]},{\"@type\":\"WebSite\",\"@id\":\"https:\/\/colmadosingular.com\/ca\/#website\",\"url\":\"https:\/\/colmadosingular.com\/ca\/\",\"name\":\"Colmado Singular\",\"description\":\"\",\"publisher\":{\"@id\":\"https:\/\/colmadosingular.com\/ca\/#organization\"},\"potentialAction\":[{\"@type\":\"SearchAction\",\"target\":{\"@type\":\"EntryPoint\",\"urlTemplate\":\"https:\/\/colmadosingular.com\/ca\/?s={search_term_string}\"},\"query-input\":{\"@type\":\"PropertyValueSpecification\",\"valueRequired\":true,\"valueName\":\"search_term_string\"}}],\"inLanguage\":\"ca\"},{\"@type\":\"Organization\",\"@id\":\"https:\/\/colmadosingular.com\/ca\/#organization\",\"name\":\"Colmado Singular\",\"url\":\"https:\/\/colmadosingular.com\/ca\/\",\"logo\":{\"@type\":\"ImageObject\",\"inLanguage\":\"ca\",\"@id\":\"https:\/\/colmadosingular.com\/ca\/#\/schema\/logo\/image\/\",\"url\":\"https:\/\/colmadosingular.com\/wp-content\/uploads\/2024\/08\/logo-colmado.svg\",\"contentUrl\":\"https:\/\/colmadosingular.com\/wp-content\/uploads\/2024\/08\/logo-colmado.svg\",\"width\":620,\"height\":50,\"caption\":\"Colmado Singular\"},\"image\":{\"@id\":\"https:\/\/colmadosingular.com\/ca\/#\/schema\/logo\/image\/\"}}]}<\/script>\n<!-- \/ Yoast SEO plugin. -->","yoast_head_json":{"title":"CAVIAR BELUGA 28g - Colmado Singular","robots":{"index":"index","follow":"follow","max-snippet":"max-snippet:-1","max-image-preview":"max-image-preview:large","max-video-preview":"max-video-preview:-1"},"canonical":"https:\/\/colmadosingular.com\/ca\/producto\/caviar-beluga-28g\/","og_locale":"ca_ES","og_type":"article","og_title":"CAVIAR BELUGA 28g - Colmado Singular","og_description":"CAVIAR BELUGA Pur al 100% El caviar beluga \u00e9s el m\u00e9s rar i preuat. Era el menjar preferit dels tsars i dels x\u00e0s. Procedeix de l'esturi\u00f3 Huso huso, originari de la mar C\u00e0spia. Aquesta esp\u00e8cie, la m\u00e9s gran de tots els peixos d'aigua dol\u00e7a, pot fer fins a 7 metres de longitud i pesar fins a 1.200 quilograms. L'obtenci\u00f3 d'aquest caviar requereix uns 20 anys d'espera.   El caviar beluga s'ha de consumir estrictament en estat pur, amb una cullera. Disponible d'origen itali\u00e0 o irani\u00e0.  Di\u00e0metre de l'ou: aproximadament 3,2 mm Color: de gris perla a gris marr\u00f3 Nota gustativa: delicat, manteg\u00f3s, suau Origen: It\u00e0lia Producte disponible sota comanda.","og_url":"https:\/\/colmadosingular.com\/ca\/producto\/caviar-beluga-28g\/","og_site_name":"Colmado Singular","article_modified_time":"2026-03-02T08:25:07+00:00","og_image":[{"width":1280,"height":1280,"url":"https:\/\/colmadosingular.com\/wp-content\/uploads\/2024\/08\/CI006-19600021.jpg","type":"image\/jpeg"}],"twitter_card":"summary_large_image","twitter_misc":{"Temps estimat de lectura":"1 minut"},"schema":{"@context":"https:\/\/schema.org","@graph":[{"@type":"WebPage","@id":"https:\/\/colmadosingular.com\/ca\/producto\/caviar-beluga-28g\/","url":"https:\/\/colmadosingular.com\/ca\/producto\/caviar-beluga-28g\/","name":"CAVIAR BELUGA 28g - Colmado Singular","isPartOf":{"@id":"https:\/\/colmadosingular.com\/ca\/#website"},"primaryImageOfPage":{"@id":"https:\/\/colmadosingular.com\/ca\/producto\/caviar-beluga-28g\/#primaryimage"},"image":{"@id":"https:\/\/colmadosingular.com\/ca\/producto\/caviar-beluga-28g\/#primaryimage"},"thumbnailUrl":"https:\/\/colmadosingular.com\/wp-content\/uploads\/2024\/08\/CI006-19600021.jpg","datePublished":"2024-08-12T14:24:06+00:00","dateModified":"2026-03-02T08:25:07+00:00","breadcrumb":{"@id":"https:\/\/colmadosingular.com\/ca\/producto\/caviar-beluga-28g\/#breadcrumb"},"inLanguage":"ca","potentialAction":[{"@type":"ReadAction","target":["https:\/\/colmadosingular.com\/ca\/producto\/caviar-beluga-28g\/"]}]},{"@type":"ImageObject","inLanguage":"ca","@id":"https:\/\/colmadosingular.com\/ca\/producto\/caviar-beluga-28g\/#primaryimage","url":"https:\/\/colmadosingular.com\/wp-content\/uploads\/2024\/08\/CI006-19600021.jpg","contentUrl":"https:\/\/colmadosingular.com\/wp-content\/uploads\/2024\/08\/CI006-19600021.jpg","width":1280,"height":1280},{"@type":"BreadcrumbList","@id":"https:\/\/colmadosingular.com\/ca\/producto\/caviar-beluga-28g\/#breadcrumb","itemListElement":[{"@type":"ListItem","position":1,"name":"Portada","item":"https:\/\/colmadosingular.com\/ca\/inici\/"},{"@type":"ListItem","position":2,"name":"BOTIGA","item":"https:\/\/colmadosingular.com\/ca\/shop\/"},{"@type":"ListItem","position":3,"name":"CAVIAR BELUGA 28g"}]},{"@type":"WebSite","@id":"https:\/\/colmadosingular.com\/ca\/#website","url":"https:\/\/colmadosingular.com\/ca\/","name":"Colmado Singular","description":"","publisher":{"@id":"https:\/\/colmadosingular.com\/ca\/#organization"},"potentialAction":[{"@type":"SearchAction","target":{"@type":"EntryPoint","urlTemplate":"https:\/\/colmadosingular.com\/ca\/?s={search_term_string}"},"query-input":{"@type":"PropertyValueSpecification","valueRequired":true,"valueName":"search_term_string"}}],"inLanguage":"ca"},{"@type":"Organization","@id":"https:\/\/colmadosingular.com\/ca\/#organization","name":"Colmado Singular","url":"https:\/\/colmadosingular.com\/ca\/","logo":{"@type":"ImageObject","inLanguage":"ca","@id":"https:\/\/colmadosingular.com\/ca\/#\/schema\/logo\/image\/","url":"https:\/\/colmadosingular.com\/wp-content\/uploads\/2024\/08\/logo-colmado.svg","contentUrl":"https:\/\/colmadosingular.com\/wp-content\/uploads\/2024\/08\/logo-colmado.svg","width":620,"height":50,"caption":"Colmado Singular"},"image":{"@id":"https:\/\/colmadosingular.com\/ca\/#\/schema\/logo\/image\/"}}]}},"_links":{"self":[{"href":"https:\/\/colmadosingular.com\/ca\/wp-json\/wp\/v2\/product\/987539","targetHints":{"allow":["GET"]}}],"collection":[{"href":"https:\/\/colmadosingular.com\/ca\/wp-json\/wp\/v2\/product"}],"about":[{"href":"https:\/\/colmadosingular.com\/ca\/wp-json\/wp\/v2\/types\/product"}],"wp:featuredmedia":[{"embeddable":true,"href":"https:\/\/colmadosingular.com\/ca\/wp-json\/wp\/v2\/media\/5717"}],"wp:attachment":[{"href":"https:\/\/colmadosingular.com\/ca\/wp-json\/wp\/v2\/media?parent=987539"}],"wp:term":[{"taxonomy":"product_brand","embeddable":true,"href":"https:\/\/colmadosingular.com\/ca\/wp-json\/wp\/v2\/product_brand?post=987539"},{"taxonomy":"product_cat","embeddable":true,"href":"https:\/\/colmadosingular.com\/ca\/wp-json\/wp\/v2\/product_cat?post=987539"},{"taxonomy":"product_tag","embeddable":true,"href":"https:\/\/colmadosingular.com\/ca\/wp-json\/wp\/v2\/product_tag?post=987539"}],"curies":[{"name":"wp","href":"https:\/\/api.w.org\/{rel}","templated":true}]}}