{"id":987546,"date":"2024-08-12T16:17:57","date_gmt":"2024-08-12T14:17:57","guid":{"rendered":"https:\/\/colmadosingular.com\/producto\/agua-ahumada-100ml\/"},"modified":"2026-03-03T16:24:39","modified_gmt":"2026-03-03T15:24:39","slug":"agua-ahumada-100ml","status":"publish","type":"product","link":"https:\/\/colmadosingular.com\/ca\/producto\/agua-ahumada-100ml\/","title":{"rendered":"AIGUA FUMA 100ml"},"content":{"rendered":"","protected":false},"excerpt":{"rendered":"<p>HALEN M\u00d4N<\/p>\n<p>A Halen M\u00f4n, la sal es cristal\u00b7litza de manera tradicional i sense cap additiu. Partint d&#8217;aquest ingredient natural, es comercialitza no nom\u00e9s la sal blanca de base, sin\u00f3 moltes altres pensades per condimentar plats especials.<\/p>\n<p>Aigua fumada<br \/>\nVa ser Heston Blumenthal qui va suggerir a Alison ia David la bogeria de fumar aigua mineral, \u201cbut we tried it\u201d \u2013 using techniques that are a closely guarded secret\u201d. L&#8217;impossible es va fer realitat i el resultat d&#8217;aquest secret proc\u00e9s de conversi\u00f3 (gaireb\u00e9 comparable al de l&#8217;aigua en vi dels casaments de Can\u00e0) \u00e9s un meravell\u00f3s l\u00edquid aromatitzat amb velles fustes de roure de l&#8217;illa, perfecte per perfumar l&#8217;aigua de cocci\u00f3 o la que s&#8217;utilitza en arrossos o guisats de tota mena. Per a salses, per a maceraci\u00f3 de carn, en hamburgueses, en embotits, en salsitxes.  <\/p>\n","protected":false},"featured_media":5178,"template":"","meta":{"_acf_changed":false,"_monsterinsights_skip_tracking":false,"_monsterinsights_sitenote_active":false,"_monsterinsights_sitenote_note":"","_monsterinsights_sitenote_category":0,"_joinchat":[]},"product_brand":[],"product_cat":[248,249],"product_tag":[],"class_list":{"0":"post-987546","1":"product","2":"type-product","3":"status-publish","4":"has-post-thumbnail","6":"product_cat-especies-i-condiments","7":"product_cat-aigua-fumada","9":"first","10":"instock","11":"taxable","12":"shipping-taxable","13":"purchasable","14":"product-type-simple"},"acf":[],"yoast_head":"<!-- This site is optimized with the Yoast SEO plugin v24.8.1 - https:\/\/yoast.com\/wordpress\/plugins\/seo\/ -->\n<title>AIGUA FUMA 100ml - Colmado Singular<\/title>\n<meta name=\"robots\" content=\"index, follow, max-snippet:-1, max-image-preview:large, max-video-preview:-1\" \/>\n<link rel=\"canonical\" href=\"https:\/\/colmadosingular.com\/ca\/producto\/agua-ahumada-100ml\/\" \/>\n<meta property=\"og:locale\" content=\"ca_ES\" \/>\n<meta property=\"og:type\" content=\"article\" \/>\n<meta property=\"og:title\" content=\"AIGUA FUMA 100ml - Colmado Singular\" \/>\n<meta property=\"og:description\" content=\"HALEN M\u00d4N A Halen M\u00f4n, la sal es cristal\u00b7litza de manera tradicional i sense cap additiu. Partint d&#039;aquest ingredient natural, es comercialitza no nom\u00e9s la sal blanca de base, sin\u00f3 moltes altres pensades per condimentar plats especials. Aigua fumada Va ser Heston Blumenthal qui va suggerir a Alison ia David la bogeria de fumar aigua mineral, \u201cbut we tried it\u201d \u2013 using techniques that are a closely guarded secret\u201d. L&#039;impossible es va fer realitat i el resultat d&#039;aquest secret proc\u00e9s de conversi\u00f3 (gaireb\u00e9 comparable al de l&#039;aigua en vi dels casaments de Can\u00e0) \u00e9s un meravell\u00f3s l\u00edquid aromatitzat amb velles fustes de roure de l&#039;illa, perfecte per perfumar l&#039;aigua de cocci\u00f3 o la que s&#039;utilitza en arrossos o guisats de tota mena. Per a salses, per a maceraci\u00f3 de carn, en hamburgueses, en embotits, en salsitxes.\" \/>\n<meta property=\"og:url\" content=\"https:\/\/colmadosingular.com\/ca\/producto\/agua-ahumada-100ml\/\" \/>\n<meta property=\"og:site_name\" content=\"Colmado Singular\" \/>\n<meta property=\"article:modified_time\" content=\"2026-03-03T15:24:39+00:00\" \/>\n<meta property=\"og:image\" content=\"https:\/\/colmadosingular.com\/wp-content\/uploads\/2024\/08\/HM017_PSV1849g_2480x2480.jpg\" \/>\n\t<meta property=\"og:image:width\" content=\"2480\" \/>\n\t<meta property=\"og:image:height\" content=\"2480\" \/>\n\t<meta property=\"og:image:type\" content=\"image\/jpeg\" \/>\n<meta name=\"twitter:card\" content=\"summary_large_image\" \/>\n<meta name=\"twitter:label1\" content=\"Temps estimat de lectura\" \/>\n\t<meta name=\"twitter:data1\" content=\"1 minut\" \/>\n<script type=\"application\/ld+json\" class=\"yoast-schema-graph\">{\"@context\":\"https:\/\/schema.org\",\"@graph\":[{\"@type\":\"WebPage\",\"@id\":\"https:\/\/colmadosingular.com\/ca\/producto\/agua-ahumada-100ml\/\",\"url\":\"https:\/\/colmadosingular.com\/ca\/producto\/agua-ahumada-100ml\/\",\"name\":\"AIGUA FUMA 100ml - Colmado Singular\",\"isPartOf\":{\"@id\":\"https:\/\/colmadosingular.com\/ca\/#website\"},\"primaryImageOfPage\":{\"@id\":\"https:\/\/colmadosingular.com\/ca\/producto\/agua-ahumada-100ml\/#primaryimage\"},\"image\":{\"@id\":\"https:\/\/colmadosingular.com\/ca\/producto\/agua-ahumada-100ml\/#primaryimage\"},\"thumbnailUrl\":\"https:\/\/colmadosingular.com\/wp-content\/uploads\/2024\/08\/HM017_PSV1849g_2480x2480.jpg\",\"datePublished\":\"2024-08-12T14:17:57+00:00\",\"dateModified\":\"2026-03-03T15:24:39+00:00\",\"breadcrumb\":{\"@id\":\"https:\/\/colmadosingular.com\/ca\/producto\/agua-ahumada-100ml\/#breadcrumb\"},\"inLanguage\":\"ca\",\"potentialAction\":[{\"@type\":\"ReadAction\",\"target\":[\"https:\/\/colmadosingular.com\/ca\/producto\/agua-ahumada-100ml\/\"]}]},{\"@type\":\"ImageObject\",\"inLanguage\":\"ca\",\"@id\":\"https:\/\/colmadosingular.com\/ca\/producto\/agua-ahumada-100ml\/#primaryimage\",\"url\":\"https:\/\/colmadosingular.com\/wp-content\/uploads\/2024\/08\/HM017_PSV1849g_2480x2480.jpg\",\"contentUrl\":\"https:\/\/colmadosingular.com\/wp-content\/uploads\/2024\/08\/HM017_PSV1849g_2480x2480.jpg\",\"width\":2480,\"height\":2480},{\"@type\":\"BreadcrumbList\",\"@id\":\"https:\/\/colmadosingular.com\/ca\/producto\/agua-ahumada-100ml\/#breadcrumb\",\"itemListElement\":[{\"@type\":\"ListItem\",\"position\":1,\"name\":\"Portada\",\"item\":\"https:\/\/colmadosingular.com\/ca\/inici\/\"},{\"@type\":\"ListItem\",\"position\":2,\"name\":\"BOTIGA\",\"item\":\"https:\/\/colmadosingular.com\/ca\/shop\/\"},{\"@type\":\"ListItem\",\"position\":3,\"name\":\"AIGUA FUMA 100ml\"}]},{\"@type\":\"WebSite\",\"@id\":\"https:\/\/colmadosingular.com\/ca\/#website\",\"url\":\"https:\/\/colmadosingular.com\/ca\/\",\"name\":\"Colmado Singular\",\"description\":\"\",\"publisher\":{\"@id\":\"https:\/\/colmadosingular.com\/ca\/#organization\"},\"potentialAction\":[{\"@type\":\"SearchAction\",\"target\":{\"@type\":\"EntryPoint\",\"urlTemplate\":\"https:\/\/colmadosingular.com\/ca\/?s={search_term_string}\"},\"query-input\":{\"@type\":\"PropertyValueSpecification\",\"valueRequired\":true,\"valueName\":\"search_term_string\"}}],\"inLanguage\":\"ca\"},{\"@type\":\"Organization\",\"@id\":\"https:\/\/colmadosingular.com\/ca\/#organization\",\"name\":\"Colmado Singular\",\"url\":\"https:\/\/colmadosingular.com\/ca\/\",\"logo\":{\"@type\":\"ImageObject\",\"inLanguage\":\"ca\",\"@id\":\"https:\/\/colmadosingular.com\/ca\/#\/schema\/logo\/image\/\",\"url\":\"https:\/\/colmadosingular.com\/wp-content\/uploads\/2024\/08\/logo-colmado.svg\",\"contentUrl\":\"https:\/\/colmadosingular.com\/wp-content\/uploads\/2024\/08\/logo-colmado.svg\",\"width\":620,\"height\":50,\"caption\":\"Colmado Singular\"},\"image\":{\"@id\":\"https:\/\/colmadosingular.com\/ca\/#\/schema\/logo\/image\/\"}}]}<\/script>\n<!-- \/ Yoast SEO plugin. -->","yoast_head_json":{"title":"AIGUA FUMA 100ml - Colmado Singular","robots":{"index":"index","follow":"follow","max-snippet":"max-snippet:-1","max-image-preview":"max-image-preview:large","max-video-preview":"max-video-preview:-1"},"canonical":"https:\/\/colmadosingular.com\/ca\/producto\/agua-ahumada-100ml\/","og_locale":"ca_ES","og_type":"article","og_title":"AIGUA FUMA 100ml - Colmado Singular","og_description":"HALEN M\u00d4N A Halen M\u00f4n, la sal es cristal\u00b7litza de manera tradicional i sense cap additiu. Partint d'aquest ingredient natural, es comercialitza no nom\u00e9s la sal blanca de base, sin\u00f3 moltes altres pensades per condimentar plats especials. Aigua fumada Va ser Heston Blumenthal qui va suggerir a Alison ia David la bogeria de fumar aigua mineral, \u201cbut we tried it\u201d \u2013 using techniques that are a closely guarded secret\u201d. L'impossible es va fer realitat i el resultat d'aquest secret proc\u00e9s de conversi\u00f3 (gaireb\u00e9 comparable al de l'aigua en vi dels casaments de Can\u00e0) \u00e9s un meravell\u00f3s l\u00edquid aromatitzat amb velles fustes de roure de l'illa, perfecte per perfumar l'aigua de cocci\u00f3 o la que s'utilitza en arrossos o guisats de tota mena. Per a salses, per a maceraci\u00f3 de carn, en hamburgueses, en embotits, en salsitxes.","og_url":"https:\/\/colmadosingular.com\/ca\/producto\/agua-ahumada-100ml\/","og_site_name":"Colmado Singular","article_modified_time":"2026-03-03T15:24:39+00:00","og_image":[{"width":2480,"height":2480,"url":"https:\/\/colmadosingular.com\/wp-content\/uploads\/2024\/08\/HM017_PSV1849g_2480x2480.jpg","type":"image\/jpeg"}],"twitter_card":"summary_large_image","twitter_misc":{"Temps estimat de lectura":"1 minut"},"schema":{"@context":"https:\/\/schema.org","@graph":[{"@type":"WebPage","@id":"https:\/\/colmadosingular.com\/ca\/producto\/agua-ahumada-100ml\/","url":"https:\/\/colmadosingular.com\/ca\/producto\/agua-ahumada-100ml\/","name":"AIGUA FUMA 100ml - Colmado Singular","isPartOf":{"@id":"https:\/\/colmadosingular.com\/ca\/#website"},"primaryImageOfPage":{"@id":"https:\/\/colmadosingular.com\/ca\/producto\/agua-ahumada-100ml\/#primaryimage"},"image":{"@id":"https:\/\/colmadosingular.com\/ca\/producto\/agua-ahumada-100ml\/#primaryimage"},"thumbnailUrl":"https:\/\/colmadosingular.com\/wp-content\/uploads\/2024\/08\/HM017_PSV1849g_2480x2480.jpg","datePublished":"2024-08-12T14:17:57+00:00","dateModified":"2026-03-03T15:24:39+00:00","breadcrumb":{"@id":"https:\/\/colmadosingular.com\/ca\/producto\/agua-ahumada-100ml\/#breadcrumb"},"inLanguage":"ca","potentialAction":[{"@type":"ReadAction","target":["https:\/\/colmadosingular.com\/ca\/producto\/agua-ahumada-100ml\/"]}]},{"@type":"ImageObject","inLanguage":"ca","@id":"https:\/\/colmadosingular.com\/ca\/producto\/agua-ahumada-100ml\/#primaryimage","url":"https:\/\/colmadosingular.com\/wp-content\/uploads\/2024\/08\/HM017_PSV1849g_2480x2480.jpg","contentUrl":"https:\/\/colmadosingular.com\/wp-content\/uploads\/2024\/08\/HM017_PSV1849g_2480x2480.jpg","width":2480,"height":2480},{"@type":"BreadcrumbList","@id":"https:\/\/colmadosingular.com\/ca\/producto\/agua-ahumada-100ml\/#breadcrumb","itemListElement":[{"@type":"ListItem","position":1,"name":"Portada","item":"https:\/\/colmadosingular.com\/ca\/inici\/"},{"@type":"ListItem","position":2,"name":"BOTIGA","item":"https:\/\/colmadosingular.com\/ca\/shop\/"},{"@type":"ListItem","position":3,"name":"AIGUA FUMA 100ml"}]},{"@type":"WebSite","@id":"https:\/\/colmadosingular.com\/ca\/#website","url":"https:\/\/colmadosingular.com\/ca\/","name":"Colmado Singular","description":"","publisher":{"@id":"https:\/\/colmadosingular.com\/ca\/#organization"},"potentialAction":[{"@type":"SearchAction","target":{"@type":"EntryPoint","urlTemplate":"https:\/\/colmadosingular.com\/ca\/?s={search_term_string}"},"query-input":{"@type":"PropertyValueSpecification","valueRequired":true,"valueName":"search_term_string"}}],"inLanguage":"ca"},{"@type":"Organization","@id":"https:\/\/colmadosingular.com\/ca\/#organization","name":"Colmado Singular","url":"https:\/\/colmadosingular.com\/ca\/","logo":{"@type":"ImageObject","inLanguage":"ca","@id":"https:\/\/colmadosingular.com\/ca\/#\/schema\/logo\/image\/","url":"https:\/\/colmadosingular.com\/wp-content\/uploads\/2024\/08\/logo-colmado.svg","contentUrl":"https:\/\/colmadosingular.com\/wp-content\/uploads\/2024\/08\/logo-colmado.svg","width":620,"height":50,"caption":"Colmado Singular"},"image":{"@id":"https:\/\/colmadosingular.com\/ca\/#\/schema\/logo\/image\/"}}]}},"_links":{"self":[{"href":"https:\/\/colmadosingular.com\/ca\/wp-json\/wp\/v2\/product\/987546","targetHints":{"allow":["GET"]}}],"collection":[{"href":"https:\/\/colmadosingular.com\/ca\/wp-json\/wp\/v2\/product"}],"about":[{"href":"https:\/\/colmadosingular.com\/ca\/wp-json\/wp\/v2\/types\/product"}],"wp:featuredmedia":[{"embeddable":true,"href":"https:\/\/colmadosingular.com\/ca\/wp-json\/wp\/v2\/media\/5178"}],"wp:attachment":[{"href":"https:\/\/colmadosingular.com\/ca\/wp-json\/wp\/v2\/media?parent=987546"}],"wp:term":[{"taxonomy":"product_brand","embeddable":true,"href":"https:\/\/colmadosingular.com\/ca\/wp-json\/wp\/v2\/product_brand?post=987546"},{"taxonomy":"product_cat","embeddable":true,"href":"https:\/\/colmadosingular.com\/ca\/wp-json\/wp\/v2\/product_cat?post=987546"},{"taxonomy":"product_tag","embeddable":true,"href":"https:\/\/colmadosingular.com\/ca\/wp-json\/wp\/v2\/product_tag?post=987546"}],"curies":[{"name":"wp","href":"https:\/\/api.w.org\/{rel}","templated":true}]}}