{"id":987801,"date":"2024-08-12T16:24:07","date_gmt":"2024-08-12T14:24:07","guid":{"rendered":"https:\/\/colmadosingular.com\/producto\/crema-de-boletus-edulis-con-trufa-bianchetto-90g\/"},"modified":"2025-03-15T11:05:33","modified_gmt":"2025-03-15T10:05:33","slug":"crema-de-boletus-edulis-con-trufa-bianchetto-90g","status":"publish","type":"product","link":"https:\/\/colmadosingular.com\/ca\/producto\/crema-de-boletus-edulis-con-trufa-bianchetto-90g\/","title":{"rendered":"CREMA DE BOLETUS EDULIS AMB TRUFA BIANCHETTO 90g"},"content":{"rendered":"","protected":false},"excerpt":{"rendered":"<p>SAVINI TARTUFI<\/p>\n<p>A la Toscana, a Forcoli, Cristiano Savini compta amb una \u00e0mplia xarxa de cercadors de t\u00f2fones a qualsevol estaci\u00f3 de l&#8217;any. La t\u00f2fona blanca de tardor, la m\u00e9s apreciada i refinada (Tuber magnatum Pico), i les cinc o sis varietats de t\u00f2fona negra que es recullen a l&#8217;hivern, a la primavera oa l&#8217;estiu comen\u00e7ant per la m\u00e9s coneguda i perfumada<br \/>\n (Tuber melanosporum Vitt).<\/p>\n<p>Amb un segle d&#8217;experi\u00e8ncia, la fam\u00edlia Savini ha pastat els secrets d&#8217;aquesta graella de terra: els millors i rars llocs per trobar-la, la t\u00e8cnica d&#8217;emmagatzematge i unes receptes suculentes per consumir t\u00f2fona tot l&#8217;any.<\/p>\n","protected":false},"featured_media":5728,"template":"","meta":{"_acf_changed":false,"_monsterinsights_skip_tracking":false,"_monsterinsights_sitenote_active":false,"_monsterinsights_sitenote_note":"","_monsterinsights_sitenote_category":0,"_joinchat":[]},"product_brand":[],"product_cat":[248,253],"product_tag":[],"class_list":{"0":"post-987801","1":"product","2":"type-product","3":"status-publish","4":"has-post-thumbnail","6":"product_cat-especies-i-condiments","7":"product_cat-elaborats-de-tofona","9":"first","10":"instock","11":"taxable","12":"shipping-taxable","13":"purchasable","14":"product-type-simple"},"acf":[],"yoast_head":"<!-- This site is optimized with the Yoast SEO plugin v24.8.1 - https:\/\/yoast.com\/wordpress\/plugins\/seo\/ -->\n<title>CREMA DE BOLETUS EDULIS AMB TRUFA BIANCHETTO 90g - Colmado Singular<\/title>\n<meta name=\"robots\" content=\"index, follow, max-snippet:-1, max-image-preview:large, max-video-preview:-1\" \/>\n<link rel=\"canonical\" href=\"https:\/\/colmadosingular.com\/ca\/producto\/crema-de-boletus-edulis-con-trufa-bianchetto-90g\/\" \/>\n<meta property=\"og:locale\" content=\"ca_ES\" \/>\n<meta property=\"og:type\" content=\"article\" \/>\n<meta property=\"og:title\" content=\"CREMA DE BOLETUS EDULIS AMB TRUFA BIANCHETTO 90g - Colmado Singular\" \/>\n<meta property=\"og:description\" content=\"SAVINI TARTUFI A la Toscana, a Forcoli, Cristiano Savini compta amb una \u00e0mplia xarxa de cercadors de t\u00f2fones a qualsevol estaci\u00f3 de l&#039;any. La t\u00f2fona blanca de tardor, la m\u00e9s apreciada i refinada (Tuber magnatum Pico), i les cinc o sis varietats de t\u00f2fona negra que es recullen a l&#039;hivern, a la primavera oa l&#039;estiu comen\u00e7ant per la m\u00e9s coneguda i perfumada (Tuber melanosporum Vitt). Amb un segle d&#039;experi\u00e8ncia, la fam\u00edlia Savini ha pastat els secrets d&#039;aquesta graella de terra: els millors i rars llocs per trobar-la, la t\u00e8cnica d&#039;emmagatzematge i unes receptes suculentes per consumir t\u00f2fona tot l&#039;any.\" \/>\n<meta property=\"og:url\" content=\"https:\/\/colmadosingular.com\/ca\/producto\/crema-de-boletus-edulis-con-trufa-bianchetto-90g\/\" \/>\n<meta property=\"og:site_name\" content=\"Colmado Singular\" \/>\n<meta property=\"article:modified_time\" content=\"2025-03-15T10:05:33+00:00\" \/>\n<meta property=\"og:image\" content=\"https:\/\/colmadosingular.com\/wp-content\/uploads\/2024\/08\/ST021_PSV4248G-1BR.jpg\" \/>\n\t<meta property=\"og:image:width\" content=\"850\" \/>\n\t<meta property=\"og:image:height\" content=\"850\" \/>\n\t<meta property=\"og:image:type\" content=\"image\/jpeg\" \/>\n<meta name=\"twitter:card\" content=\"summary_large_image\" \/>\n<meta name=\"twitter:label1\" content=\"Temps estimat de lectura\" \/>\n\t<meta name=\"twitter:data1\" content=\"1 minut\" \/>\n<script type=\"application\/ld+json\" class=\"yoast-schema-graph\">{\"@context\":\"https:\/\/schema.org\",\"@graph\":[{\"@type\":\"WebPage\",\"@id\":\"https:\/\/colmadosingular.com\/ca\/producto\/crema-de-boletus-edulis-con-trufa-bianchetto-90g\/\",\"url\":\"https:\/\/colmadosingular.com\/ca\/producto\/crema-de-boletus-edulis-con-trufa-bianchetto-90g\/\",\"name\":\"CREMA DE BOLETUS EDULIS AMB TRUFA BIANCHETTO 90g - Colmado Singular\",\"isPartOf\":{\"@id\":\"https:\/\/colmadosingular.com\/ca\/#website\"},\"primaryImageOfPage\":{\"@id\":\"https:\/\/colmadosingular.com\/ca\/producto\/crema-de-boletus-edulis-con-trufa-bianchetto-90g\/#primaryimage\"},\"image\":{\"@id\":\"https:\/\/colmadosingular.com\/ca\/producto\/crema-de-boletus-edulis-con-trufa-bianchetto-90g\/#primaryimage\"},\"thumbnailUrl\":\"https:\/\/colmadosingular.com\/wp-content\/uploads\/2024\/08\/ST021_PSV4248G-1BR.jpg\",\"datePublished\":\"2024-08-12T14:24:07+00:00\",\"dateModified\":\"2025-03-15T10:05:33+00:00\",\"breadcrumb\":{\"@id\":\"https:\/\/colmadosingular.com\/ca\/producto\/crema-de-boletus-edulis-con-trufa-bianchetto-90g\/#breadcrumb\"},\"inLanguage\":\"ca\",\"potentialAction\":[{\"@type\":\"ReadAction\",\"target\":[\"https:\/\/colmadosingular.com\/ca\/producto\/crema-de-boletus-edulis-con-trufa-bianchetto-90g\/\"]}]},{\"@type\":\"ImageObject\",\"inLanguage\":\"ca\",\"@id\":\"https:\/\/colmadosingular.com\/ca\/producto\/crema-de-boletus-edulis-con-trufa-bianchetto-90g\/#primaryimage\",\"url\":\"https:\/\/colmadosingular.com\/wp-content\/uploads\/2024\/08\/ST021_PSV4248G-1BR.jpg\",\"contentUrl\":\"https:\/\/colmadosingular.com\/wp-content\/uploads\/2024\/08\/ST021_PSV4248G-1BR.jpg\",\"width\":850,\"height\":850},{\"@type\":\"BreadcrumbList\",\"@id\":\"https:\/\/colmadosingular.com\/ca\/producto\/crema-de-boletus-edulis-con-trufa-bianchetto-90g\/#breadcrumb\",\"itemListElement\":[{\"@type\":\"ListItem\",\"position\":1,\"name\":\"Portada\",\"item\":\"https:\/\/colmadosingular.com\/ca\/inici\/\"},{\"@type\":\"ListItem\",\"position\":2,\"name\":\"BOTIGA\",\"item\":\"https:\/\/colmadosingular.com\/ca\/shop\/\"},{\"@type\":\"ListItem\",\"position\":3,\"name\":\"CREMA DE BOLETUS EDULIS AMB TRUFA BIANCHETTO 90g\"}]},{\"@type\":\"WebSite\",\"@id\":\"https:\/\/colmadosingular.com\/ca\/#website\",\"url\":\"https:\/\/colmadosingular.com\/ca\/\",\"name\":\"Colmado Singular\",\"description\":\"\",\"publisher\":{\"@id\":\"https:\/\/colmadosingular.com\/ca\/#organization\"},\"potentialAction\":[{\"@type\":\"SearchAction\",\"target\":{\"@type\":\"EntryPoint\",\"urlTemplate\":\"https:\/\/colmadosingular.com\/ca\/?s={search_term_string}\"},\"query-input\":{\"@type\":\"PropertyValueSpecification\",\"valueRequired\":true,\"valueName\":\"search_term_string\"}}],\"inLanguage\":\"ca\"},{\"@type\":\"Organization\",\"@id\":\"https:\/\/colmadosingular.com\/ca\/#organization\",\"name\":\"Colmado Singular\",\"url\":\"https:\/\/colmadosingular.com\/ca\/\",\"logo\":{\"@type\":\"ImageObject\",\"inLanguage\":\"ca\",\"@id\":\"https:\/\/colmadosingular.com\/ca\/#\/schema\/logo\/image\/\",\"url\":\"https:\/\/colmadosingular.com\/wp-content\/uploads\/2024\/08\/logo-colmado.svg\",\"contentUrl\":\"https:\/\/colmadosingular.com\/wp-content\/uploads\/2024\/08\/logo-colmado.svg\",\"width\":620,\"height\":50,\"caption\":\"Colmado Singular\"},\"image\":{\"@id\":\"https:\/\/colmadosingular.com\/ca\/#\/schema\/logo\/image\/\"}}]}<\/script>\n<!-- \/ Yoast SEO plugin. -->","yoast_head_json":{"title":"CREMA DE BOLETUS EDULIS AMB TRUFA BIANCHETTO 90g - Colmado Singular","robots":{"index":"index","follow":"follow","max-snippet":"max-snippet:-1","max-image-preview":"max-image-preview:large","max-video-preview":"max-video-preview:-1"},"canonical":"https:\/\/colmadosingular.com\/ca\/producto\/crema-de-boletus-edulis-con-trufa-bianchetto-90g\/","og_locale":"ca_ES","og_type":"article","og_title":"CREMA DE BOLETUS EDULIS AMB TRUFA BIANCHETTO 90g - Colmado Singular","og_description":"SAVINI TARTUFI A la Toscana, a Forcoli, Cristiano Savini compta amb una \u00e0mplia xarxa de cercadors de t\u00f2fones a qualsevol estaci\u00f3 de l'any. La t\u00f2fona blanca de tardor, la m\u00e9s apreciada i refinada (Tuber magnatum Pico), i les cinc o sis varietats de t\u00f2fona negra que es recullen a l'hivern, a la primavera oa l'estiu comen\u00e7ant per la m\u00e9s coneguda i perfumada (Tuber melanosporum Vitt). Amb un segle d'experi\u00e8ncia, la fam\u00edlia Savini ha pastat els secrets d'aquesta graella de terra: els millors i rars llocs per trobar-la, la t\u00e8cnica d'emmagatzematge i unes receptes suculentes per consumir t\u00f2fona tot l'any.","og_url":"https:\/\/colmadosingular.com\/ca\/producto\/crema-de-boletus-edulis-con-trufa-bianchetto-90g\/","og_site_name":"Colmado Singular","article_modified_time":"2025-03-15T10:05:33+00:00","og_image":[{"width":850,"height":850,"url":"https:\/\/colmadosingular.com\/wp-content\/uploads\/2024\/08\/ST021_PSV4248G-1BR.jpg","type":"image\/jpeg"}],"twitter_card":"summary_large_image","twitter_misc":{"Temps estimat de lectura":"1 minut"},"schema":{"@context":"https:\/\/schema.org","@graph":[{"@type":"WebPage","@id":"https:\/\/colmadosingular.com\/ca\/producto\/crema-de-boletus-edulis-con-trufa-bianchetto-90g\/","url":"https:\/\/colmadosingular.com\/ca\/producto\/crema-de-boletus-edulis-con-trufa-bianchetto-90g\/","name":"CREMA DE BOLETUS EDULIS AMB TRUFA BIANCHETTO 90g - Colmado Singular","isPartOf":{"@id":"https:\/\/colmadosingular.com\/ca\/#website"},"primaryImageOfPage":{"@id":"https:\/\/colmadosingular.com\/ca\/producto\/crema-de-boletus-edulis-con-trufa-bianchetto-90g\/#primaryimage"},"image":{"@id":"https:\/\/colmadosingular.com\/ca\/producto\/crema-de-boletus-edulis-con-trufa-bianchetto-90g\/#primaryimage"},"thumbnailUrl":"https:\/\/colmadosingular.com\/wp-content\/uploads\/2024\/08\/ST021_PSV4248G-1BR.jpg","datePublished":"2024-08-12T14:24:07+00:00","dateModified":"2025-03-15T10:05:33+00:00","breadcrumb":{"@id":"https:\/\/colmadosingular.com\/ca\/producto\/crema-de-boletus-edulis-con-trufa-bianchetto-90g\/#breadcrumb"},"inLanguage":"ca","potentialAction":[{"@type":"ReadAction","target":["https:\/\/colmadosingular.com\/ca\/producto\/crema-de-boletus-edulis-con-trufa-bianchetto-90g\/"]}]},{"@type":"ImageObject","inLanguage":"ca","@id":"https:\/\/colmadosingular.com\/ca\/producto\/crema-de-boletus-edulis-con-trufa-bianchetto-90g\/#primaryimage","url":"https:\/\/colmadosingular.com\/wp-content\/uploads\/2024\/08\/ST021_PSV4248G-1BR.jpg","contentUrl":"https:\/\/colmadosingular.com\/wp-content\/uploads\/2024\/08\/ST021_PSV4248G-1BR.jpg","width":850,"height":850},{"@type":"BreadcrumbList","@id":"https:\/\/colmadosingular.com\/ca\/producto\/crema-de-boletus-edulis-con-trufa-bianchetto-90g\/#breadcrumb","itemListElement":[{"@type":"ListItem","position":1,"name":"Portada","item":"https:\/\/colmadosingular.com\/ca\/inici\/"},{"@type":"ListItem","position":2,"name":"BOTIGA","item":"https:\/\/colmadosingular.com\/ca\/shop\/"},{"@type":"ListItem","position":3,"name":"CREMA DE BOLETUS EDULIS AMB TRUFA BIANCHETTO 90g"}]},{"@type":"WebSite","@id":"https:\/\/colmadosingular.com\/ca\/#website","url":"https:\/\/colmadosingular.com\/ca\/","name":"Colmado Singular","description":"","publisher":{"@id":"https:\/\/colmadosingular.com\/ca\/#organization"},"potentialAction":[{"@type":"SearchAction","target":{"@type":"EntryPoint","urlTemplate":"https:\/\/colmadosingular.com\/ca\/?s={search_term_string}"},"query-input":{"@type":"PropertyValueSpecification","valueRequired":true,"valueName":"search_term_string"}}],"inLanguage":"ca"},{"@type":"Organization","@id":"https:\/\/colmadosingular.com\/ca\/#organization","name":"Colmado Singular","url":"https:\/\/colmadosingular.com\/ca\/","logo":{"@type":"ImageObject","inLanguage":"ca","@id":"https:\/\/colmadosingular.com\/ca\/#\/schema\/logo\/image\/","url":"https:\/\/colmadosingular.com\/wp-content\/uploads\/2024\/08\/logo-colmado.svg","contentUrl":"https:\/\/colmadosingular.com\/wp-content\/uploads\/2024\/08\/logo-colmado.svg","width":620,"height":50,"caption":"Colmado Singular"},"image":{"@id":"https:\/\/colmadosingular.com\/ca\/#\/schema\/logo\/image\/"}}]}},"_links":{"self":[{"href":"https:\/\/colmadosingular.com\/ca\/wp-json\/wp\/v2\/product\/987801","targetHints":{"allow":["GET"]}}],"collection":[{"href":"https:\/\/colmadosingular.com\/ca\/wp-json\/wp\/v2\/product"}],"about":[{"href":"https:\/\/colmadosingular.com\/ca\/wp-json\/wp\/v2\/types\/product"}],"wp:featuredmedia":[{"embeddable":true,"href":"https:\/\/colmadosingular.com\/ca\/wp-json\/wp\/v2\/media\/5728"}],"wp:attachment":[{"href":"https:\/\/colmadosingular.com\/ca\/wp-json\/wp\/v2\/media?parent=987801"}],"wp:term":[{"taxonomy":"product_brand","embeddable":true,"href":"https:\/\/colmadosingular.com\/ca\/wp-json\/wp\/v2\/product_brand?post=987801"},{"taxonomy":"product_cat","embeddable":true,"href":"https:\/\/colmadosingular.com\/ca\/wp-json\/wp\/v2\/product_cat?post=987801"},{"taxonomy":"product_tag","embeddable":true,"href":"https:\/\/colmadosingular.com\/ca\/wp-json\/wp\/v2\/product_tag?post=987801"}],"curies":[{"name":"wp","href":"https:\/\/api.w.org\/{rel}","templated":true}]}}