{"id":987822,"date":"2024-08-12T16:22:56","date_gmt":"2024-08-12T14:22:56","guid":{"rendered":"https:\/\/colmadosingular.com\/producto\/curry-ahumado-250g\/"},"modified":"2025-03-15T12:09:13","modified_gmt":"2025-03-15T11:09:13","slug":"curry-ahumado-250g","status":"publish","type":"product","link":"https:\/\/colmadosingular.com\/ca\/producto\/curry-ahumado-250g\/","title":{"rendered":"CURRI FUMAT 250 G"},"content":{"rendered":"","protected":false},"excerpt":{"rendered":"<p>LES ESP\u00c8CIES DEL COLMADO SINGULAR<\/p>\n<p>La seva base de pebrot fumat el delata; i ara que saps el m\u00e9s important, completa-ho amb c\u00farcuma, gingebre, s\u00e8sam, mango, etc. Et trobes amb un curri molt arom\u00e0tic, c\u00edtric, fresc i lleugerament picant. El fum l\u2019embolcalla, per\u00f2 no el satura, ni tan sols s\u2019imposa; l\u2019equilibri entre el toc c\u00edtric i el fumat \u00e9s rod\u00f3.  <\/p>\n<p>Est\u00e0 ple de matisos i sembla perfecte per a guisats de pollastre o verdures, peixos i fins i tot fruites.<\/p>\n<p>Origen: T\u00edbet<\/p>\n","protected":false},"featured_media":5606,"template":"","meta":{"_acf_changed":false,"_monsterinsights_skip_tracking":false,"_monsterinsights_sitenote_active":false,"_monsterinsights_sitenote_note":"","_monsterinsights_sitenote_category":0,"_joinchat":[]},"product_brand":[],"product_cat":[248,254],"product_tag":[],"class_list":{"0":"post-987822","1":"product","2":"type-product","3":"status-publish","4":"has-post-thumbnail","6":"product_cat-especies-i-condiments","7":"product_cat-especies","9":"first","10":"instock","11":"taxable","12":"shipping-taxable","13":"purchasable","14":"product-type-simple"},"acf":[],"yoast_head":"<!-- This site is optimized with the Yoast SEO plugin v24.8.1 - https:\/\/yoast.com\/wordpress\/plugins\/seo\/ -->\n<title>CURRI FUMAT 250 G - Colmado Singular<\/title>\n<meta name=\"robots\" content=\"index, follow, max-snippet:-1, max-image-preview:large, max-video-preview:-1\" \/>\n<link rel=\"canonical\" href=\"https:\/\/colmadosingular.com\/ca\/producto\/curry-ahumado-250g\/\" \/>\n<meta property=\"og:locale\" content=\"ca_ES\" \/>\n<meta property=\"og:type\" content=\"article\" \/>\n<meta property=\"og:title\" content=\"CURRI FUMAT 250 G - Colmado Singular\" \/>\n<meta property=\"og:description\" content=\"LES ESP\u00c8CIES DEL COLMADO SINGULAR La seva base de pebrot fumat el delata; i ara que saps el m\u00e9s important, completa-ho amb c\u00farcuma, gingebre, s\u00e8sam, mango, etc. Et trobes amb un curri molt arom\u00e0tic, c\u00edtric, fresc i lleugerament picant. El fum l\u2019embolcalla, per\u00f2 no el satura, ni tan sols s\u2019imposa; l\u2019equilibri entre el toc c\u00edtric i el fumat \u00e9s rod\u00f3.  Est\u00e0 ple de matisos i sembla perfecte per a guisats de pollastre o verdures, peixos i fins i tot fruites. Origen: T\u00edbet\" \/>\n<meta property=\"og:url\" content=\"https:\/\/colmadosingular.com\/ca\/producto\/curry-ahumado-250g\/\" \/>\n<meta property=\"og:site_name\" content=\"Colmado Singular\" \/>\n<meta property=\"article:modified_time\" content=\"2025-03-15T11:09:13+00:00\" \/>\n<meta property=\"og:image\" content=\"https:\/\/colmadosingular.com\/wp-content\/uploads\/2024\/08\/FC096_g_PSV4724-1_1852x1852_OK.jpg\" \/>\n\t<meta property=\"og:image:width\" content=\"800\" \/>\n\t<meta property=\"og:image:height\" content=\"800\" \/>\n\t<meta property=\"og:image:type\" content=\"image\/jpeg\" \/>\n<meta name=\"twitter:card\" content=\"summary_large_image\" \/>\n<meta name=\"twitter:label1\" content=\"Temps estimat de lectura\" \/>\n\t<meta name=\"twitter:data1\" content=\"1 minut\" \/>\n<script type=\"application\/ld+json\" class=\"yoast-schema-graph\">{\"@context\":\"https:\/\/schema.org\",\"@graph\":[{\"@type\":\"WebPage\",\"@id\":\"https:\/\/colmadosingular.com\/ca\/producto\/curry-ahumado-250g\/\",\"url\":\"https:\/\/colmadosingular.com\/ca\/producto\/curry-ahumado-250g\/\",\"name\":\"CURRI FUMAT 250 G - Colmado Singular\",\"isPartOf\":{\"@id\":\"https:\/\/colmadosingular.com\/ca\/#website\"},\"primaryImageOfPage\":{\"@id\":\"https:\/\/colmadosingular.com\/ca\/producto\/curry-ahumado-250g\/#primaryimage\"},\"image\":{\"@id\":\"https:\/\/colmadosingular.com\/ca\/producto\/curry-ahumado-250g\/#primaryimage\"},\"thumbnailUrl\":\"https:\/\/colmadosingular.com\/wp-content\/uploads\/2024\/08\/FC096_g_PSV4724-1_1852x1852_OK.jpg\",\"datePublished\":\"2024-08-12T14:22:56+00:00\",\"dateModified\":\"2025-03-15T11:09:13+00:00\",\"breadcrumb\":{\"@id\":\"https:\/\/colmadosingular.com\/ca\/producto\/curry-ahumado-250g\/#breadcrumb\"},\"inLanguage\":\"ca\",\"potentialAction\":[{\"@type\":\"ReadAction\",\"target\":[\"https:\/\/colmadosingular.com\/ca\/producto\/curry-ahumado-250g\/\"]}]},{\"@type\":\"ImageObject\",\"inLanguage\":\"ca\",\"@id\":\"https:\/\/colmadosingular.com\/ca\/producto\/curry-ahumado-250g\/#primaryimage\",\"url\":\"https:\/\/colmadosingular.com\/wp-content\/uploads\/2024\/08\/FC096_g_PSV4724-1_1852x1852_OK.jpg\",\"contentUrl\":\"https:\/\/colmadosingular.com\/wp-content\/uploads\/2024\/08\/FC096_g_PSV4724-1_1852x1852_OK.jpg\",\"width\":800,\"height\":800},{\"@type\":\"BreadcrumbList\",\"@id\":\"https:\/\/colmadosingular.com\/ca\/producto\/curry-ahumado-250g\/#breadcrumb\",\"itemListElement\":[{\"@type\":\"ListItem\",\"position\":1,\"name\":\"Portada\",\"item\":\"https:\/\/colmadosingular.com\/ca\/inici\/\"},{\"@type\":\"ListItem\",\"position\":2,\"name\":\"BOTIGA\",\"item\":\"https:\/\/colmadosingular.com\/ca\/shop\/\"},{\"@type\":\"ListItem\",\"position\":3,\"name\":\"CURRI FUMAT 250 G\"}]},{\"@type\":\"WebSite\",\"@id\":\"https:\/\/colmadosingular.com\/ca\/#website\",\"url\":\"https:\/\/colmadosingular.com\/ca\/\",\"name\":\"Colmado Singular\",\"description\":\"\",\"publisher\":{\"@id\":\"https:\/\/colmadosingular.com\/ca\/#organization\"},\"potentialAction\":[{\"@type\":\"SearchAction\",\"target\":{\"@type\":\"EntryPoint\",\"urlTemplate\":\"https:\/\/colmadosingular.com\/ca\/?s={search_term_string}\"},\"query-input\":{\"@type\":\"PropertyValueSpecification\",\"valueRequired\":true,\"valueName\":\"search_term_string\"}}],\"inLanguage\":\"ca\"},{\"@type\":\"Organization\",\"@id\":\"https:\/\/colmadosingular.com\/ca\/#organization\",\"name\":\"Colmado Singular\",\"url\":\"https:\/\/colmadosingular.com\/ca\/\",\"logo\":{\"@type\":\"ImageObject\",\"inLanguage\":\"ca\",\"@id\":\"https:\/\/colmadosingular.com\/ca\/#\/schema\/logo\/image\/\",\"url\":\"https:\/\/colmadosingular.com\/wp-content\/uploads\/2024\/08\/logo-colmado.svg\",\"contentUrl\":\"https:\/\/colmadosingular.com\/wp-content\/uploads\/2024\/08\/logo-colmado.svg\",\"width\":620,\"height\":50,\"caption\":\"Colmado Singular\"},\"image\":{\"@id\":\"https:\/\/colmadosingular.com\/ca\/#\/schema\/logo\/image\/\"}}]}<\/script>\n<!-- \/ Yoast SEO plugin. -->","yoast_head_json":{"title":"CURRI FUMAT 250 G - Colmado Singular","robots":{"index":"index","follow":"follow","max-snippet":"max-snippet:-1","max-image-preview":"max-image-preview:large","max-video-preview":"max-video-preview:-1"},"canonical":"https:\/\/colmadosingular.com\/ca\/producto\/curry-ahumado-250g\/","og_locale":"ca_ES","og_type":"article","og_title":"CURRI FUMAT 250 G - Colmado Singular","og_description":"LES ESP\u00c8CIES DEL COLMADO SINGULAR La seva base de pebrot fumat el delata; i ara que saps el m\u00e9s important, completa-ho amb c\u00farcuma, gingebre, s\u00e8sam, mango, etc. Et trobes amb un curri molt arom\u00e0tic, c\u00edtric, fresc i lleugerament picant. El fum l\u2019embolcalla, per\u00f2 no el satura, ni tan sols s\u2019imposa; l\u2019equilibri entre el toc c\u00edtric i el fumat \u00e9s rod\u00f3.  Est\u00e0 ple de matisos i sembla perfecte per a guisats de pollastre o verdures, peixos i fins i tot fruites. Origen: T\u00edbet","og_url":"https:\/\/colmadosingular.com\/ca\/producto\/curry-ahumado-250g\/","og_site_name":"Colmado Singular","article_modified_time":"2025-03-15T11:09:13+00:00","og_image":[{"width":800,"height":800,"url":"https:\/\/colmadosingular.com\/wp-content\/uploads\/2024\/08\/FC096_g_PSV4724-1_1852x1852_OK.jpg","type":"image\/jpeg"}],"twitter_card":"summary_large_image","twitter_misc":{"Temps estimat de lectura":"1 minut"},"schema":{"@context":"https:\/\/schema.org","@graph":[{"@type":"WebPage","@id":"https:\/\/colmadosingular.com\/ca\/producto\/curry-ahumado-250g\/","url":"https:\/\/colmadosingular.com\/ca\/producto\/curry-ahumado-250g\/","name":"CURRI FUMAT 250 G - Colmado Singular","isPartOf":{"@id":"https:\/\/colmadosingular.com\/ca\/#website"},"primaryImageOfPage":{"@id":"https:\/\/colmadosingular.com\/ca\/producto\/curry-ahumado-250g\/#primaryimage"},"image":{"@id":"https:\/\/colmadosingular.com\/ca\/producto\/curry-ahumado-250g\/#primaryimage"},"thumbnailUrl":"https:\/\/colmadosingular.com\/wp-content\/uploads\/2024\/08\/FC096_g_PSV4724-1_1852x1852_OK.jpg","datePublished":"2024-08-12T14:22:56+00:00","dateModified":"2025-03-15T11:09:13+00:00","breadcrumb":{"@id":"https:\/\/colmadosingular.com\/ca\/producto\/curry-ahumado-250g\/#breadcrumb"},"inLanguage":"ca","potentialAction":[{"@type":"ReadAction","target":["https:\/\/colmadosingular.com\/ca\/producto\/curry-ahumado-250g\/"]}]},{"@type":"ImageObject","inLanguage":"ca","@id":"https:\/\/colmadosingular.com\/ca\/producto\/curry-ahumado-250g\/#primaryimage","url":"https:\/\/colmadosingular.com\/wp-content\/uploads\/2024\/08\/FC096_g_PSV4724-1_1852x1852_OK.jpg","contentUrl":"https:\/\/colmadosingular.com\/wp-content\/uploads\/2024\/08\/FC096_g_PSV4724-1_1852x1852_OK.jpg","width":800,"height":800},{"@type":"BreadcrumbList","@id":"https:\/\/colmadosingular.com\/ca\/producto\/curry-ahumado-250g\/#breadcrumb","itemListElement":[{"@type":"ListItem","position":1,"name":"Portada","item":"https:\/\/colmadosingular.com\/ca\/inici\/"},{"@type":"ListItem","position":2,"name":"BOTIGA","item":"https:\/\/colmadosingular.com\/ca\/shop\/"},{"@type":"ListItem","position":3,"name":"CURRI FUMAT 250 G"}]},{"@type":"WebSite","@id":"https:\/\/colmadosingular.com\/ca\/#website","url":"https:\/\/colmadosingular.com\/ca\/","name":"Colmado Singular","description":"","publisher":{"@id":"https:\/\/colmadosingular.com\/ca\/#organization"},"potentialAction":[{"@type":"SearchAction","target":{"@type":"EntryPoint","urlTemplate":"https:\/\/colmadosingular.com\/ca\/?s={search_term_string}"},"query-input":{"@type":"PropertyValueSpecification","valueRequired":true,"valueName":"search_term_string"}}],"inLanguage":"ca"},{"@type":"Organization","@id":"https:\/\/colmadosingular.com\/ca\/#organization","name":"Colmado Singular","url":"https:\/\/colmadosingular.com\/ca\/","logo":{"@type":"ImageObject","inLanguage":"ca","@id":"https:\/\/colmadosingular.com\/ca\/#\/schema\/logo\/image\/","url":"https:\/\/colmadosingular.com\/wp-content\/uploads\/2024\/08\/logo-colmado.svg","contentUrl":"https:\/\/colmadosingular.com\/wp-content\/uploads\/2024\/08\/logo-colmado.svg","width":620,"height":50,"caption":"Colmado Singular"},"image":{"@id":"https:\/\/colmadosingular.com\/ca\/#\/schema\/logo\/image\/"}}]}},"_links":{"self":[{"href":"https:\/\/colmadosingular.com\/ca\/wp-json\/wp\/v2\/product\/987822","targetHints":{"allow":["GET"]}}],"collection":[{"href":"https:\/\/colmadosingular.com\/ca\/wp-json\/wp\/v2\/product"}],"about":[{"href":"https:\/\/colmadosingular.com\/ca\/wp-json\/wp\/v2\/types\/product"}],"wp:featuredmedia":[{"embeddable":true,"href":"https:\/\/colmadosingular.com\/ca\/wp-json\/wp\/v2\/media\/5606"}],"wp:attachment":[{"href":"https:\/\/colmadosingular.com\/ca\/wp-json\/wp\/v2\/media?parent=987822"}],"wp:term":[{"taxonomy":"product_brand","embeddable":true,"href":"https:\/\/colmadosingular.com\/ca\/wp-json\/wp\/v2\/product_brand?post=987822"},{"taxonomy":"product_cat","embeddable":true,"href":"https:\/\/colmadosingular.com\/ca\/wp-json\/wp\/v2\/product_cat?post=987822"},{"taxonomy":"product_tag","embeddable":true,"href":"https:\/\/colmadosingular.com\/ca\/wp-json\/wp\/v2\/product_tag?post=987822"}],"curies":[{"name":"wp","href":"https:\/\/api.w.org\/{rel}","templated":true}]}}