{"id":987834,"date":"2024-08-12T16:22:36","date_gmt":"2024-08-12T14:22:36","guid":{"rendered":"https:\/\/colmadosingular.com\/producto\/azafran-royal-saffron-5-000mg\/"},"modified":"2025-03-15T12:30:03","modified_gmt":"2025-03-15T11:30:03","slug":"azafran-royal-saffron-5-000mg","status":"publish","type":"product","link":"https:\/\/colmadosingular.com\/ca\/producto\/azafran-royal-saffron-5-000mg\/","title":{"rendered":"SAFR\u00c0 ROYAL SAFFRON 5.000mg"},"content":{"rendered":"","protected":false},"excerpt":{"rendered":"<p>LES ESP\u00c8CIES DEL COLMADO SINGULAR<\/p>\n<p>El safr\u00e0 del Caixmir Royal Saffron prov\u00e9 dels pistils femenins de les flors del <em>Crocus sativus<\/em> conrreades a l&#8217;ombra de les muntanyes del Pir Panjal. Oferim un producte minuciosament escollit on els alts nivells d&#8217;olis essencials marcaran la difer\u00e8ncia en qualsevol elaboraci\u00f3. <\/p>\n<p>Il\u00b7lumina els guisats com cap altre condiment.<\/p>\n<p>Origen: Caixmir, \u00cdndia<\/p>\n","protected":false},"featured_media":5202,"template":"","meta":{"_acf_changed":false,"_monsterinsights_skip_tracking":false,"_monsterinsights_sitenote_active":false,"_monsterinsights_sitenote_note":"","_monsterinsights_sitenote_category":0,"_joinchat":[]},"product_brand":[],"product_cat":[248,254],"product_tag":[],"class_list":{"0":"post-987834","1":"product","2":"type-product","3":"status-publish","4":"has-post-thumbnail","6":"product_cat-especies-i-condiments","7":"product_cat-especies","9":"first","10":"instock","11":"taxable","12":"shipping-taxable","13":"purchasable","14":"product-type-simple"},"acf":[],"yoast_head":"<!-- This site is optimized with the Yoast SEO plugin v24.8.1 - https:\/\/yoast.com\/wordpress\/plugins\/seo\/ -->\n<title>SAFR\u00c0 ROYAL SAFFRON 5.000mg - Colmado Singular<\/title>\n<meta name=\"robots\" content=\"index, follow, max-snippet:-1, max-image-preview:large, max-video-preview:-1\" \/>\n<link rel=\"canonical\" href=\"https:\/\/colmadosingular.com\/ca\/producto\/azafran-royal-saffron-5-000mg\/\" \/>\n<meta property=\"og:locale\" content=\"ca_ES\" \/>\n<meta property=\"og:type\" content=\"article\" \/>\n<meta property=\"og:title\" content=\"SAFR\u00c0 ROYAL SAFFRON 5.000mg - Colmado Singular\" \/>\n<meta property=\"og:description\" content=\"LES ESP\u00c8CIES DEL COLMADO SINGULAR El safr\u00e0 del Caixmir Royal Saffron prov\u00e9 dels pistils femenins de les flors del Crocus sativus conrreades a l&#039;ombra de les muntanyes del Pir Panjal. Oferim un producte minuciosament escollit on els alts nivells d&#039;olis essencials marcaran la difer\u00e8ncia en qualsevol elaboraci\u00f3.  Il\u00b7lumina els guisats com cap altre condiment. Origen: Caixmir, \u00cdndia\" \/>\n<meta property=\"og:url\" content=\"https:\/\/colmadosingular.com\/ca\/producto\/azafran-royal-saffron-5-000mg\/\" \/>\n<meta property=\"og:site_name\" content=\"Colmado Singular\" \/>\n<meta property=\"article:modified_time\" content=\"2025-03-15T11:30:03+00:00\" \/>\n<meta property=\"og:image\" content=\"https:\/\/colmadosingular.com\/wp-content\/uploads\/2024\/08\/FC034_Royal-Saffron_OK.jpg\" \/>\n\t<meta property=\"og:image:width\" content=\"800\" \/>\n\t<meta property=\"og:image:height\" content=\"800\" \/>\n\t<meta property=\"og:image:type\" content=\"image\/jpeg\" \/>\n<meta name=\"twitter:card\" content=\"summary_large_image\" \/>\n<script type=\"application\/ld+json\" class=\"yoast-schema-graph\">{\"@context\":\"https:\/\/schema.org\",\"@graph\":[{\"@type\":\"WebPage\",\"@id\":\"https:\/\/colmadosingular.com\/ca\/producto\/azafran-royal-saffron-5-000mg\/\",\"url\":\"https:\/\/colmadosingular.com\/ca\/producto\/azafran-royal-saffron-5-000mg\/\",\"name\":\"SAFR\u00c0 ROYAL SAFFRON 5.000mg - Colmado Singular\",\"isPartOf\":{\"@id\":\"https:\/\/colmadosingular.com\/ca\/#website\"},\"primaryImageOfPage\":{\"@id\":\"https:\/\/colmadosingular.com\/ca\/producto\/azafran-royal-saffron-5-000mg\/#primaryimage\"},\"image\":{\"@id\":\"https:\/\/colmadosingular.com\/ca\/producto\/azafran-royal-saffron-5-000mg\/#primaryimage\"},\"thumbnailUrl\":\"https:\/\/colmadosingular.com\/wp-content\/uploads\/2024\/08\/FC034_Royal-Saffron_OK.jpg\",\"datePublished\":\"2024-08-12T14:22:36+00:00\",\"dateModified\":\"2025-03-15T11:30:03+00:00\",\"breadcrumb\":{\"@id\":\"https:\/\/colmadosingular.com\/ca\/producto\/azafran-royal-saffron-5-000mg\/#breadcrumb\"},\"inLanguage\":\"ca\",\"potentialAction\":[{\"@type\":\"ReadAction\",\"target\":[\"https:\/\/colmadosingular.com\/ca\/producto\/azafran-royal-saffron-5-000mg\/\"]}]},{\"@type\":\"ImageObject\",\"inLanguage\":\"ca\",\"@id\":\"https:\/\/colmadosingular.com\/ca\/producto\/azafran-royal-saffron-5-000mg\/#primaryimage\",\"url\":\"https:\/\/colmadosingular.com\/wp-content\/uploads\/2024\/08\/FC034_Royal-Saffron_OK.jpg\",\"contentUrl\":\"https:\/\/colmadosingular.com\/wp-content\/uploads\/2024\/08\/FC034_Royal-Saffron_OK.jpg\",\"width\":800,\"height\":800},{\"@type\":\"BreadcrumbList\",\"@id\":\"https:\/\/colmadosingular.com\/ca\/producto\/azafran-royal-saffron-5-000mg\/#breadcrumb\",\"itemListElement\":[{\"@type\":\"ListItem\",\"position\":1,\"name\":\"Portada\",\"item\":\"https:\/\/colmadosingular.com\/ca\/inici\/\"},{\"@type\":\"ListItem\",\"position\":2,\"name\":\"BOTIGA\",\"item\":\"https:\/\/colmadosingular.com\/ca\/shop\/\"},{\"@type\":\"ListItem\",\"position\":3,\"name\":\"SAFR\u00c0 ROYAL SAFFRON 5.000mg\"}]},{\"@type\":\"WebSite\",\"@id\":\"https:\/\/colmadosingular.com\/ca\/#website\",\"url\":\"https:\/\/colmadosingular.com\/ca\/\",\"name\":\"Colmado Singular\",\"description\":\"\",\"publisher\":{\"@id\":\"https:\/\/colmadosingular.com\/ca\/#organization\"},\"potentialAction\":[{\"@type\":\"SearchAction\",\"target\":{\"@type\":\"EntryPoint\",\"urlTemplate\":\"https:\/\/colmadosingular.com\/ca\/?s={search_term_string}\"},\"query-input\":{\"@type\":\"PropertyValueSpecification\",\"valueRequired\":true,\"valueName\":\"search_term_string\"}}],\"inLanguage\":\"ca\"},{\"@type\":\"Organization\",\"@id\":\"https:\/\/colmadosingular.com\/ca\/#organization\",\"name\":\"Colmado Singular\",\"url\":\"https:\/\/colmadosingular.com\/ca\/\",\"logo\":{\"@type\":\"ImageObject\",\"inLanguage\":\"ca\",\"@id\":\"https:\/\/colmadosingular.com\/ca\/#\/schema\/logo\/image\/\",\"url\":\"https:\/\/colmadosingular.com\/wp-content\/uploads\/2024\/08\/logo-colmado.svg\",\"contentUrl\":\"https:\/\/colmadosingular.com\/wp-content\/uploads\/2024\/08\/logo-colmado.svg\",\"width\":620,\"height\":50,\"caption\":\"Colmado Singular\"},\"image\":{\"@id\":\"https:\/\/colmadosingular.com\/ca\/#\/schema\/logo\/image\/\"}}]}<\/script>\n<!-- \/ Yoast SEO plugin. -->","yoast_head_json":{"title":"SAFR\u00c0 ROYAL SAFFRON 5.000mg - Colmado Singular","robots":{"index":"index","follow":"follow","max-snippet":"max-snippet:-1","max-image-preview":"max-image-preview:large","max-video-preview":"max-video-preview:-1"},"canonical":"https:\/\/colmadosingular.com\/ca\/producto\/azafran-royal-saffron-5-000mg\/","og_locale":"ca_ES","og_type":"article","og_title":"SAFR\u00c0 ROYAL SAFFRON 5.000mg - Colmado Singular","og_description":"LES ESP\u00c8CIES DEL COLMADO SINGULAR El safr\u00e0 del Caixmir Royal Saffron prov\u00e9 dels pistils femenins de les flors del Crocus sativus conrreades a l'ombra de les muntanyes del Pir Panjal. Oferim un producte minuciosament escollit on els alts nivells d'olis essencials marcaran la difer\u00e8ncia en qualsevol elaboraci\u00f3.  Il\u00b7lumina els guisats com cap altre condiment. Origen: Caixmir, \u00cdndia","og_url":"https:\/\/colmadosingular.com\/ca\/producto\/azafran-royal-saffron-5-000mg\/","og_site_name":"Colmado Singular","article_modified_time":"2025-03-15T11:30:03+00:00","og_image":[{"width":800,"height":800,"url":"https:\/\/colmadosingular.com\/wp-content\/uploads\/2024\/08\/FC034_Royal-Saffron_OK.jpg","type":"image\/jpeg"}],"twitter_card":"summary_large_image","schema":{"@context":"https:\/\/schema.org","@graph":[{"@type":"WebPage","@id":"https:\/\/colmadosingular.com\/ca\/producto\/azafran-royal-saffron-5-000mg\/","url":"https:\/\/colmadosingular.com\/ca\/producto\/azafran-royal-saffron-5-000mg\/","name":"SAFR\u00c0 ROYAL SAFFRON 5.000mg - Colmado Singular","isPartOf":{"@id":"https:\/\/colmadosingular.com\/ca\/#website"},"primaryImageOfPage":{"@id":"https:\/\/colmadosingular.com\/ca\/producto\/azafran-royal-saffron-5-000mg\/#primaryimage"},"image":{"@id":"https:\/\/colmadosingular.com\/ca\/producto\/azafran-royal-saffron-5-000mg\/#primaryimage"},"thumbnailUrl":"https:\/\/colmadosingular.com\/wp-content\/uploads\/2024\/08\/FC034_Royal-Saffron_OK.jpg","datePublished":"2024-08-12T14:22:36+00:00","dateModified":"2025-03-15T11:30:03+00:00","breadcrumb":{"@id":"https:\/\/colmadosingular.com\/ca\/producto\/azafran-royal-saffron-5-000mg\/#breadcrumb"},"inLanguage":"ca","potentialAction":[{"@type":"ReadAction","target":["https:\/\/colmadosingular.com\/ca\/producto\/azafran-royal-saffron-5-000mg\/"]}]},{"@type":"ImageObject","inLanguage":"ca","@id":"https:\/\/colmadosingular.com\/ca\/producto\/azafran-royal-saffron-5-000mg\/#primaryimage","url":"https:\/\/colmadosingular.com\/wp-content\/uploads\/2024\/08\/FC034_Royal-Saffron_OK.jpg","contentUrl":"https:\/\/colmadosingular.com\/wp-content\/uploads\/2024\/08\/FC034_Royal-Saffron_OK.jpg","width":800,"height":800},{"@type":"BreadcrumbList","@id":"https:\/\/colmadosingular.com\/ca\/producto\/azafran-royal-saffron-5-000mg\/#breadcrumb","itemListElement":[{"@type":"ListItem","position":1,"name":"Portada","item":"https:\/\/colmadosingular.com\/ca\/inici\/"},{"@type":"ListItem","position":2,"name":"BOTIGA","item":"https:\/\/colmadosingular.com\/ca\/shop\/"},{"@type":"ListItem","position":3,"name":"SAFR\u00c0 ROYAL SAFFRON 5.000mg"}]},{"@type":"WebSite","@id":"https:\/\/colmadosingular.com\/ca\/#website","url":"https:\/\/colmadosingular.com\/ca\/","name":"Colmado Singular","description":"","publisher":{"@id":"https:\/\/colmadosingular.com\/ca\/#organization"},"potentialAction":[{"@type":"SearchAction","target":{"@type":"EntryPoint","urlTemplate":"https:\/\/colmadosingular.com\/ca\/?s={search_term_string}"},"query-input":{"@type":"PropertyValueSpecification","valueRequired":true,"valueName":"search_term_string"}}],"inLanguage":"ca"},{"@type":"Organization","@id":"https:\/\/colmadosingular.com\/ca\/#organization","name":"Colmado Singular","url":"https:\/\/colmadosingular.com\/ca\/","logo":{"@type":"ImageObject","inLanguage":"ca","@id":"https:\/\/colmadosingular.com\/ca\/#\/schema\/logo\/image\/","url":"https:\/\/colmadosingular.com\/wp-content\/uploads\/2024\/08\/logo-colmado.svg","contentUrl":"https:\/\/colmadosingular.com\/wp-content\/uploads\/2024\/08\/logo-colmado.svg","width":620,"height":50,"caption":"Colmado Singular"},"image":{"@id":"https:\/\/colmadosingular.com\/ca\/#\/schema\/logo\/image\/"}}]}},"_links":{"self":[{"href":"https:\/\/colmadosingular.com\/ca\/wp-json\/wp\/v2\/product\/987834","targetHints":{"allow":["GET"]}}],"collection":[{"href":"https:\/\/colmadosingular.com\/ca\/wp-json\/wp\/v2\/product"}],"about":[{"href":"https:\/\/colmadosingular.com\/ca\/wp-json\/wp\/v2\/types\/product"}],"wp:featuredmedia":[{"embeddable":true,"href":"https:\/\/colmadosingular.com\/ca\/wp-json\/wp\/v2\/media\/5202"}],"wp:attachment":[{"href":"https:\/\/colmadosingular.com\/ca\/wp-json\/wp\/v2\/media?parent=987834"}],"wp:term":[{"taxonomy":"product_brand","embeddable":true,"href":"https:\/\/colmadosingular.com\/ca\/wp-json\/wp\/v2\/product_brand?post=987834"},{"taxonomy":"product_cat","embeddable":true,"href":"https:\/\/colmadosingular.com\/ca\/wp-json\/wp\/v2\/product_cat?post=987834"},{"taxonomy":"product_tag","embeddable":true,"href":"https:\/\/colmadosingular.com\/ca\/wp-json\/wp\/v2\/product_tag?post=987834"}],"curies":[{"name":"wp","href":"https:\/\/api.w.org\/{rel}","templated":true}]}}