{"id":987872,"date":"2024-08-12T16:18:18","date_gmt":"2024-08-12T14:18:18","guid":{"rendered":"https:\/\/colmadosingular.com\/producto\/canela-en-rama-de-sri-lanka-30g\/"},"modified":"2025-12-21T13:04:05","modified_gmt":"2025-12-21T12:04:05","slug":"canela-en-rama-de-sri-lanka-30g","status":"publish","type":"product","link":"https:\/\/colmadosingular.com\/ca\/producto\/canela-en-rama-de-sri-lanka-30g\/","title":{"rendered":"CANYELLA EN BRANCA DE SRI LANKA 30 G"},"content":{"rendered":"","protected":false},"excerpt":{"rendered":"<p>FRANCESC COLLELL FINE SPICES<\/p>\n<p>Assortit d&#8217;esp\u00e8cies de molt diferents or\u00edgens, buscades i seleccionades amb minuciositat on cadascuna ofereix els seus valors de la forma m\u00e9s espectacular.<\/p>\n<p>Canella en branca<br \/>\nProv\u00e9 de l&#8217;escor\u00e7a interior d&#8217;un grup d&#8217;arbres de l&#8217;esp\u00e8cie Genus cinnamomum. La seva dol\u00e7a frag\u00e0ncia i gust en fan un ingredient clau en pastisseria, per\u00f2 tamb\u00e9 t\u00e9 molts contrastos per aportar en el m\u00f3n salat. <\/p>\n","protected":false},"featured_media":5205,"template":"","meta":{"_acf_changed":false,"_monsterinsights_skip_tracking":false,"_monsterinsights_sitenote_active":false,"_monsterinsights_sitenote_note":"","_monsterinsights_sitenote_category":0,"_joinchat":[]},"product_brand":[],"product_cat":[248,254],"product_tag":[],"class_list":{"0":"post-987872","1":"product","2":"type-product","3":"status-publish","4":"has-post-thumbnail","6":"product_cat-especies-i-condiments","7":"product_cat-especies","9":"first","10":"instock","11":"taxable","12":"shipping-taxable","13":"purchasable","14":"product-type-simple"},"acf":[],"yoast_head":"<!-- This site is optimized with the Yoast SEO plugin v24.8.1 - https:\/\/yoast.com\/wordpress\/plugins\/seo\/ -->\n<title>CANYELLA EN BRANCA DE SRI LANKA 30 G - Colmado Singular<\/title>\n<meta name=\"robots\" content=\"index, follow, max-snippet:-1, max-image-preview:large, max-video-preview:-1\" \/>\n<link rel=\"canonical\" href=\"https:\/\/colmadosingular.com\/ca\/producto\/canela-en-rama-de-sri-lanka-30g\/\" \/>\n<meta property=\"og:locale\" content=\"ca_ES\" \/>\n<meta property=\"og:type\" content=\"article\" \/>\n<meta property=\"og:title\" content=\"CANYELLA EN BRANCA DE SRI LANKA 30 G - Colmado Singular\" \/>\n<meta property=\"og:description\" content=\"FRANCESC COLLELL FINE SPICES Assortit d&#039;esp\u00e8cies de molt diferents or\u00edgens, buscades i seleccionades amb minuciositat on cadascuna ofereix els seus valors de la forma m\u00e9s espectacular. Canella en branca Prov\u00e9 de l&#039;escor\u00e7a interior d&#039;un grup d&#039;arbres de l&#039;esp\u00e8cie Genus cinnamomum. La seva dol\u00e7a frag\u00e0ncia i gust en fan un ingredient clau en pastisseria, per\u00f2 tamb\u00e9 t\u00e9 molts contrastos per aportar en el m\u00f3n salat.\" \/>\n<meta property=\"og:url\" content=\"https:\/\/colmadosingular.com\/ca\/producto\/canela-en-rama-de-sri-lanka-30g\/\" \/>\n<meta property=\"og:site_name\" content=\"Colmado Singular\" \/>\n<meta property=\"article:modified_time\" content=\"2025-12-21T12:04:05+00:00\" \/>\n<meta property=\"og:image\" content=\"https:\/\/colmadosingular.com\/wp-content\/uploads\/2024\/08\/FC013-18620139.jpg\" \/>\n\t<meta property=\"og:image:width\" content=\"1200\" \/>\n\t<meta property=\"og:image:height\" content=\"1200\" \/>\n\t<meta property=\"og:image:type\" content=\"image\/jpeg\" \/>\n<meta name=\"twitter:card\" content=\"summary_large_image\" \/>\n<meta name=\"twitter:label1\" content=\"Temps estimat de lectura\" \/>\n\t<meta name=\"twitter:data1\" content=\"1 minut\" \/>\n<script type=\"application\/ld+json\" class=\"yoast-schema-graph\">{\"@context\":\"https:\/\/schema.org\",\"@graph\":[{\"@type\":\"WebPage\",\"@id\":\"https:\/\/colmadosingular.com\/ca\/producto\/canela-en-rama-de-sri-lanka-30g\/\",\"url\":\"https:\/\/colmadosingular.com\/ca\/producto\/canela-en-rama-de-sri-lanka-30g\/\",\"name\":\"CANYELLA EN BRANCA DE SRI LANKA 30 G - Colmado Singular\",\"isPartOf\":{\"@id\":\"https:\/\/colmadosingular.com\/ca\/#website\"},\"primaryImageOfPage\":{\"@id\":\"https:\/\/colmadosingular.com\/ca\/producto\/canela-en-rama-de-sri-lanka-30g\/#primaryimage\"},\"image\":{\"@id\":\"https:\/\/colmadosingular.com\/ca\/producto\/canela-en-rama-de-sri-lanka-30g\/#primaryimage\"},\"thumbnailUrl\":\"https:\/\/colmadosingular.com\/wp-content\/uploads\/2024\/08\/FC013-18620139.jpg\",\"datePublished\":\"2024-08-12T14:18:18+00:00\",\"dateModified\":\"2025-12-21T12:04:05+00:00\",\"breadcrumb\":{\"@id\":\"https:\/\/colmadosingular.com\/ca\/producto\/canela-en-rama-de-sri-lanka-30g\/#breadcrumb\"},\"inLanguage\":\"ca\",\"potentialAction\":[{\"@type\":\"ReadAction\",\"target\":[\"https:\/\/colmadosingular.com\/ca\/producto\/canela-en-rama-de-sri-lanka-30g\/\"]}]},{\"@type\":\"ImageObject\",\"inLanguage\":\"ca\",\"@id\":\"https:\/\/colmadosingular.com\/ca\/producto\/canela-en-rama-de-sri-lanka-30g\/#primaryimage\",\"url\":\"https:\/\/colmadosingular.com\/wp-content\/uploads\/2024\/08\/FC013-18620139.jpg\",\"contentUrl\":\"https:\/\/colmadosingular.com\/wp-content\/uploads\/2024\/08\/FC013-18620139.jpg\",\"width\":1200,\"height\":1200},{\"@type\":\"BreadcrumbList\",\"@id\":\"https:\/\/colmadosingular.com\/ca\/producto\/canela-en-rama-de-sri-lanka-30g\/#breadcrumb\",\"itemListElement\":[{\"@type\":\"ListItem\",\"position\":1,\"name\":\"Portada\",\"item\":\"https:\/\/colmadosingular.com\/ca\/inici\/\"},{\"@type\":\"ListItem\",\"position\":2,\"name\":\"BOTIGA\",\"item\":\"https:\/\/colmadosingular.com\/ca\/shop\/\"},{\"@type\":\"ListItem\",\"position\":3,\"name\":\"CANYELLA EN BRANCA DE SRI LANKA 30 G\"}]},{\"@type\":\"WebSite\",\"@id\":\"https:\/\/colmadosingular.com\/ca\/#website\",\"url\":\"https:\/\/colmadosingular.com\/ca\/\",\"name\":\"Colmado Singular\",\"description\":\"\",\"publisher\":{\"@id\":\"https:\/\/colmadosingular.com\/ca\/#organization\"},\"potentialAction\":[{\"@type\":\"SearchAction\",\"target\":{\"@type\":\"EntryPoint\",\"urlTemplate\":\"https:\/\/colmadosingular.com\/ca\/?s={search_term_string}\"},\"query-input\":{\"@type\":\"PropertyValueSpecification\",\"valueRequired\":true,\"valueName\":\"search_term_string\"}}],\"inLanguage\":\"ca\"},{\"@type\":\"Organization\",\"@id\":\"https:\/\/colmadosingular.com\/ca\/#organization\",\"name\":\"Colmado Singular\",\"url\":\"https:\/\/colmadosingular.com\/ca\/\",\"logo\":{\"@type\":\"ImageObject\",\"inLanguage\":\"ca\",\"@id\":\"https:\/\/colmadosingular.com\/ca\/#\/schema\/logo\/image\/\",\"url\":\"https:\/\/colmadosingular.com\/wp-content\/uploads\/2024\/08\/logo-colmado.svg\",\"contentUrl\":\"https:\/\/colmadosingular.com\/wp-content\/uploads\/2024\/08\/logo-colmado.svg\",\"width\":620,\"height\":50,\"caption\":\"Colmado Singular\"},\"image\":{\"@id\":\"https:\/\/colmadosingular.com\/ca\/#\/schema\/logo\/image\/\"}}]}<\/script>\n<!-- \/ Yoast SEO plugin. -->","yoast_head_json":{"title":"CANYELLA EN BRANCA DE SRI LANKA 30 G - Colmado Singular","robots":{"index":"index","follow":"follow","max-snippet":"max-snippet:-1","max-image-preview":"max-image-preview:large","max-video-preview":"max-video-preview:-1"},"canonical":"https:\/\/colmadosingular.com\/ca\/producto\/canela-en-rama-de-sri-lanka-30g\/","og_locale":"ca_ES","og_type":"article","og_title":"CANYELLA EN BRANCA DE SRI LANKA 30 G - Colmado Singular","og_description":"FRANCESC COLLELL FINE SPICES Assortit d'esp\u00e8cies de molt diferents or\u00edgens, buscades i seleccionades amb minuciositat on cadascuna ofereix els seus valors de la forma m\u00e9s espectacular. Canella en branca Prov\u00e9 de l'escor\u00e7a interior d'un grup d'arbres de l'esp\u00e8cie Genus cinnamomum. La seva dol\u00e7a frag\u00e0ncia i gust en fan un ingredient clau en pastisseria, per\u00f2 tamb\u00e9 t\u00e9 molts contrastos per aportar en el m\u00f3n salat.","og_url":"https:\/\/colmadosingular.com\/ca\/producto\/canela-en-rama-de-sri-lanka-30g\/","og_site_name":"Colmado Singular","article_modified_time":"2025-12-21T12:04:05+00:00","og_image":[{"width":1200,"height":1200,"url":"https:\/\/colmadosingular.com\/wp-content\/uploads\/2024\/08\/FC013-18620139.jpg","type":"image\/jpeg"}],"twitter_card":"summary_large_image","twitter_misc":{"Temps estimat de lectura":"1 minut"},"schema":{"@context":"https:\/\/schema.org","@graph":[{"@type":"WebPage","@id":"https:\/\/colmadosingular.com\/ca\/producto\/canela-en-rama-de-sri-lanka-30g\/","url":"https:\/\/colmadosingular.com\/ca\/producto\/canela-en-rama-de-sri-lanka-30g\/","name":"CANYELLA EN BRANCA DE SRI LANKA 30 G - Colmado Singular","isPartOf":{"@id":"https:\/\/colmadosingular.com\/ca\/#website"},"primaryImageOfPage":{"@id":"https:\/\/colmadosingular.com\/ca\/producto\/canela-en-rama-de-sri-lanka-30g\/#primaryimage"},"image":{"@id":"https:\/\/colmadosingular.com\/ca\/producto\/canela-en-rama-de-sri-lanka-30g\/#primaryimage"},"thumbnailUrl":"https:\/\/colmadosingular.com\/wp-content\/uploads\/2024\/08\/FC013-18620139.jpg","datePublished":"2024-08-12T14:18:18+00:00","dateModified":"2025-12-21T12:04:05+00:00","breadcrumb":{"@id":"https:\/\/colmadosingular.com\/ca\/producto\/canela-en-rama-de-sri-lanka-30g\/#breadcrumb"},"inLanguage":"ca","potentialAction":[{"@type":"ReadAction","target":["https:\/\/colmadosingular.com\/ca\/producto\/canela-en-rama-de-sri-lanka-30g\/"]}]},{"@type":"ImageObject","inLanguage":"ca","@id":"https:\/\/colmadosingular.com\/ca\/producto\/canela-en-rama-de-sri-lanka-30g\/#primaryimage","url":"https:\/\/colmadosingular.com\/wp-content\/uploads\/2024\/08\/FC013-18620139.jpg","contentUrl":"https:\/\/colmadosingular.com\/wp-content\/uploads\/2024\/08\/FC013-18620139.jpg","width":1200,"height":1200},{"@type":"BreadcrumbList","@id":"https:\/\/colmadosingular.com\/ca\/producto\/canela-en-rama-de-sri-lanka-30g\/#breadcrumb","itemListElement":[{"@type":"ListItem","position":1,"name":"Portada","item":"https:\/\/colmadosingular.com\/ca\/inici\/"},{"@type":"ListItem","position":2,"name":"BOTIGA","item":"https:\/\/colmadosingular.com\/ca\/shop\/"},{"@type":"ListItem","position":3,"name":"CANYELLA EN BRANCA DE SRI LANKA 30 G"}]},{"@type":"WebSite","@id":"https:\/\/colmadosingular.com\/ca\/#website","url":"https:\/\/colmadosingular.com\/ca\/","name":"Colmado Singular","description":"","publisher":{"@id":"https:\/\/colmadosingular.com\/ca\/#organization"},"potentialAction":[{"@type":"SearchAction","target":{"@type":"EntryPoint","urlTemplate":"https:\/\/colmadosingular.com\/ca\/?s={search_term_string}"},"query-input":{"@type":"PropertyValueSpecification","valueRequired":true,"valueName":"search_term_string"}}],"inLanguage":"ca"},{"@type":"Organization","@id":"https:\/\/colmadosingular.com\/ca\/#organization","name":"Colmado Singular","url":"https:\/\/colmadosingular.com\/ca\/","logo":{"@type":"ImageObject","inLanguage":"ca","@id":"https:\/\/colmadosingular.com\/ca\/#\/schema\/logo\/image\/","url":"https:\/\/colmadosingular.com\/wp-content\/uploads\/2024\/08\/logo-colmado.svg","contentUrl":"https:\/\/colmadosingular.com\/wp-content\/uploads\/2024\/08\/logo-colmado.svg","width":620,"height":50,"caption":"Colmado Singular"},"image":{"@id":"https:\/\/colmadosingular.com\/ca\/#\/schema\/logo\/image\/"}}]}},"_links":{"self":[{"href":"https:\/\/colmadosingular.com\/ca\/wp-json\/wp\/v2\/product\/987872","targetHints":{"allow":["GET"]}}],"collection":[{"href":"https:\/\/colmadosingular.com\/ca\/wp-json\/wp\/v2\/product"}],"about":[{"href":"https:\/\/colmadosingular.com\/ca\/wp-json\/wp\/v2\/types\/product"}],"wp:featuredmedia":[{"embeddable":true,"href":"https:\/\/colmadosingular.com\/ca\/wp-json\/wp\/v2\/media\/5205"}],"wp:attachment":[{"href":"https:\/\/colmadosingular.com\/ca\/wp-json\/wp\/v2\/media?parent=987872"}],"wp:term":[{"taxonomy":"product_brand","embeddable":true,"href":"https:\/\/colmadosingular.com\/ca\/wp-json\/wp\/v2\/product_brand?post=987872"},{"taxonomy":"product_cat","embeddable":true,"href":"https:\/\/colmadosingular.com\/ca\/wp-json\/wp\/v2\/product_cat?post=987872"},{"taxonomy":"product_tag","embeddable":true,"href":"https:\/\/colmadosingular.com\/ca\/wp-json\/wp\/v2\/product_tag?post=987872"}],"curies":[{"name":"wp","href":"https:\/\/api.w.org\/{rel}","templated":true}]}}