{"id":987875,"date":"2024-08-12T16:18:18","date_gmt":"2024-08-12T14:18:18","guid":{"rendered":"https:\/\/colmadosingular.com\/producto\/vainilla-de-tahaa-4-vainas\/"},"modified":"2025-03-16T11:00:59","modified_gmt":"2025-03-16T10:00:59","slug":"vainilla-de-tahaa-4-vainas","status":"publish","type":"product","link":"https:\/\/colmadosingular.com\/ca\/producto\/vainilla-de-tahaa-4-vainas\/","title":{"rendered":"VANILLA DE TAHIT\u00cd 4 BEINES"},"content":{"rendered":"","protected":false},"excerpt":{"rendered":"<p>FRANCESC COLLELL FINE SPICES<\/p>\n<p>Assortit d&#8217;esp\u00e8cies de molt diferents or\u00edgens, buscades i seleccionades amb minuciositat on cadascuna ofereix els seus valors de la forma m\u00e9s espectacular.<\/p>\n<p>Vainilla de Taha\u00e1<br \/>\n\u00c9s el fruit d&#8217;una Orqu\u00eddia tahitensis que ens arriba en forma de beina curada. La vainilla de Taha\u00e1, a Tahit\u00ed, s\u00f3n unes exuberants peces amb tocs anisats que la fan un cavall guanyador en qualsevol plat, dol\u00e7 o salat, aportant una frag\u00e0ncia inconfusible. <\/p>\n","protected":false},"featured_media":5200,"template":"","meta":{"_acf_changed":false,"_monsterinsights_skip_tracking":false,"_monsterinsights_sitenote_active":false,"_monsterinsights_sitenote_note":"","_monsterinsights_sitenote_category":0,"_joinchat":[]},"product_brand":[],"product_cat":[248,254],"product_tag":[],"class_list":{"0":"post-987875","1":"product","2":"type-product","3":"status-publish","4":"has-post-thumbnail","6":"product_cat-especies-i-condiments","7":"product_cat-especies","9":"first","10":"instock","11":"taxable","12":"shipping-taxable","13":"purchasable","14":"product-type-simple"},"acf":[],"yoast_head":"<!-- This site is optimized with the Yoast SEO plugin v24.8.1 - https:\/\/yoast.com\/wordpress\/plugins\/seo\/ -->\n<title>VANILLA DE TAHIT\u00cd 4 BEINES - Colmado Singular<\/title>\n<meta name=\"robots\" content=\"index, follow, max-snippet:-1, max-image-preview:large, max-video-preview:-1\" \/>\n<link rel=\"canonical\" href=\"https:\/\/colmadosingular.com\/ca\/producto\/vainilla-de-tahaa-4-vainas\/\" \/>\n<meta property=\"og:locale\" content=\"ca_ES\" \/>\n<meta property=\"og:type\" content=\"article\" \/>\n<meta property=\"og:title\" content=\"VANILLA DE TAHIT\u00cd 4 BEINES - Colmado Singular\" \/>\n<meta property=\"og:description\" content=\"FRANCESC COLLELL FINE SPICES Assortit d&#039;esp\u00e8cies de molt diferents or\u00edgens, buscades i seleccionades amb minuciositat on cadascuna ofereix els seus valors de la forma m\u00e9s espectacular. Vainilla de Taha\u00e1 \u00c9s el fruit d&#039;una Orqu\u00eddia tahitensis que ens arriba en forma de beina curada. La vainilla de Taha\u00e1, a Tahit\u00ed, s\u00f3n unes exuberants peces amb tocs anisats que la fan un cavall guanyador en qualsevol plat, dol\u00e7 o salat, aportant una frag\u00e0ncia inconfusible.\" \/>\n<meta property=\"og:url\" content=\"https:\/\/colmadosingular.com\/ca\/producto\/vainilla-de-tahaa-4-vainas\/\" \/>\n<meta property=\"og:site_name\" content=\"Colmado Singular\" \/>\n<meta property=\"article:modified_time\" content=\"2025-03-16T10:00:59+00:00\" \/>\n<meta property=\"og:image\" content=\"https:\/\/colmadosingular.com\/wp-content\/uploads\/2024\/08\/FC042-19220212.jpg\" \/>\n\t<meta property=\"og:image:width\" content=\"1280\" \/>\n\t<meta property=\"og:image:height\" content=\"1280\" \/>\n\t<meta property=\"og:image:type\" content=\"image\/jpeg\" \/>\n<meta name=\"twitter:card\" content=\"summary_large_image\" \/>\n<meta name=\"twitter:label1\" content=\"Temps estimat de lectura\" \/>\n\t<meta name=\"twitter:data1\" content=\"1 minut\" \/>\n<script type=\"application\/ld+json\" class=\"yoast-schema-graph\">{\"@context\":\"https:\/\/schema.org\",\"@graph\":[{\"@type\":\"WebPage\",\"@id\":\"https:\/\/colmadosingular.com\/ca\/producto\/vainilla-de-tahaa-4-vainas\/\",\"url\":\"https:\/\/colmadosingular.com\/ca\/producto\/vainilla-de-tahaa-4-vainas\/\",\"name\":\"VANILLA DE TAHIT\u00cd 4 BEINES - Colmado Singular\",\"isPartOf\":{\"@id\":\"https:\/\/colmadosingular.com\/ca\/#website\"},\"primaryImageOfPage\":{\"@id\":\"https:\/\/colmadosingular.com\/ca\/producto\/vainilla-de-tahaa-4-vainas\/#primaryimage\"},\"image\":{\"@id\":\"https:\/\/colmadosingular.com\/ca\/producto\/vainilla-de-tahaa-4-vainas\/#primaryimage\"},\"thumbnailUrl\":\"https:\/\/colmadosingular.com\/wp-content\/uploads\/2024\/08\/FC042-19220212.jpg\",\"datePublished\":\"2024-08-12T14:18:18+00:00\",\"dateModified\":\"2025-03-16T10:00:59+00:00\",\"breadcrumb\":{\"@id\":\"https:\/\/colmadosingular.com\/ca\/producto\/vainilla-de-tahaa-4-vainas\/#breadcrumb\"},\"inLanguage\":\"ca\",\"potentialAction\":[{\"@type\":\"ReadAction\",\"target\":[\"https:\/\/colmadosingular.com\/ca\/producto\/vainilla-de-tahaa-4-vainas\/\"]}]},{\"@type\":\"ImageObject\",\"inLanguage\":\"ca\",\"@id\":\"https:\/\/colmadosingular.com\/ca\/producto\/vainilla-de-tahaa-4-vainas\/#primaryimage\",\"url\":\"https:\/\/colmadosingular.com\/wp-content\/uploads\/2024\/08\/FC042-19220212.jpg\",\"contentUrl\":\"https:\/\/colmadosingular.com\/wp-content\/uploads\/2024\/08\/FC042-19220212.jpg\",\"width\":1280,\"height\":1280},{\"@type\":\"BreadcrumbList\",\"@id\":\"https:\/\/colmadosingular.com\/ca\/producto\/vainilla-de-tahaa-4-vainas\/#breadcrumb\",\"itemListElement\":[{\"@type\":\"ListItem\",\"position\":1,\"name\":\"Portada\",\"item\":\"https:\/\/colmadosingular.com\/ca\/inici\/\"},{\"@type\":\"ListItem\",\"position\":2,\"name\":\"BOTIGA\",\"item\":\"https:\/\/colmadosingular.com\/ca\/shop\/\"},{\"@type\":\"ListItem\",\"position\":3,\"name\":\"VANILLA DE TAHIT\u00cd 4 BEINES\"}]},{\"@type\":\"WebSite\",\"@id\":\"https:\/\/colmadosingular.com\/ca\/#website\",\"url\":\"https:\/\/colmadosingular.com\/ca\/\",\"name\":\"Colmado Singular\",\"description\":\"\",\"publisher\":{\"@id\":\"https:\/\/colmadosingular.com\/ca\/#organization\"},\"potentialAction\":[{\"@type\":\"SearchAction\",\"target\":{\"@type\":\"EntryPoint\",\"urlTemplate\":\"https:\/\/colmadosingular.com\/ca\/?s={search_term_string}\"},\"query-input\":{\"@type\":\"PropertyValueSpecification\",\"valueRequired\":true,\"valueName\":\"search_term_string\"}}],\"inLanguage\":\"ca\"},{\"@type\":\"Organization\",\"@id\":\"https:\/\/colmadosingular.com\/ca\/#organization\",\"name\":\"Colmado Singular\",\"url\":\"https:\/\/colmadosingular.com\/ca\/\",\"logo\":{\"@type\":\"ImageObject\",\"inLanguage\":\"ca\",\"@id\":\"https:\/\/colmadosingular.com\/ca\/#\/schema\/logo\/image\/\",\"url\":\"https:\/\/colmadosingular.com\/wp-content\/uploads\/2024\/08\/logo-colmado.svg\",\"contentUrl\":\"https:\/\/colmadosingular.com\/wp-content\/uploads\/2024\/08\/logo-colmado.svg\",\"width\":620,\"height\":50,\"caption\":\"Colmado Singular\"},\"image\":{\"@id\":\"https:\/\/colmadosingular.com\/ca\/#\/schema\/logo\/image\/\"}}]}<\/script>\n<!-- \/ Yoast SEO plugin. -->","yoast_head_json":{"title":"VANILLA DE TAHIT\u00cd 4 BEINES - Colmado Singular","robots":{"index":"index","follow":"follow","max-snippet":"max-snippet:-1","max-image-preview":"max-image-preview:large","max-video-preview":"max-video-preview:-1"},"canonical":"https:\/\/colmadosingular.com\/ca\/producto\/vainilla-de-tahaa-4-vainas\/","og_locale":"ca_ES","og_type":"article","og_title":"VANILLA DE TAHIT\u00cd 4 BEINES - Colmado Singular","og_description":"FRANCESC COLLELL FINE SPICES Assortit d'esp\u00e8cies de molt diferents or\u00edgens, buscades i seleccionades amb minuciositat on cadascuna ofereix els seus valors de la forma m\u00e9s espectacular. Vainilla de Taha\u00e1 \u00c9s el fruit d'una Orqu\u00eddia tahitensis que ens arriba en forma de beina curada. La vainilla de Taha\u00e1, a Tahit\u00ed, s\u00f3n unes exuberants peces amb tocs anisats que la fan un cavall guanyador en qualsevol plat, dol\u00e7 o salat, aportant una frag\u00e0ncia inconfusible.","og_url":"https:\/\/colmadosingular.com\/ca\/producto\/vainilla-de-tahaa-4-vainas\/","og_site_name":"Colmado Singular","article_modified_time":"2025-03-16T10:00:59+00:00","og_image":[{"width":1280,"height":1280,"url":"https:\/\/colmadosingular.com\/wp-content\/uploads\/2024\/08\/FC042-19220212.jpg","type":"image\/jpeg"}],"twitter_card":"summary_large_image","twitter_misc":{"Temps estimat de lectura":"1 minut"},"schema":{"@context":"https:\/\/schema.org","@graph":[{"@type":"WebPage","@id":"https:\/\/colmadosingular.com\/ca\/producto\/vainilla-de-tahaa-4-vainas\/","url":"https:\/\/colmadosingular.com\/ca\/producto\/vainilla-de-tahaa-4-vainas\/","name":"VANILLA DE TAHIT\u00cd 4 BEINES - Colmado Singular","isPartOf":{"@id":"https:\/\/colmadosingular.com\/ca\/#website"},"primaryImageOfPage":{"@id":"https:\/\/colmadosingular.com\/ca\/producto\/vainilla-de-tahaa-4-vainas\/#primaryimage"},"image":{"@id":"https:\/\/colmadosingular.com\/ca\/producto\/vainilla-de-tahaa-4-vainas\/#primaryimage"},"thumbnailUrl":"https:\/\/colmadosingular.com\/wp-content\/uploads\/2024\/08\/FC042-19220212.jpg","datePublished":"2024-08-12T14:18:18+00:00","dateModified":"2025-03-16T10:00:59+00:00","breadcrumb":{"@id":"https:\/\/colmadosingular.com\/ca\/producto\/vainilla-de-tahaa-4-vainas\/#breadcrumb"},"inLanguage":"ca","potentialAction":[{"@type":"ReadAction","target":["https:\/\/colmadosingular.com\/ca\/producto\/vainilla-de-tahaa-4-vainas\/"]}]},{"@type":"ImageObject","inLanguage":"ca","@id":"https:\/\/colmadosingular.com\/ca\/producto\/vainilla-de-tahaa-4-vainas\/#primaryimage","url":"https:\/\/colmadosingular.com\/wp-content\/uploads\/2024\/08\/FC042-19220212.jpg","contentUrl":"https:\/\/colmadosingular.com\/wp-content\/uploads\/2024\/08\/FC042-19220212.jpg","width":1280,"height":1280},{"@type":"BreadcrumbList","@id":"https:\/\/colmadosingular.com\/ca\/producto\/vainilla-de-tahaa-4-vainas\/#breadcrumb","itemListElement":[{"@type":"ListItem","position":1,"name":"Portada","item":"https:\/\/colmadosingular.com\/ca\/inici\/"},{"@type":"ListItem","position":2,"name":"BOTIGA","item":"https:\/\/colmadosingular.com\/ca\/shop\/"},{"@type":"ListItem","position":3,"name":"VANILLA DE TAHIT\u00cd 4 BEINES"}]},{"@type":"WebSite","@id":"https:\/\/colmadosingular.com\/ca\/#website","url":"https:\/\/colmadosingular.com\/ca\/","name":"Colmado Singular","description":"","publisher":{"@id":"https:\/\/colmadosingular.com\/ca\/#organization"},"potentialAction":[{"@type":"SearchAction","target":{"@type":"EntryPoint","urlTemplate":"https:\/\/colmadosingular.com\/ca\/?s={search_term_string}"},"query-input":{"@type":"PropertyValueSpecification","valueRequired":true,"valueName":"search_term_string"}}],"inLanguage":"ca"},{"@type":"Organization","@id":"https:\/\/colmadosingular.com\/ca\/#organization","name":"Colmado Singular","url":"https:\/\/colmadosingular.com\/ca\/","logo":{"@type":"ImageObject","inLanguage":"ca","@id":"https:\/\/colmadosingular.com\/ca\/#\/schema\/logo\/image\/","url":"https:\/\/colmadosingular.com\/wp-content\/uploads\/2024\/08\/logo-colmado.svg","contentUrl":"https:\/\/colmadosingular.com\/wp-content\/uploads\/2024\/08\/logo-colmado.svg","width":620,"height":50,"caption":"Colmado Singular"},"image":{"@id":"https:\/\/colmadosingular.com\/ca\/#\/schema\/logo\/image\/"}}]}},"_links":{"self":[{"href":"https:\/\/colmadosingular.com\/ca\/wp-json\/wp\/v2\/product\/987875","targetHints":{"allow":["GET"]}}],"collection":[{"href":"https:\/\/colmadosingular.com\/ca\/wp-json\/wp\/v2\/product"}],"about":[{"href":"https:\/\/colmadosingular.com\/ca\/wp-json\/wp\/v2\/types\/product"}],"wp:featuredmedia":[{"embeddable":true,"href":"https:\/\/colmadosingular.com\/ca\/wp-json\/wp\/v2\/media\/5200"}],"wp:attachment":[{"href":"https:\/\/colmadosingular.com\/ca\/wp-json\/wp\/v2\/media?parent=987875"}],"wp:term":[{"taxonomy":"product_brand","embeddable":true,"href":"https:\/\/colmadosingular.com\/ca\/wp-json\/wp\/v2\/product_brand?post=987875"},{"taxonomy":"product_cat","embeddable":true,"href":"https:\/\/colmadosingular.com\/ca\/wp-json\/wp\/v2\/product_cat?post=987875"},{"taxonomy":"product_tag","embeddable":true,"href":"https:\/\/colmadosingular.com\/ca\/wp-json\/wp\/v2\/product_tag?post=987875"}],"curies":[{"name":"wp","href":"https:\/\/api.w.org\/{rel}","templated":true}]}}