{"id":987891,"date":"2024-08-12T16:21:26","date_gmt":"2024-08-12T14:21:26","guid":{"rendered":"https:\/\/colmadosingular.com\/producto\/albahaca-semifresca-bio-18g\/"},"modified":"2025-03-16T12:04:37","modified_gmt":"2025-03-16T11:04:37","slug":"albahaca-semifresca-bio-18g","status":"publish","type":"product","link":"https:\/\/colmadosingular.com\/ca\/producto\/albahaca-semifresca-bio-18g\/","title":{"rendered":"ALF\u00c0BREGA SEMIFRESCA BIO 18g"},"content":{"rendered":"","protected":false},"excerpt":{"rendered":"<p><em><strong>Basilico<\/strong><\/em><\/p>\n<p>Cont\u00e9 totes les qualitats arom\u00e0tiques i gustatives de les herbes fresques, per\u00f2 amb la practicitat de les seques. Aquesta herba semifresca est\u00e0 deshidratada mitjan\u00e7ant un m\u00e8tode de centrifugat que ajuda a eliminar l&#8217;exc\u00e9s d&#8217;humitat, deixant-ne un 30% residual juntament amb els seus olis essencials. D\u2019aquesta manera, conservem el color, l\u2019aroma i el sabor. Es tracta d\u2019una opci\u00f3 molt interessant tant per cuinar com per acabar plats. Tamb\u00e9 funciona en marinades, vinagretes, conserves, rebosteria, etc.    <\/p>\n<p>Producte amb certificaci\u00f3 ecol\u00f2gica.<\/p>\n","protected":false},"featured_media":5502,"template":"","meta":{"_acf_changed":false,"_monsterinsights_skip_tracking":false,"_monsterinsights_sitenote_active":false,"_monsterinsights_sitenote_note":"","_monsterinsights_sitenote_category":0,"_joinchat":[]},"product_brand":[],"product_cat":[248,255],"product_tag":[],"class_list":{"0":"post-987891","1":"product","2":"type-product","3":"status-publish","4":"has-post-thumbnail","6":"product_cat-especies-i-condiments","7":"product_cat-herbes-semifresques","9":"first","10":"instock","11":"taxable","12":"shipping-taxable","13":"purchasable","14":"product-type-simple"},"acf":[],"yoast_head":"<!-- This site is optimized with the Yoast SEO plugin v24.8.1 - https:\/\/yoast.com\/wordpress\/plugins\/seo\/ -->\n<title>ALF\u00c0BREGA SEMIFRESCA BIO 18g - Colmado Singular<\/title>\n<meta name=\"robots\" content=\"index, follow, max-snippet:-1, max-image-preview:large, max-video-preview:-1\" \/>\n<link rel=\"canonical\" href=\"https:\/\/colmadosingular.com\/ca\/producto\/albahaca-semifresca-bio-18g\/\" \/>\n<meta property=\"og:locale\" content=\"ca_ES\" \/>\n<meta property=\"og:type\" content=\"article\" \/>\n<meta property=\"og:title\" content=\"ALF\u00c0BREGA SEMIFRESCA BIO 18g - Colmado Singular\" \/>\n<meta property=\"og:description\" content=\"Basilico Cont\u00e9 totes les qualitats arom\u00e0tiques i gustatives de les herbes fresques, per\u00f2 amb la practicitat de les seques. Aquesta herba semifresca est\u00e0 deshidratada mitjan\u00e7ant un m\u00e8tode de centrifugat que ajuda a eliminar l&#039;exc\u00e9s d&#039;humitat, deixant-ne un 30% residual juntament amb els seus olis essencials. D\u2019aquesta manera, conservem el color, l\u2019aroma i el sabor. Es tracta d\u2019una opci\u00f3 molt interessant tant per cuinar com per acabar plats. Tamb\u00e9 funciona en marinades, vinagretes, conserves, rebosteria, etc.   Producte amb certificaci\u00f3 ecol\u00f2gica.\" \/>\n<meta property=\"og:url\" content=\"https:\/\/colmadosingular.com\/ca\/producto\/albahaca-semifresca-bio-18g\/\" \/>\n<meta property=\"og:site_name\" content=\"Colmado Singular\" \/>\n<meta property=\"article:modified_time\" content=\"2025-03-16T11:04:37+00:00\" \/>\n<meta property=\"og:image\" content=\"https:\/\/colmadosingular.com\/wp-content\/uploads\/2024\/08\/EL001_PSV9655G_2480x2480_OK.jpg\" \/>\n\t<meta property=\"og:image:width\" content=\"2480\" \/>\n\t<meta property=\"og:image:height\" content=\"2479\" \/>\n\t<meta property=\"og:image:type\" content=\"image\/jpeg\" \/>\n<meta name=\"twitter:card\" content=\"summary_large_image\" \/>\n<meta name=\"twitter:label1\" content=\"Temps estimat de lectura\" \/>\n\t<meta name=\"twitter:data1\" content=\"1 minut\" \/>\n<script type=\"application\/ld+json\" class=\"yoast-schema-graph\">{\"@context\":\"https:\/\/schema.org\",\"@graph\":[{\"@type\":\"WebPage\",\"@id\":\"https:\/\/colmadosingular.com\/ca\/producto\/albahaca-semifresca-bio-18g\/\",\"url\":\"https:\/\/colmadosingular.com\/ca\/producto\/albahaca-semifresca-bio-18g\/\",\"name\":\"ALF\u00c0BREGA SEMIFRESCA BIO 18g - Colmado Singular\",\"isPartOf\":{\"@id\":\"https:\/\/colmadosingular.com\/ca\/#website\"},\"primaryImageOfPage\":{\"@id\":\"https:\/\/colmadosingular.com\/ca\/producto\/albahaca-semifresca-bio-18g\/#primaryimage\"},\"image\":{\"@id\":\"https:\/\/colmadosingular.com\/ca\/producto\/albahaca-semifresca-bio-18g\/#primaryimage\"},\"thumbnailUrl\":\"https:\/\/colmadosingular.com\/wp-content\/uploads\/2024\/08\/EL001_PSV9655G_2480x2480_OK.jpg\",\"datePublished\":\"2024-08-12T14:21:26+00:00\",\"dateModified\":\"2025-03-16T11:04:37+00:00\",\"breadcrumb\":{\"@id\":\"https:\/\/colmadosingular.com\/ca\/producto\/albahaca-semifresca-bio-18g\/#breadcrumb\"},\"inLanguage\":\"ca\",\"potentialAction\":[{\"@type\":\"ReadAction\",\"target\":[\"https:\/\/colmadosingular.com\/ca\/producto\/albahaca-semifresca-bio-18g\/\"]}]},{\"@type\":\"ImageObject\",\"inLanguage\":\"ca\",\"@id\":\"https:\/\/colmadosingular.com\/ca\/producto\/albahaca-semifresca-bio-18g\/#primaryimage\",\"url\":\"https:\/\/colmadosingular.com\/wp-content\/uploads\/2024\/08\/EL001_PSV9655G_2480x2480_OK.jpg\",\"contentUrl\":\"https:\/\/colmadosingular.com\/wp-content\/uploads\/2024\/08\/EL001_PSV9655G_2480x2480_OK.jpg\",\"width\":2480,\"height\":2479},{\"@type\":\"BreadcrumbList\",\"@id\":\"https:\/\/colmadosingular.com\/ca\/producto\/albahaca-semifresca-bio-18g\/#breadcrumb\",\"itemListElement\":[{\"@type\":\"ListItem\",\"position\":1,\"name\":\"Portada\",\"item\":\"https:\/\/colmadosingular.com\/ca\/inici\/\"},{\"@type\":\"ListItem\",\"position\":2,\"name\":\"BOTIGA\",\"item\":\"https:\/\/colmadosingular.com\/ca\/shop\/\"},{\"@type\":\"ListItem\",\"position\":3,\"name\":\"ALF\u00c0BREGA SEMIFRESCA BIO 18g\"}]},{\"@type\":\"WebSite\",\"@id\":\"https:\/\/colmadosingular.com\/ca\/#website\",\"url\":\"https:\/\/colmadosingular.com\/ca\/\",\"name\":\"Colmado Singular\",\"description\":\"\",\"publisher\":{\"@id\":\"https:\/\/colmadosingular.com\/ca\/#organization\"},\"potentialAction\":[{\"@type\":\"SearchAction\",\"target\":{\"@type\":\"EntryPoint\",\"urlTemplate\":\"https:\/\/colmadosingular.com\/ca\/?s={search_term_string}\"},\"query-input\":{\"@type\":\"PropertyValueSpecification\",\"valueRequired\":true,\"valueName\":\"search_term_string\"}}],\"inLanguage\":\"ca\"},{\"@type\":\"Organization\",\"@id\":\"https:\/\/colmadosingular.com\/ca\/#organization\",\"name\":\"Colmado Singular\",\"url\":\"https:\/\/colmadosingular.com\/ca\/\",\"logo\":{\"@type\":\"ImageObject\",\"inLanguage\":\"ca\",\"@id\":\"https:\/\/colmadosingular.com\/ca\/#\/schema\/logo\/image\/\",\"url\":\"https:\/\/colmadosingular.com\/wp-content\/uploads\/2024\/08\/logo-colmado.svg\",\"contentUrl\":\"https:\/\/colmadosingular.com\/wp-content\/uploads\/2024\/08\/logo-colmado.svg\",\"width\":620,\"height\":50,\"caption\":\"Colmado Singular\"},\"image\":{\"@id\":\"https:\/\/colmadosingular.com\/ca\/#\/schema\/logo\/image\/\"}}]}<\/script>\n<!-- \/ Yoast SEO plugin. -->","yoast_head_json":{"title":"ALF\u00c0BREGA SEMIFRESCA BIO 18g - Colmado Singular","robots":{"index":"index","follow":"follow","max-snippet":"max-snippet:-1","max-image-preview":"max-image-preview:large","max-video-preview":"max-video-preview:-1"},"canonical":"https:\/\/colmadosingular.com\/ca\/producto\/albahaca-semifresca-bio-18g\/","og_locale":"ca_ES","og_type":"article","og_title":"ALF\u00c0BREGA SEMIFRESCA BIO 18g - Colmado Singular","og_description":"Basilico Cont\u00e9 totes les qualitats arom\u00e0tiques i gustatives de les herbes fresques, per\u00f2 amb la practicitat de les seques. Aquesta herba semifresca est\u00e0 deshidratada mitjan\u00e7ant un m\u00e8tode de centrifugat que ajuda a eliminar l'exc\u00e9s d'humitat, deixant-ne un 30% residual juntament amb els seus olis essencials. D\u2019aquesta manera, conservem el color, l\u2019aroma i el sabor. Es tracta d\u2019una opci\u00f3 molt interessant tant per cuinar com per acabar plats. Tamb\u00e9 funciona en marinades, vinagretes, conserves, rebosteria, etc.   Producte amb certificaci\u00f3 ecol\u00f2gica.","og_url":"https:\/\/colmadosingular.com\/ca\/producto\/albahaca-semifresca-bio-18g\/","og_site_name":"Colmado Singular","article_modified_time":"2025-03-16T11:04:37+00:00","og_image":[{"width":2480,"height":2479,"url":"https:\/\/colmadosingular.com\/wp-content\/uploads\/2024\/08\/EL001_PSV9655G_2480x2480_OK.jpg","type":"image\/jpeg"}],"twitter_card":"summary_large_image","twitter_misc":{"Temps estimat de lectura":"1 minut"},"schema":{"@context":"https:\/\/schema.org","@graph":[{"@type":"WebPage","@id":"https:\/\/colmadosingular.com\/ca\/producto\/albahaca-semifresca-bio-18g\/","url":"https:\/\/colmadosingular.com\/ca\/producto\/albahaca-semifresca-bio-18g\/","name":"ALF\u00c0BREGA SEMIFRESCA BIO 18g - Colmado Singular","isPartOf":{"@id":"https:\/\/colmadosingular.com\/ca\/#website"},"primaryImageOfPage":{"@id":"https:\/\/colmadosingular.com\/ca\/producto\/albahaca-semifresca-bio-18g\/#primaryimage"},"image":{"@id":"https:\/\/colmadosingular.com\/ca\/producto\/albahaca-semifresca-bio-18g\/#primaryimage"},"thumbnailUrl":"https:\/\/colmadosingular.com\/wp-content\/uploads\/2024\/08\/EL001_PSV9655G_2480x2480_OK.jpg","datePublished":"2024-08-12T14:21:26+00:00","dateModified":"2025-03-16T11:04:37+00:00","breadcrumb":{"@id":"https:\/\/colmadosingular.com\/ca\/producto\/albahaca-semifresca-bio-18g\/#breadcrumb"},"inLanguage":"ca","potentialAction":[{"@type":"ReadAction","target":["https:\/\/colmadosingular.com\/ca\/producto\/albahaca-semifresca-bio-18g\/"]}]},{"@type":"ImageObject","inLanguage":"ca","@id":"https:\/\/colmadosingular.com\/ca\/producto\/albahaca-semifresca-bio-18g\/#primaryimage","url":"https:\/\/colmadosingular.com\/wp-content\/uploads\/2024\/08\/EL001_PSV9655G_2480x2480_OK.jpg","contentUrl":"https:\/\/colmadosingular.com\/wp-content\/uploads\/2024\/08\/EL001_PSV9655G_2480x2480_OK.jpg","width":2480,"height":2479},{"@type":"BreadcrumbList","@id":"https:\/\/colmadosingular.com\/ca\/producto\/albahaca-semifresca-bio-18g\/#breadcrumb","itemListElement":[{"@type":"ListItem","position":1,"name":"Portada","item":"https:\/\/colmadosingular.com\/ca\/inici\/"},{"@type":"ListItem","position":2,"name":"BOTIGA","item":"https:\/\/colmadosingular.com\/ca\/shop\/"},{"@type":"ListItem","position":3,"name":"ALF\u00c0BREGA SEMIFRESCA BIO 18g"}]},{"@type":"WebSite","@id":"https:\/\/colmadosingular.com\/ca\/#website","url":"https:\/\/colmadosingular.com\/ca\/","name":"Colmado Singular","description":"","publisher":{"@id":"https:\/\/colmadosingular.com\/ca\/#organization"},"potentialAction":[{"@type":"SearchAction","target":{"@type":"EntryPoint","urlTemplate":"https:\/\/colmadosingular.com\/ca\/?s={search_term_string}"},"query-input":{"@type":"PropertyValueSpecification","valueRequired":true,"valueName":"search_term_string"}}],"inLanguage":"ca"},{"@type":"Organization","@id":"https:\/\/colmadosingular.com\/ca\/#organization","name":"Colmado Singular","url":"https:\/\/colmadosingular.com\/ca\/","logo":{"@type":"ImageObject","inLanguage":"ca","@id":"https:\/\/colmadosingular.com\/ca\/#\/schema\/logo\/image\/","url":"https:\/\/colmadosingular.com\/wp-content\/uploads\/2024\/08\/logo-colmado.svg","contentUrl":"https:\/\/colmadosingular.com\/wp-content\/uploads\/2024\/08\/logo-colmado.svg","width":620,"height":50,"caption":"Colmado Singular"},"image":{"@id":"https:\/\/colmadosingular.com\/ca\/#\/schema\/logo\/image\/"}}]}},"_links":{"self":[{"href":"https:\/\/colmadosingular.com\/ca\/wp-json\/wp\/v2\/product\/987891","targetHints":{"allow":["GET"]}}],"collection":[{"href":"https:\/\/colmadosingular.com\/ca\/wp-json\/wp\/v2\/product"}],"about":[{"href":"https:\/\/colmadosingular.com\/ca\/wp-json\/wp\/v2\/types\/product"}],"wp:featuredmedia":[{"embeddable":true,"href":"https:\/\/colmadosingular.com\/ca\/wp-json\/wp\/v2\/media\/5502"}],"wp:attachment":[{"href":"https:\/\/colmadosingular.com\/ca\/wp-json\/wp\/v2\/media?parent=987891"}],"wp:term":[{"taxonomy":"product_brand","embeddable":true,"href":"https:\/\/colmadosingular.com\/ca\/wp-json\/wp\/v2\/product_brand?post=987891"},{"taxonomy":"product_cat","embeddable":true,"href":"https:\/\/colmadosingular.com\/ca\/wp-json\/wp\/v2\/product_cat?post=987891"},{"taxonomy":"product_tag","embeddable":true,"href":"https:\/\/colmadosingular.com\/ca\/wp-json\/wp\/v2\/product_tag?post=987891"}],"curies":[{"name":"wp","href":"https:\/\/api.w.org\/{rel}","templated":true}]}}