{"id":987918,"date":"2024-08-12T16:17:58","date_gmt":"2024-08-12T14:17:58","guid":{"rendered":"https:\/\/colmadosingular.com\/producto\/sal-ahumada-100g\/"},"modified":"2025-03-16T16:08:09","modified_gmt":"2025-03-16T15:08:09","slug":"sal-ahumada-100g","status":"publish","type":"product","link":"https:\/\/colmadosingular.com\/ca\/producto\/sal-ahumada-100g\/","title":{"rendered":"SAL FUMADA 100g"},"content":{"rendered":"","protected":false},"excerpt":{"rendered":"<p>HALEN M\u00d4N<\/p>\n<p>Halen M\u00f4n \u00e9s una admirable empresa artesana de l\u2019illa d\u2019Anglesey. All\u00e0, Alison i David van percebre que la sal era ins\u00f2litament neta. Els va picar la curiositat, i es van adonar que els abundants musclos de la zona i la sorra de la costa servien de doble filtre natural per obtenir una sal tan pura.  <\/p>\n<p>Produir-la \u00e9s un proc\u00e9s labori\u00f3s que s\u2019allarga entre deu i dotze dies, des que surt del mar fins que est\u00e0 llesta per arribar a la taula. A Halen M\u00f4n, la sal es cristal\u00b7litza de manera tradicional i sense cap additiu. El simple gest de posar-se un floc a la boca ens pot donar la mesura de la qualitat que atresora i del salt gustatiu que representa en comparaci\u00f3 amb altres sals en escames industrialitzades.  <\/p>\n<p>Sal fumada<br \/>\nFumada amb fusta de roure gal\u00b7l\u00e8s en un fumador propi. Aporta un toc suau i especial a qualsevol plat. <\/p>\n","protected":false},"featured_media":5182,"template":"","meta":{"_acf_changed":false,"_monsterinsights_skip_tracking":false,"_monsterinsights_sitenote_active":false,"_monsterinsights_sitenote_note":"","_monsterinsights_sitenote_category":0,"_joinchat":[]},"product_brand":[],"product_cat":[248,257],"product_tag":[],"class_list":{"0":"post-987918","1":"product","2":"type-product","3":"status-publish","4":"has-post-thumbnail","6":"product_cat-especies-i-condiments","7":"product_cat-sal-especies-i-condiments","9":"first","10":"instock","11":"taxable","12":"shipping-taxable","13":"purchasable","14":"product-type-simple"},"acf":[],"yoast_head":"<!-- This site is optimized with the Yoast SEO plugin v24.8.1 - https:\/\/yoast.com\/wordpress\/plugins\/seo\/ -->\n<title>SAL FUMADA 100g - Colmado Singular<\/title>\n<meta name=\"robots\" content=\"index, follow, max-snippet:-1, max-image-preview:large, max-video-preview:-1\" \/>\n<link rel=\"canonical\" href=\"https:\/\/colmadosingular.com\/ca\/producto\/sal-ahumada-100g\/\" \/>\n<meta property=\"og:locale\" content=\"ca_ES\" \/>\n<meta property=\"og:type\" content=\"article\" \/>\n<meta property=\"og:title\" content=\"SAL FUMADA 100g - Colmado Singular\" \/>\n<meta property=\"og:description\" content=\"HALEN M\u00d4N Halen M\u00f4n \u00e9s una admirable empresa artesana de l\u2019illa d\u2019Anglesey. All\u00e0, Alison i David van percebre que la sal era ins\u00f2litament neta. Els va picar la curiositat, i es van adonar que els abundants musclos de la zona i la sorra de la costa servien de doble filtre natural per obtenir una sal tan pura.  Produir-la \u00e9s un proc\u00e9s labori\u00f3s que s\u2019allarga entre deu i dotze dies, des que surt del mar fins que est\u00e0 llesta per arribar a la taula. A Halen M\u00f4n, la sal es cristal\u00b7litza de manera tradicional i sense cap additiu. El simple gest de posar-se un floc a la boca ens pot donar la mesura de la qualitat que atresora i del salt gustatiu que representa en comparaci\u00f3 amb altres sals en escames industrialitzades.  Sal fumada Fumada amb fusta de roure gal\u00b7l\u00e8s en un fumador propi. Aporta un toc suau i especial a qualsevol plat.\" \/>\n<meta property=\"og:url\" content=\"https:\/\/colmadosingular.com\/ca\/producto\/sal-ahumada-100g\/\" \/>\n<meta property=\"og:site_name\" content=\"Colmado Singular\" \/>\n<meta property=\"article:modified_time\" content=\"2025-03-16T15:08:09+00:00\" \/>\n<meta property=\"og:image\" content=\"https:\/\/colmadosingular.com\/wp-content\/uploads\/2024\/08\/HM005_fons-gris-scaled-1.jpg\" \/>\n\t<meta property=\"og:image:width\" content=\"2560\" \/>\n\t<meta property=\"og:image:height\" content=\"2560\" \/>\n\t<meta property=\"og:image:type\" content=\"image\/jpeg\" \/>\n<meta name=\"twitter:card\" content=\"summary_large_image\" \/>\n<meta name=\"twitter:label1\" content=\"Temps estimat de lectura\" \/>\n\t<meta name=\"twitter:data1\" content=\"1 minut\" \/>\n<script type=\"application\/ld+json\" class=\"yoast-schema-graph\">{\"@context\":\"https:\/\/schema.org\",\"@graph\":[{\"@type\":\"WebPage\",\"@id\":\"https:\/\/colmadosingular.com\/ca\/producto\/sal-ahumada-100g\/\",\"url\":\"https:\/\/colmadosingular.com\/ca\/producto\/sal-ahumada-100g\/\",\"name\":\"SAL FUMADA 100g - Colmado Singular\",\"isPartOf\":{\"@id\":\"https:\/\/colmadosingular.com\/ca\/#website\"},\"primaryImageOfPage\":{\"@id\":\"https:\/\/colmadosingular.com\/ca\/producto\/sal-ahumada-100g\/#primaryimage\"},\"image\":{\"@id\":\"https:\/\/colmadosingular.com\/ca\/producto\/sal-ahumada-100g\/#primaryimage\"},\"thumbnailUrl\":\"https:\/\/colmadosingular.com\/wp-content\/uploads\/2024\/08\/HM005_fons-gris-scaled-1.jpg\",\"datePublished\":\"2024-08-12T14:17:58+00:00\",\"dateModified\":\"2025-03-16T15:08:09+00:00\",\"breadcrumb\":{\"@id\":\"https:\/\/colmadosingular.com\/ca\/producto\/sal-ahumada-100g\/#breadcrumb\"},\"inLanguage\":\"ca\",\"potentialAction\":[{\"@type\":\"ReadAction\",\"target\":[\"https:\/\/colmadosingular.com\/ca\/producto\/sal-ahumada-100g\/\"]}]},{\"@type\":\"ImageObject\",\"inLanguage\":\"ca\",\"@id\":\"https:\/\/colmadosingular.com\/ca\/producto\/sal-ahumada-100g\/#primaryimage\",\"url\":\"https:\/\/colmadosingular.com\/wp-content\/uploads\/2024\/08\/HM005_fons-gris-scaled-1.jpg\",\"contentUrl\":\"https:\/\/colmadosingular.com\/wp-content\/uploads\/2024\/08\/HM005_fons-gris-scaled-1.jpg\",\"width\":2560,\"height\":2560},{\"@type\":\"BreadcrumbList\",\"@id\":\"https:\/\/colmadosingular.com\/ca\/producto\/sal-ahumada-100g\/#breadcrumb\",\"itemListElement\":[{\"@type\":\"ListItem\",\"position\":1,\"name\":\"Portada\",\"item\":\"https:\/\/colmadosingular.com\/ca\/inici\/\"},{\"@type\":\"ListItem\",\"position\":2,\"name\":\"BOTIGA\",\"item\":\"https:\/\/colmadosingular.com\/ca\/shop\/\"},{\"@type\":\"ListItem\",\"position\":3,\"name\":\"SAL FUMADA 100g\"}]},{\"@type\":\"WebSite\",\"@id\":\"https:\/\/colmadosingular.com\/ca\/#website\",\"url\":\"https:\/\/colmadosingular.com\/ca\/\",\"name\":\"Colmado Singular\",\"description\":\"\",\"publisher\":{\"@id\":\"https:\/\/colmadosingular.com\/ca\/#organization\"},\"potentialAction\":[{\"@type\":\"SearchAction\",\"target\":{\"@type\":\"EntryPoint\",\"urlTemplate\":\"https:\/\/colmadosingular.com\/ca\/?s={search_term_string}\"},\"query-input\":{\"@type\":\"PropertyValueSpecification\",\"valueRequired\":true,\"valueName\":\"search_term_string\"}}],\"inLanguage\":\"ca\"},{\"@type\":\"Organization\",\"@id\":\"https:\/\/colmadosingular.com\/ca\/#organization\",\"name\":\"Colmado Singular\",\"url\":\"https:\/\/colmadosingular.com\/ca\/\",\"logo\":{\"@type\":\"ImageObject\",\"inLanguage\":\"ca\",\"@id\":\"https:\/\/colmadosingular.com\/ca\/#\/schema\/logo\/image\/\",\"url\":\"https:\/\/colmadosingular.com\/wp-content\/uploads\/2024\/08\/logo-colmado.svg\",\"contentUrl\":\"https:\/\/colmadosingular.com\/wp-content\/uploads\/2024\/08\/logo-colmado.svg\",\"width\":620,\"height\":50,\"caption\":\"Colmado Singular\"},\"image\":{\"@id\":\"https:\/\/colmadosingular.com\/ca\/#\/schema\/logo\/image\/\"}}]}<\/script>\n<!-- \/ Yoast SEO plugin. -->","yoast_head_json":{"title":"SAL FUMADA 100g - Colmado Singular","robots":{"index":"index","follow":"follow","max-snippet":"max-snippet:-1","max-image-preview":"max-image-preview:large","max-video-preview":"max-video-preview:-1"},"canonical":"https:\/\/colmadosingular.com\/ca\/producto\/sal-ahumada-100g\/","og_locale":"ca_ES","og_type":"article","og_title":"SAL FUMADA 100g - Colmado Singular","og_description":"HALEN M\u00d4N Halen M\u00f4n \u00e9s una admirable empresa artesana de l\u2019illa d\u2019Anglesey. All\u00e0, Alison i David van percebre que la sal era ins\u00f2litament neta. Els va picar la curiositat, i es van adonar que els abundants musclos de la zona i la sorra de la costa servien de doble filtre natural per obtenir una sal tan pura.  Produir-la \u00e9s un proc\u00e9s labori\u00f3s que s\u2019allarga entre deu i dotze dies, des que surt del mar fins que est\u00e0 llesta per arribar a la taula. A Halen M\u00f4n, la sal es cristal\u00b7litza de manera tradicional i sense cap additiu. El simple gest de posar-se un floc a la boca ens pot donar la mesura de la qualitat que atresora i del salt gustatiu que representa en comparaci\u00f3 amb altres sals en escames industrialitzades.  Sal fumada Fumada amb fusta de roure gal\u00b7l\u00e8s en un fumador propi. Aporta un toc suau i especial a qualsevol plat.","og_url":"https:\/\/colmadosingular.com\/ca\/producto\/sal-ahumada-100g\/","og_site_name":"Colmado Singular","article_modified_time":"2025-03-16T15:08:09+00:00","og_image":[{"width":2560,"height":2560,"url":"https:\/\/colmadosingular.com\/wp-content\/uploads\/2024\/08\/HM005_fons-gris-scaled-1.jpg","type":"image\/jpeg"}],"twitter_card":"summary_large_image","twitter_misc":{"Temps estimat de lectura":"1 minut"},"schema":{"@context":"https:\/\/schema.org","@graph":[{"@type":"WebPage","@id":"https:\/\/colmadosingular.com\/ca\/producto\/sal-ahumada-100g\/","url":"https:\/\/colmadosingular.com\/ca\/producto\/sal-ahumada-100g\/","name":"SAL FUMADA 100g - Colmado Singular","isPartOf":{"@id":"https:\/\/colmadosingular.com\/ca\/#website"},"primaryImageOfPage":{"@id":"https:\/\/colmadosingular.com\/ca\/producto\/sal-ahumada-100g\/#primaryimage"},"image":{"@id":"https:\/\/colmadosingular.com\/ca\/producto\/sal-ahumada-100g\/#primaryimage"},"thumbnailUrl":"https:\/\/colmadosingular.com\/wp-content\/uploads\/2024\/08\/HM005_fons-gris-scaled-1.jpg","datePublished":"2024-08-12T14:17:58+00:00","dateModified":"2025-03-16T15:08:09+00:00","breadcrumb":{"@id":"https:\/\/colmadosingular.com\/ca\/producto\/sal-ahumada-100g\/#breadcrumb"},"inLanguage":"ca","potentialAction":[{"@type":"ReadAction","target":["https:\/\/colmadosingular.com\/ca\/producto\/sal-ahumada-100g\/"]}]},{"@type":"ImageObject","inLanguage":"ca","@id":"https:\/\/colmadosingular.com\/ca\/producto\/sal-ahumada-100g\/#primaryimage","url":"https:\/\/colmadosingular.com\/wp-content\/uploads\/2024\/08\/HM005_fons-gris-scaled-1.jpg","contentUrl":"https:\/\/colmadosingular.com\/wp-content\/uploads\/2024\/08\/HM005_fons-gris-scaled-1.jpg","width":2560,"height":2560},{"@type":"BreadcrumbList","@id":"https:\/\/colmadosingular.com\/ca\/producto\/sal-ahumada-100g\/#breadcrumb","itemListElement":[{"@type":"ListItem","position":1,"name":"Portada","item":"https:\/\/colmadosingular.com\/ca\/inici\/"},{"@type":"ListItem","position":2,"name":"BOTIGA","item":"https:\/\/colmadosingular.com\/ca\/shop\/"},{"@type":"ListItem","position":3,"name":"SAL FUMADA 100g"}]},{"@type":"WebSite","@id":"https:\/\/colmadosingular.com\/ca\/#website","url":"https:\/\/colmadosingular.com\/ca\/","name":"Colmado Singular","description":"","publisher":{"@id":"https:\/\/colmadosingular.com\/ca\/#organization"},"potentialAction":[{"@type":"SearchAction","target":{"@type":"EntryPoint","urlTemplate":"https:\/\/colmadosingular.com\/ca\/?s={search_term_string}"},"query-input":{"@type":"PropertyValueSpecification","valueRequired":true,"valueName":"search_term_string"}}],"inLanguage":"ca"},{"@type":"Organization","@id":"https:\/\/colmadosingular.com\/ca\/#organization","name":"Colmado Singular","url":"https:\/\/colmadosingular.com\/ca\/","logo":{"@type":"ImageObject","inLanguage":"ca","@id":"https:\/\/colmadosingular.com\/ca\/#\/schema\/logo\/image\/","url":"https:\/\/colmadosingular.com\/wp-content\/uploads\/2024\/08\/logo-colmado.svg","contentUrl":"https:\/\/colmadosingular.com\/wp-content\/uploads\/2024\/08\/logo-colmado.svg","width":620,"height":50,"caption":"Colmado Singular"},"image":{"@id":"https:\/\/colmadosingular.com\/ca\/#\/schema\/logo\/image\/"}}]}},"_links":{"self":[{"href":"https:\/\/colmadosingular.com\/ca\/wp-json\/wp\/v2\/product\/987918","targetHints":{"allow":["GET"]}}],"collection":[{"href":"https:\/\/colmadosingular.com\/ca\/wp-json\/wp\/v2\/product"}],"about":[{"href":"https:\/\/colmadosingular.com\/ca\/wp-json\/wp\/v2\/types\/product"}],"wp:featuredmedia":[{"embeddable":true,"href":"https:\/\/colmadosingular.com\/ca\/wp-json\/wp\/v2\/media\/5182"}],"wp:attachment":[{"href":"https:\/\/colmadosingular.com\/ca\/wp-json\/wp\/v2\/media?parent=987918"}],"wp:term":[{"taxonomy":"product_brand","embeddable":true,"href":"https:\/\/colmadosingular.com\/ca\/wp-json\/wp\/v2\/product_brand?post=987918"},{"taxonomy":"product_cat","embeddable":true,"href":"https:\/\/colmadosingular.com\/ca\/wp-json\/wp\/v2\/product_cat?post=987918"},{"taxonomy":"product_tag","embeddable":true,"href":"https:\/\/colmadosingular.com\/ca\/wp-json\/wp\/v2\/product_tag?post=987918"}],"curies":[{"name":"wp","href":"https:\/\/api.w.org\/{rel}","templated":true}]}}