{"id":987944,"date":"2024-08-12T16:22:58","date_gmt":"2024-08-12T14:22:58","guid":{"rendered":"https:\/\/colmadosingular.com\/producto\/pizza-crujiente-3u\/"},"modified":"2026-03-03T14:24:37","modified_gmt":"2026-03-03T13:24:37","slug":"pizza-crujiente-3u","status":"publish","type":"product","link":"https:\/\/colmadosingular.com\/ca\/producto\/pizza-crujiente-3u\/","title":{"rendered":"PIZZA HOJALDRADA 3u"},"content":{"rendered":"","protected":false},"excerpt":{"rendered":"<p>IL PANARO- (3 unitats)<\/p>\n<p>Les bases de pizza cruixents o &#8220;Crescia Sfogliata d\u2019Urbino&#8221; s\u00f3n uns pans molt saborosos i amb textura de pasta de full. Entre els seus ingredients trobem la farina de blat, la sal i la mantega de porc. La seva t\u00e8cnica d\u2019elaboraci\u00f3 \u00e9s molt similar a la de l\u2019ensa\u00efmada, per\u00f2 en aquest cas es tracta d\u2019una massa salada, perfecta per combinar amb embotits o verdures. Ideal per escalfar a la paella i aconseguir un resultat cruixent, trencad\u00eds i lleuger. Dona com a resultat unes pizzes fant\u00e0stiques, entrepans, quesadillas o tapes. Tenim dues mides diferents, per la qual cosa \u00e9s excel\u00b7lent tamb\u00e9 com a taco o en rebosteria.     <\/p>\n","protected":false},"featured_media":5627,"template":"","meta":{"_acf_changed":false,"_monsterinsights_skip_tracking":false,"_monsterinsights_sitenote_active":false,"_monsterinsights_sitenote_note":"","_monsterinsights_sitenote_category":0,"_joinchat":[]},"product_brand":[],"product_cat":[180,259],"product_tag":[],"class_list":{"0":"post-987944","1":"product","2":"type-product","3":"status-publish","4":"has-post-thumbnail","6":"product_cat-pa-i-bases","7":"product_cat-bases-de-pizza-ca","9":"first","10":"instock","11":"taxable","12":"shipping-taxable","13":"purchasable","14":"product-type-simple"},"acf":[],"yoast_head":"<!-- This site is optimized with the Yoast SEO plugin v24.8.1 - https:\/\/yoast.com\/wordpress\/plugins\/seo\/ -->\n<title>PIZZA HOJALDRADA 3u - Colmado Singular<\/title>\n<meta name=\"robots\" content=\"index, follow, max-snippet:-1, max-image-preview:large, max-video-preview:-1\" \/>\n<link rel=\"canonical\" href=\"https:\/\/colmadosingular.com\/ca\/producto\/pizza-crujiente-3u\/\" \/>\n<meta property=\"og:locale\" content=\"ca_ES\" \/>\n<meta property=\"og:type\" content=\"article\" \/>\n<meta property=\"og:title\" content=\"PIZZA HOJALDRADA 3u - Colmado Singular\" \/>\n<meta property=\"og:description\" content=\"IL PANARO- (3 unitats) Les bases de pizza cruixents o &quot;Crescia Sfogliata d\u2019Urbino&quot; s\u00f3n uns pans molt saborosos i amb textura de pasta de full. Entre els seus ingredients trobem la farina de blat, la sal i la mantega de porc. La seva t\u00e8cnica d\u2019elaboraci\u00f3 \u00e9s molt similar a la de l\u2019ensa\u00efmada, per\u00f2 en aquest cas es tracta d\u2019una massa salada, perfecta per combinar amb embotits o verdures. Ideal per escalfar a la paella i aconseguir un resultat cruixent, trencad\u00eds i lleuger. Dona com a resultat unes pizzes fant\u00e0stiques, entrepans, quesadillas o tapes. Tenim dues mides diferents, per la qual cosa \u00e9s excel\u00b7lent tamb\u00e9 com a taco o en rebosteria.\" \/>\n<meta property=\"og:url\" content=\"https:\/\/colmadosingular.com\/ca\/producto\/pizza-crujiente-3u\/\" \/>\n<meta property=\"og:site_name\" content=\"Colmado Singular\" \/>\n<meta property=\"article:modified_time\" content=\"2026-03-03T13:24:37+00:00\" \/>\n<meta property=\"og:image\" content=\"https:\/\/colmadosingular.com\/wp-content\/uploads\/2024\/08\/PF001_crescia-sflogiata-di-urbino_PSV6614-1-G_2480x2480.jpeg\" \/>\n\t<meta property=\"og:image:width\" content=\"2480\" \/>\n\t<meta property=\"og:image:height\" content=\"2480\" \/>\n\t<meta property=\"og:image:type\" content=\"image\/jpeg\" \/>\n<meta name=\"twitter:card\" content=\"summary_large_image\" \/>\n<meta name=\"twitter:label1\" content=\"Temps estimat de lectura\" \/>\n\t<meta name=\"twitter:data1\" content=\"1 minut\" \/>\n<script type=\"application\/ld+json\" class=\"yoast-schema-graph\">{\"@context\":\"https:\/\/schema.org\",\"@graph\":[{\"@type\":\"WebPage\",\"@id\":\"https:\/\/colmadosingular.com\/ca\/producto\/pizza-crujiente-3u\/\",\"url\":\"https:\/\/colmadosingular.com\/ca\/producto\/pizza-crujiente-3u\/\",\"name\":\"PIZZA HOJALDRADA 3u - Colmado Singular\",\"isPartOf\":{\"@id\":\"https:\/\/colmadosingular.com\/ca\/#website\"},\"primaryImageOfPage\":{\"@id\":\"https:\/\/colmadosingular.com\/ca\/producto\/pizza-crujiente-3u\/#primaryimage\"},\"image\":{\"@id\":\"https:\/\/colmadosingular.com\/ca\/producto\/pizza-crujiente-3u\/#primaryimage\"},\"thumbnailUrl\":\"https:\/\/colmadosingular.com\/wp-content\/uploads\/2024\/08\/PF001_crescia-sflogiata-di-urbino_PSV6614-1-G_2480x2480.jpeg\",\"datePublished\":\"2024-08-12T14:22:58+00:00\",\"dateModified\":\"2026-03-03T13:24:37+00:00\",\"breadcrumb\":{\"@id\":\"https:\/\/colmadosingular.com\/ca\/producto\/pizza-crujiente-3u\/#breadcrumb\"},\"inLanguage\":\"ca\",\"potentialAction\":[{\"@type\":\"ReadAction\",\"target\":[\"https:\/\/colmadosingular.com\/ca\/producto\/pizza-crujiente-3u\/\"]}]},{\"@type\":\"ImageObject\",\"inLanguage\":\"ca\",\"@id\":\"https:\/\/colmadosingular.com\/ca\/producto\/pizza-crujiente-3u\/#primaryimage\",\"url\":\"https:\/\/colmadosingular.com\/wp-content\/uploads\/2024\/08\/PF001_crescia-sflogiata-di-urbino_PSV6614-1-G_2480x2480.jpeg\",\"contentUrl\":\"https:\/\/colmadosingular.com\/wp-content\/uploads\/2024\/08\/PF001_crescia-sflogiata-di-urbino_PSV6614-1-G_2480x2480.jpeg\",\"width\":2480,\"height\":2480},{\"@type\":\"BreadcrumbList\",\"@id\":\"https:\/\/colmadosingular.com\/ca\/producto\/pizza-crujiente-3u\/#breadcrumb\",\"itemListElement\":[{\"@type\":\"ListItem\",\"position\":1,\"name\":\"Portada\",\"item\":\"https:\/\/colmadosingular.com\/ca\/inici\/\"},{\"@type\":\"ListItem\",\"position\":2,\"name\":\"BOTIGA\",\"item\":\"https:\/\/colmadosingular.com\/ca\/shop\/\"},{\"@type\":\"ListItem\",\"position\":3,\"name\":\"PIZZA HOJALDRADA 3u\"}]},{\"@type\":\"WebSite\",\"@id\":\"https:\/\/colmadosingular.com\/ca\/#website\",\"url\":\"https:\/\/colmadosingular.com\/ca\/\",\"name\":\"Colmado Singular\",\"description\":\"\",\"publisher\":{\"@id\":\"https:\/\/colmadosingular.com\/ca\/#organization\"},\"potentialAction\":[{\"@type\":\"SearchAction\",\"target\":{\"@type\":\"EntryPoint\",\"urlTemplate\":\"https:\/\/colmadosingular.com\/ca\/?s={search_term_string}\"},\"query-input\":{\"@type\":\"PropertyValueSpecification\",\"valueRequired\":true,\"valueName\":\"search_term_string\"}}],\"inLanguage\":\"ca\"},{\"@type\":\"Organization\",\"@id\":\"https:\/\/colmadosingular.com\/ca\/#organization\",\"name\":\"Colmado Singular\",\"url\":\"https:\/\/colmadosingular.com\/ca\/\",\"logo\":{\"@type\":\"ImageObject\",\"inLanguage\":\"ca\",\"@id\":\"https:\/\/colmadosingular.com\/ca\/#\/schema\/logo\/image\/\",\"url\":\"https:\/\/colmadosingular.com\/wp-content\/uploads\/2024\/08\/logo-colmado.svg\",\"contentUrl\":\"https:\/\/colmadosingular.com\/wp-content\/uploads\/2024\/08\/logo-colmado.svg\",\"width\":620,\"height\":50,\"caption\":\"Colmado Singular\"},\"image\":{\"@id\":\"https:\/\/colmadosingular.com\/ca\/#\/schema\/logo\/image\/\"}}]}<\/script>\n<!-- \/ Yoast SEO plugin. -->","yoast_head_json":{"title":"PIZZA HOJALDRADA 3u - Colmado Singular","robots":{"index":"index","follow":"follow","max-snippet":"max-snippet:-1","max-image-preview":"max-image-preview:large","max-video-preview":"max-video-preview:-1"},"canonical":"https:\/\/colmadosingular.com\/ca\/producto\/pizza-crujiente-3u\/","og_locale":"ca_ES","og_type":"article","og_title":"PIZZA HOJALDRADA 3u - Colmado Singular","og_description":"IL PANARO- (3 unitats) Les bases de pizza cruixents o \"Crescia Sfogliata d\u2019Urbino\" s\u00f3n uns pans molt saborosos i amb textura de pasta de full. Entre els seus ingredients trobem la farina de blat, la sal i la mantega de porc. La seva t\u00e8cnica d\u2019elaboraci\u00f3 \u00e9s molt similar a la de l\u2019ensa\u00efmada, per\u00f2 en aquest cas es tracta d\u2019una massa salada, perfecta per combinar amb embotits o verdures. Ideal per escalfar a la paella i aconseguir un resultat cruixent, trencad\u00eds i lleuger. Dona com a resultat unes pizzes fant\u00e0stiques, entrepans, quesadillas o tapes. Tenim dues mides diferents, per la qual cosa \u00e9s excel\u00b7lent tamb\u00e9 com a taco o en rebosteria.","og_url":"https:\/\/colmadosingular.com\/ca\/producto\/pizza-crujiente-3u\/","og_site_name":"Colmado Singular","article_modified_time":"2026-03-03T13:24:37+00:00","og_image":[{"width":2480,"height":2480,"url":"https:\/\/colmadosingular.com\/wp-content\/uploads\/2024\/08\/PF001_crescia-sflogiata-di-urbino_PSV6614-1-G_2480x2480.jpeg","type":"image\/jpeg"}],"twitter_card":"summary_large_image","twitter_misc":{"Temps estimat de lectura":"1 minut"},"schema":{"@context":"https:\/\/schema.org","@graph":[{"@type":"WebPage","@id":"https:\/\/colmadosingular.com\/ca\/producto\/pizza-crujiente-3u\/","url":"https:\/\/colmadosingular.com\/ca\/producto\/pizza-crujiente-3u\/","name":"PIZZA HOJALDRADA 3u - Colmado Singular","isPartOf":{"@id":"https:\/\/colmadosingular.com\/ca\/#website"},"primaryImageOfPage":{"@id":"https:\/\/colmadosingular.com\/ca\/producto\/pizza-crujiente-3u\/#primaryimage"},"image":{"@id":"https:\/\/colmadosingular.com\/ca\/producto\/pizza-crujiente-3u\/#primaryimage"},"thumbnailUrl":"https:\/\/colmadosingular.com\/wp-content\/uploads\/2024\/08\/PF001_crescia-sflogiata-di-urbino_PSV6614-1-G_2480x2480.jpeg","datePublished":"2024-08-12T14:22:58+00:00","dateModified":"2026-03-03T13:24:37+00:00","breadcrumb":{"@id":"https:\/\/colmadosingular.com\/ca\/producto\/pizza-crujiente-3u\/#breadcrumb"},"inLanguage":"ca","potentialAction":[{"@type":"ReadAction","target":["https:\/\/colmadosingular.com\/ca\/producto\/pizza-crujiente-3u\/"]}]},{"@type":"ImageObject","inLanguage":"ca","@id":"https:\/\/colmadosingular.com\/ca\/producto\/pizza-crujiente-3u\/#primaryimage","url":"https:\/\/colmadosingular.com\/wp-content\/uploads\/2024\/08\/PF001_crescia-sflogiata-di-urbino_PSV6614-1-G_2480x2480.jpeg","contentUrl":"https:\/\/colmadosingular.com\/wp-content\/uploads\/2024\/08\/PF001_crescia-sflogiata-di-urbino_PSV6614-1-G_2480x2480.jpeg","width":2480,"height":2480},{"@type":"BreadcrumbList","@id":"https:\/\/colmadosingular.com\/ca\/producto\/pizza-crujiente-3u\/#breadcrumb","itemListElement":[{"@type":"ListItem","position":1,"name":"Portada","item":"https:\/\/colmadosingular.com\/ca\/inici\/"},{"@type":"ListItem","position":2,"name":"BOTIGA","item":"https:\/\/colmadosingular.com\/ca\/shop\/"},{"@type":"ListItem","position":3,"name":"PIZZA HOJALDRADA 3u"}]},{"@type":"WebSite","@id":"https:\/\/colmadosingular.com\/ca\/#website","url":"https:\/\/colmadosingular.com\/ca\/","name":"Colmado Singular","description":"","publisher":{"@id":"https:\/\/colmadosingular.com\/ca\/#organization"},"potentialAction":[{"@type":"SearchAction","target":{"@type":"EntryPoint","urlTemplate":"https:\/\/colmadosingular.com\/ca\/?s={search_term_string}"},"query-input":{"@type":"PropertyValueSpecification","valueRequired":true,"valueName":"search_term_string"}}],"inLanguage":"ca"},{"@type":"Organization","@id":"https:\/\/colmadosingular.com\/ca\/#organization","name":"Colmado Singular","url":"https:\/\/colmadosingular.com\/ca\/","logo":{"@type":"ImageObject","inLanguage":"ca","@id":"https:\/\/colmadosingular.com\/ca\/#\/schema\/logo\/image\/","url":"https:\/\/colmadosingular.com\/wp-content\/uploads\/2024\/08\/logo-colmado.svg","contentUrl":"https:\/\/colmadosingular.com\/wp-content\/uploads\/2024\/08\/logo-colmado.svg","width":620,"height":50,"caption":"Colmado Singular"},"image":{"@id":"https:\/\/colmadosingular.com\/ca\/#\/schema\/logo\/image\/"}}]}},"_links":{"self":[{"href":"https:\/\/colmadosingular.com\/ca\/wp-json\/wp\/v2\/product\/987944","targetHints":{"allow":["GET"]}}],"collection":[{"href":"https:\/\/colmadosingular.com\/ca\/wp-json\/wp\/v2\/product"}],"about":[{"href":"https:\/\/colmadosingular.com\/ca\/wp-json\/wp\/v2\/types\/product"}],"wp:featuredmedia":[{"embeddable":true,"href":"https:\/\/colmadosingular.com\/ca\/wp-json\/wp\/v2\/media\/5627"}],"wp:attachment":[{"href":"https:\/\/colmadosingular.com\/ca\/wp-json\/wp\/v2\/media?parent=987944"}],"wp:term":[{"taxonomy":"product_brand","embeddable":true,"href":"https:\/\/colmadosingular.com\/ca\/wp-json\/wp\/v2\/product_brand?post=987944"},{"taxonomy":"product_cat","embeddable":true,"href":"https:\/\/colmadosingular.com\/ca\/wp-json\/wp\/v2\/product_cat?post=987944"},{"taxonomy":"product_tag","embeddable":true,"href":"https:\/\/colmadosingular.com\/ca\/wp-json\/wp\/v2\/product_tag?post=987944"}],"curies":[{"name":"wp","href":"https:\/\/api.w.org\/{rel}","templated":true}]}}