{"id":987966,"date":"2024-08-12T16:18:17","date_gmt":"2024-08-12T14:18:17","guid":{"rendered":"https:\/\/colmadosingular.com\/producto\/pan-carasatu-900g\/"},"modified":"2025-03-17T14:07:49","modified_gmt":"2025-03-17T13:07:49","slug":"pan-carasatu-900g","status":"publish","type":"product","link":"https:\/\/colmadosingular.com\/ca\/producto\/pan-carasatu-900g\/","title":{"rendered":"PA CARASATU 900g"},"content":{"rendered":"","protected":false},"excerpt":{"rendered":"<p>BULLONI, LA FINURA CRUJIENTE<\/p>\n<p>Celestina Catte i Giulio Bulloni van fundar un forn de pa el 1970. Amb els anys, van donar a con\u00e8ixer al m\u00f3n el pa ancestral d\u2019alta qualitat que elaboren: un milfulls d\u2019una sola capa, que combina rusticitat i refinament en una l\u00e0mina cruixent, fina i saborosa, la base ideal per a qualsevol aperitiu o el millor tentempi\u00e9. <\/p>\n<p>S\u00f3n crostes superfines d\u2019una sensaci\u00f3 \u00fanica quan les mossegues, fetes a m\u00e0 amb s\u00e8mola triturada de gra dur, aigua, llevat i sal, en format rectangular, i presentades en caixes que en contenen m\u00e9s d\u2019un centenar de porcions. Destaquem: Carasatu, Guttiatu, Guttiatu a les herbes i Pintatu. <\/p>\n<p>Carasatu o carasau (en sard: torrat), una fulla de sabor neutre, sense cap registre additiu.<\/p>\n<p>Per a anar m\u00e9s enll\u00e0\u2026<br \/>\nIdeal amb Sardinetes, Ventresca, Tom\u00e0quet, o qualsevol cosa de la teva invenci\u00f3, Furgentini, Halin Mn. Tamb\u00e9 \u00e9s delici\u00f3s enfornat tres minuts a 180\u00e8. <\/p>\n","protected":false},"featured_media":5198,"template":"","meta":{"_acf_changed":false,"_monsterinsights_skip_tracking":false,"_monsterinsights_sitenote_active":false,"_monsterinsights_sitenote_note":"","_monsterinsights_sitenote_category":0,"_joinchat":[]},"product_brand":[],"product_cat":[180,261],"product_tag":[],"class_list":{"0":"post-987966","1":"product","2":"type-product","3":"status-publish","4":"has-post-thumbnail","6":"product_cat-pa-i-bases","7":"product_cat-pa-cruixent","9":"first","10":"instock","11":"taxable","12":"shipping-taxable","13":"purchasable","14":"product-type-simple"},"acf":[],"yoast_head":"<!-- This site is optimized with the Yoast SEO plugin v24.8.1 - https:\/\/yoast.com\/wordpress\/plugins\/seo\/ -->\n<title>PA CARASATU 900g - Colmado Singular<\/title>\n<meta name=\"robots\" content=\"index, follow, max-snippet:-1, max-image-preview:large, max-video-preview:-1\" \/>\n<link rel=\"canonical\" href=\"https:\/\/colmadosingular.com\/ca\/producto\/pan-carasatu-900g\/\" \/>\n<meta property=\"og:locale\" content=\"ca_ES\" \/>\n<meta property=\"og:type\" content=\"article\" \/>\n<meta property=\"og:title\" content=\"PA CARASATU 900g - Colmado Singular\" \/>\n<meta property=\"og:description\" content=\"BULLONI, LA FINURA CRUJIENTE Celestina Catte i Giulio Bulloni van fundar un forn de pa el 1970. Amb els anys, van donar a con\u00e8ixer al m\u00f3n el pa ancestral d\u2019alta qualitat que elaboren: un milfulls d\u2019una sola capa, que combina rusticitat i refinament en una l\u00e0mina cruixent, fina i saborosa, la base ideal per a qualsevol aperitiu o el millor tentempi\u00e9.  S\u00f3n crostes superfines d\u2019una sensaci\u00f3 \u00fanica quan les mossegues, fetes a m\u00e0 amb s\u00e8mola triturada de gra dur, aigua, llevat i sal, en format rectangular, i presentades en caixes que en contenen m\u00e9s d\u2019un centenar de porcions. Destaquem: Carasatu, Guttiatu, Guttiatu a les herbes i Pintatu.  Carasatu o carasau (en sard: torrat), una fulla de sabor neutre, sense cap registre additiu. Per a anar m\u00e9s enll\u00e0\u2026 Ideal amb Sardinetes, Ventresca, Tom\u00e0quet, o qualsevol cosa de la teva invenci\u00f3, Furgentini, Halin Mn. Tamb\u00e9 \u00e9s delici\u00f3s enfornat tres minuts a 180\u00e8.\" \/>\n<meta property=\"og:url\" content=\"https:\/\/colmadosingular.com\/ca\/producto\/pan-carasatu-900g\/\" \/>\n<meta property=\"og:site_name\" content=\"Colmado Singular\" \/>\n<meta property=\"article:modified_time\" content=\"2025-03-17T13:07:49+00:00\" \/>\n<meta property=\"og:image\" content=\"https:\/\/colmadosingular.com\/wp-content\/uploads\/2024\/08\/GB001-18530190_OK.jpg\" \/>\n\t<meta property=\"og:image:width\" content=\"800\" \/>\n\t<meta property=\"og:image:height\" content=\"800\" \/>\n\t<meta property=\"og:image:type\" content=\"image\/jpeg\" \/>\n<meta name=\"twitter:card\" content=\"summary_large_image\" \/>\n<meta name=\"twitter:label1\" content=\"Temps estimat de lectura\" \/>\n\t<meta name=\"twitter:data1\" content=\"1 minut\" \/>\n<script type=\"application\/ld+json\" class=\"yoast-schema-graph\">{\"@context\":\"https:\/\/schema.org\",\"@graph\":[{\"@type\":\"WebPage\",\"@id\":\"https:\/\/colmadosingular.com\/ca\/producto\/pan-carasatu-900g\/\",\"url\":\"https:\/\/colmadosingular.com\/ca\/producto\/pan-carasatu-900g\/\",\"name\":\"PA CARASATU 900g - Colmado Singular\",\"isPartOf\":{\"@id\":\"https:\/\/colmadosingular.com\/ca\/#website\"},\"primaryImageOfPage\":{\"@id\":\"https:\/\/colmadosingular.com\/ca\/producto\/pan-carasatu-900g\/#primaryimage\"},\"image\":{\"@id\":\"https:\/\/colmadosingular.com\/ca\/producto\/pan-carasatu-900g\/#primaryimage\"},\"thumbnailUrl\":\"https:\/\/colmadosingular.com\/wp-content\/uploads\/2024\/08\/GB001-18530190_OK.jpg\",\"datePublished\":\"2024-08-12T14:18:17+00:00\",\"dateModified\":\"2025-03-17T13:07:49+00:00\",\"breadcrumb\":{\"@id\":\"https:\/\/colmadosingular.com\/ca\/producto\/pan-carasatu-900g\/#breadcrumb\"},\"inLanguage\":\"ca\",\"potentialAction\":[{\"@type\":\"ReadAction\",\"target\":[\"https:\/\/colmadosingular.com\/ca\/producto\/pan-carasatu-900g\/\"]}]},{\"@type\":\"ImageObject\",\"inLanguage\":\"ca\",\"@id\":\"https:\/\/colmadosingular.com\/ca\/producto\/pan-carasatu-900g\/#primaryimage\",\"url\":\"https:\/\/colmadosingular.com\/wp-content\/uploads\/2024\/08\/GB001-18530190_OK.jpg\",\"contentUrl\":\"https:\/\/colmadosingular.com\/wp-content\/uploads\/2024\/08\/GB001-18530190_OK.jpg\",\"width\":800,\"height\":800},{\"@type\":\"BreadcrumbList\",\"@id\":\"https:\/\/colmadosingular.com\/ca\/producto\/pan-carasatu-900g\/#breadcrumb\",\"itemListElement\":[{\"@type\":\"ListItem\",\"position\":1,\"name\":\"Portada\",\"item\":\"https:\/\/colmadosingular.com\/ca\/inici\/\"},{\"@type\":\"ListItem\",\"position\":2,\"name\":\"BOTIGA\",\"item\":\"https:\/\/colmadosingular.com\/ca\/shop\/\"},{\"@type\":\"ListItem\",\"position\":3,\"name\":\"PA CARASATU 900g\"}]},{\"@type\":\"WebSite\",\"@id\":\"https:\/\/colmadosingular.com\/ca\/#website\",\"url\":\"https:\/\/colmadosingular.com\/ca\/\",\"name\":\"Colmado Singular\",\"description\":\"\",\"publisher\":{\"@id\":\"https:\/\/colmadosingular.com\/ca\/#organization\"},\"potentialAction\":[{\"@type\":\"SearchAction\",\"target\":{\"@type\":\"EntryPoint\",\"urlTemplate\":\"https:\/\/colmadosingular.com\/ca\/?s={search_term_string}\"},\"query-input\":{\"@type\":\"PropertyValueSpecification\",\"valueRequired\":true,\"valueName\":\"search_term_string\"}}],\"inLanguage\":\"ca\"},{\"@type\":\"Organization\",\"@id\":\"https:\/\/colmadosingular.com\/ca\/#organization\",\"name\":\"Colmado Singular\",\"url\":\"https:\/\/colmadosingular.com\/ca\/\",\"logo\":{\"@type\":\"ImageObject\",\"inLanguage\":\"ca\",\"@id\":\"https:\/\/colmadosingular.com\/ca\/#\/schema\/logo\/image\/\",\"url\":\"https:\/\/colmadosingular.com\/wp-content\/uploads\/2024\/08\/logo-colmado.svg\",\"contentUrl\":\"https:\/\/colmadosingular.com\/wp-content\/uploads\/2024\/08\/logo-colmado.svg\",\"width\":620,\"height\":50,\"caption\":\"Colmado Singular\"},\"image\":{\"@id\":\"https:\/\/colmadosingular.com\/ca\/#\/schema\/logo\/image\/\"}}]}<\/script>\n<!-- \/ Yoast SEO plugin. -->","yoast_head_json":{"title":"PA CARASATU 900g - Colmado Singular","robots":{"index":"index","follow":"follow","max-snippet":"max-snippet:-1","max-image-preview":"max-image-preview:large","max-video-preview":"max-video-preview:-1"},"canonical":"https:\/\/colmadosingular.com\/ca\/producto\/pan-carasatu-900g\/","og_locale":"ca_ES","og_type":"article","og_title":"PA CARASATU 900g - Colmado Singular","og_description":"BULLONI, LA FINURA CRUJIENTE Celestina Catte i Giulio Bulloni van fundar un forn de pa el 1970. Amb els anys, van donar a con\u00e8ixer al m\u00f3n el pa ancestral d\u2019alta qualitat que elaboren: un milfulls d\u2019una sola capa, que combina rusticitat i refinament en una l\u00e0mina cruixent, fina i saborosa, la base ideal per a qualsevol aperitiu o el millor tentempi\u00e9.  S\u00f3n crostes superfines d\u2019una sensaci\u00f3 \u00fanica quan les mossegues, fetes a m\u00e0 amb s\u00e8mola triturada de gra dur, aigua, llevat i sal, en format rectangular, i presentades en caixes que en contenen m\u00e9s d\u2019un centenar de porcions. Destaquem: Carasatu, Guttiatu, Guttiatu a les herbes i Pintatu.  Carasatu o carasau (en sard: torrat), una fulla de sabor neutre, sense cap registre additiu. Per a anar m\u00e9s enll\u00e0\u2026 Ideal amb Sardinetes, Ventresca, Tom\u00e0quet, o qualsevol cosa de la teva invenci\u00f3, Furgentini, Halin Mn. Tamb\u00e9 \u00e9s delici\u00f3s enfornat tres minuts a 180\u00e8.","og_url":"https:\/\/colmadosingular.com\/ca\/producto\/pan-carasatu-900g\/","og_site_name":"Colmado Singular","article_modified_time":"2025-03-17T13:07:49+00:00","og_image":[{"width":800,"height":800,"url":"https:\/\/colmadosingular.com\/wp-content\/uploads\/2024\/08\/GB001-18530190_OK.jpg","type":"image\/jpeg"}],"twitter_card":"summary_large_image","twitter_misc":{"Temps estimat de lectura":"1 minut"},"schema":{"@context":"https:\/\/schema.org","@graph":[{"@type":"WebPage","@id":"https:\/\/colmadosingular.com\/ca\/producto\/pan-carasatu-900g\/","url":"https:\/\/colmadosingular.com\/ca\/producto\/pan-carasatu-900g\/","name":"PA CARASATU 900g - Colmado Singular","isPartOf":{"@id":"https:\/\/colmadosingular.com\/ca\/#website"},"primaryImageOfPage":{"@id":"https:\/\/colmadosingular.com\/ca\/producto\/pan-carasatu-900g\/#primaryimage"},"image":{"@id":"https:\/\/colmadosingular.com\/ca\/producto\/pan-carasatu-900g\/#primaryimage"},"thumbnailUrl":"https:\/\/colmadosingular.com\/wp-content\/uploads\/2024\/08\/GB001-18530190_OK.jpg","datePublished":"2024-08-12T14:18:17+00:00","dateModified":"2025-03-17T13:07:49+00:00","breadcrumb":{"@id":"https:\/\/colmadosingular.com\/ca\/producto\/pan-carasatu-900g\/#breadcrumb"},"inLanguage":"ca","potentialAction":[{"@type":"ReadAction","target":["https:\/\/colmadosingular.com\/ca\/producto\/pan-carasatu-900g\/"]}]},{"@type":"ImageObject","inLanguage":"ca","@id":"https:\/\/colmadosingular.com\/ca\/producto\/pan-carasatu-900g\/#primaryimage","url":"https:\/\/colmadosingular.com\/wp-content\/uploads\/2024\/08\/GB001-18530190_OK.jpg","contentUrl":"https:\/\/colmadosingular.com\/wp-content\/uploads\/2024\/08\/GB001-18530190_OK.jpg","width":800,"height":800},{"@type":"BreadcrumbList","@id":"https:\/\/colmadosingular.com\/ca\/producto\/pan-carasatu-900g\/#breadcrumb","itemListElement":[{"@type":"ListItem","position":1,"name":"Portada","item":"https:\/\/colmadosingular.com\/ca\/inici\/"},{"@type":"ListItem","position":2,"name":"BOTIGA","item":"https:\/\/colmadosingular.com\/ca\/shop\/"},{"@type":"ListItem","position":3,"name":"PA CARASATU 900g"}]},{"@type":"WebSite","@id":"https:\/\/colmadosingular.com\/ca\/#website","url":"https:\/\/colmadosingular.com\/ca\/","name":"Colmado Singular","description":"","publisher":{"@id":"https:\/\/colmadosingular.com\/ca\/#organization"},"potentialAction":[{"@type":"SearchAction","target":{"@type":"EntryPoint","urlTemplate":"https:\/\/colmadosingular.com\/ca\/?s={search_term_string}"},"query-input":{"@type":"PropertyValueSpecification","valueRequired":true,"valueName":"search_term_string"}}],"inLanguage":"ca"},{"@type":"Organization","@id":"https:\/\/colmadosingular.com\/ca\/#organization","name":"Colmado Singular","url":"https:\/\/colmadosingular.com\/ca\/","logo":{"@type":"ImageObject","inLanguage":"ca","@id":"https:\/\/colmadosingular.com\/ca\/#\/schema\/logo\/image\/","url":"https:\/\/colmadosingular.com\/wp-content\/uploads\/2024\/08\/logo-colmado.svg","contentUrl":"https:\/\/colmadosingular.com\/wp-content\/uploads\/2024\/08\/logo-colmado.svg","width":620,"height":50,"caption":"Colmado Singular"},"image":{"@id":"https:\/\/colmadosingular.com\/ca\/#\/schema\/logo\/image\/"}}]}},"_links":{"self":[{"href":"https:\/\/colmadosingular.com\/ca\/wp-json\/wp\/v2\/product\/987966","targetHints":{"allow":["GET"]}}],"collection":[{"href":"https:\/\/colmadosingular.com\/ca\/wp-json\/wp\/v2\/product"}],"about":[{"href":"https:\/\/colmadosingular.com\/ca\/wp-json\/wp\/v2\/types\/product"}],"wp:featuredmedia":[{"embeddable":true,"href":"https:\/\/colmadosingular.com\/ca\/wp-json\/wp\/v2\/media\/5198"}],"wp:attachment":[{"href":"https:\/\/colmadosingular.com\/ca\/wp-json\/wp\/v2\/media?parent=987966"}],"wp:term":[{"taxonomy":"product_brand","embeddable":true,"href":"https:\/\/colmadosingular.com\/ca\/wp-json\/wp\/v2\/product_brand?post=987966"},{"taxonomy":"product_cat","embeddable":true,"href":"https:\/\/colmadosingular.com\/ca\/wp-json\/wp\/v2\/product_cat?post=987966"},{"taxonomy":"product_tag","embeddable":true,"href":"https:\/\/colmadosingular.com\/ca\/wp-json\/wp\/v2\/product_tag?post=987966"}],"curies":[{"name":"wp","href":"https:\/\/api.w.org\/{rel}","templated":true}]}}