{"id":988028,"date":"2024-10-28T10:50:27","date_gmt":"2024-10-28T09:50:27","guid":{"rendered":"https:\/\/colmadosingular.com\/producto\/decada\/"},"modified":"2025-03-19T10:04:05","modified_gmt":"2025-03-19T09:04:05","slug":"decada","status":"publish","type":"product","link":"https:\/\/colmadosingular.com\/ca\/producto\/decada\/","title":{"rendered":"D\u00c9CADA"},"content":{"rendered":"","protected":false},"excerpt":{"rendered":"<p class=\"p1\"><strong data-start=\"0\" data-end=\"12\" data-is-only-node=\"\">&#8220;D\u00c8CADA&#8221;<\/strong> \u00e9s un homenatge de Francesc Collell als productors i restauradors que van col\u00b7laborar durant els 10 primers anys de Colmado Singular, on l&#8217;empresa ha prove\u00eft reconeguts restaurants amb productes gurmet d&#8217;arreu del m\u00f3n. Aquest llibre celebra el des\u00e8 aniversari de l&#8217;empresa, recopilant receptes dels 183 restaurants que utilitzen els seus productes.<\/p>\n<p class=\"p1\">Organitzat cronol\u00f2gicament, <strong data-start=\"28\" data-end=\"38\">D\u00c8CADA<\/strong> narra el viatge de Collell i el seu equip, que va comen\u00e7ar el 2002 amb la incorporaci\u00f3 del safr\u00e0 de Caixmir al cat\u00e0leg. Des de llavors, Colmado Singular ha explorat mercats i fires a l&#8217;\u00cdndia, el Regne Unit, It\u00e0lia, Fran\u00e7a, els Pa\u00efsos Baixos, Alemanya i els EUA, sempre a la recerca d\u2019ingredients \u00fanics que potenci\u00efn la creativitat culin\u00e0ria dels xefs.<\/p>\n<p class=\"p1\">En una edici\u00f3 limitada de 999 exemplars, aquest llibre va ser una mostra de gratitud envers els apassionats productors i els clients &#8220;rom\u00e0ntics&#8221; que van contribuir al projecte el 2012. Cada exemplar f\u00edsic va ser un obsequi per a col\u00b7laboradors i clients, presentant no nom\u00e9s receptes, sin\u00f3 tamb\u00e9 una hist\u00f2ria en cada plat, fotografiat amb cura als restaurants de xefs com Arzak, Berasategui, Alkimia i el Tickets d&#8217;Albert Adri\u00e0.<\/p>\n<p class=\"p1\">Ara, oferim l&#8217;oportunitat de descarregar aquesta joia de forma gratu\u00efta.<\/p>\n","protected":false},"featured_media":8873,"template":"","meta":{"_acf_changed":false,"_monsterinsights_skip_tracking":false,"_monsterinsights_sitenote_active":false,"_monsterinsights_sitenote_note":"","_monsterinsights_sitenote_category":0,"_joinchat":[]},"product_brand":[],"product_cat":[258],"product_tag":[],"class_list":{"0":"post-988028","1":"product","2":"type-product","3":"status-publish","4":"has-post-thumbnail","6":"product_cat-llibres","8":"first","9":"instock","10":"product-type-external"},"acf":[],"yoast_head":"<!-- This site is optimized with the Yoast SEO plugin v24.8.1 - https:\/\/yoast.com\/wordpress\/plugins\/seo\/ -->\n<title>D\u00c9CADA - Colmado Singular<\/title>\n<meta name=\"robots\" content=\"index, follow, max-snippet:-1, max-image-preview:large, max-video-preview:-1\" \/>\n<link rel=\"canonical\" href=\"https:\/\/colmadosingular.com\/ca\/producto\/decada\/\" \/>\n<meta property=\"og:locale\" content=\"ca_ES\" \/>\n<meta property=\"og:type\" content=\"article\" \/>\n<meta property=\"og:title\" content=\"D\u00c9CADA - Colmado Singular\" \/>\n<meta property=\"og:description\" content=\"&quot;D\u00c8CADA&quot; \u00e9s un homenatge de Francesc Collell als productors i restauradors que van col\u00b7laborar durant els 10 primers anys de Colmado Singular, on l&#039;empresa ha prove\u00eft reconeguts restaurants amb productes gurmet d&#039;arreu del m\u00f3n. Aquest llibre celebra el des\u00e8 aniversari de l&#039;empresa, recopilant receptes dels 183 restaurants que utilitzen els seus productes. Organitzat cronol\u00f2gicament, D\u00c8CADA narra el viatge de Collell i el seu equip, que va comen\u00e7ar el 2002 amb la incorporaci\u00f3 del safr\u00e0 de Caixmir al cat\u00e0leg. Des de llavors, Colmado Singular ha explorat mercats i fires a l&#039;\u00cdndia, el Regne Unit, It\u00e0lia, Fran\u00e7a, els Pa\u00efsos Baixos, Alemanya i els EUA, sempre a la recerca d\u2019ingredients \u00fanics que potenci\u00efn la creativitat culin\u00e0ria dels xefs. En una edici\u00f3 limitada de 999 exemplars, aquest llibre va ser una mostra de gratitud envers els apassionats productors i els clients &quot;rom\u00e0ntics&quot; que van contribuir al projecte el 2012. Cada exemplar f\u00edsic va ser un obsequi per a col\u00b7laboradors i clients, presentant no nom\u00e9s receptes, sin\u00f3 tamb\u00e9 una hist\u00f2ria en cada plat, fotografiat amb cura als restaurants de xefs com Arzak, Berasategui, Alkimia i el Tickets d&#039;Albert Adri\u00e0. Ara, oferim l&#039;oportunitat de descarregar aquesta joia de forma gratu\u00efta.\" \/>\n<meta property=\"og:url\" content=\"https:\/\/colmadosingular.com\/ca\/producto\/decada\/\" \/>\n<meta property=\"og:site_name\" content=\"Colmado Singular\" \/>\n<meta property=\"article:modified_time\" content=\"2025-03-19T09:04:05+00:00\" \/>\n<meta property=\"og:image\" content=\"https:\/\/colmadosingular.com\/wp-content\/uploads\/2024\/08\/Libro_Decada-scaled.jpg\" \/>\n\t<meta property=\"og:image:width\" content=\"2560\" \/>\n\t<meta property=\"og:image:height\" content=\"2560\" \/>\n\t<meta property=\"og:image:type\" content=\"image\/jpeg\" \/>\n<meta name=\"twitter:card\" content=\"summary_large_image\" \/>\n<meta name=\"twitter:label1\" content=\"Temps estimat de lectura\" \/>\n\t<meta name=\"twitter:data1\" content=\"1 minut\" \/>\n<script type=\"application\/ld+json\" class=\"yoast-schema-graph\">{\"@context\":\"https:\/\/schema.org\",\"@graph\":[{\"@type\":\"WebPage\",\"@id\":\"https:\/\/colmadosingular.com\/ca\/producto\/decada\/\",\"url\":\"https:\/\/colmadosingular.com\/ca\/producto\/decada\/\",\"name\":\"D\u00c9CADA - Colmado Singular\",\"isPartOf\":{\"@id\":\"https:\/\/colmadosingular.com\/ca\/#website\"},\"primaryImageOfPage\":{\"@id\":\"https:\/\/colmadosingular.com\/ca\/producto\/decada\/#primaryimage\"},\"image\":{\"@id\":\"https:\/\/colmadosingular.com\/ca\/producto\/decada\/#primaryimage\"},\"thumbnailUrl\":\"https:\/\/colmadosingular.com\/wp-content\/uploads\/2024\/08\/Libro_Decada-scaled.jpg\",\"datePublished\":\"2024-10-28T09:50:27+00:00\",\"dateModified\":\"2025-03-19T09:04:05+00:00\",\"breadcrumb\":{\"@id\":\"https:\/\/colmadosingular.com\/ca\/producto\/decada\/#breadcrumb\"},\"inLanguage\":\"ca\",\"potentialAction\":[{\"@type\":\"ReadAction\",\"target\":[\"https:\/\/colmadosingular.com\/ca\/producto\/decada\/\"]}]},{\"@type\":\"ImageObject\",\"inLanguage\":\"ca\",\"@id\":\"https:\/\/colmadosingular.com\/ca\/producto\/decada\/#primaryimage\",\"url\":\"https:\/\/colmadosingular.com\/wp-content\/uploads\/2024\/08\/Libro_Decada-scaled.jpg\",\"contentUrl\":\"https:\/\/colmadosingular.com\/wp-content\/uploads\/2024\/08\/Libro_Decada-scaled.jpg\",\"width\":2560,\"height\":2560},{\"@type\":\"BreadcrumbList\",\"@id\":\"https:\/\/colmadosingular.com\/ca\/producto\/decada\/#breadcrumb\",\"itemListElement\":[{\"@type\":\"ListItem\",\"position\":1,\"name\":\"Portada\",\"item\":\"https:\/\/colmadosingular.com\/ca\/inici\/\"},{\"@type\":\"ListItem\",\"position\":2,\"name\":\"BOTIGA\",\"item\":\"https:\/\/colmadosingular.com\/ca\/shop\/\"},{\"@type\":\"ListItem\",\"position\":3,\"name\":\"D\u00c9CADA\"}]},{\"@type\":\"WebSite\",\"@id\":\"https:\/\/colmadosingular.com\/ca\/#website\",\"url\":\"https:\/\/colmadosingular.com\/ca\/\",\"name\":\"Colmado Singular\",\"description\":\"\",\"publisher\":{\"@id\":\"https:\/\/colmadosingular.com\/ca\/#organization\"},\"potentialAction\":[{\"@type\":\"SearchAction\",\"target\":{\"@type\":\"EntryPoint\",\"urlTemplate\":\"https:\/\/colmadosingular.com\/ca\/?s={search_term_string}\"},\"query-input\":{\"@type\":\"PropertyValueSpecification\",\"valueRequired\":true,\"valueName\":\"search_term_string\"}}],\"inLanguage\":\"ca\"},{\"@type\":\"Organization\",\"@id\":\"https:\/\/colmadosingular.com\/ca\/#organization\",\"name\":\"Colmado Singular\",\"url\":\"https:\/\/colmadosingular.com\/ca\/\",\"logo\":{\"@type\":\"ImageObject\",\"inLanguage\":\"ca\",\"@id\":\"https:\/\/colmadosingular.com\/ca\/#\/schema\/logo\/image\/\",\"url\":\"https:\/\/colmadosingular.com\/wp-content\/uploads\/2024\/08\/logo-colmado.svg\",\"contentUrl\":\"https:\/\/colmadosingular.com\/wp-content\/uploads\/2024\/08\/logo-colmado.svg\",\"width\":620,\"height\":50,\"caption\":\"Colmado Singular\"},\"image\":{\"@id\":\"https:\/\/colmadosingular.com\/ca\/#\/schema\/logo\/image\/\"}}]}<\/script>\n<!-- \/ Yoast SEO plugin. -->","yoast_head_json":{"title":"D\u00c9CADA - Colmado Singular","robots":{"index":"index","follow":"follow","max-snippet":"max-snippet:-1","max-image-preview":"max-image-preview:large","max-video-preview":"max-video-preview:-1"},"canonical":"https:\/\/colmadosingular.com\/ca\/producto\/decada\/","og_locale":"ca_ES","og_type":"article","og_title":"D\u00c9CADA - Colmado Singular","og_description":"\"D\u00c8CADA\" \u00e9s un homenatge de Francesc Collell als productors i restauradors que van col\u00b7laborar durant els 10 primers anys de Colmado Singular, on l'empresa ha prove\u00eft reconeguts restaurants amb productes gurmet d'arreu del m\u00f3n. Aquest llibre celebra el des\u00e8 aniversari de l'empresa, recopilant receptes dels 183 restaurants que utilitzen els seus productes. Organitzat cronol\u00f2gicament, D\u00c8CADA narra el viatge de Collell i el seu equip, que va comen\u00e7ar el 2002 amb la incorporaci\u00f3 del safr\u00e0 de Caixmir al cat\u00e0leg. Des de llavors, Colmado Singular ha explorat mercats i fires a l'\u00cdndia, el Regne Unit, It\u00e0lia, Fran\u00e7a, els Pa\u00efsos Baixos, Alemanya i els EUA, sempre a la recerca d\u2019ingredients \u00fanics que potenci\u00efn la creativitat culin\u00e0ria dels xefs. En una edici\u00f3 limitada de 999 exemplars, aquest llibre va ser una mostra de gratitud envers els apassionats productors i els clients \"rom\u00e0ntics\" que van contribuir al projecte el 2012. Cada exemplar f\u00edsic va ser un obsequi per a col\u00b7laboradors i clients, presentant no nom\u00e9s receptes, sin\u00f3 tamb\u00e9 una hist\u00f2ria en cada plat, fotografiat amb cura als restaurants de xefs com Arzak, Berasategui, Alkimia i el Tickets d'Albert Adri\u00e0. Ara, oferim l'oportunitat de descarregar aquesta joia de forma gratu\u00efta.","og_url":"https:\/\/colmadosingular.com\/ca\/producto\/decada\/","og_site_name":"Colmado Singular","article_modified_time":"2025-03-19T09:04:05+00:00","og_image":[{"width":2560,"height":2560,"url":"https:\/\/colmadosingular.com\/wp-content\/uploads\/2024\/08\/Libro_Decada-scaled.jpg","type":"image\/jpeg"}],"twitter_card":"summary_large_image","twitter_misc":{"Temps estimat de lectura":"1 minut"},"schema":{"@context":"https:\/\/schema.org","@graph":[{"@type":"WebPage","@id":"https:\/\/colmadosingular.com\/ca\/producto\/decada\/","url":"https:\/\/colmadosingular.com\/ca\/producto\/decada\/","name":"D\u00c9CADA - Colmado Singular","isPartOf":{"@id":"https:\/\/colmadosingular.com\/ca\/#website"},"primaryImageOfPage":{"@id":"https:\/\/colmadosingular.com\/ca\/producto\/decada\/#primaryimage"},"image":{"@id":"https:\/\/colmadosingular.com\/ca\/producto\/decada\/#primaryimage"},"thumbnailUrl":"https:\/\/colmadosingular.com\/wp-content\/uploads\/2024\/08\/Libro_Decada-scaled.jpg","datePublished":"2024-10-28T09:50:27+00:00","dateModified":"2025-03-19T09:04:05+00:00","breadcrumb":{"@id":"https:\/\/colmadosingular.com\/ca\/producto\/decada\/#breadcrumb"},"inLanguage":"ca","potentialAction":[{"@type":"ReadAction","target":["https:\/\/colmadosingular.com\/ca\/producto\/decada\/"]}]},{"@type":"ImageObject","inLanguage":"ca","@id":"https:\/\/colmadosingular.com\/ca\/producto\/decada\/#primaryimage","url":"https:\/\/colmadosingular.com\/wp-content\/uploads\/2024\/08\/Libro_Decada-scaled.jpg","contentUrl":"https:\/\/colmadosingular.com\/wp-content\/uploads\/2024\/08\/Libro_Decada-scaled.jpg","width":2560,"height":2560},{"@type":"BreadcrumbList","@id":"https:\/\/colmadosingular.com\/ca\/producto\/decada\/#breadcrumb","itemListElement":[{"@type":"ListItem","position":1,"name":"Portada","item":"https:\/\/colmadosingular.com\/ca\/inici\/"},{"@type":"ListItem","position":2,"name":"BOTIGA","item":"https:\/\/colmadosingular.com\/ca\/shop\/"},{"@type":"ListItem","position":3,"name":"D\u00c9CADA"}]},{"@type":"WebSite","@id":"https:\/\/colmadosingular.com\/ca\/#website","url":"https:\/\/colmadosingular.com\/ca\/","name":"Colmado Singular","description":"","publisher":{"@id":"https:\/\/colmadosingular.com\/ca\/#organization"},"potentialAction":[{"@type":"SearchAction","target":{"@type":"EntryPoint","urlTemplate":"https:\/\/colmadosingular.com\/ca\/?s={search_term_string}"},"query-input":{"@type":"PropertyValueSpecification","valueRequired":true,"valueName":"search_term_string"}}],"inLanguage":"ca"},{"@type":"Organization","@id":"https:\/\/colmadosingular.com\/ca\/#organization","name":"Colmado Singular","url":"https:\/\/colmadosingular.com\/ca\/","logo":{"@type":"ImageObject","inLanguage":"ca","@id":"https:\/\/colmadosingular.com\/ca\/#\/schema\/logo\/image\/","url":"https:\/\/colmadosingular.com\/wp-content\/uploads\/2024\/08\/logo-colmado.svg","contentUrl":"https:\/\/colmadosingular.com\/wp-content\/uploads\/2024\/08\/logo-colmado.svg","width":620,"height":50,"caption":"Colmado Singular"},"image":{"@id":"https:\/\/colmadosingular.com\/ca\/#\/schema\/logo\/image\/"}}]}},"_links":{"self":[{"href":"https:\/\/colmadosingular.com\/ca\/wp-json\/wp\/v2\/product\/988028","targetHints":{"allow":["GET"]}}],"collection":[{"href":"https:\/\/colmadosingular.com\/ca\/wp-json\/wp\/v2\/product"}],"about":[{"href":"https:\/\/colmadosingular.com\/ca\/wp-json\/wp\/v2\/types\/product"}],"wp:featuredmedia":[{"embeddable":true,"href":"https:\/\/colmadosingular.com\/ca\/wp-json\/wp\/v2\/media\/8873"}],"wp:attachment":[{"href":"https:\/\/colmadosingular.com\/ca\/wp-json\/wp\/v2\/media?parent=988028"}],"wp:term":[{"taxonomy":"product_brand","embeddable":true,"href":"https:\/\/colmadosingular.com\/ca\/wp-json\/wp\/v2\/product_brand?post=988028"},{"taxonomy":"product_cat","embeddable":true,"href":"https:\/\/colmadosingular.com\/ca\/wp-json\/wp\/v2\/product_cat?post=988028"},{"taxonomy":"product_tag","embeddable":true,"href":"https:\/\/colmadosingular.com\/ca\/wp-json\/wp\/v2\/product_tag?post=988028"}],"curies":[{"name":"wp","href":"https:\/\/api.w.org\/{rel}","templated":true}]}}