{"id":988029,"date":"2024-10-08T14:58:23","date_gmt":"2024-10-08T12:58:23","guid":{"rendered":"https:\/\/colmadosingular.com\/producto\/sea-salt-the-lea-wilson-family\/"},"modified":"2025-03-19T09:50:53","modified_gmt":"2025-03-19T08:50:53","slug":"sea-salt-the-lea-wilson-family","status":"publish","type":"product","link":"https:\/\/colmadosingular.com\/ca\/producto\/sea-salt-the-lea-wilson-family\/","title":{"rendered":"SEA SALT The Lea-Wilson Family"},"content":{"rendered":"","protected":false},"excerpt":{"rendered":"<p>LLIBRE DE RECEPTES<\/p>\n<p>Llibre de la &#8220;Guia Perfecta per Condimentar&#8221;<\/p>\n<p>Despr\u00e9s de 20 anys elaborant sal marina guardonada, la fam\u00edlia Lea-Wilson ha reunit una col\u00b7lecci\u00f3 de receptes per aprofitar al m\u00e0xim aquest ingredient sovint incompr\u00e8s i mal utilitzat. Aprendre a condimentar correctament \u00e9s el que diferencia un bon cuiner d\u2019un gran cuiner. No es tracta nom\u00e9s de la quantitat que s&#8217;afegeix, sin\u00f3 tamb\u00e9 de quan s&#8217;utilitzen aquests cristalls: al comen\u00e7ament de la preparaci\u00f3 del menjar, perqu\u00e8 els tom\u00e0quets cantin sota el sol; cobrint la carn just abans de cuinar-la, per formar una crosta salada i mantenir-la sucosa; o just al final, escampant-la sobre un past\u00eds de xocolata per donar-li un toc encara m\u00e9s xocolatat.<br \/>\nEn aquest llibre aprendr\u00e0s a utilitzar la sal de maneres noves per fer que els aliments quotidians siguin m\u00e9s vibrants i saborosos. Des d\u2019una sofisticada lasanya de fonoll i ametlles fins a galetes de llet torrada, passant per un delicat xai a la sal o un suc\u00f3s blat de moro en salmorra amb pebre negre, aquest llibre aporta noves t\u00e8cniques i un toc d\u2019inspiraci\u00f3 fresca als teus plats.<br \/>\nAquest llibre ret homenatge a l&#8217;ingredient m\u00e9s important de la cuina (la sal), amb la mateixa atenci\u00f3 a les verdures i els plats dol\u00e7os que a la carn i el peix, i amb belles fotografies preses a la salvatge illa d\u2019Anglesey.<\/p>\n<p>Aquest magn\u00edfic llibre, escrit col\u00b7lectivament per tota una fam\u00edlia sobre la seva passi\u00f3 i el seu negoci, celebra el sabor insubstitu\u00efble de la sal en la seva forma m\u00e9s apetitosa. I les receptes tamb\u00e9 s\u00f3n irresistibles\u00bb. \u2013 Hugh Fearnley Whittingstall<\/p>\n<p>&nbsp;<\/p>\n","protected":false},"featured_media":7551,"template":"","meta":{"_acf_changed":false,"_monsterinsights_skip_tracking":false,"_monsterinsights_sitenote_active":false,"_monsterinsights_sitenote_note":"","_monsterinsights_sitenote_category":0,"_joinchat":[]},"product_brand":[],"product_cat":[258],"product_tag":[],"class_list":{"0":"post-988029","1":"product","2":"type-product","3":"status-publish","4":"has-post-thumbnail","6":"product_cat-llibres","8":"first","9":"instock","10":"taxable","11":"shipping-taxable","12":"purchasable","13":"product-type-simple"},"acf":[],"yoast_head":"<!-- This site is optimized with the Yoast SEO plugin v24.8.1 - https:\/\/yoast.com\/wordpress\/plugins\/seo\/ -->\n<title>SEA SALT The Lea-Wilson Family - Colmado Singular<\/title>\n<meta name=\"robots\" content=\"index, follow, max-snippet:-1, max-image-preview:large, max-video-preview:-1\" \/>\n<link rel=\"canonical\" href=\"https:\/\/colmadosingular.com\/ca\/producto\/sea-salt-the-lea-wilson-family\/\" \/>\n<meta property=\"og:locale\" content=\"ca_ES\" \/>\n<meta property=\"og:type\" content=\"article\" \/>\n<meta property=\"og:title\" content=\"SEA SALT The Lea-Wilson Family - Colmado Singular\" \/>\n<meta property=\"og:description\" content=\"LLIBRE DE RECEPTES  Llibre de la &quot;Guia Perfecta per Condimentar&quot;  Despr\u00e9s de 20 anys elaborant sal marina guardonada, la fam\u00edlia Lea-Wilson ha reunit una col\u00b7lecci\u00f3 de receptes per aprofitar al m\u00e0xim aquest ingredient sovint incompr\u00e8s i mal utilitzat. Aprendre a condimentar correctament \u00e9s el que diferencia un bon cuiner d\u2019un gran cuiner. No es tracta nom\u00e9s de la quantitat que s&#039;afegeix, sin\u00f3 tamb\u00e9 de quan s&#039;utilitzen aquests cristalls: al comen\u00e7ament de la preparaci\u00f3 del menjar, perqu\u00e8 els tom\u00e0quets cantin sota el sol; cobrint la carn just abans de cuinar-la, per formar una crosta salada i mantenir-la sucosa; o just al final, escampant-la sobre un past\u00eds de xocolata per donar-li un toc encara m\u00e9s xocolatat. En aquest llibre aprendr\u00e0s a utilitzar la sal de maneres noves per fer que els aliments quotidians siguin m\u00e9s vibrants i saborosos. Des d\u2019una sofisticada lasanya de fonoll i ametlles fins a galetes de llet torrada, passant per un delicat xai a la sal o un suc\u00f3s blat de moro en salmorra amb pebre negre, aquest llibre aporta noves t\u00e8cniques i un toc d\u2019inspiraci\u00f3 fresca als teus plats. Aquest llibre ret homenatge a l&#039;ingredient m\u00e9s important de la cuina (la sal), amb la mateixa atenci\u00f3 a les verdures i els plats dol\u00e7os que a la carn i el peix, i amb belles fotografies preses a la salvatge illa d\u2019Anglesey.  Aquest magn\u00edfic llibre, escrit col\u00b7lectivament per tota una fam\u00edlia sobre la seva passi\u00f3 i el seu negoci, celebra el sabor insubstitu\u00efble de la sal en la seva forma m\u00e9s apetitosa. I les receptes tamb\u00e9 s\u00f3n irresistibles\u00bb. \u2013 Hugh Fearnley Whittingstall  &nbsp;\" \/>\n<meta property=\"og:url\" content=\"https:\/\/colmadosingular.com\/ca\/producto\/sea-salt-the-lea-wilson-family\/\" \/>\n<meta property=\"og:site_name\" content=\"Colmado Singular\" \/>\n<meta property=\"article:modified_time\" content=\"2025-03-19T08:50:53+00:00\" \/>\n<meta property=\"og:image\" content=\"https:\/\/colmadosingular.com\/wp-content\/uploads\/2024\/10\/Libro_SeaSalt_23630111.jpg\" \/>\n\t<meta property=\"og:image:width\" content=\"800\" \/>\n\t<meta property=\"og:image:height\" content=\"800\" \/>\n\t<meta property=\"og:image:type\" content=\"image\/jpeg\" \/>\n<meta name=\"twitter:card\" content=\"summary_large_image\" \/>\n<meta name=\"twitter:label1\" content=\"Temps estimat de lectura\" \/>\n\t<meta name=\"twitter:data1\" content=\"1 minut\" \/>\n<script type=\"application\/ld+json\" class=\"yoast-schema-graph\">{\"@context\":\"https:\/\/schema.org\",\"@graph\":[{\"@type\":\"WebPage\",\"@id\":\"https:\/\/colmadosingular.com\/ca\/producto\/sea-salt-the-lea-wilson-family\/\",\"url\":\"https:\/\/colmadosingular.com\/ca\/producto\/sea-salt-the-lea-wilson-family\/\",\"name\":\"SEA SALT The Lea-Wilson Family - Colmado Singular\",\"isPartOf\":{\"@id\":\"https:\/\/colmadosingular.com\/ca\/#website\"},\"primaryImageOfPage\":{\"@id\":\"https:\/\/colmadosingular.com\/ca\/producto\/sea-salt-the-lea-wilson-family\/#primaryimage\"},\"image\":{\"@id\":\"https:\/\/colmadosingular.com\/ca\/producto\/sea-salt-the-lea-wilson-family\/#primaryimage\"},\"thumbnailUrl\":\"https:\/\/colmadosingular.com\/wp-content\/uploads\/2024\/10\/Libro_SeaSalt_23630111.jpg\",\"datePublished\":\"2024-10-08T12:58:23+00:00\",\"dateModified\":\"2025-03-19T08:50:53+00:00\",\"breadcrumb\":{\"@id\":\"https:\/\/colmadosingular.com\/ca\/producto\/sea-salt-the-lea-wilson-family\/#breadcrumb\"},\"inLanguage\":\"ca\",\"potentialAction\":[{\"@type\":\"ReadAction\",\"target\":[\"https:\/\/colmadosingular.com\/ca\/producto\/sea-salt-the-lea-wilson-family\/\"]}]},{\"@type\":\"ImageObject\",\"inLanguage\":\"ca\",\"@id\":\"https:\/\/colmadosingular.com\/ca\/producto\/sea-salt-the-lea-wilson-family\/#primaryimage\",\"url\":\"https:\/\/colmadosingular.com\/wp-content\/uploads\/2024\/10\/Libro_SeaSalt_23630111.jpg\",\"contentUrl\":\"https:\/\/colmadosingular.com\/wp-content\/uploads\/2024\/10\/Libro_SeaSalt_23630111.jpg\",\"width\":800,\"height\":800},{\"@type\":\"BreadcrumbList\",\"@id\":\"https:\/\/colmadosingular.com\/ca\/producto\/sea-salt-the-lea-wilson-family\/#breadcrumb\",\"itemListElement\":[{\"@type\":\"ListItem\",\"position\":1,\"name\":\"Portada\",\"item\":\"https:\/\/colmadosingular.com\/ca\/inici\/\"},{\"@type\":\"ListItem\",\"position\":2,\"name\":\"BOTIGA\",\"item\":\"https:\/\/colmadosingular.com\/ca\/shop\/\"},{\"@type\":\"ListItem\",\"position\":3,\"name\":\"SEA SALT The Lea-Wilson Family\"}]},{\"@type\":\"WebSite\",\"@id\":\"https:\/\/colmadosingular.com\/ca\/#website\",\"url\":\"https:\/\/colmadosingular.com\/ca\/\",\"name\":\"Colmado Singular\",\"description\":\"\",\"publisher\":{\"@id\":\"https:\/\/colmadosingular.com\/ca\/#organization\"},\"potentialAction\":[{\"@type\":\"SearchAction\",\"target\":{\"@type\":\"EntryPoint\",\"urlTemplate\":\"https:\/\/colmadosingular.com\/ca\/?s={search_term_string}\"},\"query-input\":{\"@type\":\"PropertyValueSpecification\",\"valueRequired\":true,\"valueName\":\"search_term_string\"}}],\"inLanguage\":\"ca\"},{\"@type\":\"Organization\",\"@id\":\"https:\/\/colmadosingular.com\/ca\/#organization\",\"name\":\"Colmado Singular\",\"url\":\"https:\/\/colmadosingular.com\/ca\/\",\"logo\":{\"@type\":\"ImageObject\",\"inLanguage\":\"ca\",\"@id\":\"https:\/\/colmadosingular.com\/ca\/#\/schema\/logo\/image\/\",\"url\":\"https:\/\/colmadosingular.com\/wp-content\/uploads\/2024\/08\/logo-colmado.svg\",\"contentUrl\":\"https:\/\/colmadosingular.com\/wp-content\/uploads\/2024\/08\/logo-colmado.svg\",\"width\":620,\"height\":50,\"caption\":\"Colmado Singular\"},\"image\":{\"@id\":\"https:\/\/colmadosingular.com\/ca\/#\/schema\/logo\/image\/\"}}]}<\/script>\n<!-- \/ Yoast SEO plugin. -->","yoast_head_json":{"title":"SEA SALT The Lea-Wilson Family - Colmado Singular","robots":{"index":"index","follow":"follow","max-snippet":"max-snippet:-1","max-image-preview":"max-image-preview:large","max-video-preview":"max-video-preview:-1"},"canonical":"https:\/\/colmadosingular.com\/ca\/producto\/sea-salt-the-lea-wilson-family\/","og_locale":"ca_ES","og_type":"article","og_title":"SEA SALT The Lea-Wilson Family - Colmado Singular","og_description":"LLIBRE DE RECEPTES  Llibre de la \"Guia Perfecta per Condimentar\"  Despr\u00e9s de 20 anys elaborant sal marina guardonada, la fam\u00edlia Lea-Wilson ha reunit una col\u00b7lecci\u00f3 de receptes per aprofitar al m\u00e0xim aquest ingredient sovint incompr\u00e8s i mal utilitzat. Aprendre a condimentar correctament \u00e9s el que diferencia un bon cuiner d\u2019un gran cuiner. No es tracta nom\u00e9s de la quantitat que s'afegeix, sin\u00f3 tamb\u00e9 de quan s'utilitzen aquests cristalls: al comen\u00e7ament de la preparaci\u00f3 del menjar, perqu\u00e8 els tom\u00e0quets cantin sota el sol; cobrint la carn just abans de cuinar-la, per formar una crosta salada i mantenir-la sucosa; o just al final, escampant-la sobre un past\u00eds de xocolata per donar-li un toc encara m\u00e9s xocolatat. En aquest llibre aprendr\u00e0s a utilitzar la sal de maneres noves per fer que els aliments quotidians siguin m\u00e9s vibrants i saborosos. Des d\u2019una sofisticada lasanya de fonoll i ametlles fins a galetes de llet torrada, passant per un delicat xai a la sal o un suc\u00f3s blat de moro en salmorra amb pebre negre, aquest llibre aporta noves t\u00e8cniques i un toc d\u2019inspiraci\u00f3 fresca als teus plats. Aquest llibre ret homenatge a l'ingredient m\u00e9s important de la cuina (la sal), amb la mateixa atenci\u00f3 a les verdures i els plats dol\u00e7os que a la carn i el peix, i amb belles fotografies preses a la salvatge illa d\u2019Anglesey.  Aquest magn\u00edfic llibre, escrit col\u00b7lectivament per tota una fam\u00edlia sobre la seva passi\u00f3 i el seu negoci, celebra el sabor insubstitu\u00efble de la sal en la seva forma m\u00e9s apetitosa. I les receptes tamb\u00e9 s\u00f3n irresistibles\u00bb. \u2013 Hugh Fearnley Whittingstall  &nbsp;","og_url":"https:\/\/colmadosingular.com\/ca\/producto\/sea-salt-the-lea-wilson-family\/","og_site_name":"Colmado Singular","article_modified_time":"2025-03-19T08:50:53+00:00","og_image":[{"width":800,"height":800,"url":"https:\/\/colmadosingular.com\/wp-content\/uploads\/2024\/10\/Libro_SeaSalt_23630111.jpg","type":"image\/jpeg"}],"twitter_card":"summary_large_image","twitter_misc":{"Temps estimat de lectura":"1 minut"},"schema":{"@context":"https:\/\/schema.org","@graph":[{"@type":"WebPage","@id":"https:\/\/colmadosingular.com\/ca\/producto\/sea-salt-the-lea-wilson-family\/","url":"https:\/\/colmadosingular.com\/ca\/producto\/sea-salt-the-lea-wilson-family\/","name":"SEA SALT The Lea-Wilson Family - Colmado Singular","isPartOf":{"@id":"https:\/\/colmadosingular.com\/ca\/#website"},"primaryImageOfPage":{"@id":"https:\/\/colmadosingular.com\/ca\/producto\/sea-salt-the-lea-wilson-family\/#primaryimage"},"image":{"@id":"https:\/\/colmadosingular.com\/ca\/producto\/sea-salt-the-lea-wilson-family\/#primaryimage"},"thumbnailUrl":"https:\/\/colmadosingular.com\/wp-content\/uploads\/2024\/10\/Libro_SeaSalt_23630111.jpg","datePublished":"2024-10-08T12:58:23+00:00","dateModified":"2025-03-19T08:50:53+00:00","breadcrumb":{"@id":"https:\/\/colmadosingular.com\/ca\/producto\/sea-salt-the-lea-wilson-family\/#breadcrumb"},"inLanguage":"ca","potentialAction":[{"@type":"ReadAction","target":["https:\/\/colmadosingular.com\/ca\/producto\/sea-salt-the-lea-wilson-family\/"]}]},{"@type":"ImageObject","inLanguage":"ca","@id":"https:\/\/colmadosingular.com\/ca\/producto\/sea-salt-the-lea-wilson-family\/#primaryimage","url":"https:\/\/colmadosingular.com\/wp-content\/uploads\/2024\/10\/Libro_SeaSalt_23630111.jpg","contentUrl":"https:\/\/colmadosingular.com\/wp-content\/uploads\/2024\/10\/Libro_SeaSalt_23630111.jpg","width":800,"height":800},{"@type":"BreadcrumbList","@id":"https:\/\/colmadosingular.com\/ca\/producto\/sea-salt-the-lea-wilson-family\/#breadcrumb","itemListElement":[{"@type":"ListItem","position":1,"name":"Portada","item":"https:\/\/colmadosingular.com\/ca\/inici\/"},{"@type":"ListItem","position":2,"name":"BOTIGA","item":"https:\/\/colmadosingular.com\/ca\/shop\/"},{"@type":"ListItem","position":3,"name":"SEA SALT The Lea-Wilson Family"}]},{"@type":"WebSite","@id":"https:\/\/colmadosingular.com\/ca\/#website","url":"https:\/\/colmadosingular.com\/ca\/","name":"Colmado Singular","description":"","publisher":{"@id":"https:\/\/colmadosingular.com\/ca\/#organization"},"potentialAction":[{"@type":"SearchAction","target":{"@type":"EntryPoint","urlTemplate":"https:\/\/colmadosingular.com\/ca\/?s={search_term_string}"},"query-input":{"@type":"PropertyValueSpecification","valueRequired":true,"valueName":"search_term_string"}}],"inLanguage":"ca"},{"@type":"Organization","@id":"https:\/\/colmadosingular.com\/ca\/#organization","name":"Colmado Singular","url":"https:\/\/colmadosingular.com\/ca\/","logo":{"@type":"ImageObject","inLanguage":"ca","@id":"https:\/\/colmadosingular.com\/ca\/#\/schema\/logo\/image\/","url":"https:\/\/colmadosingular.com\/wp-content\/uploads\/2024\/08\/logo-colmado.svg","contentUrl":"https:\/\/colmadosingular.com\/wp-content\/uploads\/2024\/08\/logo-colmado.svg","width":620,"height":50,"caption":"Colmado Singular"},"image":{"@id":"https:\/\/colmadosingular.com\/ca\/#\/schema\/logo\/image\/"}}]}},"_links":{"self":[{"href":"https:\/\/colmadosingular.com\/ca\/wp-json\/wp\/v2\/product\/988029","targetHints":{"allow":["GET"]}}],"collection":[{"href":"https:\/\/colmadosingular.com\/ca\/wp-json\/wp\/v2\/product"}],"about":[{"href":"https:\/\/colmadosingular.com\/ca\/wp-json\/wp\/v2\/types\/product"}],"wp:featuredmedia":[{"embeddable":true,"href":"https:\/\/colmadosingular.com\/ca\/wp-json\/wp\/v2\/media\/7551"}],"wp:attachment":[{"href":"https:\/\/colmadosingular.com\/ca\/wp-json\/wp\/v2\/media?parent=988029"}],"wp:term":[{"taxonomy":"product_brand","embeddable":true,"href":"https:\/\/colmadosingular.com\/ca\/wp-json\/wp\/v2\/product_brand?post=988029"},{"taxonomy":"product_cat","embeddable":true,"href":"https:\/\/colmadosingular.com\/ca\/wp-json\/wp\/v2\/product_cat?post=988029"},{"taxonomy":"product_tag","embeddable":true,"href":"https:\/\/colmadosingular.com\/ca\/wp-json\/wp\/v2\/product_tag?post=988029"}],"curies":[{"name":"wp","href":"https:\/\/api.w.org\/{rel}","templated":true}]}}