{"id":988043,"date":"2024-08-12T16:18:42","date_gmt":"2024-08-12T14:18:42","guid":{"rendered":"https:\/\/colmadosingular.com\/producto\/parmesano-26-meses-200g-aprox\/"},"modified":"2025-03-19T11:20:02","modified_gmt":"2025-03-19T10:20:02","slug":"parmesano-26-meses-200g-aprox","status":"publish","type":"product","link":"https:\/\/colmadosingular.com\/ca\/producto\/parmesano-26-meses-200g-aprox\/","title":{"rendered":"PARMES\u00c0 26 MESOS \u2013 200 g aprox."},"content":{"rendered":"","protected":false},"excerpt":{"rendered":"<p>MALANDRONE 1477<\/p>\n<p>Formatge d\u2019escor\u00e7a dura i pasta premsada. Les vaques de ra\u00e7a frisona propietat de Minelli s\u2019alimenten en pastures de muntanya (herba o fenc) i s\u00f3n munyides a la seva formatgeria, situada a la finca m\u00e9s alta de la zona.<br \/>El producte \u00e9s sabor\u00f3s, per\u00f2 sense ser salat ni \u00e0cid, amb una cremositat en la mossegada. No es desmicola ni s\u2019esquerda. La seva pasta \u00e9s tova, esponjosa, airejada i cohesionada. A m\u00e9s, l\u2019extraordin\u00e0ria qualitat de la mat\u00e8ria primera permet una maduraci\u00f3 prolongada.   <\/p>\n<p>Producte refrigerat.<\/p>\n","protected":false},"featured_media":8596,"template":"","meta":{"_acf_changed":false,"_monsterinsights_skip_tracking":false,"_monsterinsights_sitenote_active":false,"_monsterinsights_sitenote_note":"","_monsterinsights_sitenote_category":0,"_joinchat":[]},"product_brand":[],"product_cat":[264,266],"product_tag":[],"class_list":{"0":"post-988043","1":"product","2":"type-product","3":"status-publish","4":"has-post-thumbnail","6":"product_cat-formatges-i-lactics","7":"product_cat-parmigiano-reggiano-ca","9":"first","10":"instock","11":"taxable","12":"shipping-taxable","13":"purchasable","14":"product-type-simple"},"acf":[],"yoast_head":"<!-- This site is optimized with the Yoast SEO plugin v24.8.1 - https:\/\/yoast.com\/wordpress\/plugins\/seo\/ -->\n<title>PARMES\u00c0 26 MESOS \u2013 200 g aprox. - Colmado Singular<\/title>\n<meta name=\"robots\" content=\"index, follow, max-snippet:-1, max-image-preview:large, max-video-preview:-1\" \/>\n<link rel=\"canonical\" href=\"https:\/\/colmadosingular.com\/ca\/producto\/parmesano-26-meses-200g-aprox\/\" \/>\n<meta property=\"og:locale\" content=\"ca_ES\" \/>\n<meta property=\"og:type\" content=\"article\" \/>\n<meta property=\"og:title\" content=\"PARMES\u00c0 26 MESOS \u2013 200 g aprox. - Colmado Singular\" \/>\n<meta property=\"og:description\" content=\"MALANDRONE 1477 Formatge d\u2019escor\u00e7a dura i pasta premsada. Les vaques de ra\u00e7a frisona propietat de Minelli s\u2019alimenten en pastures de muntanya (herba o fenc) i s\u00f3n munyides a la seva formatgeria, situada a la finca m\u00e9s alta de la zona.El producte \u00e9s sabor\u00f3s, per\u00f2 sense ser salat ni \u00e0cid, amb una cremositat en la mossegada. No es desmicola ni s\u2019esquerda. La seva pasta \u00e9s tova, esponjosa, airejada i cohesionada. A m\u00e9s, l\u2019extraordin\u00e0ria qualitat de la mat\u00e8ria primera permet una maduraci\u00f3 prolongada.   Producte refrigerat.\" \/>\n<meta property=\"og:url\" content=\"https:\/\/colmadosingular.com\/ca\/producto\/parmesano-26-meses-200g-aprox\/\" \/>\n<meta property=\"og:site_name\" content=\"Colmado Singular\" \/>\n<meta property=\"article:modified_time\" content=\"2025-03-19T10:20:02+00:00\" \/>\n<meta property=\"og:image\" content=\"https:\/\/colmadosingular.com\/wp-content\/uploads\/2024\/08\/MA001_24030133BxGris.jpg\" \/>\n\t<meta property=\"og:image:width\" content=\"1200\" \/>\n\t<meta property=\"og:image:height\" content=\"1200\" \/>\n\t<meta property=\"og:image:type\" content=\"image\/jpeg\" \/>\n<meta name=\"twitter:card\" content=\"summary_large_image\" \/>\n<meta name=\"twitter:label1\" content=\"Temps estimat de lectura\" \/>\n\t<meta name=\"twitter:data1\" content=\"1 minut\" \/>\n<script type=\"application\/ld+json\" class=\"yoast-schema-graph\">{\"@context\":\"https:\/\/schema.org\",\"@graph\":[{\"@type\":\"WebPage\",\"@id\":\"https:\/\/colmadosingular.com\/ca\/producto\/parmesano-26-meses-200g-aprox\/\",\"url\":\"https:\/\/colmadosingular.com\/ca\/producto\/parmesano-26-meses-200g-aprox\/\",\"name\":\"PARMES\u00c0 26 MESOS \u2013 200 g aprox. - Colmado Singular\",\"isPartOf\":{\"@id\":\"https:\/\/colmadosingular.com\/ca\/#website\"},\"primaryImageOfPage\":{\"@id\":\"https:\/\/colmadosingular.com\/ca\/producto\/parmesano-26-meses-200g-aprox\/#primaryimage\"},\"image\":{\"@id\":\"https:\/\/colmadosingular.com\/ca\/producto\/parmesano-26-meses-200g-aprox\/#primaryimage\"},\"thumbnailUrl\":\"https:\/\/colmadosingular.com\/wp-content\/uploads\/2024\/08\/MA001_24030133BxGris.jpg\",\"datePublished\":\"2024-08-12T14:18:42+00:00\",\"dateModified\":\"2025-03-19T10:20:02+00:00\",\"breadcrumb\":{\"@id\":\"https:\/\/colmadosingular.com\/ca\/producto\/parmesano-26-meses-200g-aprox\/#breadcrumb\"},\"inLanguage\":\"ca\",\"potentialAction\":[{\"@type\":\"ReadAction\",\"target\":[\"https:\/\/colmadosingular.com\/ca\/producto\/parmesano-26-meses-200g-aprox\/\"]}]},{\"@type\":\"ImageObject\",\"inLanguage\":\"ca\",\"@id\":\"https:\/\/colmadosingular.com\/ca\/producto\/parmesano-26-meses-200g-aprox\/#primaryimage\",\"url\":\"https:\/\/colmadosingular.com\/wp-content\/uploads\/2024\/08\/MA001_24030133BxGris.jpg\",\"contentUrl\":\"https:\/\/colmadosingular.com\/wp-content\/uploads\/2024\/08\/MA001_24030133BxGris.jpg\",\"width\":1200,\"height\":1200},{\"@type\":\"BreadcrumbList\",\"@id\":\"https:\/\/colmadosingular.com\/ca\/producto\/parmesano-26-meses-200g-aprox\/#breadcrumb\",\"itemListElement\":[{\"@type\":\"ListItem\",\"position\":1,\"name\":\"Portada\",\"item\":\"https:\/\/colmadosingular.com\/ca\/inici\/\"},{\"@type\":\"ListItem\",\"position\":2,\"name\":\"BOTIGA\",\"item\":\"https:\/\/colmadosingular.com\/ca\/shop\/\"},{\"@type\":\"ListItem\",\"position\":3,\"name\":\"PARMES\u00c0 26 MESOS \u2013 200 g aprox.\"}]},{\"@type\":\"WebSite\",\"@id\":\"https:\/\/colmadosingular.com\/ca\/#website\",\"url\":\"https:\/\/colmadosingular.com\/ca\/\",\"name\":\"Colmado Singular\",\"description\":\"\",\"publisher\":{\"@id\":\"https:\/\/colmadosingular.com\/ca\/#organization\"},\"potentialAction\":[{\"@type\":\"SearchAction\",\"target\":{\"@type\":\"EntryPoint\",\"urlTemplate\":\"https:\/\/colmadosingular.com\/ca\/?s={search_term_string}\"},\"query-input\":{\"@type\":\"PropertyValueSpecification\",\"valueRequired\":true,\"valueName\":\"search_term_string\"}}],\"inLanguage\":\"ca\"},{\"@type\":\"Organization\",\"@id\":\"https:\/\/colmadosingular.com\/ca\/#organization\",\"name\":\"Colmado Singular\",\"url\":\"https:\/\/colmadosingular.com\/ca\/\",\"logo\":{\"@type\":\"ImageObject\",\"inLanguage\":\"ca\",\"@id\":\"https:\/\/colmadosingular.com\/ca\/#\/schema\/logo\/image\/\",\"url\":\"https:\/\/colmadosingular.com\/wp-content\/uploads\/2024\/08\/logo-colmado.svg\",\"contentUrl\":\"https:\/\/colmadosingular.com\/wp-content\/uploads\/2024\/08\/logo-colmado.svg\",\"width\":620,\"height\":50,\"caption\":\"Colmado Singular\"},\"image\":{\"@id\":\"https:\/\/colmadosingular.com\/ca\/#\/schema\/logo\/image\/\"}}]}<\/script>\n<!-- \/ Yoast SEO plugin. -->","yoast_head_json":{"title":"PARMES\u00c0 26 MESOS \u2013 200 g aprox. - Colmado Singular","robots":{"index":"index","follow":"follow","max-snippet":"max-snippet:-1","max-image-preview":"max-image-preview:large","max-video-preview":"max-video-preview:-1"},"canonical":"https:\/\/colmadosingular.com\/ca\/producto\/parmesano-26-meses-200g-aprox\/","og_locale":"ca_ES","og_type":"article","og_title":"PARMES\u00c0 26 MESOS \u2013 200 g aprox. - Colmado Singular","og_description":"MALANDRONE 1477 Formatge d\u2019escor\u00e7a dura i pasta premsada. Les vaques de ra\u00e7a frisona propietat de Minelli s\u2019alimenten en pastures de muntanya (herba o fenc) i s\u00f3n munyides a la seva formatgeria, situada a la finca m\u00e9s alta de la zona.El producte \u00e9s sabor\u00f3s, per\u00f2 sense ser salat ni \u00e0cid, amb una cremositat en la mossegada. No es desmicola ni s\u2019esquerda. La seva pasta \u00e9s tova, esponjosa, airejada i cohesionada. A m\u00e9s, l\u2019extraordin\u00e0ria qualitat de la mat\u00e8ria primera permet una maduraci\u00f3 prolongada.   Producte refrigerat.","og_url":"https:\/\/colmadosingular.com\/ca\/producto\/parmesano-26-meses-200g-aprox\/","og_site_name":"Colmado Singular","article_modified_time":"2025-03-19T10:20:02+00:00","og_image":[{"width":1200,"height":1200,"url":"https:\/\/colmadosingular.com\/wp-content\/uploads\/2024\/08\/MA001_24030133BxGris.jpg","type":"image\/jpeg"}],"twitter_card":"summary_large_image","twitter_misc":{"Temps estimat de lectura":"1 minut"},"schema":{"@context":"https:\/\/schema.org","@graph":[{"@type":"WebPage","@id":"https:\/\/colmadosingular.com\/ca\/producto\/parmesano-26-meses-200g-aprox\/","url":"https:\/\/colmadosingular.com\/ca\/producto\/parmesano-26-meses-200g-aprox\/","name":"PARMES\u00c0 26 MESOS \u2013 200 g aprox. - Colmado Singular","isPartOf":{"@id":"https:\/\/colmadosingular.com\/ca\/#website"},"primaryImageOfPage":{"@id":"https:\/\/colmadosingular.com\/ca\/producto\/parmesano-26-meses-200g-aprox\/#primaryimage"},"image":{"@id":"https:\/\/colmadosingular.com\/ca\/producto\/parmesano-26-meses-200g-aprox\/#primaryimage"},"thumbnailUrl":"https:\/\/colmadosingular.com\/wp-content\/uploads\/2024\/08\/MA001_24030133BxGris.jpg","datePublished":"2024-08-12T14:18:42+00:00","dateModified":"2025-03-19T10:20:02+00:00","breadcrumb":{"@id":"https:\/\/colmadosingular.com\/ca\/producto\/parmesano-26-meses-200g-aprox\/#breadcrumb"},"inLanguage":"ca","potentialAction":[{"@type":"ReadAction","target":["https:\/\/colmadosingular.com\/ca\/producto\/parmesano-26-meses-200g-aprox\/"]}]},{"@type":"ImageObject","inLanguage":"ca","@id":"https:\/\/colmadosingular.com\/ca\/producto\/parmesano-26-meses-200g-aprox\/#primaryimage","url":"https:\/\/colmadosingular.com\/wp-content\/uploads\/2024\/08\/MA001_24030133BxGris.jpg","contentUrl":"https:\/\/colmadosingular.com\/wp-content\/uploads\/2024\/08\/MA001_24030133BxGris.jpg","width":1200,"height":1200},{"@type":"BreadcrumbList","@id":"https:\/\/colmadosingular.com\/ca\/producto\/parmesano-26-meses-200g-aprox\/#breadcrumb","itemListElement":[{"@type":"ListItem","position":1,"name":"Portada","item":"https:\/\/colmadosingular.com\/ca\/inici\/"},{"@type":"ListItem","position":2,"name":"BOTIGA","item":"https:\/\/colmadosingular.com\/ca\/shop\/"},{"@type":"ListItem","position":3,"name":"PARMES\u00c0 26 MESOS \u2013 200 g aprox."}]},{"@type":"WebSite","@id":"https:\/\/colmadosingular.com\/ca\/#website","url":"https:\/\/colmadosingular.com\/ca\/","name":"Colmado Singular","description":"","publisher":{"@id":"https:\/\/colmadosingular.com\/ca\/#organization"},"potentialAction":[{"@type":"SearchAction","target":{"@type":"EntryPoint","urlTemplate":"https:\/\/colmadosingular.com\/ca\/?s={search_term_string}"},"query-input":{"@type":"PropertyValueSpecification","valueRequired":true,"valueName":"search_term_string"}}],"inLanguage":"ca"},{"@type":"Organization","@id":"https:\/\/colmadosingular.com\/ca\/#organization","name":"Colmado Singular","url":"https:\/\/colmadosingular.com\/ca\/","logo":{"@type":"ImageObject","inLanguage":"ca","@id":"https:\/\/colmadosingular.com\/ca\/#\/schema\/logo\/image\/","url":"https:\/\/colmadosingular.com\/wp-content\/uploads\/2024\/08\/logo-colmado.svg","contentUrl":"https:\/\/colmadosingular.com\/wp-content\/uploads\/2024\/08\/logo-colmado.svg","width":620,"height":50,"caption":"Colmado Singular"},"image":{"@id":"https:\/\/colmadosingular.com\/ca\/#\/schema\/logo\/image\/"}}]}},"_links":{"self":[{"href":"https:\/\/colmadosingular.com\/ca\/wp-json\/wp\/v2\/product\/988043","targetHints":{"allow":["GET"]}}],"collection":[{"href":"https:\/\/colmadosingular.com\/ca\/wp-json\/wp\/v2\/product"}],"about":[{"href":"https:\/\/colmadosingular.com\/ca\/wp-json\/wp\/v2\/types\/product"}],"wp:featuredmedia":[{"embeddable":true,"href":"https:\/\/colmadosingular.com\/ca\/wp-json\/wp\/v2\/media\/8596"}],"wp:attachment":[{"href":"https:\/\/colmadosingular.com\/ca\/wp-json\/wp\/v2\/media?parent=988043"}],"wp:term":[{"taxonomy":"product_brand","embeddable":true,"href":"https:\/\/colmadosingular.com\/ca\/wp-json\/wp\/v2\/product_brand?post=988043"},{"taxonomy":"product_cat","embeddable":true,"href":"https:\/\/colmadosingular.com\/ca\/wp-json\/wp\/v2\/product_cat?post=988043"},{"taxonomy":"product_tag","embeddable":true,"href":"https:\/\/colmadosingular.com\/ca\/wp-json\/wp\/v2\/product_tag?post=988043"}],"curies":[{"name":"wp","href":"https:\/\/api.w.org\/{rel}","templated":true}]}}