{"id":988054,"date":"2024-08-12T16:20:36","date_gmt":"2024-08-12T14:20:36","guid":{"rendered":"https:\/\/colmadosingular.com\/producto\/divinas-especias-ainhoa-aguirregoitia\/"},"modified":"2025-03-19T11:53:08","modified_gmt":"2025-03-19T10:53:08","slug":"divinas-especias-ainhoa-aguirregoitia","status":"publish","type":"product","link":"https:\/\/colmadosingular.com\/ca\/producto\/divinas-especias-ainhoa-aguirregoitia\/","title":{"rendered":"DIVINAS ESPECIAS, Ainhoa Aguirregoitia"},"content":{"rendered":"","protected":false},"excerpt":{"rendered":"<p>Divines Esp\u00e8cies \u2013 Ainhoa Aguirregoitia<br \/>\nLlibre de receptes<br \/>\nEdicions de Cuina, vol. 2<\/p>\n<p>Divines Esp\u00e8cies \u00e9s la hist\u00f2ria d\u2019una primera vegada, d\u2019un primer desig. \u00c9s la materialitzaci\u00f3, en forma de receptari, de l\u2019\u00fas delicat o intens de les esp\u00e8cies a la cuina.<br \/>\nLes esp\u00e8cies poden ser l\u2019ingredient m\u00e9s misteri\u00f3s, atractiu i desconegut que trobem en un mercat. Aquest car\u00e0cter innovador hauria de despertar la nostra curiositat, i l\u2019objectiu principal d\u2019aquest receptari \u00e9s proposar aplicacions per a tota la gamma d\u2019esp\u00e8cies que ofereix Colmado Singular, perqu\u00e8, a partir d\u2019aqu\u00ed, experimenteu i integreu les esp\u00e8cies en la vostra cuina di\u00e0ria.<\/p>\n<p>Des de el Marroc fins al Jap\u00f3, passant per l\u2019\u00cdndia, la Xina, It\u00e0lia, Cambodja, l\u2019Equador o Guatemala; esp\u00e8cies d\u2019aqu\u00ed, d\u2019all\u00e0 i d\u2019arreu. Variades i molt vers\u00e0tils. Picants i dolces.<br \/>\nEl nostre principi de selecci\u00f3 es basa en la frescor, l\u2019equilibri i l\u2019eleg\u00e0ncia. Hi trobareu barreges, esp\u00e8cies pures, pebres, herbes arom\u00e0tiques i xilis.<\/p>\n<p>Pr\u00f2leg de: Matoses.<\/p>\n","protected":false},"featured_media":7834,"template":"","meta":{"_acf_changed":false,"_monsterinsights_skip_tracking":false,"_monsterinsights_sitenote_active":false,"_monsterinsights_sitenote_note":"","_monsterinsights_sitenote_category":0,"_joinchat":[]},"product_brand":[],"product_cat":[258],"product_tag":[],"class_list":{"0":"post-988054","1":"product","2":"type-product","3":"status-publish","4":"has-post-thumbnail","6":"product_cat-llibres","8":"first","9":"instock","10":"taxable","11":"shipping-taxable","12":"purchasable","13":"product-type-simple"},"acf":[],"yoast_head":"<!-- This site is optimized with the Yoast SEO plugin v24.8.1 - https:\/\/yoast.com\/wordpress\/plugins\/seo\/ -->\n<title>DIVINAS ESPECIAS, Ainhoa Aguirregoitia - Colmado Singular<\/title>\n<meta name=\"robots\" content=\"index, follow, max-snippet:-1, max-image-preview:large, max-video-preview:-1\" \/>\n<link rel=\"canonical\" href=\"https:\/\/colmadosingular.com\/ca\/producto\/divinas-especias-ainhoa-aguirregoitia\/\" \/>\n<meta property=\"og:locale\" content=\"ca_ES\" \/>\n<meta property=\"og:type\" content=\"article\" \/>\n<meta property=\"og:title\" content=\"DIVINAS ESPECIAS, Ainhoa Aguirregoitia - Colmado Singular\" \/>\n<meta property=\"og:description\" content=\"Divines Esp\u00e8cies \u2013 Ainhoa Aguirregoitia Llibre de receptes Edicions de Cuina, vol. 2  Divines Esp\u00e8cies \u00e9s la hist\u00f2ria d\u2019una primera vegada, d\u2019un primer desig. \u00c9s la materialitzaci\u00f3, en forma de receptari, de l\u2019\u00fas delicat o intens de les esp\u00e8cies a la cuina. Les esp\u00e8cies poden ser l\u2019ingredient m\u00e9s misteri\u00f3s, atractiu i desconegut que trobem en un mercat. Aquest car\u00e0cter innovador hauria de despertar la nostra curiositat, i l\u2019objectiu principal d\u2019aquest receptari \u00e9s proposar aplicacions per a tota la gamma d\u2019esp\u00e8cies que ofereix Colmado Singular, perqu\u00e8, a partir d\u2019aqu\u00ed, experimenteu i integreu les esp\u00e8cies en la vostra cuina di\u00e0ria.  Des de el Marroc fins al Jap\u00f3, passant per l\u2019\u00cdndia, la Xina, It\u00e0lia, Cambodja, l\u2019Equador o Guatemala; esp\u00e8cies d\u2019aqu\u00ed, d\u2019all\u00e0 i d\u2019arreu. Variades i molt vers\u00e0tils. Picants i dolces. El nostre principi de selecci\u00f3 es basa en la frescor, l\u2019equilibri i l\u2019eleg\u00e0ncia. Hi trobareu barreges, esp\u00e8cies pures, pebres, herbes arom\u00e0tiques i xilis.  Pr\u00f2leg de: Matoses.\" \/>\n<meta property=\"og:url\" content=\"https:\/\/colmadosingular.com\/ca\/producto\/divinas-especias-ainhoa-aguirregoitia\/\" \/>\n<meta property=\"og:site_name\" content=\"Colmado Singular\" \/>\n<meta property=\"article:modified_time\" content=\"2025-03-19T10:53:08+00:00\" \/>\n<meta property=\"og:image\" content=\"https:\/\/colmadosingular.com\/wp-content\/uploads\/2024\/10\/Libro_DivinasEspecias_23630130.jpg\" \/>\n\t<meta property=\"og:image:width\" content=\"800\" \/>\n\t<meta property=\"og:image:height\" content=\"800\" \/>\n\t<meta property=\"og:image:type\" content=\"image\/jpeg\" \/>\n<meta name=\"twitter:card\" content=\"summary_large_image\" \/>\n<meta name=\"twitter:label1\" content=\"Temps estimat de lectura\" \/>\n\t<meta name=\"twitter:data1\" content=\"1 minut\" \/>\n<script type=\"application\/ld+json\" class=\"yoast-schema-graph\">{\"@context\":\"https:\/\/schema.org\",\"@graph\":[{\"@type\":\"WebPage\",\"@id\":\"https:\/\/colmadosingular.com\/ca\/producto\/divinas-especias-ainhoa-aguirregoitia\/\",\"url\":\"https:\/\/colmadosingular.com\/ca\/producto\/divinas-especias-ainhoa-aguirregoitia\/\",\"name\":\"DIVINAS ESPECIAS, Ainhoa Aguirregoitia - Colmado Singular\",\"isPartOf\":{\"@id\":\"https:\/\/colmadosingular.com\/ca\/#website\"},\"primaryImageOfPage\":{\"@id\":\"https:\/\/colmadosingular.com\/ca\/producto\/divinas-especias-ainhoa-aguirregoitia\/#primaryimage\"},\"image\":{\"@id\":\"https:\/\/colmadosingular.com\/ca\/producto\/divinas-especias-ainhoa-aguirregoitia\/#primaryimage\"},\"thumbnailUrl\":\"https:\/\/colmadosingular.com\/wp-content\/uploads\/2024\/10\/Libro_DivinasEspecias_23630130.jpg\",\"datePublished\":\"2024-08-12T14:20:36+00:00\",\"dateModified\":\"2025-03-19T10:53:08+00:00\",\"breadcrumb\":{\"@id\":\"https:\/\/colmadosingular.com\/ca\/producto\/divinas-especias-ainhoa-aguirregoitia\/#breadcrumb\"},\"inLanguage\":\"ca\",\"potentialAction\":[{\"@type\":\"ReadAction\",\"target\":[\"https:\/\/colmadosingular.com\/ca\/producto\/divinas-especias-ainhoa-aguirregoitia\/\"]}]},{\"@type\":\"ImageObject\",\"inLanguage\":\"ca\",\"@id\":\"https:\/\/colmadosingular.com\/ca\/producto\/divinas-especias-ainhoa-aguirregoitia\/#primaryimage\",\"url\":\"https:\/\/colmadosingular.com\/wp-content\/uploads\/2024\/10\/Libro_DivinasEspecias_23630130.jpg\",\"contentUrl\":\"https:\/\/colmadosingular.com\/wp-content\/uploads\/2024\/10\/Libro_DivinasEspecias_23630130.jpg\",\"width\":800,\"height\":800},{\"@type\":\"BreadcrumbList\",\"@id\":\"https:\/\/colmadosingular.com\/ca\/producto\/divinas-especias-ainhoa-aguirregoitia\/#breadcrumb\",\"itemListElement\":[{\"@type\":\"ListItem\",\"position\":1,\"name\":\"Portada\",\"item\":\"https:\/\/colmadosingular.com\/ca\/inici\/\"},{\"@type\":\"ListItem\",\"position\":2,\"name\":\"BOTIGA\",\"item\":\"https:\/\/colmadosingular.com\/ca\/shop\/\"},{\"@type\":\"ListItem\",\"position\":3,\"name\":\"DIVINAS ESPECIAS, Ainhoa Aguirregoitia\"}]},{\"@type\":\"WebSite\",\"@id\":\"https:\/\/colmadosingular.com\/ca\/#website\",\"url\":\"https:\/\/colmadosingular.com\/ca\/\",\"name\":\"Colmado Singular\",\"description\":\"\",\"publisher\":{\"@id\":\"https:\/\/colmadosingular.com\/ca\/#organization\"},\"potentialAction\":[{\"@type\":\"SearchAction\",\"target\":{\"@type\":\"EntryPoint\",\"urlTemplate\":\"https:\/\/colmadosingular.com\/ca\/?s={search_term_string}\"},\"query-input\":{\"@type\":\"PropertyValueSpecification\",\"valueRequired\":true,\"valueName\":\"search_term_string\"}}],\"inLanguage\":\"ca\"},{\"@type\":\"Organization\",\"@id\":\"https:\/\/colmadosingular.com\/ca\/#organization\",\"name\":\"Colmado Singular\",\"url\":\"https:\/\/colmadosingular.com\/ca\/\",\"logo\":{\"@type\":\"ImageObject\",\"inLanguage\":\"ca\",\"@id\":\"https:\/\/colmadosingular.com\/ca\/#\/schema\/logo\/image\/\",\"url\":\"https:\/\/colmadosingular.com\/wp-content\/uploads\/2024\/08\/logo-colmado.svg\",\"contentUrl\":\"https:\/\/colmadosingular.com\/wp-content\/uploads\/2024\/08\/logo-colmado.svg\",\"width\":620,\"height\":50,\"caption\":\"Colmado Singular\"},\"image\":{\"@id\":\"https:\/\/colmadosingular.com\/ca\/#\/schema\/logo\/image\/\"}}]}<\/script>\n<!-- \/ Yoast SEO plugin. -->","yoast_head_json":{"title":"DIVINAS ESPECIAS, Ainhoa Aguirregoitia - Colmado Singular","robots":{"index":"index","follow":"follow","max-snippet":"max-snippet:-1","max-image-preview":"max-image-preview:large","max-video-preview":"max-video-preview:-1"},"canonical":"https:\/\/colmadosingular.com\/ca\/producto\/divinas-especias-ainhoa-aguirregoitia\/","og_locale":"ca_ES","og_type":"article","og_title":"DIVINAS ESPECIAS, Ainhoa Aguirregoitia - Colmado Singular","og_description":"Divines Esp\u00e8cies \u2013 Ainhoa Aguirregoitia Llibre de receptes Edicions de Cuina, vol. 2  Divines Esp\u00e8cies \u00e9s la hist\u00f2ria d\u2019una primera vegada, d\u2019un primer desig. \u00c9s la materialitzaci\u00f3, en forma de receptari, de l\u2019\u00fas delicat o intens de les esp\u00e8cies a la cuina. Les esp\u00e8cies poden ser l\u2019ingredient m\u00e9s misteri\u00f3s, atractiu i desconegut que trobem en un mercat. Aquest car\u00e0cter innovador hauria de despertar la nostra curiositat, i l\u2019objectiu principal d\u2019aquest receptari \u00e9s proposar aplicacions per a tota la gamma d\u2019esp\u00e8cies que ofereix Colmado Singular, perqu\u00e8, a partir d\u2019aqu\u00ed, experimenteu i integreu les esp\u00e8cies en la vostra cuina di\u00e0ria.  Des de el Marroc fins al Jap\u00f3, passant per l\u2019\u00cdndia, la Xina, It\u00e0lia, Cambodja, l\u2019Equador o Guatemala; esp\u00e8cies d\u2019aqu\u00ed, d\u2019all\u00e0 i d\u2019arreu. Variades i molt vers\u00e0tils. Picants i dolces. El nostre principi de selecci\u00f3 es basa en la frescor, l\u2019equilibri i l\u2019eleg\u00e0ncia. Hi trobareu barreges, esp\u00e8cies pures, pebres, herbes arom\u00e0tiques i xilis.  Pr\u00f2leg de: Matoses.","og_url":"https:\/\/colmadosingular.com\/ca\/producto\/divinas-especias-ainhoa-aguirregoitia\/","og_site_name":"Colmado Singular","article_modified_time":"2025-03-19T10:53:08+00:00","og_image":[{"width":800,"height":800,"url":"https:\/\/colmadosingular.com\/wp-content\/uploads\/2024\/10\/Libro_DivinasEspecias_23630130.jpg","type":"image\/jpeg"}],"twitter_card":"summary_large_image","twitter_misc":{"Temps estimat de lectura":"1 minut"},"schema":{"@context":"https:\/\/schema.org","@graph":[{"@type":"WebPage","@id":"https:\/\/colmadosingular.com\/ca\/producto\/divinas-especias-ainhoa-aguirregoitia\/","url":"https:\/\/colmadosingular.com\/ca\/producto\/divinas-especias-ainhoa-aguirregoitia\/","name":"DIVINAS ESPECIAS, Ainhoa Aguirregoitia - Colmado Singular","isPartOf":{"@id":"https:\/\/colmadosingular.com\/ca\/#website"},"primaryImageOfPage":{"@id":"https:\/\/colmadosingular.com\/ca\/producto\/divinas-especias-ainhoa-aguirregoitia\/#primaryimage"},"image":{"@id":"https:\/\/colmadosingular.com\/ca\/producto\/divinas-especias-ainhoa-aguirregoitia\/#primaryimage"},"thumbnailUrl":"https:\/\/colmadosingular.com\/wp-content\/uploads\/2024\/10\/Libro_DivinasEspecias_23630130.jpg","datePublished":"2024-08-12T14:20:36+00:00","dateModified":"2025-03-19T10:53:08+00:00","breadcrumb":{"@id":"https:\/\/colmadosingular.com\/ca\/producto\/divinas-especias-ainhoa-aguirregoitia\/#breadcrumb"},"inLanguage":"ca","potentialAction":[{"@type":"ReadAction","target":["https:\/\/colmadosingular.com\/ca\/producto\/divinas-especias-ainhoa-aguirregoitia\/"]}]},{"@type":"ImageObject","inLanguage":"ca","@id":"https:\/\/colmadosingular.com\/ca\/producto\/divinas-especias-ainhoa-aguirregoitia\/#primaryimage","url":"https:\/\/colmadosingular.com\/wp-content\/uploads\/2024\/10\/Libro_DivinasEspecias_23630130.jpg","contentUrl":"https:\/\/colmadosingular.com\/wp-content\/uploads\/2024\/10\/Libro_DivinasEspecias_23630130.jpg","width":800,"height":800},{"@type":"BreadcrumbList","@id":"https:\/\/colmadosingular.com\/ca\/producto\/divinas-especias-ainhoa-aguirregoitia\/#breadcrumb","itemListElement":[{"@type":"ListItem","position":1,"name":"Portada","item":"https:\/\/colmadosingular.com\/ca\/inici\/"},{"@type":"ListItem","position":2,"name":"BOTIGA","item":"https:\/\/colmadosingular.com\/ca\/shop\/"},{"@type":"ListItem","position":3,"name":"DIVINAS ESPECIAS, Ainhoa Aguirregoitia"}]},{"@type":"WebSite","@id":"https:\/\/colmadosingular.com\/ca\/#website","url":"https:\/\/colmadosingular.com\/ca\/","name":"Colmado Singular","description":"","publisher":{"@id":"https:\/\/colmadosingular.com\/ca\/#organization"},"potentialAction":[{"@type":"SearchAction","target":{"@type":"EntryPoint","urlTemplate":"https:\/\/colmadosingular.com\/ca\/?s={search_term_string}"},"query-input":{"@type":"PropertyValueSpecification","valueRequired":true,"valueName":"search_term_string"}}],"inLanguage":"ca"},{"@type":"Organization","@id":"https:\/\/colmadosingular.com\/ca\/#organization","name":"Colmado Singular","url":"https:\/\/colmadosingular.com\/ca\/","logo":{"@type":"ImageObject","inLanguage":"ca","@id":"https:\/\/colmadosingular.com\/ca\/#\/schema\/logo\/image\/","url":"https:\/\/colmadosingular.com\/wp-content\/uploads\/2024\/08\/logo-colmado.svg","contentUrl":"https:\/\/colmadosingular.com\/wp-content\/uploads\/2024\/08\/logo-colmado.svg","width":620,"height":50,"caption":"Colmado Singular"},"image":{"@id":"https:\/\/colmadosingular.com\/ca\/#\/schema\/logo\/image\/"}}]}},"_links":{"self":[{"href":"https:\/\/colmadosingular.com\/ca\/wp-json\/wp\/v2\/product\/988054","targetHints":{"allow":["GET"]}}],"collection":[{"href":"https:\/\/colmadosingular.com\/ca\/wp-json\/wp\/v2\/product"}],"about":[{"href":"https:\/\/colmadosingular.com\/ca\/wp-json\/wp\/v2\/types\/product"}],"wp:featuredmedia":[{"embeddable":true,"href":"https:\/\/colmadosingular.com\/ca\/wp-json\/wp\/v2\/media\/7834"}],"wp:attachment":[{"href":"https:\/\/colmadosingular.com\/ca\/wp-json\/wp\/v2\/media?parent=988054"}],"wp:term":[{"taxonomy":"product_brand","embeddable":true,"href":"https:\/\/colmadosingular.com\/ca\/wp-json\/wp\/v2\/product_brand?post=988054"},{"taxonomy":"product_cat","embeddable":true,"href":"https:\/\/colmadosingular.com\/ca\/wp-json\/wp\/v2\/product_cat?post=988054"},{"taxonomy":"product_tag","embeddable":true,"href":"https:\/\/colmadosingular.com\/ca\/wp-json\/wp\/v2\/product_tag?post=988054"}],"curies":[{"name":"wp","href":"https:\/\/api.w.org\/{rel}","templated":true}]}}