{"id":988056,"date":"2024-08-12T16:20:12","date_gmt":"2024-08-12T14:20:12","guid":{"rendered":"https:\/\/colmadosingular.com\/producto\/amor-y-grasa-ainhoa-aguirregoitia\/"},"modified":"2025-03-19T11:52:41","modified_gmt":"2025-03-19T10:52:41","slug":"amor-y-grasa-ainhoa-aguirregoitia","status":"publish","type":"product","link":"https:\/\/colmadosingular.com\/ca\/producto\/amor-y-grasa-ainhoa-aguirregoitia\/","title":{"rendered":"AMOR Y GRASA, Ainhoa Aguirregoitia"},"content":{"rendered":"","protected":false},"excerpt":{"rendered":"<p>Amor y Grasa, Ainhoa Aguirregoitia<br \/>\nLlibre de receptes<br \/>\nEdicions de Cuina, vol. 1<\/p>\n<p>Nova edici\u00f3 d\u2019 Amor y Greix amb \u201cBonus Track\u201d, un extra de receptes ben suculentes.<\/p>\n<p>&#8220;Amor y Grasa&#8221; \u00e9s el reflex, a trav\u00e9s de 115 receptes, de la hist\u00f2ria entre Colmado Singular i Ainhoa Aguirregoitia. \u00c9s un receptari ple de sabors, aromes i productes, que transmet diversi\u00f3 i flexibilitat a la cuina, on els lectors tindran l\u2019\u00faltima paraula a l\u2019hora de reinterpretar les nostres elaboracions.<\/p>\n<p>A &#8220;Amor y Grasa&#8221; hi ha molt m\u00e9s que receptes; hi trobareu un toc d\u2019humor, alguns trucs, diverses aplicacions d\u2019un mateix producte i tamb\u00e9 atajos culinaris que potser us ajudaran a treballar a la vostra cuina amb una perspectiva diferent.<\/p>\n<p>Pr\u00f2leg de David de Jorge Eceizabarrena.<\/p>\n","protected":false},"featured_media":7830,"template":"","meta":{"_acf_changed":false,"_monsterinsights_skip_tracking":false,"_monsterinsights_sitenote_active":false,"_monsterinsights_sitenote_note":"","_monsterinsights_sitenote_category":0,"_joinchat":[]},"product_brand":[],"product_cat":[258],"product_tag":[],"class_list":{"0":"post-988056","1":"product","2":"type-product","3":"status-publish","4":"has-post-thumbnail","6":"product_cat-llibres","8":"first","9":"instock","10":"taxable","11":"shipping-taxable","12":"purchasable","13":"product-type-simple"},"acf":[],"yoast_head":"<!-- This site is optimized with the Yoast SEO plugin v24.8.1 - https:\/\/yoast.com\/wordpress\/plugins\/seo\/ -->\n<title>AMOR Y GRASA, Ainhoa Aguirregoitia - Colmado Singular<\/title>\n<meta name=\"robots\" content=\"index, follow, max-snippet:-1, max-image-preview:large, max-video-preview:-1\" \/>\n<link rel=\"canonical\" href=\"https:\/\/colmadosingular.com\/ca\/producto\/amor-y-grasa-ainhoa-aguirregoitia\/\" \/>\n<meta property=\"og:locale\" content=\"ca_ES\" \/>\n<meta property=\"og:type\" content=\"article\" \/>\n<meta property=\"og:title\" content=\"AMOR Y GRASA, Ainhoa Aguirregoitia - Colmado Singular\" \/>\n<meta property=\"og:description\" content=\"Amor y Grasa, Ainhoa Aguirregoitia Llibre de receptes Edicions de Cuina, vol. 1  Nova edici\u00f3 d\u2019 Amor y Greix amb \u201cBonus Track\u201d, un extra de receptes ben suculentes.  &quot;Amor y Grasa&quot; \u00e9s el reflex, a trav\u00e9s de 115 receptes, de la hist\u00f2ria entre Colmado Singular i Ainhoa Aguirregoitia. \u00c9s un receptari ple de sabors, aromes i productes, que transmet diversi\u00f3 i flexibilitat a la cuina, on els lectors tindran l\u2019\u00faltima paraula a l\u2019hora de reinterpretar les nostres elaboracions.  A &quot;Amor y Grasa&quot; hi ha molt m\u00e9s que receptes; hi trobareu un toc d\u2019humor, alguns trucs, diverses aplicacions d\u2019un mateix producte i tamb\u00e9 atajos culinaris que potser us ajudaran a treballar a la vostra cuina amb una perspectiva diferent.  Pr\u00f2leg de David de Jorge Eceizabarrena.\" \/>\n<meta property=\"og:url\" content=\"https:\/\/colmadosingular.com\/ca\/producto\/amor-y-grasa-ainhoa-aguirregoitia\/\" \/>\n<meta property=\"og:site_name\" content=\"Colmado Singular\" \/>\n<meta property=\"article:modified_time\" content=\"2025-03-19T10:52:41+00:00\" \/>\n<meta property=\"og:image\" content=\"https:\/\/colmadosingular.com\/wp-content\/uploads\/2024\/10\/Libro_AmoryGrasa_23630138.jpg\" \/>\n\t<meta property=\"og:image:width\" content=\"800\" \/>\n\t<meta property=\"og:image:height\" content=\"800\" \/>\n\t<meta property=\"og:image:type\" content=\"image\/jpeg\" \/>\n<meta name=\"twitter:card\" content=\"summary_large_image\" \/>\n<meta name=\"twitter:label1\" content=\"Temps estimat de lectura\" \/>\n\t<meta name=\"twitter:data1\" content=\"1 minut\" \/>\n<script type=\"application\/ld+json\" class=\"yoast-schema-graph\">{\"@context\":\"https:\/\/schema.org\",\"@graph\":[{\"@type\":\"WebPage\",\"@id\":\"https:\/\/colmadosingular.com\/ca\/producto\/amor-y-grasa-ainhoa-aguirregoitia\/\",\"url\":\"https:\/\/colmadosingular.com\/ca\/producto\/amor-y-grasa-ainhoa-aguirregoitia\/\",\"name\":\"AMOR Y GRASA, Ainhoa Aguirregoitia - Colmado Singular\",\"isPartOf\":{\"@id\":\"https:\/\/colmadosingular.com\/ca\/#website\"},\"primaryImageOfPage\":{\"@id\":\"https:\/\/colmadosingular.com\/ca\/producto\/amor-y-grasa-ainhoa-aguirregoitia\/#primaryimage\"},\"image\":{\"@id\":\"https:\/\/colmadosingular.com\/ca\/producto\/amor-y-grasa-ainhoa-aguirregoitia\/#primaryimage\"},\"thumbnailUrl\":\"https:\/\/colmadosingular.com\/wp-content\/uploads\/2024\/10\/Libro_AmoryGrasa_23630138.jpg\",\"datePublished\":\"2024-08-12T14:20:12+00:00\",\"dateModified\":\"2025-03-19T10:52:41+00:00\",\"breadcrumb\":{\"@id\":\"https:\/\/colmadosingular.com\/ca\/producto\/amor-y-grasa-ainhoa-aguirregoitia\/#breadcrumb\"},\"inLanguage\":\"ca\",\"potentialAction\":[{\"@type\":\"ReadAction\",\"target\":[\"https:\/\/colmadosingular.com\/ca\/producto\/amor-y-grasa-ainhoa-aguirregoitia\/\"]}]},{\"@type\":\"ImageObject\",\"inLanguage\":\"ca\",\"@id\":\"https:\/\/colmadosingular.com\/ca\/producto\/amor-y-grasa-ainhoa-aguirregoitia\/#primaryimage\",\"url\":\"https:\/\/colmadosingular.com\/wp-content\/uploads\/2024\/10\/Libro_AmoryGrasa_23630138.jpg\",\"contentUrl\":\"https:\/\/colmadosingular.com\/wp-content\/uploads\/2024\/10\/Libro_AmoryGrasa_23630138.jpg\",\"width\":800,\"height\":800},{\"@type\":\"BreadcrumbList\",\"@id\":\"https:\/\/colmadosingular.com\/ca\/producto\/amor-y-grasa-ainhoa-aguirregoitia\/#breadcrumb\",\"itemListElement\":[{\"@type\":\"ListItem\",\"position\":1,\"name\":\"Portada\",\"item\":\"https:\/\/colmadosingular.com\/ca\/inici\/\"},{\"@type\":\"ListItem\",\"position\":2,\"name\":\"BOTIGA\",\"item\":\"https:\/\/colmadosingular.com\/ca\/shop\/\"},{\"@type\":\"ListItem\",\"position\":3,\"name\":\"AMOR Y GRASA, Ainhoa Aguirregoitia\"}]},{\"@type\":\"WebSite\",\"@id\":\"https:\/\/colmadosingular.com\/ca\/#website\",\"url\":\"https:\/\/colmadosingular.com\/ca\/\",\"name\":\"Colmado Singular\",\"description\":\"\",\"publisher\":{\"@id\":\"https:\/\/colmadosingular.com\/ca\/#organization\"},\"potentialAction\":[{\"@type\":\"SearchAction\",\"target\":{\"@type\":\"EntryPoint\",\"urlTemplate\":\"https:\/\/colmadosingular.com\/ca\/?s={search_term_string}\"},\"query-input\":{\"@type\":\"PropertyValueSpecification\",\"valueRequired\":true,\"valueName\":\"search_term_string\"}}],\"inLanguage\":\"ca\"},{\"@type\":\"Organization\",\"@id\":\"https:\/\/colmadosingular.com\/ca\/#organization\",\"name\":\"Colmado Singular\",\"url\":\"https:\/\/colmadosingular.com\/ca\/\",\"logo\":{\"@type\":\"ImageObject\",\"inLanguage\":\"ca\",\"@id\":\"https:\/\/colmadosingular.com\/ca\/#\/schema\/logo\/image\/\",\"url\":\"https:\/\/colmadosingular.com\/wp-content\/uploads\/2024\/08\/logo-colmado.svg\",\"contentUrl\":\"https:\/\/colmadosingular.com\/wp-content\/uploads\/2024\/08\/logo-colmado.svg\",\"width\":620,\"height\":50,\"caption\":\"Colmado Singular\"},\"image\":{\"@id\":\"https:\/\/colmadosingular.com\/ca\/#\/schema\/logo\/image\/\"}}]}<\/script>\n<!-- \/ Yoast SEO plugin. -->","yoast_head_json":{"title":"AMOR Y GRASA, Ainhoa Aguirregoitia - Colmado Singular","robots":{"index":"index","follow":"follow","max-snippet":"max-snippet:-1","max-image-preview":"max-image-preview:large","max-video-preview":"max-video-preview:-1"},"canonical":"https:\/\/colmadosingular.com\/ca\/producto\/amor-y-grasa-ainhoa-aguirregoitia\/","og_locale":"ca_ES","og_type":"article","og_title":"AMOR Y GRASA, Ainhoa Aguirregoitia - Colmado Singular","og_description":"Amor y Grasa, Ainhoa Aguirregoitia Llibre de receptes Edicions de Cuina, vol. 1  Nova edici\u00f3 d\u2019 Amor y Greix amb \u201cBonus Track\u201d, un extra de receptes ben suculentes.  \"Amor y Grasa\" \u00e9s el reflex, a trav\u00e9s de 115 receptes, de la hist\u00f2ria entre Colmado Singular i Ainhoa Aguirregoitia. \u00c9s un receptari ple de sabors, aromes i productes, que transmet diversi\u00f3 i flexibilitat a la cuina, on els lectors tindran l\u2019\u00faltima paraula a l\u2019hora de reinterpretar les nostres elaboracions.  A \"Amor y Grasa\" hi ha molt m\u00e9s que receptes; hi trobareu un toc d\u2019humor, alguns trucs, diverses aplicacions d\u2019un mateix producte i tamb\u00e9 atajos culinaris que potser us ajudaran a treballar a la vostra cuina amb una perspectiva diferent.  Pr\u00f2leg de David de Jorge Eceizabarrena.","og_url":"https:\/\/colmadosingular.com\/ca\/producto\/amor-y-grasa-ainhoa-aguirregoitia\/","og_site_name":"Colmado Singular","article_modified_time":"2025-03-19T10:52:41+00:00","og_image":[{"width":800,"height":800,"url":"https:\/\/colmadosingular.com\/wp-content\/uploads\/2024\/10\/Libro_AmoryGrasa_23630138.jpg","type":"image\/jpeg"}],"twitter_card":"summary_large_image","twitter_misc":{"Temps estimat de lectura":"1 minut"},"schema":{"@context":"https:\/\/schema.org","@graph":[{"@type":"WebPage","@id":"https:\/\/colmadosingular.com\/ca\/producto\/amor-y-grasa-ainhoa-aguirregoitia\/","url":"https:\/\/colmadosingular.com\/ca\/producto\/amor-y-grasa-ainhoa-aguirregoitia\/","name":"AMOR Y GRASA, Ainhoa Aguirregoitia - Colmado Singular","isPartOf":{"@id":"https:\/\/colmadosingular.com\/ca\/#website"},"primaryImageOfPage":{"@id":"https:\/\/colmadosingular.com\/ca\/producto\/amor-y-grasa-ainhoa-aguirregoitia\/#primaryimage"},"image":{"@id":"https:\/\/colmadosingular.com\/ca\/producto\/amor-y-grasa-ainhoa-aguirregoitia\/#primaryimage"},"thumbnailUrl":"https:\/\/colmadosingular.com\/wp-content\/uploads\/2024\/10\/Libro_AmoryGrasa_23630138.jpg","datePublished":"2024-08-12T14:20:12+00:00","dateModified":"2025-03-19T10:52:41+00:00","breadcrumb":{"@id":"https:\/\/colmadosingular.com\/ca\/producto\/amor-y-grasa-ainhoa-aguirregoitia\/#breadcrumb"},"inLanguage":"ca","potentialAction":[{"@type":"ReadAction","target":["https:\/\/colmadosingular.com\/ca\/producto\/amor-y-grasa-ainhoa-aguirregoitia\/"]}]},{"@type":"ImageObject","inLanguage":"ca","@id":"https:\/\/colmadosingular.com\/ca\/producto\/amor-y-grasa-ainhoa-aguirregoitia\/#primaryimage","url":"https:\/\/colmadosingular.com\/wp-content\/uploads\/2024\/10\/Libro_AmoryGrasa_23630138.jpg","contentUrl":"https:\/\/colmadosingular.com\/wp-content\/uploads\/2024\/10\/Libro_AmoryGrasa_23630138.jpg","width":800,"height":800},{"@type":"BreadcrumbList","@id":"https:\/\/colmadosingular.com\/ca\/producto\/amor-y-grasa-ainhoa-aguirregoitia\/#breadcrumb","itemListElement":[{"@type":"ListItem","position":1,"name":"Portada","item":"https:\/\/colmadosingular.com\/ca\/inici\/"},{"@type":"ListItem","position":2,"name":"BOTIGA","item":"https:\/\/colmadosingular.com\/ca\/shop\/"},{"@type":"ListItem","position":3,"name":"AMOR Y GRASA, Ainhoa Aguirregoitia"}]},{"@type":"WebSite","@id":"https:\/\/colmadosingular.com\/ca\/#website","url":"https:\/\/colmadosingular.com\/ca\/","name":"Colmado Singular","description":"","publisher":{"@id":"https:\/\/colmadosingular.com\/ca\/#organization"},"potentialAction":[{"@type":"SearchAction","target":{"@type":"EntryPoint","urlTemplate":"https:\/\/colmadosingular.com\/ca\/?s={search_term_string}"},"query-input":{"@type":"PropertyValueSpecification","valueRequired":true,"valueName":"search_term_string"}}],"inLanguage":"ca"},{"@type":"Organization","@id":"https:\/\/colmadosingular.com\/ca\/#organization","name":"Colmado Singular","url":"https:\/\/colmadosingular.com\/ca\/","logo":{"@type":"ImageObject","inLanguage":"ca","@id":"https:\/\/colmadosingular.com\/ca\/#\/schema\/logo\/image\/","url":"https:\/\/colmadosingular.com\/wp-content\/uploads\/2024\/08\/logo-colmado.svg","contentUrl":"https:\/\/colmadosingular.com\/wp-content\/uploads\/2024\/08\/logo-colmado.svg","width":620,"height":50,"caption":"Colmado Singular"},"image":{"@id":"https:\/\/colmadosingular.com\/ca\/#\/schema\/logo\/image\/"}}]}},"_links":{"self":[{"href":"https:\/\/colmadosingular.com\/ca\/wp-json\/wp\/v2\/product\/988056","targetHints":{"allow":["GET"]}}],"collection":[{"href":"https:\/\/colmadosingular.com\/ca\/wp-json\/wp\/v2\/product"}],"about":[{"href":"https:\/\/colmadosingular.com\/ca\/wp-json\/wp\/v2\/types\/product"}],"wp:featuredmedia":[{"embeddable":true,"href":"https:\/\/colmadosingular.com\/ca\/wp-json\/wp\/v2\/media\/7830"}],"wp:attachment":[{"href":"https:\/\/colmadosingular.com\/ca\/wp-json\/wp\/v2\/media?parent=988056"}],"wp:term":[{"taxonomy":"product_brand","embeddable":true,"href":"https:\/\/colmadosingular.com\/ca\/wp-json\/wp\/v2\/product_brand?post=988056"},{"taxonomy":"product_cat","embeddable":true,"href":"https:\/\/colmadosingular.com\/ca\/wp-json\/wp\/v2\/product_cat?post=988056"},{"taxonomy":"product_tag","embeddable":true,"href":"https:\/\/colmadosingular.com\/ca\/wp-json\/wp\/v2\/product_tag?post=988056"}],"curies":[{"name":"wp","href":"https:\/\/api.w.org\/{rel}","templated":true}]}}