{"id":988237,"date":"2025-03-24T14:39:00","date_gmt":"2025-03-24T13:39:00","guid":{"rendered":"https:\/\/colmadosingular.com\/?post_type=product&#038;p=988237"},"modified":"2026-03-27T15:37:16","modified_gmt":"2026-03-27T14:37:16","slug":"compota-de-cirera-200g","status":"publish","type":"product","link":"https:\/\/colmadosingular.com\/ca\/producto\/compota-de-cirera-200g\/","title":{"rendered":"CREMA DE CIRERA 200g"},"content":{"rendered":"","protected":false},"excerpt":{"rendered":"<p>PERINI<\/p>\n<p>Perini \u00e9s una marca italiana especialitzada en cremes de fruita artesanals, elaborades amb ingredients seleccionats i m\u00e8todes tradicionals. Els seus productes destaquen pel seu sabor aut\u00e8ntic, qualitat pr\u00e8mium i versatilitat a la cuina. Perfectes per acompanyar formatges, embotits, carns i postres, els productes Perini representen l\u2019excel\u00b7l\u00e8ncia de la tradici\u00f3 gastron\u00f2mica italiana en cada pot.  <\/p>\n<p>No poden anomenar-ho melmelada, perqu\u00e8 s\u2019allunya molt\u00edssim d\u2019aquella dol\u00e7or invasiva i dominant. Les cremes de fruita Perini s\u00f3n com menjar fruita madura concentrada: pel seu sabor i la seva textura. S\u00f3n franques, pures i sense additius.  <\/p>\n","protected":false},"featured_media":988197,"template":"","meta":{"_acf_changed":false,"_monsterinsights_skip_tracking":false,"_monsterinsights_sitenote_active":false,"_monsterinsights_sitenote_note":"","_monsterinsights_sitenote_category":0,"_joinchat":[]},"product_brand":[],"product_cat":[242,244],"product_tag":[],"class_list":{"0":"post-988237","1":"product","2":"type-product","3":"status-publish","4":"has-post-thumbnail","6":"product_cat-dolcos","7":"product_cat-cremes-i-melmelades","9":"first","10":"instock","11":"taxable","12":"shipping-taxable","13":"purchasable","14":"product-type-simple"},"acf":[],"yoast_head":"<!-- This site is optimized with the Yoast SEO plugin v24.8.1 - https:\/\/yoast.com\/wordpress\/plugins\/seo\/ -->\n<title>CREMA DE CIRERA 200g - Colmado Singular<\/title>\n<meta name=\"robots\" content=\"index, follow, max-snippet:-1, max-image-preview:large, max-video-preview:-1\" \/>\n<link rel=\"canonical\" href=\"https:\/\/colmadosingular.com\/ca\/producto\/compota-de-cirera-200g\/\" \/>\n<meta property=\"og:locale\" content=\"ca_ES\" \/>\n<meta property=\"og:type\" content=\"article\" \/>\n<meta property=\"og:title\" content=\"CREMA DE CIRERA 200g - Colmado Singular\" \/>\n<meta property=\"og:description\" content=\"PERINI Perini \u00e9s una marca italiana especialitzada en cremes de fruita artesanals, elaborades amb ingredients seleccionats i m\u00e8todes tradicionals. Els seus productes destaquen pel seu sabor aut\u00e8ntic, qualitat pr\u00e8mium i versatilitat a la cuina. Perfectes per acompanyar formatges, embotits, carns i postres, els productes Perini representen l\u2019excel\u00b7l\u00e8ncia de la tradici\u00f3 gastron\u00f2mica italiana en cada pot.  No poden anomenar-ho melmelada, perqu\u00e8 s\u2019allunya molt\u00edssim d\u2019aquella dol\u00e7or invasiva i dominant. Les cremes de fruita Perini s\u00f3n com menjar fruita madura concentrada: pel seu sabor i la seva textura. S\u00f3n franques, pures i sense additius.\" \/>\n<meta property=\"og:url\" content=\"https:\/\/colmadosingular.com\/ca\/producto\/compota-de-cirera-200g\/\" \/>\n<meta property=\"og:site_name\" content=\"Colmado Singular\" \/>\n<meta property=\"article:modified_time\" content=\"2026-03-27T14:37:16+00:00\" \/>\n<meta property=\"og:image\" content=\"https:\/\/colmadosingular.com\/wp-content\/uploads\/2025\/03\/INI006_25110076Bxgris.jpg\" \/>\n\t<meta property=\"og:image:width\" content=\"1200\" \/>\n\t<meta property=\"og:image:height\" content=\"1200\" \/>\n\t<meta property=\"og:image:type\" content=\"image\/jpeg\" \/>\n<meta name=\"twitter:card\" content=\"summary_large_image\" \/>\n<meta name=\"twitter:label1\" content=\"Temps estimat de lectura\" \/>\n\t<meta name=\"twitter:data1\" content=\"1 minut\" \/>\n<script type=\"application\/ld+json\" class=\"yoast-schema-graph\">{\"@context\":\"https:\/\/schema.org\",\"@graph\":[{\"@type\":\"WebPage\",\"@id\":\"https:\/\/colmadosingular.com\/ca\/producto\/compota-de-cirera-200g\/\",\"url\":\"https:\/\/colmadosingular.com\/ca\/producto\/compota-de-cirera-200g\/\",\"name\":\"CREMA DE CIRERA 200g - Colmado Singular\",\"isPartOf\":{\"@id\":\"https:\/\/colmadosingular.com\/ca\/#website\"},\"primaryImageOfPage\":{\"@id\":\"https:\/\/colmadosingular.com\/ca\/producto\/compota-de-cirera-200g\/#primaryimage\"},\"image\":{\"@id\":\"https:\/\/colmadosingular.com\/ca\/producto\/compota-de-cirera-200g\/#primaryimage\"},\"thumbnailUrl\":\"https:\/\/colmadosingular.com\/wp-content\/uploads\/2025\/03\/INI006_25110076Bxgris.jpg\",\"datePublished\":\"2025-03-24T13:39:00+00:00\",\"dateModified\":\"2026-03-27T14:37:16+00:00\",\"breadcrumb\":{\"@id\":\"https:\/\/colmadosingular.com\/ca\/producto\/compota-de-cirera-200g\/#breadcrumb\"},\"inLanguage\":\"ca\",\"potentialAction\":[{\"@type\":\"ReadAction\",\"target\":[\"https:\/\/colmadosingular.com\/ca\/producto\/compota-de-cirera-200g\/\"]}]},{\"@type\":\"ImageObject\",\"inLanguage\":\"ca\",\"@id\":\"https:\/\/colmadosingular.com\/ca\/producto\/compota-de-cirera-200g\/#primaryimage\",\"url\":\"https:\/\/colmadosingular.com\/wp-content\/uploads\/2025\/03\/INI006_25110076Bxgris.jpg\",\"contentUrl\":\"https:\/\/colmadosingular.com\/wp-content\/uploads\/2025\/03\/INI006_25110076Bxgris.jpg\",\"width\":1200,\"height\":1200},{\"@type\":\"BreadcrumbList\",\"@id\":\"https:\/\/colmadosingular.com\/ca\/producto\/compota-de-cirera-200g\/#breadcrumb\",\"itemListElement\":[{\"@type\":\"ListItem\",\"position\":1,\"name\":\"Portada\",\"item\":\"https:\/\/colmadosingular.com\/ca\/inici\/\"},{\"@type\":\"ListItem\",\"position\":2,\"name\":\"BOTIGA\",\"item\":\"https:\/\/colmadosingular.com\/ca\/shop\/\"},{\"@type\":\"ListItem\",\"position\":3,\"name\":\"CREMA DE CIRERA 200g\"}]},{\"@type\":\"WebSite\",\"@id\":\"https:\/\/colmadosingular.com\/ca\/#website\",\"url\":\"https:\/\/colmadosingular.com\/ca\/\",\"name\":\"Colmado Singular\",\"description\":\"\",\"publisher\":{\"@id\":\"https:\/\/colmadosingular.com\/ca\/#organization\"},\"potentialAction\":[{\"@type\":\"SearchAction\",\"target\":{\"@type\":\"EntryPoint\",\"urlTemplate\":\"https:\/\/colmadosingular.com\/ca\/?s={search_term_string}\"},\"query-input\":{\"@type\":\"PropertyValueSpecification\",\"valueRequired\":true,\"valueName\":\"search_term_string\"}}],\"inLanguage\":\"ca\"},{\"@type\":\"Organization\",\"@id\":\"https:\/\/colmadosingular.com\/ca\/#organization\",\"name\":\"Colmado Singular\",\"url\":\"https:\/\/colmadosingular.com\/ca\/\",\"logo\":{\"@type\":\"ImageObject\",\"inLanguage\":\"ca\",\"@id\":\"https:\/\/colmadosingular.com\/ca\/#\/schema\/logo\/image\/\",\"url\":\"https:\/\/colmadosingular.com\/wp-content\/uploads\/2024\/08\/logo-colmado.svg\",\"contentUrl\":\"https:\/\/colmadosingular.com\/wp-content\/uploads\/2024\/08\/logo-colmado.svg\",\"width\":620,\"height\":50,\"caption\":\"Colmado Singular\"},\"image\":{\"@id\":\"https:\/\/colmadosingular.com\/ca\/#\/schema\/logo\/image\/\"}}]}<\/script>\n<!-- \/ Yoast SEO plugin. -->","yoast_head_json":{"title":"CREMA DE CIRERA 200g - Colmado Singular","robots":{"index":"index","follow":"follow","max-snippet":"max-snippet:-1","max-image-preview":"max-image-preview:large","max-video-preview":"max-video-preview:-1"},"canonical":"https:\/\/colmadosingular.com\/ca\/producto\/compota-de-cirera-200g\/","og_locale":"ca_ES","og_type":"article","og_title":"CREMA DE CIRERA 200g - Colmado Singular","og_description":"PERINI Perini \u00e9s una marca italiana especialitzada en cremes de fruita artesanals, elaborades amb ingredients seleccionats i m\u00e8todes tradicionals. Els seus productes destaquen pel seu sabor aut\u00e8ntic, qualitat pr\u00e8mium i versatilitat a la cuina. Perfectes per acompanyar formatges, embotits, carns i postres, els productes Perini representen l\u2019excel\u00b7l\u00e8ncia de la tradici\u00f3 gastron\u00f2mica italiana en cada pot.  No poden anomenar-ho melmelada, perqu\u00e8 s\u2019allunya molt\u00edssim d\u2019aquella dol\u00e7or invasiva i dominant. Les cremes de fruita Perini s\u00f3n com menjar fruita madura concentrada: pel seu sabor i la seva textura. S\u00f3n franques, pures i sense additius.","og_url":"https:\/\/colmadosingular.com\/ca\/producto\/compota-de-cirera-200g\/","og_site_name":"Colmado Singular","article_modified_time":"2026-03-27T14:37:16+00:00","og_image":[{"width":1200,"height":1200,"url":"https:\/\/colmadosingular.com\/wp-content\/uploads\/2025\/03\/INI006_25110076Bxgris.jpg","type":"image\/jpeg"}],"twitter_card":"summary_large_image","twitter_misc":{"Temps estimat de lectura":"1 minut"},"schema":{"@context":"https:\/\/schema.org","@graph":[{"@type":"WebPage","@id":"https:\/\/colmadosingular.com\/ca\/producto\/compota-de-cirera-200g\/","url":"https:\/\/colmadosingular.com\/ca\/producto\/compota-de-cirera-200g\/","name":"CREMA DE CIRERA 200g - Colmado Singular","isPartOf":{"@id":"https:\/\/colmadosingular.com\/ca\/#website"},"primaryImageOfPage":{"@id":"https:\/\/colmadosingular.com\/ca\/producto\/compota-de-cirera-200g\/#primaryimage"},"image":{"@id":"https:\/\/colmadosingular.com\/ca\/producto\/compota-de-cirera-200g\/#primaryimage"},"thumbnailUrl":"https:\/\/colmadosingular.com\/wp-content\/uploads\/2025\/03\/INI006_25110076Bxgris.jpg","datePublished":"2025-03-24T13:39:00+00:00","dateModified":"2026-03-27T14:37:16+00:00","breadcrumb":{"@id":"https:\/\/colmadosingular.com\/ca\/producto\/compota-de-cirera-200g\/#breadcrumb"},"inLanguage":"ca","potentialAction":[{"@type":"ReadAction","target":["https:\/\/colmadosingular.com\/ca\/producto\/compota-de-cirera-200g\/"]}]},{"@type":"ImageObject","inLanguage":"ca","@id":"https:\/\/colmadosingular.com\/ca\/producto\/compota-de-cirera-200g\/#primaryimage","url":"https:\/\/colmadosingular.com\/wp-content\/uploads\/2025\/03\/INI006_25110076Bxgris.jpg","contentUrl":"https:\/\/colmadosingular.com\/wp-content\/uploads\/2025\/03\/INI006_25110076Bxgris.jpg","width":1200,"height":1200},{"@type":"BreadcrumbList","@id":"https:\/\/colmadosingular.com\/ca\/producto\/compota-de-cirera-200g\/#breadcrumb","itemListElement":[{"@type":"ListItem","position":1,"name":"Portada","item":"https:\/\/colmadosingular.com\/ca\/inici\/"},{"@type":"ListItem","position":2,"name":"BOTIGA","item":"https:\/\/colmadosingular.com\/ca\/shop\/"},{"@type":"ListItem","position":3,"name":"CREMA DE CIRERA 200g"}]},{"@type":"WebSite","@id":"https:\/\/colmadosingular.com\/ca\/#website","url":"https:\/\/colmadosingular.com\/ca\/","name":"Colmado Singular","description":"","publisher":{"@id":"https:\/\/colmadosingular.com\/ca\/#organization"},"potentialAction":[{"@type":"SearchAction","target":{"@type":"EntryPoint","urlTemplate":"https:\/\/colmadosingular.com\/ca\/?s={search_term_string}"},"query-input":{"@type":"PropertyValueSpecification","valueRequired":true,"valueName":"search_term_string"}}],"inLanguage":"ca"},{"@type":"Organization","@id":"https:\/\/colmadosingular.com\/ca\/#organization","name":"Colmado Singular","url":"https:\/\/colmadosingular.com\/ca\/","logo":{"@type":"ImageObject","inLanguage":"ca","@id":"https:\/\/colmadosingular.com\/ca\/#\/schema\/logo\/image\/","url":"https:\/\/colmadosingular.com\/wp-content\/uploads\/2024\/08\/logo-colmado.svg","contentUrl":"https:\/\/colmadosingular.com\/wp-content\/uploads\/2024\/08\/logo-colmado.svg","width":620,"height":50,"caption":"Colmado Singular"},"image":{"@id":"https:\/\/colmadosingular.com\/ca\/#\/schema\/logo\/image\/"}}]}},"_links":{"self":[{"href":"https:\/\/colmadosingular.com\/ca\/wp-json\/wp\/v2\/product\/988237","targetHints":{"allow":["GET"]}}],"collection":[{"href":"https:\/\/colmadosingular.com\/ca\/wp-json\/wp\/v2\/product"}],"about":[{"href":"https:\/\/colmadosingular.com\/ca\/wp-json\/wp\/v2\/types\/product"}],"wp:featuredmedia":[{"embeddable":true,"href":"https:\/\/colmadosingular.com\/ca\/wp-json\/wp\/v2\/media\/988197"}],"wp:attachment":[{"href":"https:\/\/colmadosingular.com\/ca\/wp-json\/wp\/v2\/media?parent=988237"}],"wp:term":[{"taxonomy":"product_brand","embeddable":true,"href":"https:\/\/colmadosingular.com\/ca\/wp-json\/wp\/v2\/product_brand?post=988237"},{"taxonomy":"product_cat","embeddable":true,"href":"https:\/\/colmadosingular.com\/ca\/wp-json\/wp\/v2\/product_cat?post=988237"},{"taxonomy":"product_tag","embeddable":true,"href":"https:\/\/colmadosingular.com\/ca\/wp-json\/wp\/v2\/product_tag?post=988237"}],"curies":[{"name":"wp","href":"https:\/\/api.w.org\/{rel}","templated":true}]}}