{"id":988301,"date":"2025-03-25T16:00:36","date_gmt":"2025-03-25T15:00:36","guid":{"rendered":"https:\/\/colmadosingular.com\/?post_type=product&#038;p=988301"},"modified":"2026-03-19T17:10:09","modified_gmt":"2026-03-19T16:10:09","slug":"pastanaga-i-ceba-confitades-en-bossa-1kg-copia","status":"publish","type":"product","link":"https:\/\/colmadosingular.com\/ca\/producto\/pastanaga-i-ceba-confitades-en-bossa-1kg-copia\/","title":{"rendered":"MINI BAB\u00c0 AL ROM 480g"},"content":{"rendered":"","protected":false},"excerpt":{"rendered":"<p>PERINI<\/p>\n<p><span style=\"font-size: 11.0pt; font-family: 'Arial',sans-serif; color: black;\">Ferm, fragant i borratxo. Baba al rom de Perini t\u00e9 les seves arrels a la cuina napolitana; es tracta d&#8217;un pa de pessic humit perfumat al rom. La seva textura \u00e9s suau i sucosa gr\u00e0cies a l&#8217;alm\u00edvar, i se sol servir amb fruites, nata muntada o crema.  <\/span><\/p>\n","protected":false},"featured_media":988183,"template":"","meta":{"_acf_changed":false,"_monsterinsights_skip_tracking":false,"_monsterinsights_sitenote_active":false,"_monsterinsights_sitenote_note":"","_monsterinsights_sitenote_category":0,"_joinchat":[]},"product_brand":[],"product_cat":[242,282],"product_tag":[],"class_list":{"0":"post-988301","1":"product","2":"type-product","3":"status-publish","4":"has-post-thumbnail","6":"product_cat-dolcos","7":"product_cat-babba-al-ron-ca","9":"first","10":"instock","11":"taxable","12":"shipping-taxable","13":"purchasable","14":"product-type-simple"},"acf":[],"yoast_head":"<!-- This site is optimized with the Yoast SEO plugin v24.8.1 - https:\/\/yoast.com\/wordpress\/plugins\/seo\/ -->\n<title>MINI BAB\u00c0 AL ROM 480g - Colmado Singular<\/title>\n<meta name=\"robots\" content=\"index, follow, max-snippet:-1, max-image-preview:large, max-video-preview:-1\" \/>\n<link rel=\"canonical\" href=\"https:\/\/colmadosingular.com\/ca\/producto\/pastanaga-i-ceba-confitades-en-bossa-1kg-copia\/\" \/>\n<meta property=\"og:locale\" content=\"ca_ES\" \/>\n<meta property=\"og:type\" content=\"article\" \/>\n<meta property=\"og:title\" content=\"MINI BAB\u00c0 AL ROM 480g - Colmado Singular\" \/>\n<meta property=\"og:description\" content=\"PERINI Ferm, fragant i borratxo. Baba al rom de Perini t\u00e9 les seves arrels a la cuina napolitana; es tracta d&#039;un pa de pessic humit perfumat al rom. La seva textura \u00e9s suau i sucosa gr\u00e0cies a l&#039;alm\u00edvar, i se sol servir amb fruites, nata muntada o crema.\" \/>\n<meta property=\"og:url\" content=\"https:\/\/colmadosingular.com\/ca\/producto\/pastanaga-i-ceba-confitades-en-bossa-1kg-copia\/\" \/>\n<meta property=\"og:site_name\" content=\"Colmado Singular\" \/>\n<meta property=\"article:modified_time\" content=\"2026-03-19T16:10:09+00:00\" \/>\n<meta property=\"og:image\" content=\"https:\/\/colmadosingular.com\/wp-content\/uploads\/2025\/03\/INI017_25110080RBxGris_OK.jpg\" \/>\n\t<meta property=\"og:image:width\" content=\"1200\" \/>\n\t<meta property=\"og:image:height\" content=\"1200\" \/>\n\t<meta property=\"og:image:type\" content=\"image\/jpeg\" \/>\n<meta name=\"twitter:card\" content=\"summary_large_image\" \/>\n<meta name=\"twitter:label1\" content=\"Temps estimat de lectura\" \/>\n\t<meta name=\"twitter:data1\" content=\"1 minut\" \/>\n<script type=\"application\/ld+json\" class=\"yoast-schema-graph\">{\"@context\":\"https:\/\/schema.org\",\"@graph\":[{\"@type\":\"WebPage\",\"@id\":\"https:\/\/colmadosingular.com\/ca\/producto\/pastanaga-i-ceba-confitades-en-bossa-1kg-copia\/\",\"url\":\"https:\/\/colmadosingular.com\/ca\/producto\/pastanaga-i-ceba-confitades-en-bossa-1kg-copia\/\",\"name\":\"MINI BAB\u00c0 AL ROM 480g - Colmado Singular\",\"isPartOf\":{\"@id\":\"https:\/\/colmadosingular.com\/ca\/#website\"},\"primaryImageOfPage\":{\"@id\":\"https:\/\/colmadosingular.com\/ca\/producto\/pastanaga-i-ceba-confitades-en-bossa-1kg-copia\/#primaryimage\"},\"image\":{\"@id\":\"https:\/\/colmadosingular.com\/ca\/producto\/pastanaga-i-ceba-confitades-en-bossa-1kg-copia\/#primaryimage\"},\"thumbnailUrl\":\"https:\/\/colmadosingular.com\/wp-content\/uploads\/2025\/03\/INI017_25110080RBxGris_OK.jpg\",\"datePublished\":\"2025-03-25T15:00:36+00:00\",\"dateModified\":\"2026-03-19T16:10:09+00:00\",\"breadcrumb\":{\"@id\":\"https:\/\/colmadosingular.com\/ca\/producto\/pastanaga-i-ceba-confitades-en-bossa-1kg-copia\/#breadcrumb\"},\"inLanguage\":\"ca\",\"potentialAction\":[{\"@type\":\"ReadAction\",\"target\":[\"https:\/\/colmadosingular.com\/ca\/producto\/pastanaga-i-ceba-confitades-en-bossa-1kg-copia\/\"]}]},{\"@type\":\"ImageObject\",\"inLanguage\":\"ca\",\"@id\":\"https:\/\/colmadosingular.com\/ca\/producto\/pastanaga-i-ceba-confitades-en-bossa-1kg-copia\/#primaryimage\",\"url\":\"https:\/\/colmadosingular.com\/wp-content\/uploads\/2025\/03\/INI017_25110080RBxGris_OK.jpg\",\"contentUrl\":\"https:\/\/colmadosingular.com\/wp-content\/uploads\/2025\/03\/INI017_25110080RBxGris_OK.jpg\",\"width\":1200,\"height\":1200},{\"@type\":\"BreadcrumbList\",\"@id\":\"https:\/\/colmadosingular.com\/ca\/producto\/pastanaga-i-ceba-confitades-en-bossa-1kg-copia\/#breadcrumb\",\"itemListElement\":[{\"@type\":\"ListItem\",\"position\":1,\"name\":\"Portada\",\"item\":\"https:\/\/colmadosingular.com\/ca\/inici\/\"},{\"@type\":\"ListItem\",\"position\":2,\"name\":\"BOTIGA\",\"item\":\"https:\/\/colmadosingular.com\/ca\/shop\/\"},{\"@type\":\"ListItem\",\"position\":3,\"name\":\"MINI BAB\u00c0 AL ROM 480g\"}]},{\"@type\":\"WebSite\",\"@id\":\"https:\/\/colmadosingular.com\/ca\/#website\",\"url\":\"https:\/\/colmadosingular.com\/ca\/\",\"name\":\"Colmado Singular\",\"description\":\"\",\"publisher\":{\"@id\":\"https:\/\/colmadosingular.com\/ca\/#organization\"},\"potentialAction\":[{\"@type\":\"SearchAction\",\"target\":{\"@type\":\"EntryPoint\",\"urlTemplate\":\"https:\/\/colmadosingular.com\/ca\/?s={search_term_string}\"},\"query-input\":{\"@type\":\"PropertyValueSpecification\",\"valueRequired\":true,\"valueName\":\"search_term_string\"}}],\"inLanguage\":\"ca\"},{\"@type\":\"Organization\",\"@id\":\"https:\/\/colmadosingular.com\/ca\/#organization\",\"name\":\"Colmado Singular\",\"url\":\"https:\/\/colmadosingular.com\/ca\/\",\"logo\":{\"@type\":\"ImageObject\",\"inLanguage\":\"ca\",\"@id\":\"https:\/\/colmadosingular.com\/ca\/#\/schema\/logo\/image\/\",\"url\":\"https:\/\/colmadosingular.com\/wp-content\/uploads\/2024\/08\/logo-colmado.svg\",\"contentUrl\":\"https:\/\/colmadosingular.com\/wp-content\/uploads\/2024\/08\/logo-colmado.svg\",\"width\":620,\"height\":50,\"caption\":\"Colmado Singular\"},\"image\":{\"@id\":\"https:\/\/colmadosingular.com\/ca\/#\/schema\/logo\/image\/\"}}]}<\/script>\n<!-- \/ Yoast SEO plugin. -->","yoast_head_json":{"title":"MINI BAB\u00c0 AL ROM 480g - Colmado Singular","robots":{"index":"index","follow":"follow","max-snippet":"max-snippet:-1","max-image-preview":"max-image-preview:large","max-video-preview":"max-video-preview:-1"},"canonical":"https:\/\/colmadosingular.com\/ca\/producto\/pastanaga-i-ceba-confitades-en-bossa-1kg-copia\/","og_locale":"ca_ES","og_type":"article","og_title":"MINI BAB\u00c0 AL ROM 480g - Colmado Singular","og_description":"PERINI Ferm, fragant i borratxo. Baba al rom de Perini t\u00e9 les seves arrels a la cuina napolitana; es tracta d'un pa de pessic humit perfumat al rom. La seva textura \u00e9s suau i sucosa gr\u00e0cies a l'alm\u00edvar, i se sol servir amb fruites, nata muntada o crema.","og_url":"https:\/\/colmadosingular.com\/ca\/producto\/pastanaga-i-ceba-confitades-en-bossa-1kg-copia\/","og_site_name":"Colmado Singular","article_modified_time":"2026-03-19T16:10:09+00:00","og_image":[{"width":1200,"height":1200,"url":"https:\/\/colmadosingular.com\/wp-content\/uploads\/2025\/03\/INI017_25110080RBxGris_OK.jpg","type":"image\/jpeg"}],"twitter_card":"summary_large_image","twitter_misc":{"Temps estimat de lectura":"1 minut"},"schema":{"@context":"https:\/\/schema.org","@graph":[{"@type":"WebPage","@id":"https:\/\/colmadosingular.com\/ca\/producto\/pastanaga-i-ceba-confitades-en-bossa-1kg-copia\/","url":"https:\/\/colmadosingular.com\/ca\/producto\/pastanaga-i-ceba-confitades-en-bossa-1kg-copia\/","name":"MINI BAB\u00c0 AL ROM 480g - Colmado Singular","isPartOf":{"@id":"https:\/\/colmadosingular.com\/ca\/#website"},"primaryImageOfPage":{"@id":"https:\/\/colmadosingular.com\/ca\/producto\/pastanaga-i-ceba-confitades-en-bossa-1kg-copia\/#primaryimage"},"image":{"@id":"https:\/\/colmadosingular.com\/ca\/producto\/pastanaga-i-ceba-confitades-en-bossa-1kg-copia\/#primaryimage"},"thumbnailUrl":"https:\/\/colmadosingular.com\/wp-content\/uploads\/2025\/03\/INI017_25110080RBxGris_OK.jpg","datePublished":"2025-03-25T15:00:36+00:00","dateModified":"2026-03-19T16:10:09+00:00","breadcrumb":{"@id":"https:\/\/colmadosingular.com\/ca\/producto\/pastanaga-i-ceba-confitades-en-bossa-1kg-copia\/#breadcrumb"},"inLanguage":"ca","potentialAction":[{"@type":"ReadAction","target":["https:\/\/colmadosingular.com\/ca\/producto\/pastanaga-i-ceba-confitades-en-bossa-1kg-copia\/"]}]},{"@type":"ImageObject","inLanguage":"ca","@id":"https:\/\/colmadosingular.com\/ca\/producto\/pastanaga-i-ceba-confitades-en-bossa-1kg-copia\/#primaryimage","url":"https:\/\/colmadosingular.com\/wp-content\/uploads\/2025\/03\/INI017_25110080RBxGris_OK.jpg","contentUrl":"https:\/\/colmadosingular.com\/wp-content\/uploads\/2025\/03\/INI017_25110080RBxGris_OK.jpg","width":1200,"height":1200},{"@type":"BreadcrumbList","@id":"https:\/\/colmadosingular.com\/ca\/producto\/pastanaga-i-ceba-confitades-en-bossa-1kg-copia\/#breadcrumb","itemListElement":[{"@type":"ListItem","position":1,"name":"Portada","item":"https:\/\/colmadosingular.com\/ca\/inici\/"},{"@type":"ListItem","position":2,"name":"BOTIGA","item":"https:\/\/colmadosingular.com\/ca\/shop\/"},{"@type":"ListItem","position":3,"name":"MINI BAB\u00c0 AL ROM 480g"}]},{"@type":"WebSite","@id":"https:\/\/colmadosingular.com\/ca\/#website","url":"https:\/\/colmadosingular.com\/ca\/","name":"Colmado Singular","description":"","publisher":{"@id":"https:\/\/colmadosingular.com\/ca\/#organization"},"potentialAction":[{"@type":"SearchAction","target":{"@type":"EntryPoint","urlTemplate":"https:\/\/colmadosingular.com\/ca\/?s={search_term_string}"},"query-input":{"@type":"PropertyValueSpecification","valueRequired":true,"valueName":"search_term_string"}}],"inLanguage":"ca"},{"@type":"Organization","@id":"https:\/\/colmadosingular.com\/ca\/#organization","name":"Colmado Singular","url":"https:\/\/colmadosingular.com\/ca\/","logo":{"@type":"ImageObject","inLanguage":"ca","@id":"https:\/\/colmadosingular.com\/ca\/#\/schema\/logo\/image\/","url":"https:\/\/colmadosingular.com\/wp-content\/uploads\/2024\/08\/logo-colmado.svg","contentUrl":"https:\/\/colmadosingular.com\/wp-content\/uploads\/2024\/08\/logo-colmado.svg","width":620,"height":50,"caption":"Colmado Singular"},"image":{"@id":"https:\/\/colmadosingular.com\/ca\/#\/schema\/logo\/image\/"}}]}},"_links":{"self":[{"href":"https:\/\/colmadosingular.com\/ca\/wp-json\/wp\/v2\/product\/988301","targetHints":{"allow":["GET"]}}],"collection":[{"href":"https:\/\/colmadosingular.com\/ca\/wp-json\/wp\/v2\/product"}],"about":[{"href":"https:\/\/colmadosingular.com\/ca\/wp-json\/wp\/v2\/types\/product"}],"wp:featuredmedia":[{"embeddable":true,"href":"https:\/\/colmadosingular.com\/ca\/wp-json\/wp\/v2\/media\/988183"}],"wp:attachment":[{"href":"https:\/\/colmadosingular.com\/ca\/wp-json\/wp\/v2\/media?parent=988301"}],"wp:term":[{"taxonomy":"product_brand","embeddable":true,"href":"https:\/\/colmadosingular.com\/ca\/wp-json\/wp\/v2\/product_brand?post=988301"},{"taxonomy":"product_cat","embeddable":true,"href":"https:\/\/colmadosingular.com\/ca\/wp-json\/wp\/v2\/product_cat?post=988301"},{"taxonomy":"product_tag","embeddable":true,"href":"https:\/\/colmadosingular.com\/ca\/wp-json\/wp\/v2\/product_tag?post=988301"}],"curies":[{"name":"wp","href":"https:\/\/api.w.org\/{rel}","templated":true}]}}