{"id":988402,"date":"2025-03-28T12:30:27","date_gmt":"2025-03-28T11:30:27","guid":{"rendered":"https:\/\/colmadosingular.com\/?post_type=product&#038;p=988402"},"modified":"2025-03-28T12:33:04","modified_gmt":"2025-03-28T11:33:04","slug":"palitos-de-pa-bibanesi-doli-doliva-verge-extra-100g-copia","status":"publish","type":"product","link":"https:\/\/colmadosingular.com\/ca\/producto\/palitos-de-pa-bibanesi-doli-doliva-verge-extra-100g-copia\/","title":{"rendered":"PALITOS DE PA BIBANESI D&#8217;OLI D&#8217;OLIVA VERGE EXTRA 100G (copia)"},"content":{"rendered":"","protected":false},"excerpt":{"rendered":"<p>Bibanesi<\/p>\n<p>Palets de massa mare estirats a m\u00e0 amb oli d&#8217;oliva verge extra, un molt bon substitut del pa.<\/p>\n<p>Per anar m\u00e9s enll\u00e0\u2026<br \/>\nAcompanyant perfecte per a taules d\u2019embotits, formatges i fumats.<\/p>\n","protected":false},"featured_media":988404,"template":"","meta":{"_acf_changed":false,"_monsterinsights_skip_tracking":false,"_monsterinsights_sitenote_active":false,"_monsterinsights_sitenote_note":"","_monsterinsights_sitenote_category":0,"_joinchat":[]},"product_brand":[],"product_cat":[180,261],"product_tag":[],"class_list":{"0":"post-988402","1":"product","2":"type-product","3":"status-publish","4":"has-post-thumbnail","6":"product_cat-pa-i-bases","7":"product_cat-pa-cruixent","9":"first","10":"outofstock","11":"taxable","12":"shipping-taxable","13":"purchasable","14":"product-type-simple"},"acf":[],"yoast_head":"<!-- This site is optimized with the Yoast SEO plugin v24.8.1 - https:\/\/yoast.com\/wordpress\/plugins\/seo\/ -->\n<title>PALITOS DE PA BIBANESI D&#039;OLI D&#039;OLIVA VERGE EXTRA 100G (copia) - Colmado Singular<\/title>\n<meta name=\"robots\" content=\"index, follow, max-snippet:-1, max-image-preview:large, max-video-preview:-1\" \/>\n<link rel=\"canonical\" href=\"https:\/\/colmadosingular.com\/ca\/producto\/palitos-de-pa-bibanesi-doli-doliva-verge-extra-100g-copia\/\" \/>\n<meta property=\"og:locale\" content=\"ca_ES\" \/>\n<meta property=\"og:type\" content=\"article\" \/>\n<meta property=\"og:title\" content=\"PALITOS DE PA BIBANESI D&#039;OLI D&#039;OLIVA VERGE EXTRA 100G (copia) - Colmado Singular\" \/>\n<meta property=\"og:description\" content=\"Bibanesi Palets de massa mare estirats a m\u00e0 amb oli d&#039;oliva verge extra, un molt bon substitut del pa. Per anar m\u00e9s enll\u00e0\u2026 Acompanyant perfecte per a taules d\u2019embotits, formatges i fumats.\" \/>\n<meta property=\"og:url\" content=\"https:\/\/colmadosingular.com\/ca\/producto\/palitos-de-pa-bibanesi-doli-doliva-verge-extra-100g-copia\/\" \/>\n<meta property=\"og:site_name\" content=\"Colmado Singular\" \/>\n<meta property=\"article:modified_time\" content=\"2025-03-28T11:33:04+00:00\" \/>\n<meta name=\"twitter:card\" content=\"summary_large_image\" \/>\n<meta name=\"twitter:label1\" content=\"Temps estimat de lectura\" \/>\n\t<meta name=\"twitter:data1\" content=\"1 minut\" \/>\n<script type=\"application\/ld+json\" class=\"yoast-schema-graph\">{\"@context\":\"https:\/\/schema.org\",\"@graph\":[{\"@type\":\"WebPage\",\"@id\":\"https:\/\/colmadosingular.com\/ca\/producto\/palitos-de-pa-bibanesi-doli-doliva-verge-extra-100g-copia\/\",\"url\":\"https:\/\/colmadosingular.com\/ca\/producto\/palitos-de-pa-bibanesi-doli-doliva-verge-extra-100g-copia\/\",\"name\":\"PALITOS DE PA BIBANESI D'OLI D'OLIVA VERGE EXTRA 100G (copia) - Colmado Singular\",\"isPartOf\":{\"@id\":\"https:\/\/colmadosingular.com\/ca\/#website\"},\"primaryImageOfPage\":{\"@id\":\"https:\/\/colmadosingular.com\/ca\/producto\/palitos-de-pa-bibanesi-doli-doliva-verge-extra-100g-copia\/#primaryimage\"},\"image\":{\"@id\":\"https:\/\/colmadosingular.com\/ca\/producto\/palitos-de-pa-bibanesi-doli-doliva-verge-extra-100g-copia\/#primaryimage\"},\"thumbnailUrl\":\"https:\/\/colmadosingular.com\/wp-content\/uploads\/2025\/03\/BI021_25110046Bxgris.jpg\",\"datePublished\":\"2025-03-28T11:30:27+00:00\",\"dateModified\":\"2025-03-28T11:33:04+00:00\",\"breadcrumb\":{\"@id\":\"https:\/\/colmadosingular.com\/ca\/producto\/palitos-de-pa-bibanesi-doli-doliva-verge-extra-100g-copia\/#breadcrumb\"},\"inLanguage\":\"ca\",\"potentialAction\":[{\"@type\":\"ReadAction\",\"target\":[\"https:\/\/colmadosingular.com\/ca\/producto\/palitos-de-pa-bibanesi-doli-doliva-verge-extra-100g-copia\/\"]}]},{\"@type\":\"ImageObject\",\"inLanguage\":\"ca\",\"@id\":\"https:\/\/colmadosingular.com\/ca\/producto\/palitos-de-pa-bibanesi-doli-doliva-verge-extra-100g-copia\/#primaryimage\",\"url\":\"https:\/\/colmadosingular.com\/wp-content\/uploads\/2025\/03\/BI021_25110046Bxgris.jpg\",\"contentUrl\":\"https:\/\/colmadosingular.com\/wp-content\/uploads\/2025\/03\/BI021_25110046Bxgris.jpg\",\"width\":1200,\"height\":1200},{\"@type\":\"BreadcrumbList\",\"@id\":\"https:\/\/colmadosingular.com\/ca\/producto\/palitos-de-pa-bibanesi-doli-doliva-verge-extra-100g-copia\/#breadcrumb\",\"itemListElement\":[{\"@type\":\"ListItem\",\"position\":1,\"name\":\"Portada\",\"item\":\"https:\/\/colmadosingular.com\/ca\/inici\/\"},{\"@type\":\"ListItem\",\"position\":2,\"name\":\"BOTIGA\",\"item\":\"https:\/\/colmadosingular.com\/ca\/shop\/\"},{\"@type\":\"ListItem\",\"position\":3,\"name\":\"PALITOS DE PA BIBANESI D&#8217;OLI D&#8217;OLIVA VERGE EXTRA 100G (copia)\"}]},{\"@type\":\"WebSite\",\"@id\":\"https:\/\/colmadosingular.com\/ca\/#website\",\"url\":\"https:\/\/colmadosingular.com\/ca\/\",\"name\":\"Colmado Singular\",\"description\":\"\",\"publisher\":{\"@id\":\"https:\/\/colmadosingular.com\/ca\/#organization\"},\"potentialAction\":[{\"@type\":\"SearchAction\",\"target\":{\"@type\":\"EntryPoint\",\"urlTemplate\":\"https:\/\/colmadosingular.com\/ca\/?s={search_term_string}\"},\"query-input\":{\"@type\":\"PropertyValueSpecification\",\"valueRequired\":true,\"valueName\":\"search_term_string\"}}],\"inLanguage\":\"ca\"},{\"@type\":\"Organization\",\"@id\":\"https:\/\/colmadosingular.com\/ca\/#organization\",\"name\":\"Colmado Singular\",\"url\":\"https:\/\/colmadosingular.com\/ca\/\",\"logo\":{\"@type\":\"ImageObject\",\"inLanguage\":\"ca\",\"@id\":\"https:\/\/colmadosingular.com\/ca\/#\/schema\/logo\/image\/\",\"url\":\"https:\/\/colmadosingular.com\/wp-content\/uploads\/2024\/08\/logo-colmado.svg\",\"contentUrl\":\"https:\/\/colmadosingular.com\/wp-content\/uploads\/2024\/08\/logo-colmado.svg\",\"width\":620,\"height\":50,\"caption\":\"Colmado Singular\"},\"image\":{\"@id\":\"https:\/\/colmadosingular.com\/ca\/#\/schema\/logo\/image\/\"}}]}<\/script>\n<!-- \/ Yoast SEO plugin. -->","yoast_head_json":{"title":"PALITOS DE PA BIBANESI D'OLI D'OLIVA VERGE EXTRA 100G (copia) - Colmado Singular","robots":{"index":"index","follow":"follow","max-snippet":"max-snippet:-1","max-image-preview":"max-image-preview:large","max-video-preview":"max-video-preview:-1"},"canonical":"https:\/\/colmadosingular.com\/ca\/producto\/palitos-de-pa-bibanesi-doli-doliva-verge-extra-100g-copia\/","og_locale":"ca_ES","og_type":"article","og_title":"PALITOS DE PA BIBANESI D'OLI D'OLIVA VERGE EXTRA 100G (copia) - Colmado Singular","og_description":"Bibanesi Palets de massa mare estirats a m\u00e0 amb oli d'oliva verge extra, un molt bon substitut del pa. Per anar m\u00e9s enll\u00e0\u2026 Acompanyant perfecte per a taules d\u2019embotits, formatges i fumats.","og_url":"https:\/\/colmadosingular.com\/ca\/producto\/palitos-de-pa-bibanesi-doli-doliva-verge-extra-100g-copia\/","og_site_name":"Colmado Singular","article_modified_time":"2025-03-28T11:33:04+00:00","twitter_card":"summary_large_image","twitter_misc":{"Temps estimat de lectura":"1 minut"},"schema":{"@context":"https:\/\/schema.org","@graph":[{"@type":"WebPage","@id":"https:\/\/colmadosingular.com\/ca\/producto\/palitos-de-pa-bibanesi-doli-doliva-verge-extra-100g-copia\/","url":"https:\/\/colmadosingular.com\/ca\/producto\/palitos-de-pa-bibanesi-doli-doliva-verge-extra-100g-copia\/","name":"PALITOS DE PA BIBANESI D'OLI D'OLIVA VERGE EXTRA 100G (copia) - Colmado Singular","isPartOf":{"@id":"https:\/\/colmadosingular.com\/ca\/#website"},"primaryImageOfPage":{"@id":"https:\/\/colmadosingular.com\/ca\/producto\/palitos-de-pa-bibanesi-doli-doliva-verge-extra-100g-copia\/#primaryimage"},"image":{"@id":"https:\/\/colmadosingular.com\/ca\/producto\/palitos-de-pa-bibanesi-doli-doliva-verge-extra-100g-copia\/#primaryimage"},"thumbnailUrl":"https:\/\/colmadosingular.com\/wp-content\/uploads\/2025\/03\/BI021_25110046Bxgris.jpg","datePublished":"2025-03-28T11:30:27+00:00","dateModified":"2025-03-28T11:33:04+00:00","breadcrumb":{"@id":"https:\/\/colmadosingular.com\/ca\/producto\/palitos-de-pa-bibanesi-doli-doliva-verge-extra-100g-copia\/#breadcrumb"},"inLanguage":"ca","potentialAction":[{"@type":"ReadAction","target":["https:\/\/colmadosingular.com\/ca\/producto\/palitos-de-pa-bibanesi-doli-doliva-verge-extra-100g-copia\/"]}]},{"@type":"ImageObject","inLanguage":"ca","@id":"https:\/\/colmadosingular.com\/ca\/producto\/palitos-de-pa-bibanesi-doli-doliva-verge-extra-100g-copia\/#primaryimage","url":"https:\/\/colmadosingular.com\/wp-content\/uploads\/2025\/03\/BI021_25110046Bxgris.jpg","contentUrl":"https:\/\/colmadosingular.com\/wp-content\/uploads\/2025\/03\/BI021_25110046Bxgris.jpg","width":1200,"height":1200},{"@type":"BreadcrumbList","@id":"https:\/\/colmadosingular.com\/ca\/producto\/palitos-de-pa-bibanesi-doli-doliva-verge-extra-100g-copia\/#breadcrumb","itemListElement":[{"@type":"ListItem","position":1,"name":"Portada","item":"https:\/\/colmadosingular.com\/ca\/inici\/"},{"@type":"ListItem","position":2,"name":"BOTIGA","item":"https:\/\/colmadosingular.com\/ca\/shop\/"},{"@type":"ListItem","position":3,"name":"PALITOS DE PA BIBANESI D&#8217;OLI D&#8217;OLIVA VERGE EXTRA 100G (copia)"}]},{"@type":"WebSite","@id":"https:\/\/colmadosingular.com\/ca\/#website","url":"https:\/\/colmadosingular.com\/ca\/","name":"Colmado Singular","description":"","publisher":{"@id":"https:\/\/colmadosingular.com\/ca\/#organization"},"potentialAction":[{"@type":"SearchAction","target":{"@type":"EntryPoint","urlTemplate":"https:\/\/colmadosingular.com\/ca\/?s={search_term_string}"},"query-input":{"@type":"PropertyValueSpecification","valueRequired":true,"valueName":"search_term_string"}}],"inLanguage":"ca"},{"@type":"Organization","@id":"https:\/\/colmadosingular.com\/ca\/#organization","name":"Colmado Singular","url":"https:\/\/colmadosingular.com\/ca\/","logo":{"@type":"ImageObject","inLanguage":"ca","@id":"https:\/\/colmadosingular.com\/ca\/#\/schema\/logo\/image\/","url":"https:\/\/colmadosingular.com\/wp-content\/uploads\/2024\/08\/logo-colmado.svg","contentUrl":"https:\/\/colmadosingular.com\/wp-content\/uploads\/2024\/08\/logo-colmado.svg","width":620,"height":50,"caption":"Colmado Singular"},"image":{"@id":"https:\/\/colmadosingular.com\/ca\/#\/schema\/logo\/image\/"}}]}},"_links":{"self":[{"href":"https:\/\/colmadosingular.com\/ca\/wp-json\/wp\/v2\/product\/988402","targetHints":{"allow":["GET"]}}],"collection":[{"href":"https:\/\/colmadosingular.com\/ca\/wp-json\/wp\/v2\/product"}],"about":[{"href":"https:\/\/colmadosingular.com\/ca\/wp-json\/wp\/v2\/types\/product"}],"wp:featuredmedia":[{"embeddable":true,"href":"https:\/\/colmadosingular.com\/ca\/wp-json\/wp\/v2\/media\/988404"}],"wp:attachment":[{"href":"https:\/\/colmadosingular.com\/ca\/wp-json\/wp\/v2\/media?parent=988402"}],"wp:term":[{"taxonomy":"product_brand","embeddable":true,"href":"https:\/\/colmadosingular.com\/ca\/wp-json\/wp\/v2\/product_brand?post=988402"},{"taxonomy":"product_cat","embeddable":true,"href":"https:\/\/colmadosingular.com\/ca\/wp-json\/wp\/v2\/product_cat?post=988402"},{"taxonomy":"product_tag","embeddable":true,"href":"https:\/\/colmadosingular.com\/ca\/wp-json\/wp\/v2\/product_tag?post=988402"}],"curies":[{"name":"wp","href":"https:\/\/api.w.org\/{rel}","templated":true}]}}