{"id":989311,"date":"2025-05-02T17:13:14","date_gmt":"2025-05-02T15:13:14","guid":{"rendered":"https:\/\/colmadosingular.com\/?post_type=product&#038;p=989311"},"modified":"2026-03-25T16:17:48","modified_gmt":"2026-03-25T15:17:48","slug":"tostarella-santoni-250g-copia-2","status":"publish","type":"product","link":"https:\/\/colmadosingular.com\/ca\/producto\/tostarella-santoni-250g-copia-2\/","title":{"rendered":"TAGLIATELLA INTEGRAL SANTONI 250g"},"content":{"rendered":"","protected":false},"excerpt":{"rendered":"<p>PASTA SANTONI<\/p>\n<p>La pasta Santoni \u00e9s una pasta artesanal italiana d&#8217;alta qualitat, elaborada amb farina de blat dur seleccionada i ous frescos, cosa que li atorga un color daurat intens, una textura sedosa i un sabor profund. El seu assecat lent a baixa temperatura garanteix una estructura ferma i porosa, ideal per absorbir salses i mantenir una cocci\u00f3 perfecta al dente. Disponible en diferents formats, \u00e9s l&#8217;elecci\u00f3 ideal per als que busquen una pasta amb autenticitat, tradici\u00f3 i excel\u00b7l\u00e8ncia a cada mos.<\/p>\n<p>\u00c9s una pasta amb sabor delicat, per\u00f2 notori; seria id\u00f2nia per cuinar amb verdures de temporada i de sabor suau; peix, marisc i esp\u00e8cies. Amb una mica de mantega i herbes arom\u00e0tiques tamb\u00e9 n&#8217;hi hauria prou.<\/p>\n<p>&nbsp;<\/p>\n<p>&nbsp;<\/p>\n","protected":false},"featured_media":989227,"template":"","meta":{"_acf_changed":false,"_monsterinsights_skip_tracking":false,"_monsterinsights_sitenote_active":false,"_monsterinsights_sitenote_note":"","_monsterinsights_sitenote_category":0,"_joinchat":[]},"product_brand":[],"product_cat":[215,223],"product_tag":[],"class_list":{"0":"post-989311","1":"product","2":"type-product","3":"status-publish","4":"has-post-thumbnail","6":"product_cat-arrossos-i-pastes","7":"product_cat-pasta-dou","9":"first","10":"instock","11":"taxable","12":"shipping-taxable","13":"purchasable","14":"product-type-simple"},"acf":[],"yoast_head":"<!-- This site is optimized with the Yoast SEO plugin v24.8.1 - https:\/\/yoast.com\/wordpress\/plugins\/seo\/ -->\n<title>TAGLIATELLA INTEGRAL SANTONI 250g - Colmado Singular<\/title>\n<meta name=\"robots\" content=\"index, follow, max-snippet:-1, max-image-preview:large, max-video-preview:-1\" \/>\n<link rel=\"canonical\" href=\"https:\/\/colmadosingular.com\/ca\/producto\/tostarella-santoni-250g-copia-2\/\" \/>\n<meta property=\"og:locale\" content=\"ca_ES\" \/>\n<meta property=\"og:type\" content=\"article\" \/>\n<meta property=\"og:title\" content=\"TAGLIATELLA INTEGRAL SANTONI 250g - Colmado Singular\" \/>\n<meta property=\"og:description\" content=\"PASTA SANTONI  La pasta Santoni \u00e9s una pasta artesanal italiana d&#039;alta qualitat, elaborada amb farina de blat dur seleccionada i ous frescos, cosa que li atorga un color daurat intens, una textura sedosa i un sabor profund. El seu assecat lent a baixa temperatura garanteix una estructura ferma i porosa, ideal per absorbir salses i mantenir una cocci\u00f3 perfecta al dente. Disponible en diferents formats, \u00e9s l&#039;elecci\u00f3 ideal per als que busquen una pasta amb autenticitat, tradici\u00f3 i excel\u00b7l\u00e8ncia a cada mos.  \u00c9s una pasta amb sabor delicat, per\u00f2 notori; seria id\u00f2nia per cuinar amb verdures de temporada i de sabor suau; peix, marisc i esp\u00e8cies. Amb una mica de mantega i herbes arom\u00e0tiques tamb\u00e9 n&#039;hi hauria prou.  &nbsp;  &nbsp;\" \/>\n<meta property=\"og:url\" content=\"https:\/\/colmadosingular.com\/ca\/producto\/tostarella-santoni-250g-copia-2\/\" \/>\n<meta property=\"og:site_name\" content=\"Colmado Singular\" \/>\n<meta property=\"article:modified_time\" content=\"2026-03-25T15:17:48+00:00\" \/>\n<meta property=\"og:image\" content=\"https:\/\/colmadosingular.com\/wp-content\/uploads\/2025\/04\/TON010_25110022Bxgris.jpg\" \/>\n\t<meta property=\"og:image:width\" content=\"1200\" \/>\n\t<meta property=\"og:image:height\" content=\"1200\" \/>\n\t<meta property=\"og:image:type\" content=\"image\/jpeg\" \/>\n<meta name=\"twitter:card\" content=\"summary_large_image\" \/>\n<meta name=\"twitter:label1\" content=\"Temps estimat de lectura\" \/>\n\t<meta name=\"twitter:data1\" content=\"1 minut\" \/>\n<script type=\"application\/ld+json\" class=\"yoast-schema-graph\">{\"@context\":\"https:\/\/schema.org\",\"@graph\":[{\"@type\":\"WebPage\",\"@id\":\"https:\/\/colmadosingular.com\/ca\/producto\/tostarella-santoni-250g-copia-2\/\",\"url\":\"https:\/\/colmadosingular.com\/ca\/producto\/tostarella-santoni-250g-copia-2\/\",\"name\":\"TAGLIATELLA INTEGRAL SANTONI 250g - Colmado Singular\",\"isPartOf\":{\"@id\":\"https:\/\/colmadosingular.com\/ca\/#website\"},\"primaryImageOfPage\":{\"@id\":\"https:\/\/colmadosingular.com\/ca\/producto\/tostarella-santoni-250g-copia-2\/#primaryimage\"},\"image\":{\"@id\":\"https:\/\/colmadosingular.com\/ca\/producto\/tostarella-santoni-250g-copia-2\/#primaryimage\"},\"thumbnailUrl\":\"https:\/\/colmadosingular.com\/wp-content\/uploads\/2025\/04\/TON010_25110022Bxgris.jpg\",\"datePublished\":\"2025-05-02T15:13:14+00:00\",\"dateModified\":\"2026-03-25T15:17:48+00:00\",\"breadcrumb\":{\"@id\":\"https:\/\/colmadosingular.com\/ca\/producto\/tostarella-santoni-250g-copia-2\/#breadcrumb\"},\"inLanguage\":\"ca\",\"potentialAction\":[{\"@type\":\"ReadAction\",\"target\":[\"https:\/\/colmadosingular.com\/ca\/producto\/tostarella-santoni-250g-copia-2\/\"]}]},{\"@type\":\"ImageObject\",\"inLanguage\":\"ca\",\"@id\":\"https:\/\/colmadosingular.com\/ca\/producto\/tostarella-santoni-250g-copia-2\/#primaryimage\",\"url\":\"https:\/\/colmadosingular.com\/wp-content\/uploads\/2025\/04\/TON010_25110022Bxgris.jpg\",\"contentUrl\":\"https:\/\/colmadosingular.com\/wp-content\/uploads\/2025\/04\/TON010_25110022Bxgris.jpg\",\"width\":1200,\"height\":1200},{\"@type\":\"BreadcrumbList\",\"@id\":\"https:\/\/colmadosingular.com\/ca\/producto\/tostarella-santoni-250g-copia-2\/#breadcrumb\",\"itemListElement\":[{\"@type\":\"ListItem\",\"position\":1,\"name\":\"Portada\",\"item\":\"https:\/\/colmadosingular.com\/ca\/inici\/\"},{\"@type\":\"ListItem\",\"position\":2,\"name\":\"BOTIGA\",\"item\":\"https:\/\/colmadosingular.com\/ca\/shop\/\"},{\"@type\":\"ListItem\",\"position\":3,\"name\":\"TAGLIATELLA INTEGRAL SANTONI 250g\"}]},{\"@type\":\"WebSite\",\"@id\":\"https:\/\/colmadosingular.com\/ca\/#website\",\"url\":\"https:\/\/colmadosingular.com\/ca\/\",\"name\":\"Colmado Singular\",\"description\":\"\",\"publisher\":{\"@id\":\"https:\/\/colmadosingular.com\/ca\/#organization\"},\"potentialAction\":[{\"@type\":\"SearchAction\",\"target\":{\"@type\":\"EntryPoint\",\"urlTemplate\":\"https:\/\/colmadosingular.com\/ca\/?s={search_term_string}\"},\"query-input\":{\"@type\":\"PropertyValueSpecification\",\"valueRequired\":true,\"valueName\":\"search_term_string\"}}],\"inLanguage\":\"ca\"},{\"@type\":\"Organization\",\"@id\":\"https:\/\/colmadosingular.com\/ca\/#organization\",\"name\":\"Colmado Singular\",\"url\":\"https:\/\/colmadosingular.com\/ca\/\",\"logo\":{\"@type\":\"ImageObject\",\"inLanguage\":\"ca\",\"@id\":\"https:\/\/colmadosingular.com\/ca\/#\/schema\/logo\/image\/\",\"url\":\"https:\/\/colmadosingular.com\/wp-content\/uploads\/2024\/08\/logo-colmado.svg\",\"contentUrl\":\"https:\/\/colmadosingular.com\/wp-content\/uploads\/2024\/08\/logo-colmado.svg\",\"width\":620,\"height\":50,\"caption\":\"Colmado Singular\"},\"image\":{\"@id\":\"https:\/\/colmadosingular.com\/ca\/#\/schema\/logo\/image\/\"}}]}<\/script>\n<!-- \/ Yoast SEO plugin. -->","yoast_head_json":{"title":"TAGLIATELLA INTEGRAL SANTONI 250g - Colmado Singular","robots":{"index":"index","follow":"follow","max-snippet":"max-snippet:-1","max-image-preview":"max-image-preview:large","max-video-preview":"max-video-preview:-1"},"canonical":"https:\/\/colmadosingular.com\/ca\/producto\/tostarella-santoni-250g-copia-2\/","og_locale":"ca_ES","og_type":"article","og_title":"TAGLIATELLA INTEGRAL SANTONI 250g - Colmado Singular","og_description":"PASTA SANTONI  La pasta Santoni \u00e9s una pasta artesanal italiana d'alta qualitat, elaborada amb farina de blat dur seleccionada i ous frescos, cosa que li atorga un color daurat intens, una textura sedosa i un sabor profund. El seu assecat lent a baixa temperatura garanteix una estructura ferma i porosa, ideal per absorbir salses i mantenir una cocci\u00f3 perfecta al dente. Disponible en diferents formats, \u00e9s l'elecci\u00f3 ideal per als que busquen una pasta amb autenticitat, tradici\u00f3 i excel\u00b7l\u00e8ncia a cada mos.  \u00c9s una pasta amb sabor delicat, per\u00f2 notori; seria id\u00f2nia per cuinar amb verdures de temporada i de sabor suau; peix, marisc i esp\u00e8cies. Amb una mica de mantega i herbes arom\u00e0tiques tamb\u00e9 n'hi hauria prou.  &nbsp;  &nbsp;","og_url":"https:\/\/colmadosingular.com\/ca\/producto\/tostarella-santoni-250g-copia-2\/","og_site_name":"Colmado Singular","article_modified_time":"2026-03-25T15:17:48+00:00","og_image":[{"width":1200,"height":1200,"url":"https:\/\/colmadosingular.com\/wp-content\/uploads\/2025\/04\/TON010_25110022Bxgris.jpg","type":"image\/jpeg"}],"twitter_card":"summary_large_image","twitter_misc":{"Temps estimat de lectura":"1 minut"},"schema":{"@context":"https:\/\/schema.org","@graph":[{"@type":"WebPage","@id":"https:\/\/colmadosingular.com\/ca\/producto\/tostarella-santoni-250g-copia-2\/","url":"https:\/\/colmadosingular.com\/ca\/producto\/tostarella-santoni-250g-copia-2\/","name":"TAGLIATELLA INTEGRAL SANTONI 250g - Colmado Singular","isPartOf":{"@id":"https:\/\/colmadosingular.com\/ca\/#website"},"primaryImageOfPage":{"@id":"https:\/\/colmadosingular.com\/ca\/producto\/tostarella-santoni-250g-copia-2\/#primaryimage"},"image":{"@id":"https:\/\/colmadosingular.com\/ca\/producto\/tostarella-santoni-250g-copia-2\/#primaryimage"},"thumbnailUrl":"https:\/\/colmadosingular.com\/wp-content\/uploads\/2025\/04\/TON010_25110022Bxgris.jpg","datePublished":"2025-05-02T15:13:14+00:00","dateModified":"2026-03-25T15:17:48+00:00","breadcrumb":{"@id":"https:\/\/colmadosingular.com\/ca\/producto\/tostarella-santoni-250g-copia-2\/#breadcrumb"},"inLanguage":"ca","potentialAction":[{"@type":"ReadAction","target":["https:\/\/colmadosingular.com\/ca\/producto\/tostarella-santoni-250g-copia-2\/"]}]},{"@type":"ImageObject","inLanguage":"ca","@id":"https:\/\/colmadosingular.com\/ca\/producto\/tostarella-santoni-250g-copia-2\/#primaryimage","url":"https:\/\/colmadosingular.com\/wp-content\/uploads\/2025\/04\/TON010_25110022Bxgris.jpg","contentUrl":"https:\/\/colmadosingular.com\/wp-content\/uploads\/2025\/04\/TON010_25110022Bxgris.jpg","width":1200,"height":1200},{"@type":"BreadcrumbList","@id":"https:\/\/colmadosingular.com\/ca\/producto\/tostarella-santoni-250g-copia-2\/#breadcrumb","itemListElement":[{"@type":"ListItem","position":1,"name":"Portada","item":"https:\/\/colmadosingular.com\/ca\/inici\/"},{"@type":"ListItem","position":2,"name":"BOTIGA","item":"https:\/\/colmadosingular.com\/ca\/shop\/"},{"@type":"ListItem","position":3,"name":"TAGLIATELLA INTEGRAL SANTONI 250g"}]},{"@type":"WebSite","@id":"https:\/\/colmadosingular.com\/ca\/#website","url":"https:\/\/colmadosingular.com\/ca\/","name":"Colmado Singular","description":"","publisher":{"@id":"https:\/\/colmadosingular.com\/ca\/#organization"},"potentialAction":[{"@type":"SearchAction","target":{"@type":"EntryPoint","urlTemplate":"https:\/\/colmadosingular.com\/ca\/?s={search_term_string}"},"query-input":{"@type":"PropertyValueSpecification","valueRequired":true,"valueName":"search_term_string"}}],"inLanguage":"ca"},{"@type":"Organization","@id":"https:\/\/colmadosingular.com\/ca\/#organization","name":"Colmado Singular","url":"https:\/\/colmadosingular.com\/ca\/","logo":{"@type":"ImageObject","inLanguage":"ca","@id":"https:\/\/colmadosingular.com\/ca\/#\/schema\/logo\/image\/","url":"https:\/\/colmadosingular.com\/wp-content\/uploads\/2024\/08\/logo-colmado.svg","contentUrl":"https:\/\/colmadosingular.com\/wp-content\/uploads\/2024\/08\/logo-colmado.svg","width":620,"height":50,"caption":"Colmado Singular"},"image":{"@id":"https:\/\/colmadosingular.com\/ca\/#\/schema\/logo\/image\/"}}]}},"_links":{"self":[{"href":"https:\/\/colmadosingular.com\/ca\/wp-json\/wp\/v2\/product\/989311","targetHints":{"allow":["GET"]}}],"collection":[{"href":"https:\/\/colmadosingular.com\/ca\/wp-json\/wp\/v2\/product"}],"about":[{"href":"https:\/\/colmadosingular.com\/ca\/wp-json\/wp\/v2\/types\/product"}],"wp:featuredmedia":[{"embeddable":true,"href":"https:\/\/colmadosingular.com\/ca\/wp-json\/wp\/v2\/media\/989227"}],"wp:attachment":[{"href":"https:\/\/colmadosingular.com\/ca\/wp-json\/wp\/v2\/media?parent=989311"}],"wp:term":[{"taxonomy":"product_brand","embeddable":true,"href":"https:\/\/colmadosingular.com\/ca\/wp-json\/wp\/v2\/product_brand?post=989311"},{"taxonomy":"product_cat","embeddable":true,"href":"https:\/\/colmadosingular.com\/ca\/wp-json\/wp\/v2\/product_cat?post=989311"},{"taxonomy":"product_tag","embeddable":true,"href":"https:\/\/colmadosingular.com\/ca\/wp-json\/wp\/v2\/product_tag?post=989311"}],"curies":[{"name":"wp","href":"https:\/\/api.w.org\/{rel}","templated":true}]}}