{"id":990799,"date":"2025-07-01T12:04:09","date_gmt":"2025-07-01T10:04:09","guid":{"rendered":"https:\/\/colmadosingular.com\/?post_type=product&#038;p=990799"},"modified":"2026-02-23T09:28:02","modified_gmt":"2026-02-23T08:28:02","slug":"bruschetta-amb-pomodoro-fresc-copia","status":"publish","type":"product","link":"https:\/\/colmadosingular.com\/ca\/producto\/bruschetta-amb-pomodoro-fresc-copia\/","title":{"rendered":"ALBERG\u00cdNIA LAMINADA A LA BRASA A BORSA 800g"},"content":{"rendered":"","protected":false},"excerpt":{"rendered":"<p>DE CARLO<\/p>\n<p>Les alberg\u00ednies De Carlo es processen fresques, poques hores despr\u00e9s de la collita. Aquesta hortalissa d&#8217;estiu de la regi\u00f3 de la Pulla \u00e9s un producte baix en calories, ideal per a tot tipus de dietes. Les esp\u00e8cies i l&#8217;oli d&#8217;oliva verge extra De Carlo combinen perfectament amb el sabor intens de les alberg\u00ednies. Tots els ingredients s\u00f3n cultivats a la Finca Agr\u00edcola De Carlo.   <\/p>\n<p>&nbsp;<\/p>\n","protected":false},"featured_media":990804,"template":"","meta":{"_acf_changed":false,"_monsterinsights_skip_tracking":false,"_monsterinsights_sitenote_active":false,"_monsterinsights_sitenote_note":"","_monsterinsights_sitenote_category":0,"_joinchat":[]},"product_brand":[],"product_cat":[232,241],"product_tag":[],"class_list":{"0":"post-990799","1":"product","2":"type-product","3":"status-publish","4":"has-post-thumbnail","6":"product_cat-conserves-vegetals","7":"product_cat-varies","9":"first","10":"instock","11":"taxable","12":"shipping-taxable","13":"purchasable","14":"product-type-simple"},"acf":[],"yoast_head":"<!-- This site is optimized with the Yoast SEO plugin v24.8.1 - https:\/\/yoast.com\/wordpress\/plugins\/seo\/ -->\n<title>ALBERG\u00cdNIA LAMINADA A LA BRASA A BORSA 800g - Colmado Singular<\/title>\n<meta name=\"robots\" content=\"index, follow, max-snippet:-1, max-image-preview:large, max-video-preview:-1\" \/>\n<link rel=\"canonical\" href=\"https:\/\/colmadosingular.com\/ca\/producto\/bruschetta-amb-pomodoro-fresc-copia\/\" \/>\n<meta property=\"og:locale\" content=\"ca_ES\" \/>\n<meta property=\"og:type\" content=\"article\" \/>\n<meta property=\"og:title\" content=\"ALBERG\u00cdNIA LAMINADA A LA BRASA A BORSA 800g - Colmado Singular\" \/>\n<meta property=\"og:description\" content=\"DE CARLO Les alberg\u00ednies De Carlo es processen fresques, poques hores despr\u00e9s de la collita. Aquesta hortalissa d&#039;estiu de la regi\u00f3 de la Pulla \u00e9s un producte baix en calories, ideal per a tot tipus de dietes. Les esp\u00e8cies i l&#039;oli d&#039;oliva verge extra De Carlo combinen perfectament amb el sabor intens de les alberg\u00ednies. Tots els ingredients s\u00f3n cultivats a la Finca Agr\u00edcola De Carlo.   &nbsp;\" \/>\n<meta property=\"og:url\" content=\"https:\/\/colmadosingular.com\/ca\/producto\/bruschetta-amb-pomodoro-fresc-copia\/\" \/>\n<meta property=\"og:site_name\" content=\"Colmado Singular\" \/>\n<meta property=\"article:modified_time\" content=\"2026-02-23T08:28:02+00:00\" \/>\n<meta property=\"og:image\" content=\"https:\/\/colmadosingular.com\/wp-content\/uploads\/2025\/07\/DC055_25280076Bxgris.jpg\" \/>\n\t<meta property=\"og:image:width\" content=\"1200\" \/>\n\t<meta property=\"og:image:height\" content=\"1200\" \/>\n\t<meta property=\"og:image:type\" content=\"image\/jpeg\" \/>\n<meta name=\"twitter:card\" content=\"summary_large_image\" \/>\n<script type=\"application\/ld+json\" class=\"yoast-schema-graph\">{\"@context\":\"https:\/\/schema.org\",\"@graph\":[{\"@type\":\"WebPage\",\"@id\":\"https:\/\/colmadosingular.com\/ca\/producto\/bruschetta-amb-pomodoro-fresc-copia\/\",\"url\":\"https:\/\/colmadosingular.com\/ca\/producto\/bruschetta-amb-pomodoro-fresc-copia\/\",\"name\":\"ALBERG\u00cdNIA LAMINADA A LA BRASA A BORSA 800g - Colmado Singular\",\"isPartOf\":{\"@id\":\"https:\/\/colmadosingular.com\/ca\/#website\"},\"primaryImageOfPage\":{\"@id\":\"https:\/\/colmadosingular.com\/ca\/producto\/bruschetta-amb-pomodoro-fresc-copia\/#primaryimage\"},\"image\":{\"@id\":\"https:\/\/colmadosingular.com\/ca\/producto\/bruschetta-amb-pomodoro-fresc-copia\/#primaryimage\"},\"thumbnailUrl\":\"https:\/\/colmadosingular.com\/wp-content\/uploads\/2025\/07\/DC055_25280076Bxgris.jpg\",\"datePublished\":\"2025-07-01T10:04:09+00:00\",\"dateModified\":\"2026-02-23T08:28:02+00:00\",\"breadcrumb\":{\"@id\":\"https:\/\/colmadosingular.com\/ca\/producto\/bruschetta-amb-pomodoro-fresc-copia\/#breadcrumb\"},\"inLanguage\":\"ca\",\"potentialAction\":[{\"@type\":\"ReadAction\",\"target\":[\"https:\/\/colmadosingular.com\/ca\/producto\/bruschetta-amb-pomodoro-fresc-copia\/\"]}]},{\"@type\":\"ImageObject\",\"inLanguage\":\"ca\",\"@id\":\"https:\/\/colmadosingular.com\/ca\/producto\/bruschetta-amb-pomodoro-fresc-copia\/#primaryimage\",\"url\":\"https:\/\/colmadosingular.com\/wp-content\/uploads\/2025\/07\/DC055_25280076Bxgris.jpg\",\"contentUrl\":\"https:\/\/colmadosingular.com\/wp-content\/uploads\/2025\/07\/DC055_25280076Bxgris.jpg\",\"width\":1200,\"height\":1200},{\"@type\":\"BreadcrumbList\",\"@id\":\"https:\/\/colmadosingular.com\/ca\/producto\/bruschetta-amb-pomodoro-fresc-copia\/#breadcrumb\",\"itemListElement\":[{\"@type\":\"ListItem\",\"position\":1,\"name\":\"Portada\",\"item\":\"https:\/\/colmadosingular.com\/ca\/inici\/\"},{\"@type\":\"ListItem\",\"position\":2,\"name\":\"BOTIGA\",\"item\":\"https:\/\/colmadosingular.com\/ca\/shop\/\"},{\"@type\":\"ListItem\",\"position\":3,\"name\":\"ALBERG\u00cdNIA LAMINADA A LA BRASA A BORSA 800g\"}]},{\"@type\":\"WebSite\",\"@id\":\"https:\/\/colmadosingular.com\/ca\/#website\",\"url\":\"https:\/\/colmadosingular.com\/ca\/\",\"name\":\"Colmado Singular\",\"description\":\"\",\"publisher\":{\"@id\":\"https:\/\/colmadosingular.com\/ca\/#organization\"},\"potentialAction\":[{\"@type\":\"SearchAction\",\"target\":{\"@type\":\"EntryPoint\",\"urlTemplate\":\"https:\/\/colmadosingular.com\/ca\/?s={search_term_string}\"},\"query-input\":{\"@type\":\"PropertyValueSpecification\",\"valueRequired\":true,\"valueName\":\"search_term_string\"}}],\"inLanguage\":\"ca\"},{\"@type\":\"Organization\",\"@id\":\"https:\/\/colmadosingular.com\/ca\/#organization\",\"name\":\"Colmado Singular\",\"url\":\"https:\/\/colmadosingular.com\/ca\/\",\"logo\":{\"@type\":\"ImageObject\",\"inLanguage\":\"ca\",\"@id\":\"https:\/\/colmadosingular.com\/ca\/#\/schema\/logo\/image\/\",\"url\":\"https:\/\/colmadosingular.com\/wp-content\/uploads\/2024\/08\/logo-colmado.svg\",\"contentUrl\":\"https:\/\/colmadosingular.com\/wp-content\/uploads\/2024\/08\/logo-colmado.svg\",\"width\":620,\"height\":50,\"caption\":\"Colmado Singular\"},\"image\":{\"@id\":\"https:\/\/colmadosingular.com\/ca\/#\/schema\/logo\/image\/\"}}]}<\/script>\n<!-- \/ Yoast SEO plugin. -->","yoast_head_json":{"title":"ALBERG\u00cdNIA LAMINADA A LA BRASA A BORSA 800g - Colmado Singular","robots":{"index":"index","follow":"follow","max-snippet":"max-snippet:-1","max-image-preview":"max-image-preview:large","max-video-preview":"max-video-preview:-1"},"canonical":"https:\/\/colmadosingular.com\/ca\/producto\/bruschetta-amb-pomodoro-fresc-copia\/","og_locale":"ca_ES","og_type":"article","og_title":"ALBERG\u00cdNIA LAMINADA A LA BRASA A BORSA 800g - Colmado Singular","og_description":"DE CARLO Les alberg\u00ednies De Carlo es processen fresques, poques hores despr\u00e9s de la collita. Aquesta hortalissa d'estiu de la regi\u00f3 de la Pulla \u00e9s un producte baix en calories, ideal per a tot tipus de dietes. Les esp\u00e8cies i l'oli d'oliva verge extra De Carlo combinen perfectament amb el sabor intens de les alberg\u00ednies. Tots els ingredients s\u00f3n cultivats a la Finca Agr\u00edcola De Carlo.   &nbsp;","og_url":"https:\/\/colmadosingular.com\/ca\/producto\/bruschetta-amb-pomodoro-fresc-copia\/","og_site_name":"Colmado Singular","article_modified_time":"2026-02-23T08:28:02+00:00","og_image":[{"width":1200,"height":1200,"url":"https:\/\/colmadosingular.com\/wp-content\/uploads\/2025\/07\/DC055_25280076Bxgris.jpg","type":"image\/jpeg"}],"twitter_card":"summary_large_image","schema":{"@context":"https:\/\/schema.org","@graph":[{"@type":"WebPage","@id":"https:\/\/colmadosingular.com\/ca\/producto\/bruschetta-amb-pomodoro-fresc-copia\/","url":"https:\/\/colmadosingular.com\/ca\/producto\/bruschetta-amb-pomodoro-fresc-copia\/","name":"ALBERG\u00cdNIA LAMINADA A LA BRASA A BORSA 800g - Colmado Singular","isPartOf":{"@id":"https:\/\/colmadosingular.com\/ca\/#website"},"primaryImageOfPage":{"@id":"https:\/\/colmadosingular.com\/ca\/producto\/bruschetta-amb-pomodoro-fresc-copia\/#primaryimage"},"image":{"@id":"https:\/\/colmadosingular.com\/ca\/producto\/bruschetta-amb-pomodoro-fresc-copia\/#primaryimage"},"thumbnailUrl":"https:\/\/colmadosingular.com\/wp-content\/uploads\/2025\/07\/DC055_25280076Bxgris.jpg","datePublished":"2025-07-01T10:04:09+00:00","dateModified":"2026-02-23T08:28:02+00:00","breadcrumb":{"@id":"https:\/\/colmadosingular.com\/ca\/producto\/bruschetta-amb-pomodoro-fresc-copia\/#breadcrumb"},"inLanguage":"ca","potentialAction":[{"@type":"ReadAction","target":["https:\/\/colmadosingular.com\/ca\/producto\/bruschetta-amb-pomodoro-fresc-copia\/"]}]},{"@type":"ImageObject","inLanguage":"ca","@id":"https:\/\/colmadosingular.com\/ca\/producto\/bruschetta-amb-pomodoro-fresc-copia\/#primaryimage","url":"https:\/\/colmadosingular.com\/wp-content\/uploads\/2025\/07\/DC055_25280076Bxgris.jpg","contentUrl":"https:\/\/colmadosingular.com\/wp-content\/uploads\/2025\/07\/DC055_25280076Bxgris.jpg","width":1200,"height":1200},{"@type":"BreadcrumbList","@id":"https:\/\/colmadosingular.com\/ca\/producto\/bruschetta-amb-pomodoro-fresc-copia\/#breadcrumb","itemListElement":[{"@type":"ListItem","position":1,"name":"Portada","item":"https:\/\/colmadosingular.com\/ca\/inici\/"},{"@type":"ListItem","position":2,"name":"BOTIGA","item":"https:\/\/colmadosingular.com\/ca\/shop\/"},{"@type":"ListItem","position":3,"name":"ALBERG\u00cdNIA LAMINADA A LA BRASA A BORSA 800g"}]},{"@type":"WebSite","@id":"https:\/\/colmadosingular.com\/ca\/#website","url":"https:\/\/colmadosingular.com\/ca\/","name":"Colmado Singular","description":"","publisher":{"@id":"https:\/\/colmadosingular.com\/ca\/#organization"},"potentialAction":[{"@type":"SearchAction","target":{"@type":"EntryPoint","urlTemplate":"https:\/\/colmadosingular.com\/ca\/?s={search_term_string}"},"query-input":{"@type":"PropertyValueSpecification","valueRequired":true,"valueName":"search_term_string"}}],"inLanguage":"ca"},{"@type":"Organization","@id":"https:\/\/colmadosingular.com\/ca\/#organization","name":"Colmado Singular","url":"https:\/\/colmadosingular.com\/ca\/","logo":{"@type":"ImageObject","inLanguage":"ca","@id":"https:\/\/colmadosingular.com\/ca\/#\/schema\/logo\/image\/","url":"https:\/\/colmadosingular.com\/wp-content\/uploads\/2024\/08\/logo-colmado.svg","contentUrl":"https:\/\/colmadosingular.com\/wp-content\/uploads\/2024\/08\/logo-colmado.svg","width":620,"height":50,"caption":"Colmado Singular"},"image":{"@id":"https:\/\/colmadosingular.com\/ca\/#\/schema\/logo\/image\/"}}]}},"_links":{"self":[{"href":"https:\/\/colmadosingular.com\/ca\/wp-json\/wp\/v2\/product\/990799","targetHints":{"allow":["GET"]}}],"collection":[{"href":"https:\/\/colmadosingular.com\/ca\/wp-json\/wp\/v2\/product"}],"about":[{"href":"https:\/\/colmadosingular.com\/ca\/wp-json\/wp\/v2\/types\/product"}],"wp:featuredmedia":[{"embeddable":true,"href":"https:\/\/colmadosingular.com\/ca\/wp-json\/wp\/v2\/media\/990804"}],"wp:attachment":[{"href":"https:\/\/colmadosingular.com\/ca\/wp-json\/wp\/v2\/media?parent=990799"}],"wp:term":[{"taxonomy":"product_brand","embeddable":true,"href":"https:\/\/colmadosingular.com\/ca\/wp-json\/wp\/v2\/product_brand?post=990799"},{"taxonomy":"product_cat","embeddable":true,"href":"https:\/\/colmadosingular.com\/ca\/wp-json\/wp\/v2\/product_cat?post=990799"},{"taxonomy":"product_tag","embeddable":true,"href":"https:\/\/colmadosingular.com\/ca\/wp-json\/wp\/v2\/product_tag?post=990799"}],"curies":[{"name":"wp","href":"https:\/\/api.w.org\/{rel}","templated":true}]}}