{"id":994621,"date":"2025-10-10T16:10:31","date_gmt":"2025-10-10T14:10:31","guid":{"rendered":"https:\/\/colmadosingular.com\/?post_type=product&#038;p=994621"},"modified":"2026-03-27T12:29:04","modified_gmt":"2026-03-27T11:29:04","slug":"sal-de-chile-y-ajo-100g","status":"publish","type":"product","link":"https:\/\/colmadosingular.com\/ca\/producto\/sal-de-chile-y-ajo-100g\/","title":{"rendered":"SAL DE XILE I ALL 100g"},"content":{"rendered":"","protected":false},"excerpt":{"rendered":"<p>HALEN M\u00d4N<\/p>\n<p>Imagina una sal que no nom\u00e9s real\u00e7a els sabors, sin\u00f3 que els transforma en una cosa m\u00e9s addictiva. Halen M\u00f4n treu una altra estrella a l&#8217;escenari; una barreja de picant mitj\u00e0 de Xile ample i caiena, amb all rostit i la seva famosa Sal Marina Pura. El xile ample aporta la seva calidesa fumada, mentre la caiena desperta el paladar amb un cop m\u00e9s intens. L&#8217;all rostit s&#8217;uneix a la festa i deixa un fons m\u00e9s arom\u00e0tic. Al centre de tot, la puresa cristal\u00b7lina de la Sal Marina Pura, que serveix d&#8217;unci\u00f3 a tot aix\u00f2.    <\/p>\n<p>Idees:<\/p>\n<ul>\n<li>Sobre uns trossos de m\u00e0nec madur o pinya molt dol\u00e7a.<\/li>\n<li>Per a cocteleria, un bon pessic a la vora humit d&#8217;un got de Bloody Mary o una margarida.<\/li>\n<li>Afegir un pessic a la massa d&#8217;un past\u00eds de xocolata negra abans de coure per donar-li un toc de picant.<\/li>\n<li>Tritureu mitja culleradeta en un pot de pebrots vermells rostits juntament amb unes dents d&#8217;all.<\/li>\n<\/ul>\n","protected":false},"featured_media":994623,"template":"","meta":{"_acf_changed":false,"_monsterinsights_skip_tracking":false,"_monsterinsights_sitenote_active":false,"_monsterinsights_sitenote_note":"","_monsterinsights_sitenote_category":0,"_joinchat":[]},"product_brand":[],"product_cat":[248,257],"product_tag":[],"class_list":{"0":"post-994621","1":"product","2":"type-product","3":"status-publish","4":"has-post-thumbnail","6":"product_cat-especies-i-condiments","7":"product_cat-sal-especies-i-condiments","9":"first","10":"instock","11":"taxable","12":"shipping-taxable","13":"purchasable","14":"product-type-simple"},"acf":[],"yoast_head":"<!-- This site is optimized with the Yoast SEO plugin v24.8.1 - https:\/\/yoast.com\/wordpress\/plugins\/seo\/ -->\n<title>SAL DE XILE I ALL 100g - Colmado Singular<\/title>\n<meta name=\"robots\" content=\"index, follow, max-snippet:-1, max-image-preview:large, max-video-preview:-1\" \/>\n<link rel=\"canonical\" href=\"https:\/\/colmadosingular.com\/ca\/producto\/sal-de-chile-y-ajo-100g\/\" \/>\n<meta property=\"og:locale\" content=\"ca_ES\" \/>\n<meta property=\"og:type\" content=\"article\" \/>\n<meta property=\"og:title\" content=\"SAL DE XILE I ALL 100g - Colmado Singular\" \/>\n<meta property=\"og:description\" content=\"HALEN M\u00d4N Imagina una sal que no nom\u00e9s real\u00e7a els sabors, sin\u00f3 que els transforma en una cosa m\u00e9s addictiva. Halen M\u00f4n treu una altra estrella a l&#039;escenari; una barreja de picant mitj\u00e0 de Xile ample i caiena, amb all rostit i la seva famosa Sal Marina Pura. El xile ample aporta la seva calidesa fumada, mentre la caiena desperta el paladar amb un cop m\u00e9s intens. L&#039;all rostit s&#039;uneix a la festa i deixa un fons m\u00e9s arom\u00e0tic. Al centre de tot, la puresa cristal\u00b7lina de la Sal Marina Pura, que serveix d&#039;unci\u00f3 a tot aix\u00f2.   Idees:  Sobre uns trossos de m\u00e0nec madur o pinya molt dol\u00e7a.  Per a cocteleria, un bon pessic a la vora humit d&#039;un got de Bloody Mary o una margarida.  Afegir un pessic a la massa d&#039;un past\u00eds de xocolata negra abans de coure per donar-li un toc de picant.  Tritureu mitja culleradeta en un pot de pebrots vermells rostits juntament amb unes dents d&#039;all.\" \/>\n<meta property=\"og:url\" content=\"https:\/\/colmadosingular.com\/ca\/producto\/sal-de-chile-y-ajo-100g\/\" \/>\n<meta property=\"og:site_name\" content=\"Colmado Singular\" \/>\n<meta property=\"article:modified_time\" content=\"2026-03-27T11:29:04+00:00\" \/>\n<meta property=\"og:image\" content=\"https:\/\/colmadosingular.com\/wp-content\/uploads\/2025\/10\/HM047_25410079Bxgris.jpg\" \/>\n\t<meta property=\"og:image:width\" content=\"1200\" \/>\n\t<meta property=\"og:image:height\" content=\"1200\" \/>\n\t<meta property=\"og:image:type\" content=\"image\/jpeg\" \/>\n<meta name=\"twitter:card\" content=\"summary_large_image\" \/>\n<meta name=\"twitter:label1\" content=\"Temps estimat de lectura\" \/>\n\t<meta name=\"twitter:data1\" content=\"1 minut\" \/>\n<script type=\"application\/ld+json\" class=\"yoast-schema-graph\">{\"@context\":\"https:\/\/schema.org\",\"@graph\":[{\"@type\":\"WebPage\",\"@id\":\"https:\/\/colmadosingular.com\/ca\/producto\/sal-de-chile-y-ajo-100g\/\",\"url\":\"https:\/\/colmadosingular.com\/ca\/producto\/sal-de-chile-y-ajo-100g\/\",\"name\":\"SAL DE XILE I ALL 100g - Colmado Singular\",\"isPartOf\":{\"@id\":\"https:\/\/colmadosingular.com\/ca\/#website\"},\"primaryImageOfPage\":{\"@id\":\"https:\/\/colmadosingular.com\/ca\/producto\/sal-de-chile-y-ajo-100g\/#primaryimage\"},\"image\":{\"@id\":\"https:\/\/colmadosingular.com\/ca\/producto\/sal-de-chile-y-ajo-100g\/#primaryimage\"},\"thumbnailUrl\":\"https:\/\/colmadosingular.com\/wp-content\/uploads\/2025\/10\/HM047_25410079Bxgris.jpg\",\"datePublished\":\"2025-10-10T14:10:31+00:00\",\"dateModified\":\"2026-03-27T11:29:04+00:00\",\"breadcrumb\":{\"@id\":\"https:\/\/colmadosingular.com\/ca\/producto\/sal-de-chile-y-ajo-100g\/#breadcrumb\"},\"inLanguage\":\"ca\",\"potentialAction\":[{\"@type\":\"ReadAction\",\"target\":[\"https:\/\/colmadosingular.com\/ca\/producto\/sal-de-chile-y-ajo-100g\/\"]}]},{\"@type\":\"ImageObject\",\"inLanguage\":\"ca\",\"@id\":\"https:\/\/colmadosingular.com\/ca\/producto\/sal-de-chile-y-ajo-100g\/#primaryimage\",\"url\":\"https:\/\/colmadosingular.com\/wp-content\/uploads\/2025\/10\/HM047_25410079Bxgris.jpg\",\"contentUrl\":\"https:\/\/colmadosingular.com\/wp-content\/uploads\/2025\/10\/HM047_25410079Bxgris.jpg\",\"width\":1200,\"height\":1200},{\"@type\":\"BreadcrumbList\",\"@id\":\"https:\/\/colmadosingular.com\/ca\/producto\/sal-de-chile-y-ajo-100g\/#breadcrumb\",\"itemListElement\":[{\"@type\":\"ListItem\",\"position\":1,\"name\":\"Portada\",\"item\":\"https:\/\/colmadosingular.com\/ca\/inici\/\"},{\"@type\":\"ListItem\",\"position\":2,\"name\":\"BOTIGA\",\"item\":\"https:\/\/colmadosingular.com\/ca\/shop\/\"},{\"@type\":\"ListItem\",\"position\":3,\"name\":\"SAL DE XILE I ALL 100g\"}]},{\"@type\":\"WebSite\",\"@id\":\"https:\/\/colmadosingular.com\/ca\/#website\",\"url\":\"https:\/\/colmadosingular.com\/ca\/\",\"name\":\"Colmado Singular\",\"description\":\"\",\"publisher\":{\"@id\":\"https:\/\/colmadosingular.com\/ca\/#organization\"},\"potentialAction\":[{\"@type\":\"SearchAction\",\"target\":{\"@type\":\"EntryPoint\",\"urlTemplate\":\"https:\/\/colmadosingular.com\/ca\/?s={search_term_string}\"},\"query-input\":{\"@type\":\"PropertyValueSpecification\",\"valueRequired\":true,\"valueName\":\"search_term_string\"}}],\"inLanguage\":\"ca\"},{\"@type\":\"Organization\",\"@id\":\"https:\/\/colmadosingular.com\/ca\/#organization\",\"name\":\"Colmado Singular\",\"url\":\"https:\/\/colmadosingular.com\/ca\/\",\"logo\":{\"@type\":\"ImageObject\",\"inLanguage\":\"ca\",\"@id\":\"https:\/\/colmadosingular.com\/ca\/#\/schema\/logo\/image\/\",\"url\":\"https:\/\/colmadosingular.com\/wp-content\/uploads\/2024\/08\/logo-colmado.svg\",\"contentUrl\":\"https:\/\/colmadosingular.com\/wp-content\/uploads\/2024\/08\/logo-colmado.svg\",\"width\":620,\"height\":50,\"caption\":\"Colmado Singular\"},\"image\":{\"@id\":\"https:\/\/colmadosingular.com\/ca\/#\/schema\/logo\/image\/\"}}]}<\/script>\n<!-- \/ Yoast SEO plugin. -->","yoast_head_json":{"title":"SAL DE XILE I ALL 100g - Colmado Singular","robots":{"index":"index","follow":"follow","max-snippet":"max-snippet:-1","max-image-preview":"max-image-preview:large","max-video-preview":"max-video-preview:-1"},"canonical":"https:\/\/colmadosingular.com\/ca\/producto\/sal-de-chile-y-ajo-100g\/","og_locale":"ca_ES","og_type":"article","og_title":"SAL DE XILE I ALL 100g - Colmado Singular","og_description":"HALEN M\u00d4N Imagina una sal que no nom\u00e9s real\u00e7a els sabors, sin\u00f3 que els transforma en una cosa m\u00e9s addictiva. Halen M\u00f4n treu una altra estrella a l'escenari; una barreja de picant mitj\u00e0 de Xile ample i caiena, amb all rostit i la seva famosa Sal Marina Pura. El xile ample aporta la seva calidesa fumada, mentre la caiena desperta el paladar amb un cop m\u00e9s intens. L'all rostit s'uneix a la festa i deixa un fons m\u00e9s arom\u00e0tic. Al centre de tot, la puresa cristal\u00b7lina de la Sal Marina Pura, que serveix d'unci\u00f3 a tot aix\u00f2.   Idees:  Sobre uns trossos de m\u00e0nec madur o pinya molt dol\u00e7a.  Per a cocteleria, un bon pessic a la vora humit d'un got de Bloody Mary o una margarida.  Afegir un pessic a la massa d'un past\u00eds de xocolata negra abans de coure per donar-li un toc de picant.  Tritureu mitja culleradeta en un pot de pebrots vermells rostits juntament amb unes dents d'all.","og_url":"https:\/\/colmadosingular.com\/ca\/producto\/sal-de-chile-y-ajo-100g\/","og_site_name":"Colmado Singular","article_modified_time":"2026-03-27T11:29:04+00:00","og_image":[{"width":1200,"height":1200,"url":"https:\/\/colmadosingular.com\/wp-content\/uploads\/2025\/10\/HM047_25410079Bxgris.jpg","type":"image\/jpeg"}],"twitter_card":"summary_large_image","twitter_misc":{"Temps estimat de lectura":"1 minut"},"schema":{"@context":"https:\/\/schema.org","@graph":[{"@type":"WebPage","@id":"https:\/\/colmadosingular.com\/ca\/producto\/sal-de-chile-y-ajo-100g\/","url":"https:\/\/colmadosingular.com\/ca\/producto\/sal-de-chile-y-ajo-100g\/","name":"SAL DE XILE I ALL 100g - Colmado Singular","isPartOf":{"@id":"https:\/\/colmadosingular.com\/ca\/#website"},"primaryImageOfPage":{"@id":"https:\/\/colmadosingular.com\/ca\/producto\/sal-de-chile-y-ajo-100g\/#primaryimage"},"image":{"@id":"https:\/\/colmadosingular.com\/ca\/producto\/sal-de-chile-y-ajo-100g\/#primaryimage"},"thumbnailUrl":"https:\/\/colmadosingular.com\/wp-content\/uploads\/2025\/10\/HM047_25410079Bxgris.jpg","datePublished":"2025-10-10T14:10:31+00:00","dateModified":"2026-03-27T11:29:04+00:00","breadcrumb":{"@id":"https:\/\/colmadosingular.com\/ca\/producto\/sal-de-chile-y-ajo-100g\/#breadcrumb"},"inLanguage":"ca","potentialAction":[{"@type":"ReadAction","target":["https:\/\/colmadosingular.com\/ca\/producto\/sal-de-chile-y-ajo-100g\/"]}]},{"@type":"ImageObject","inLanguage":"ca","@id":"https:\/\/colmadosingular.com\/ca\/producto\/sal-de-chile-y-ajo-100g\/#primaryimage","url":"https:\/\/colmadosingular.com\/wp-content\/uploads\/2025\/10\/HM047_25410079Bxgris.jpg","contentUrl":"https:\/\/colmadosingular.com\/wp-content\/uploads\/2025\/10\/HM047_25410079Bxgris.jpg","width":1200,"height":1200},{"@type":"BreadcrumbList","@id":"https:\/\/colmadosingular.com\/ca\/producto\/sal-de-chile-y-ajo-100g\/#breadcrumb","itemListElement":[{"@type":"ListItem","position":1,"name":"Portada","item":"https:\/\/colmadosingular.com\/ca\/inici\/"},{"@type":"ListItem","position":2,"name":"BOTIGA","item":"https:\/\/colmadosingular.com\/ca\/shop\/"},{"@type":"ListItem","position":3,"name":"SAL DE XILE I ALL 100g"}]},{"@type":"WebSite","@id":"https:\/\/colmadosingular.com\/ca\/#website","url":"https:\/\/colmadosingular.com\/ca\/","name":"Colmado Singular","description":"","publisher":{"@id":"https:\/\/colmadosingular.com\/ca\/#organization"},"potentialAction":[{"@type":"SearchAction","target":{"@type":"EntryPoint","urlTemplate":"https:\/\/colmadosingular.com\/ca\/?s={search_term_string}"},"query-input":{"@type":"PropertyValueSpecification","valueRequired":true,"valueName":"search_term_string"}}],"inLanguage":"ca"},{"@type":"Organization","@id":"https:\/\/colmadosingular.com\/ca\/#organization","name":"Colmado Singular","url":"https:\/\/colmadosingular.com\/ca\/","logo":{"@type":"ImageObject","inLanguage":"ca","@id":"https:\/\/colmadosingular.com\/ca\/#\/schema\/logo\/image\/","url":"https:\/\/colmadosingular.com\/wp-content\/uploads\/2024\/08\/logo-colmado.svg","contentUrl":"https:\/\/colmadosingular.com\/wp-content\/uploads\/2024\/08\/logo-colmado.svg","width":620,"height":50,"caption":"Colmado Singular"},"image":{"@id":"https:\/\/colmadosingular.com\/ca\/#\/schema\/logo\/image\/"}}]}},"_links":{"self":[{"href":"https:\/\/colmadosingular.com\/ca\/wp-json\/wp\/v2\/product\/994621","targetHints":{"allow":["GET"]}}],"collection":[{"href":"https:\/\/colmadosingular.com\/ca\/wp-json\/wp\/v2\/product"}],"about":[{"href":"https:\/\/colmadosingular.com\/ca\/wp-json\/wp\/v2\/types\/product"}],"wp:featuredmedia":[{"embeddable":true,"href":"https:\/\/colmadosingular.com\/ca\/wp-json\/wp\/v2\/media\/994623"}],"wp:attachment":[{"href":"https:\/\/colmadosingular.com\/ca\/wp-json\/wp\/v2\/media?parent=994621"}],"wp:term":[{"taxonomy":"product_brand","embeddable":true,"href":"https:\/\/colmadosingular.com\/ca\/wp-json\/wp\/v2\/product_brand?post=994621"},{"taxonomy":"product_cat","embeddable":true,"href":"https:\/\/colmadosingular.com\/ca\/wp-json\/wp\/v2\/product_cat?post=994621"},{"taxonomy":"product_tag","embeddable":true,"href":"https:\/\/colmadosingular.com\/ca\/wp-json\/wp\/v2\/product_tag?post=994621"}],"curies":[{"name":"wp","href":"https:\/\/api.w.org\/{rel}","templated":true}]}}