{"id":994625,"date":"2025-10-10T16:14:33","date_gmt":"2025-10-10T14:14:33","guid":{"rendered":"https:\/\/colmadosingular.com\/?post_type=product&#038;p=994625"},"modified":"2026-03-17T16:19:34","modified_gmt":"2026-03-17T15:19:34","slug":"popeth-100g-copia","status":"publish","type":"product","link":"https:\/\/colmadosingular.com\/ca\/producto\/popeth-100g-copia\/","title":{"rendered":"PAWB HALEN M\u00d4N 100g"},"content":{"rendered":"","protected":false},"excerpt":{"rendered":"<p>HALEN M\u00d4N<\/p>\n<p>Mediterrani, fumat i molt sabor\u00f3s; Pawb \u00e9s una barreja de la Sal Marina Pura de Halen M\u00f4n amb com\u00ed i coriandre torrats, pebre vermell fumat i orenga. \u00c9s tremendament vers\u00e0til, es pot empolvorar sobre verdures al forn, pollastre o l\u00e0mines de patata abans de portar-los al forn, o afegeix-lo just al final d&#8217;una salsa de tom\u00e0quet o bolonyesa. Pawb aporta a l&#8217;instant molta intensitat de sabor a la cuina quotidiana.<\/p>\n<p>Idees:<\/p>\n<ul>\n<li>Sobre ous fregits oa la planxa<\/li>\n<li>Patates rostides i fregides<\/li>\n<li>Peixos al forn<\/li>\n<li>Un dip de iogurt salat<\/li>\n<li>Una safata de verdures de temporada al forn<\/li>\n<\/ul>\n","protected":false},"featured_media":994628,"template":"","meta":{"_acf_changed":false,"_monsterinsights_skip_tracking":false,"_monsterinsights_sitenote_active":false,"_monsterinsights_sitenote_note":"","_monsterinsights_sitenote_category":0,"_joinchat":[]},"product_brand":[],"product_cat":[248,251],"product_tag":[],"class_list":{"0":"post-994625","1":"product","2":"type-product","3":"status-publish","4":"has-post-thumbnail","6":"product_cat-especies-i-condiments","7":"product_cat-condiments","9":"first","10":"instock","11":"taxable","12":"shipping-taxable","13":"purchasable","14":"product-type-simple"},"acf":[],"yoast_head":"<!-- This site is optimized with the Yoast SEO plugin v24.8.1 - https:\/\/yoast.com\/wordpress\/plugins\/seo\/ -->\n<title>PAWB HALEN M\u00d4N 100g - Colmado Singular<\/title>\n<meta name=\"robots\" content=\"index, follow, max-snippet:-1, max-image-preview:large, max-video-preview:-1\" \/>\n<link rel=\"canonical\" href=\"https:\/\/colmadosingular.com\/ca\/producto\/popeth-100g-copia\/\" \/>\n<meta property=\"og:locale\" content=\"ca_ES\" \/>\n<meta property=\"og:type\" content=\"article\" \/>\n<meta property=\"og:title\" content=\"PAWB HALEN M\u00d4N 100g - Colmado Singular\" \/>\n<meta property=\"og:description\" content=\"HALEN M\u00d4N  Mediterrani, fumat i molt sabor\u00f3s; Pawb \u00e9s una barreja de la Sal Marina Pura de Halen M\u00f4n amb com\u00ed i coriandre torrats, pebre vermell fumat i orenga. \u00c9s tremendament vers\u00e0til, es pot empolvorar sobre verdures al forn, pollastre o l\u00e0mines de patata abans de portar-los al forn, o afegeix-lo just al final d&#039;una salsa de tom\u00e0quet o bolonyesa. Pawb aporta a l&#039;instant molta intensitat de sabor a la cuina quotidiana.  Idees:   Sobre ous fregits oa la planxa  Patates rostides i fregides  Peixos al forn  Un dip de iogurt salat  Una safata de verdures de temporada al forn\" \/>\n<meta property=\"og:url\" content=\"https:\/\/colmadosingular.com\/ca\/producto\/popeth-100g-copia\/\" \/>\n<meta property=\"og:site_name\" content=\"Colmado Singular\" \/>\n<meta property=\"article:modified_time\" content=\"2026-03-17T15:19:34+00:00\" \/>\n<meta property=\"og:image\" content=\"https:\/\/colmadosingular.com\/wp-content\/uploads\/2025\/10\/HM048_25410083Bxgris-e1760105866139.jpg\" \/>\n\t<meta property=\"og:image:width\" content=\"1200\" \/>\n\t<meta property=\"og:image:height\" content=\"1200\" \/>\n\t<meta property=\"og:image:type\" content=\"image\/jpeg\" \/>\n<meta name=\"twitter:card\" content=\"summary_large_image\" \/>\n<meta name=\"twitter:label1\" content=\"Temps estimat de lectura\" \/>\n\t<meta name=\"twitter:data1\" content=\"1 minut\" \/>\n<script type=\"application\/ld+json\" class=\"yoast-schema-graph\">{\"@context\":\"https:\/\/schema.org\",\"@graph\":[{\"@type\":\"WebPage\",\"@id\":\"https:\/\/colmadosingular.com\/ca\/producto\/popeth-100g-copia\/\",\"url\":\"https:\/\/colmadosingular.com\/ca\/producto\/popeth-100g-copia\/\",\"name\":\"PAWB HALEN M\u00d4N 100g - Colmado Singular\",\"isPartOf\":{\"@id\":\"https:\/\/colmadosingular.com\/ca\/#website\"},\"primaryImageOfPage\":{\"@id\":\"https:\/\/colmadosingular.com\/ca\/producto\/popeth-100g-copia\/#primaryimage\"},\"image\":{\"@id\":\"https:\/\/colmadosingular.com\/ca\/producto\/popeth-100g-copia\/#primaryimage\"},\"thumbnailUrl\":\"https:\/\/colmadosingular.com\/wp-content\/uploads\/2025\/10\/HM048_25410083Bxgris-e1760105866139.jpg\",\"datePublished\":\"2025-10-10T14:14:33+00:00\",\"dateModified\":\"2026-03-17T15:19:34+00:00\",\"breadcrumb\":{\"@id\":\"https:\/\/colmadosingular.com\/ca\/producto\/popeth-100g-copia\/#breadcrumb\"},\"inLanguage\":\"ca\",\"potentialAction\":[{\"@type\":\"ReadAction\",\"target\":[\"https:\/\/colmadosingular.com\/ca\/producto\/popeth-100g-copia\/\"]}]},{\"@type\":\"ImageObject\",\"inLanguage\":\"ca\",\"@id\":\"https:\/\/colmadosingular.com\/ca\/producto\/popeth-100g-copia\/#primaryimage\",\"url\":\"https:\/\/colmadosingular.com\/wp-content\/uploads\/2025\/10\/HM048_25410083Bxgris-e1760105866139.jpg\",\"contentUrl\":\"https:\/\/colmadosingular.com\/wp-content\/uploads\/2025\/10\/HM048_25410083Bxgris-e1760105866139.jpg\",\"width\":1200,\"height\":1200},{\"@type\":\"BreadcrumbList\",\"@id\":\"https:\/\/colmadosingular.com\/ca\/producto\/popeth-100g-copia\/#breadcrumb\",\"itemListElement\":[{\"@type\":\"ListItem\",\"position\":1,\"name\":\"Portada\",\"item\":\"https:\/\/colmadosingular.com\/ca\/inici\/\"},{\"@type\":\"ListItem\",\"position\":2,\"name\":\"BOTIGA\",\"item\":\"https:\/\/colmadosingular.com\/ca\/shop\/\"},{\"@type\":\"ListItem\",\"position\":3,\"name\":\"PAWB HALEN M\u00d4N 100g\"}]},{\"@type\":\"WebSite\",\"@id\":\"https:\/\/colmadosingular.com\/ca\/#website\",\"url\":\"https:\/\/colmadosingular.com\/ca\/\",\"name\":\"Colmado Singular\",\"description\":\"\",\"publisher\":{\"@id\":\"https:\/\/colmadosingular.com\/ca\/#organization\"},\"potentialAction\":[{\"@type\":\"SearchAction\",\"target\":{\"@type\":\"EntryPoint\",\"urlTemplate\":\"https:\/\/colmadosingular.com\/ca\/?s={search_term_string}\"},\"query-input\":{\"@type\":\"PropertyValueSpecification\",\"valueRequired\":true,\"valueName\":\"search_term_string\"}}],\"inLanguage\":\"ca\"},{\"@type\":\"Organization\",\"@id\":\"https:\/\/colmadosingular.com\/ca\/#organization\",\"name\":\"Colmado Singular\",\"url\":\"https:\/\/colmadosingular.com\/ca\/\",\"logo\":{\"@type\":\"ImageObject\",\"inLanguage\":\"ca\",\"@id\":\"https:\/\/colmadosingular.com\/ca\/#\/schema\/logo\/image\/\",\"url\":\"https:\/\/colmadosingular.com\/wp-content\/uploads\/2024\/08\/logo-colmado.svg\",\"contentUrl\":\"https:\/\/colmadosingular.com\/wp-content\/uploads\/2024\/08\/logo-colmado.svg\",\"width\":620,\"height\":50,\"caption\":\"Colmado Singular\"},\"image\":{\"@id\":\"https:\/\/colmadosingular.com\/ca\/#\/schema\/logo\/image\/\"}}]}<\/script>\n<!-- \/ Yoast SEO plugin. -->","yoast_head_json":{"title":"PAWB HALEN M\u00d4N 100g - Colmado Singular","robots":{"index":"index","follow":"follow","max-snippet":"max-snippet:-1","max-image-preview":"max-image-preview:large","max-video-preview":"max-video-preview:-1"},"canonical":"https:\/\/colmadosingular.com\/ca\/producto\/popeth-100g-copia\/","og_locale":"ca_ES","og_type":"article","og_title":"PAWB HALEN M\u00d4N 100g - Colmado Singular","og_description":"HALEN M\u00d4N  Mediterrani, fumat i molt sabor\u00f3s; Pawb \u00e9s una barreja de la Sal Marina Pura de Halen M\u00f4n amb com\u00ed i coriandre torrats, pebre vermell fumat i orenga. \u00c9s tremendament vers\u00e0til, es pot empolvorar sobre verdures al forn, pollastre o l\u00e0mines de patata abans de portar-los al forn, o afegeix-lo just al final d'una salsa de tom\u00e0quet o bolonyesa. Pawb aporta a l'instant molta intensitat de sabor a la cuina quotidiana.  Idees:   Sobre ous fregits oa la planxa  Patates rostides i fregides  Peixos al forn  Un dip de iogurt salat  Una safata de verdures de temporada al forn","og_url":"https:\/\/colmadosingular.com\/ca\/producto\/popeth-100g-copia\/","og_site_name":"Colmado Singular","article_modified_time":"2026-03-17T15:19:34+00:00","og_image":[{"width":1200,"height":1200,"url":"https:\/\/colmadosingular.com\/wp-content\/uploads\/2025\/10\/HM048_25410083Bxgris-e1760105866139.jpg","type":"image\/jpeg"}],"twitter_card":"summary_large_image","twitter_misc":{"Temps estimat de lectura":"1 minut"},"schema":{"@context":"https:\/\/schema.org","@graph":[{"@type":"WebPage","@id":"https:\/\/colmadosingular.com\/ca\/producto\/popeth-100g-copia\/","url":"https:\/\/colmadosingular.com\/ca\/producto\/popeth-100g-copia\/","name":"PAWB HALEN M\u00d4N 100g - Colmado Singular","isPartOf":{"@id":"https:\/\/colmadosingular.com\/ca\/#website"},"primaryImageOfPage":{"@id":"https:\/\/colmadosingular.com\/ca\/producto\/popeth-100g-copia\/#primaryimage"},"image":{"@id":"https:\/\/colmadosingular.com\/ca\/producto\/popeth-100g-copia\/#primaryimage"},"thumbnailUrl":"https:\/\/colmadosingular.com\/wp-content\/uploads\/2025\/10\/HM048_25410083Bxgris-e1760105866139.jpg","datePublished":"2025-10-10T14:14:33+00:00","dateModified":"2026-03-17T15:19:34+00:00","breadcrumb":{"@id":"https:\/\/colmadosingular.com\/ca\/producto\/popeth-100g-copia\/#breadcrumb"},"inLanguage":"ca","potentialAction":[{"@type":"ReadAction","target":["https:\/\/colmadosingular.com\/ca\/producto\/popeth-100g-copia\/"]}]},{"@type":"ImageObject","inLanguage":"ca","@id":"https:\/\/colmadosingular.com\/ca\/producto\/popeth-100g-copia\/#primaryimage","url":"https:\/\/colmadosingular.com\/wp-content\/uploads\/2025\/10\/HM048_25410083Bxgris-e1760105866139.jpg","contentUrl":"https:\/\/colmadosingular.com\/wp-content\/uploads\/2025\/10\/HM048_25410083Bxgris-e1760105866139.jpg","width":1200,"height":1200},{"@type":"BreadcrumbList","@id":"https:\/\/colmadosingular.com\/ca\/producto\/popeth-100g-copia\/#breadcrumb","itemListElement":[{"@type":"ListItem","position":1,"name":"Portada","item":"https:\/\/colmadosingular.com\/ca\/inici\/"},{"@type":"ListItem","position":2,"name":"BOTIGA","item":"https:\/\/colmadosingular.com\/ca\/shop\/"},{"@type":"ListItem","position":3,"name":"PAWB HALEN M\u00d4N 100g"}]},{"@type":"WebSite","@id":"https:\/\/colmadosingular.com\/ca\/#website","url":"https:\/\/colmadosingular.com\/ca\/","name":"Colmado Singular","description":"","publisher":{"@id":"https:\/\/colmadosingular.com\/ca\/#organization"},"potentialAction":[{"@type":"SearchAction","target":{"@type":"EntryPoint","urlTemplate":"https:\/\/colmadosingular.com\/ca\/?s={search_term_string}"},"query-input":{"@type":"PropertyValueSpecification","valueRequired":true,"valueName":"search_term_string"}}],"inLanguage":"ca"},{"@type":"Organization","@id":"https:\/\/colmadosingular.com\/ca\/#organization","name":"Colmado Singular","url":"https:\/\/colmadosingular.com\/ca\/","logo":{"@type":"ImageObject","inLanguage":"ca","@id":"https:\/\/colmadosingular.com\/ca\/#\/schema\/logo\/image\/","url":"https:\/\/colmadosingular.com\/wp-content\/uploads\/2024\/08\/logo-colmado.svg","contentUrl":"https:\/\/colmadosingular.com\/wp-content\/uploads\/2024\/08\/logo-colmado.svg","width":620,"height":50,"caption":"Colmado Singular"},"image":{"@id":"https:\/\/colmadosingular.com\/ca\/#\/schema\/logo\/image\/"}}]}},"_links":{"self":[{"href":"https:\/\/colmadosingular.com\/ca\/wp-json\/wp\/v2\/product\/994625","targetHints":{"allow":["GET"]}}],"collection":[{"href":"https:\/\/colmadosingular.com\/ca\/wp-json\/wp\/v2\/product"}],"about":[{"href":"https:\/\/colmadosingular.com\/ca\/wp-json\/wp\/v2\/types\/product"}],"wp:featuredmedia":[{"embeddable":true,"href":"https:\/\/colmadosingular.com\/ca\/wp-json\/wp\/v2\/media\/994628"}],"wp:attachment":[{"href":"https:\/\/colmadosingular.com\/ca\/wp-json\/wp\/v2\/media?parent=994625"}],"wp:term":[{"taxonomy":"product_brand","embeddable":true,"href":"https:\/\/colmadosingular.com\/ca\/wp-json\/wp\/v2\/product_brand?post=994625"},{"taxonomy":"product_cat","embeddable":true,"href":"https:\/\/colmadosingular.com\/ca\/wp-json\/wp\/v2\/product_cat?post=994625"},{"taxonomy":"product_tag","embeddable":true,"href":"https:\/\/colmadosingular.com\/ca\/wp-json\/wp\/v2\/product_tag?post=994625"}],"curies":[{"name":"wp","href":"https:\/\/api.w.org\/{rel}","templated":true}]}}