{"id":998577,"date":"2025-12-15T15:00:18","date_gmt":"2025-12-15T14:00:18","guid":{"rendered":"https:\/\/colmadosingular.com\/producto\/cesta-redonda-o40cm\/"},"modified":"2026-02-23T09:17:14","modified_gmt":"2026-02-23T08:17:14","slug":"cesta-redonda-o40cm","status":"publish","type":"product","link":"https:\/\/colmadosingular.com\/ca\/producto\/cesta-redonda-o40cm\/","title":{"rendered":"CISTELLA RODONA \u00f840cm"},"content":{"rendered":"","protected":false},"excerpt":{"rendered":"<p data-start=\"150\" data-end=\"327\"><strong data-start=\"150\" data-end=\"236\">Ja disponible la nova col\u00b7lecci\u00f3 de Cistelles Eco Vintage per a la temporada 2025\u201326!<\/strong><br data-start=\"236\" data-end=\"239\">Disseny acurat, presentaci\u00f3 elegant i aquest toc r\u00fastic que enamora a primera vista.<\/p>\n<p data-start=\"329\" data-end=\"436\">Base kraft amb tapa vermella i un lla\u00e7 que ho diu tot: aquesta cistella est\u00e0 a punt per regalar (o regalar-te).<\/p>\n<p data-start=\"329\" data-end=\"436\">Aquesta \u00e9s la nostra versi\u00f3 m\u00e9s gran:<br data-start=\"505\" data-end=\"508\">Di\u00e0metre interior de 40 cm i al\u00e7ada \u00fatil de 18 cm.<br data-start=\"558\" data-end=\"561\">(Mesures exteriors: 43 \u00d7 22 cm)<\/p>\n<p>&nbsp;<\/p>\n","protected":false},"featured_media":998423,"template":"","meta":{"_acf_changed":false,"_monsterinsights_skip_tracking":false,"_monsterinsights_sitenote_active":false,"_monsterinsights_sitenote_note":"","_monsterinsights_sitenote_category":0,"_joinchat":[]},"product_brand":[],"product_cat":[218,268],"product_tag":[],"class_list":{"0":"post-998577","1":"product","2":"type-product","3":"status-publish","4":"has-post-thumbnail","6":"product_cat-regalos-ca","7":"product_cat-cistelles-food-art","9":"first","10":"instock","11":"taxable","12":"shipping-taxable","13":"purchasable","14":"product-type-simple"},"acf":[],"yoast_head":"<!-- This site is optimized with the Yoast SEO plugin v24.8.1 - https:\/\/yoast.com\/wordpress\/plugins\/seo\/ -->\n<title>CISTELLA RODONA \u00f840cm - Colmado Singular<\/title>\n<meta name=\"robots\" content=\"index, follow, max-snippet:-1, max-image-preview:large, max-video-preview:-1\" \/>\n<link rel=\"canonical\" href=\"https:\/\/colmadosingular.com\/ca\/producto\/cesta-redonda-o40cm\/\" \/>\n<meta property=\"og:locale\" content=\"ca_ES\" \/>\n<meta property=\"og:type\" content=\"article\" \/>\n<meta property=\"og:title\" content=\"CISTELLA RODONA \u00f840cm - Colmado Singular\" \/>\n<meta property=\"og:description\" content=\"Ja disponible la nova col\u00b7lecci\u00f3 de Cistelles Eco Vintage per a la temporada 2025\u201326!Disseny acurat, presentaci\u00f3 elegant i aquest toc r\u00fastic que enamora a primera vista. Base kraft amb tapa vermella i un lla\u00e7 que ho diu tot: aquesta cistella est\u00e0 a punt per regalar (o regalar-te). Aquesta \u00e9s la nostra versi\u00f3 m\u00e9s gran:Di\u00e0metre interior de 40 cm i al\u00e7ada \u00fatil de 18 cm.(Mesures exteriors: 43 \u00d7 22 cm) &nbsp;\" \/>\n<meta property=\"og:url\" content=\"https:\/\/colmadosingular.com\/ca\/producto\/cesta-redonda-o40cm\/\" \/>\n<meta property=\"og:site_name\" content=\"Colmado Singular\" \/>\n<meta property=\"article:modified_time\" content=\"2026-02-23T08:17:14+00:00\" \/>\n<meta property=\"og:image\" content=\"https:\/\/colmadosingular.com\/wp-content\/uploads\/2024\/10\/cestagrande_256122107_bXgris-1024x1024.png\" \/>\n\t<meta property=\"og:image:width\" content=\"1024\" \/>\n\t<meta property=\"og:image:height\" content=\"1024\" \/>\n\t<meta property=\"og:image:type\" content=\"image\/png\" \/>\n<meta name=\"twitter:card\" content=\"summary_large_image\" \/>\n<meta name=\"twitter:label1\" content=\"Temps estimat de lectura\" \/>\n\t<meta name=\"twitter:data1\" content=\"1 minut\" \/>\n<script type=\"application\/ld+json\" class=\"yoast-schema-graph\">{\"@context\":\"https:\/\/schema.org\",\"@graph\":[{\"@type\":\"WebPage\",\"@id\":\"https:\/\/colmadosingular.com\/ca\/producto\/cesta-redonda-o40cm\/\",\"url\":\"https:\/\/colmadosingular.com\/ca\/producto\/cesta-redonda-o40cm\/\",\"name\":\"CISTELLA RODONA \u00f840cm - Colmado Singular\",\"isPartOf\":{\"@id\":\"https:\/\/colmadosingular.com\/ca\/#website\"},\"primaryImageOfPage\":{\"@id\":\"https:\/\/colmadosingular.com\/ca\/producto\/cesta-redonda-o40cm\/#primaryimage\"},\"image\":{\"@id\":\"https:\/\/colmadosingular.com\/ca\/producto\/cesta-redonda-o40cm\/#primaryimage\"},\"thumbnailUrl\":\"https:\/\/colmadosingular.com\/wp-content\/uploads\/2024\/10\/cestagrande_256122107_bXgris.png\",\"datePublished\":\"2025-12-15T14:00:18+00:00\",\"dateModified\":\"2026-02-23T08:17:14+00:00\",\"breadcrumb\":{\"@id\":\"https:\/\/colmadosingular.com\/ca\/producto\/cesta-redonda-o40cm\/#breadcrumb\"},\"inLanguage\":\"ca\",\"potentialAction\":[{\"@type\":\"ReadAction\",\"target\":[\"https:\/\/colmadosingular.com\/ca\/producto\/cesta-redonda-o40cm\/\"]}]},{\"@type\":\"ImageObject\",\"inLanguage\":\"ca\",\"@id\":\"https:\/\/colmadosingular.com\/ca\/producto\/cesta-redonda-o40cm\/#primaryimage\",\"url\":\"https:\/\/colmadosingular.com\/wp-content\/uploads\/2024\/10\/cestagrande_256122107_bXgris.png\",\"contentUrl\":\"https:\/\/colmadosingular.com\/wp-content\/uploads\/2024\/10\/cestagrande_256122107_bXgris.png\",\"width\":3024,\"height\":3024},{\"@type\":\"BreadcrumbList\",\"@id\":\"https:\/\/colmadosingular.com\/ca\/producto\/cesta-redonda-o40cm\/#breadcrumb\",\"itemListElement\":[{\"@type\":\"ListItem\",\"position\":1,\"name\":\"Portada\",\"item\":\"https:\/\/colmadosingular.com\/ca\/inici\/\"},{\"@type\":\"ListItem\",\"position\":2,\"name\":\"BOTIGA\",\"item\":\"https:\/\/colmadosingular.com\/ca\/shop\/\"},{\"@type\":\"ListItem\",\"position\":3,\"name\":\"CISTELLA RODONA \u00f840cm\"}]},{\"@type\":\"WebSite\",\"@id\":\"https:\/\/colmadosingular.com\/ca\/#website\",\"url\":\"https:\/\/colmadosingular.com\/ca\/\",\"name\":\"Colmado Singular\",\"description\":\"\",\"publisher\":{\"@id\":\"https:\/\/colmadosingular.com\/ca\/#organization\"},\"potentialAction\":[{\"@type\":\"SearchAction\",\"target\":{\"@type\":\"EntryPoint\",\"urlTemplate\":\"https:\/\/colmadosingular.com\/ca\/?s={search_term_string}\"},\"query-input\":{\"@type\":\"PropertyValueSpecification\",\"valueRequired\":true,\"valueName\":\"search_term_string\"}}],\"inLanguage\":\"ca\"},{\"@type\":\"Organization\",\"@id\":\"https:\/\/colmadosingular.com\/ca\/#organization\",\"name\":\"Colmado Singular\",\"url\":\"https:\/\/colmadosingular.com\/ca\/\",\"logo\":{\"@type\":\"ImageObject\",\"inLanguage\":\"ca\",\"@id\":\"https:\/\/colmadosingular.com\/ca\/#\/schema\/logo\/image\/\",\"url\":\"https:\/\/colmadosingular.com\/wp-content\/uploads\/2024\/08\/logo-colmado.svg\",\"contentUrl\":\"https:\/\/colmadosingular.com\/wp-content\/uploads\/2024\/08\/logo-colmado.svg\",\"width\":620,\"height\":50,\"caption\":\"Colmado Singular\"},\"image\":{\"@id\":\"https:\/\/colmadosingular.com\/ca\/#\/schema\/logo\/image\/\"}}]}<\/script>\n<!-- \/ Yoast SEO plugin. -->","yoast_head_json":{"title":"CISTELLA RODONA \u00f840cm - Colmado Singular","robots":{"index":"index","follow":"follow","max-snippet":"max-snippet:-1","max-image-preview":"max-image-preview:large","max-video-preview":"max-video-preview:-1"},"canonical":"https:\/\/colmadosingular.com\/ca\/producto\/cesta-redonda-o40cm\/","og_locale":"ca_ES","og_type":"article","og_title":"CISTELLA RODONA \u00f840cm - Colmado Singular","og_description":"Ja disponible la nova col\u00b7lecci\u00f3 de Cistelles Eco Vintage per a la temporada 2025\u201326!Disseny acurat, presentaci\u00f3 elegant i aquest toc r\u00fastic que enamora a primera vista. Base kraft amb tapa vermella i un lla\u00e7 que ho diu tot: aquesta cistella est\u00e0 a punt per regalar (o regalar-te). Aquesta \u00e9s la nostra versi\u00f3 m\u00e9s gran:Di\u00e0metre interior de 40 cm i al\u00e7ada \u00fatil de 18 cm.(Mesures exteriors: 43 \u00d7 22 cm) &nbsp;","og_url":"https:\/\/colmadosingular.com\/ca\/producto\/cesta-redonda-o40cm\/","og_site_name":"Colmado Singular","article_modified_time":"2026-02-23T08:17:14+00:00","og_image":[{"width":1024,"height":1024,"url":"https:\/\/colmadosingular.com\/wp-content\/uploads\/2024\/10\/cestagrande_256122107_bXgris-1024x1024.png","type":"image\/png"}],"twitter_card":"summary_large_image","twitter_misc":{"Temps estimat de lectura":"1 minut"},"schema":{"@context":"https:\/\/schema.org","@graph":[{"@type":"WebPage","@id":"https:\/\/colmadosingular.com\/ca\/producto\/cesta-redonda-o40cm\/","url":"https:\/\/colmadosingular.com\/ca\/producto\/cesta-redonda-o40cm\/","name":"CISTELLA RODONA \u00f840cm - Colmado Singular","isPartOf":{"@id":"https:\/\/colmadosingular.com\/ca\/#website"},"primaryImageOfPage":{"@id":"https:\/\/colmadosingular.com\/ca\/producto\/cesta-redonda-o40cm\/#primaryimage"},"image":{"@id":"https:\/\/colmadosingular.com\/ca\/producto\/cesta-redonda-o40cm\/#primaryimage"},"thumbnailUrl":"https:\/\/colmadosingular.com\/wp-content\/uploads\/2024\/10\/cestagrande_256122107_bXgris.png","datePublished":"2025-12-15T14:00:18+00:00","dateModified":"2026-02-23T08:17:14+00:00","breadcrumb":{"@id":"https:\/\/colmadosingular.com\/ca\/producto\/cesta-redonda-o40cm\/#breadcrumb"},"inLanguage":"ca","potentialAction":[{"@type":"ReadAction","target":["https:\/\/colmadosingular.com\/ca\/producto\/cesta-redonda-o40cm\/"]}]},{"@type":"ImageObject","inLanguage":"ca","@id":"https:\/\/colmadosingular.com\/ca\/producto\/cesta-redonda-o40cm\/#primaryimage","url":"https:\/\/colmadosingular.com\/wp-content\/uploads\/2024\/10\/cestagrande_256122107_bXgris.png","contentUrl":"https:\/\/colmadosingular.com\/wp-content\/uploads\/2024\/10\/cestagrande_256122107_bXgris.png","width":3024,"height":3024},{"@type":"BreadcrumbList","@id":"https:\/\/colmadosingular.com\/ca\/producto\/cesta-redonda-o40cm\/#breadcrumb","itemListElement":[{"@type":"ListItem","position":1,"name":"Portada","item":"https:\/\/colmadosingular.com\/ca\/inici\/"},{"@type":"ListItem","position":2,"name":"BOTIGA","item":"https:\/\/colmadosingular.com\/ca\/shop\/"},{"@type":"ListItem","position":3,"name":"CISTELLA RODONA \u00f840cm"}]},{"@type":"WebSite","@id":"https:\/\/colmadosingular.com\/ca\/#website","url":"https:\/\/colmadosingular.com\/ca\/","name":"Colmado Singular","description":"","publisher":{"@id":"https:\/\/colmadosingular.com\/ca\/#organization"},"potentialAction":[{"@type":"SearchAction","target":{"@type":"EntryPoint","urlTemplate":"https:\/\/colmadosingular.com\/ca\/?s={search_term_string}"},"query-input":{"@type":"PropertyValueSpecification","valueRequired":true,"valueName":"search_term_string"}}],"inLanguage":"ca"},{"@type":"Organization","@id":"https:\/\/colmadosingular.com\/ca\/#organization","name":"Colmado Singular","url":"https:\/\/colmadosingular.com\/ca\/","logo":{"@type":"ImageObject","inLanguage":"ca","@id":"https:\/\/colmadosingular.com\/ca\/#\/schema\/logo\/image\/","url":"https:\/\/colmadosingular.com\/wp-content\/uploads\/2024\/08\/logo-colmado.svg","contentUrl":"https:\/\/colmadosingular.com\/wp-content\/uploads\/2024\/08\/logo-colmado.svg","width":620,"height":50,"caption":"Colmado Singular"},"image":{"@id":"https:\/\/colmadosingular.com\/ca\/#\/schema\/logo\/image\/"}}]}},"_links":{"self":[{"href":"https:\/\/colmadosingular.com\/ca\/wp-json\/wp\/v2\/product\/998577","targetHints":{"allow":["GET"]}}],"collection":[{"href":"https:\/\/colmadosingular.com\/ca\/wp-json\/wp\/v2\/product"}],"about":[{"href":"https:\/\/colmadosingular.com\/ca\/wp-json\/wp\/v2\/types\/product"}],"wp:featuredmedia":[{"embeddable":true,"href":"https:\/\/colmadosingular.com\/ca\/wp-json\/wp\/v2\/media\/998423"}],"wp:attachment":[{"href":"https:\/\/colmadosingular.com\/ca\/wp-json\/wp\/v2\/media?parent=998577"}],"wp:term":[{"taxonomy":"product_brand","embeddable":true,"href":"https:\/\/colmadosingular.com\/ca\/wp-json\/wp\/v2\/product_brand?post=998577"},{"taxonomy":"product_cat","embeddable":true,"href":"https:\/\/colmadosingular.com\/ca\/wp-json\/wp\/v2\/product_cat?post=998577"},{"taxonomy":"product_tag","embeddable":true,"href":"https:\/\/colmadosingular.com\/ca\/wp-json\/wp\/v2\/product_tag?post=998577"}],"curies":[{"name":"wp","href":"https:\/\/api.w.org\/{rel}","templated":true}]}}