{"id":999281,"date":"2026-01-09T15:51:24","date_gmt":"2026-01-09T14:51:24","guid":{"rendered":"https:\/\/colmadosingular.com\/?post_type=product&#038;p=999281"},"modified":"2026-03-17T16:10:32","modified_gmt":"2026-03-17T15:10:32","slug":"black-bean-snack-222g-judia-negra","status":"publish","type":"product","link":"https:\/\/colmadosingular.com\/ca\/producto\/black-bean-snack-222g-judia-negra\/","title":{"rendered":"BLACK BEAN SNACK 222g"},"content":{"rendered":"","protected":false},"excerpt":{"rendered":"<p>BEIKA SNACKS<\/p>\n<p>El <strong>Beika<\/strong> de jud\u00eda negra es una interpretaci\u00f3n elegante de la tradici\u00f3n japonesa del <strong>senbei<\/strong> (cracker japon\u00e9s). Jud\u00edas negras enteras, cocidas al vapor para resaltar su dulzor natural, se integran en un cracker de arroz horneado, crujiente y dorado. <strong>Vegano y sin gluten<\/strong>, destaca por su sabor limpio y aut\u00e9ntico.<\/p>\n<p>El toque de sal realza los sabores sin ocultar el sabor de los ingredientes principales.<\/p>\n","protected":false},"featured_media":999289,"template":"","meta":{"_acf_changed":false,"_monsterinsights_skip_tracking":false,"_monsterinsights_sitenote_active":false,"_monsterinsights_sitenote_note":"","_monsterinsights_sitenote_category":0,"_joinchat":[]},"product_brand":[],"product_cat":[329,178,278],"product_tag":[],"class_list":{"0":"post-999281","1":"product","2":"type-product","3":"status-publish","4":"has-post-thumbnail","6":"product_cat-japon","7":"product_cat-snacks-ca","8":"product_cat-singular-snacks-ca","10":"first","11":"outofstock","12":"taxable","13":"shipping-taxable","14":"purchasable","15":"product-type-simple"},"acf":[],"yoast_head":"<!-- This site is optimized with the Yoast SEO plugin v24.8.1 - https:\/\/yoast.com\/wordpress\/plugins\/seo\/ -->\n<title>BLACK BEAN SNACK 222g - Colmado Singular<\/title>\n<meta name=\"robots\" content=\"index, follow, max-snippet:-1, max-image-preview:large, max-video-preview:-1\" \/>\n<link rel=\"canonical\" href=\"https:\/\/colmadosingular.com\/producto\/black-bean-snack-222g-judia-negra\/\" \/>\n<meta property=\"og:locale\" content=\"ca_ES\" \/>\n<meta property=\"og:type\" content=\"article\" \/>\n<meta property=\"og:title\" content=\"BLACK BEAN SNACK 222g - Colmado Singular\" \/>\n<meta property=\"og:description\" content=\"BEIKA SNACKS  El Beika de jud\u00eda negra es una interpretaci\u00f3n elegante de la tradici\u00f3n japonesa del senbei (cracker japon\u00e9s). Jud\u00edas negras enteras, cocidas al vapor para resaltar su dulzor natural, se integran en un cracker de arroz horneado, crujiente y dorado. Vegano y sin gluten, destaca por su sabor limpio y aut\u00e9ntico.  El toque de sal realza los sabores sin ocultar el sabor de los ingredientes principales.\" \/>\n<meta property=\"og:url\" content=\"https:\/\/colmadosingular.com\/producto\/black-bean-snack-222g-judia-negra\/\" \/>\n<meta property=\"og:site_name\" content=\"Colmado Singular\" \/>\n<meta property=\"article:modified_time\" content=\"2026-03-17T15:10:32+00:00\" \/>\n<meta property=\"og:image\" content=\"https:\/\/colmadosingular.com\/wp-content\/uploads\/2026\/01\/BK001_256122004BxGris.jpg\" \/>\n\t<meta property=\"og:image:width\" content=\"1200\" \/>\n\t<meta property=\"og:image:height\" content=\"1200\" \/>\n\t<meta property=\"og:image:type\" content=\"image\/jpeg\" \/>\n<meta name=\"twitter:card\" content=\"summary_large_image\" \/>\n<meta name=\"twitter:label1\" content=\"Temps estimat de lectura\" \/>\n\t<meta name=\"twitter:data1\" content=\"1 minut\" \/>\n<script type=\"application\/ld+json\" class=\"yoast-schema-graph\">{\"@context\":\"https:\/\/schema.org\",\"@graph\":[{\"@type\":\"WebPage\",\"@id\":\"https:\/\/colmadosingular.com\/producto\/black-bean-snack-222g-judia-negra\/\",\"url\":\"https:\/\/colmadosingular.com\/producto\/black-bean-snack-222g-judia-negra\/\",\"name\":\"BLACK BEAN SNACK 222g - Colmado Singular\",\"isPartOf\":{\"@id\":\"https:\/\/colmadosingular.com\/ca\/#website\"},\"primaryImageOfPage\":{\"@id\":\"https:\/\/colmadosingular.com\/producto\/black-bean-snack-222g-judia-negra\/#primaryimage\"},\"image\":{\"@id\":\"https:\/\/colmadosingular.com\/producto\/black-bean-snack-222g-judia-negra\/#primaryimage\"},\"thumbnailUrl\":\"https:\/\/colmadosingular.com\/wp-content\/uploads\/2026\/01\/BK001_256122004BxGris.jpg\",\"datePublished\":\"2026-01-09T14:51:24+00:00\",\"dateModified\":\"2026-03-17T15:10:32+00:00\",\"breadcrumb\":{\"@id\":\"https:\/\/colmadosingular.com\/producto\/black-bean-snack-222g-judia-negra\/#breadcrumb\"},\"inLanguage\":\"ca\",\"potentialAction\":[{\"@type\":\"ReadAction\",\"target\":[\"https:\/\/colmadosingular.com\/producto\/black-bean-snack-222g-judia-negra\/\"]}]},{\"@type\":\"ImageObject\",\"inLanguage\":\"ca\",\"@id\":\"https:\/\/colmadosingular.com\/producto\/black-bean-snack-222g-judia-negra\/#primaryimage\",\"url\":\"https:\/\/colmadosingular.com\/wp-content\/uploads\/2026\/01\/BK001_256122004BxGris.jpg\",\"contentUrl\":\"https:\/\/colmadosingular.com\/wp-content\/uploads\/2026\/01\/BK001_256122004BxGris.jpg\",\"width\":1200,\"height\":1200},{\"@type\":\"BreadcrumbList\",\"@id\":\"https:\/\/colmadosingular.com\/producto\/black-bean-snack-222g-judia-negra\/#breadcrumb\",\"itemListElement\":[{\"@type\":\"ListItem\",\"position\":1,\"name\":\"Portada\",\"item\":\"https:\/\/colmadosingular.com\/ca\/inici\/\"},{\"@type\":\"ListItem\",\"position\":2,\"name\":\"BOTIGA\",\"item\":\"https:\/\/colmadosingular.com\/ca\/shop\/\"},{\"@type\":\"ListItem\",\"position\":3,\"name\":\"BLACK BEAN SNACK 222g\"}]},{\"@type\":\"WebSite\",\"@id\":\"https:\/\/colmadosingular.com\/ca\/#website\",\"url\":\"https:\/\/colmadosingular.com\/ca\/\",\"name\":\"Colmado Singular\",\"description\":\"\",\"publisher\":{\"@id\":\"https:\/\/colmadosingular.com\/ca\/#organization\"},\"potentialAction\":[{\"@type\":\"SearchAction\",\"target\":{\"@type\":\"EntryPoint\",\"urlTemplate\":\"https:\/\/colmadosingular.com\/ca\/?s={search_term_string}\"},\"query-input\":{\"@type\":\"PropertyValueSpecification\",\"valueRequired\":true,\"valueName\":\"search_term_string\"}}],\"inLanguage\":\"ca\"},{\"@type\":\"Organization\",\"@id\":\"https:\/\/colmadosingular.com\/ca\/#organization\",\"name\":\"Colmado Singular\",\"url\":\"https:\/\/colmadosingular.com\/ca\/\",\"logo\":{\"@type\":\"ImageObject\",\"inLanguage\":\"ca\",\"@id\":\"https:\/\/colmadosingular.com\/ca\/#\/schema\/logo\/image\/\",\"url\":\"https:\/\/colmadosingular.com\/wp-content\/uploads\/2024\/08\/logo-colmado.svg\",\"contentUrl\":\"https:\/\/colmadosingular.com\/wp-content\/uploads\/2024\/08\/logo-colmado.svg\",\"width\":620,\"height\":50,\"caption\":\"Colmado Singular\"},\"image\":{\"@id\":\"https:\/\/colmadosingular.com\/ca\/#\/schema\/logo\/image\/\"}}]}<\/script>\n<!-- \/ Yoast SEO plugin. -->","yoast_head_json":{"title":"BLACK BEAN SNACK 222g - Colmado Singular","robots":{"index":"index","follow":"follow","max-snippet":"max-snippet:-1","max-image-preview":"max-image-preview:large","max-video-preview":"max-video-preview:-1"},"canonical":"https:\/\/colmadosingular.com\/producto\/black-bean-snack-222g-judia-negra\/","og_locale":"ca_ES","og_type":"article","og_title":"BLACK BEAN SNACK 222g - Colmado Singular","og_description":"BEIKA SNACKS  El Beika de jud\u00eda negra es una interpretaci\u00f3n elegante de la tradici\u00f3n japonesa del senbei (cracker japon\u00e9s). Jud\u00edas negras enteras, cocidas al vapor para resaltar su dulzor natural, se integran en un cracker de arroz horneado, crujiente y dorado. Vegano y sin gluten, destaca por su sabor limpio y aut\u00e9ntico.  El toque de sal realza los sabores sin ocultar el sabor de los ingredientes principales.","og_url":"https:\/\/colmadosingular.com\/producto\/black-bean-snack-222g-judia-negra\/","og_site_name":"Colmado Singular","article_modified_time":"2026-03-17T15:10:32+00:00","og_image":[{"width":1200,"height":1200,"url":"https:\/\/colmadosingular.com\/wp-content\/uploads\/2026\/01\/BK001_256122004BxGris.jpg","type":"image\/jpeg"}],"twitter_card":"summary_large_image","twitter_misc":{"Temps estimat de lectura":"1 minut"},"schema":{"@context":"https:\/\/schema.org","@graph":[{"@type":"WebPage","@id":"https:\/\/colmadosingular.com\/producto\/black-bean-snack-222g-judia-negra\/","url":"https:\/\/colmadosingular.com\/producto\/black-bean-snack-222g-judia-negra\/","name":"BLACK BEAN SNACK 222g - Colmado Singular","isPartOf":{"@id":"https:\/\/colmadosingular.com\/ca\/#website"},"primaryImageOfPage":{"@id":"https:\/\/colmadosingular.com\/producto\/black-bean-snack-222g-judia-negra\/#primaryimage"},"image":{"@id":"https:\/\/colmadosingular.com\/producto\/black-bean-snack-222g-judia-negra\/#primaryimage"},"thumbnailUrl":"https:\/\/colmadosingular.com\/wp-content\/uploads\/2026\/01\/BK001_256122004BxGris.jpg","datePublished":"2026-01-09T14:51:24+00:00","dateModified":"2026-03-17T15:10:32+00:00","breadcrumb":{"@id":"https:\/\/colmadosingular.com\/producto\/black-bean-snack-222g-judia-negra\/#breadcrumb"},"inLanguage":"ca","potentialAction":[{"@type":"ReadAction","target":["https:\/\/colmadosingular.com\/producto\/black-bean-snack-222g-judia-negra\/"]}]},{"@type":"ImageObject","inLanguage":"ca","@id":"https:\/\/colmadosingular.com\/producto\/black-bean-snack-222g-judia-negra\/#primaryimage","url":"https:\/\/colmadosingular.com\/wp-content\/uploads\/2026\/01\/BK001_256122004BxGris.jpg","contentUrl":"https:\/\/colmadosingular.com\/wp-content\/uploads\/2026\/01\/BK001_256122004BxGris.jpg","width":1200,"height":1200},{"@type":"BreadcrumbList","@id":"https:\/\/colmadosingular.com\/producto\/black-bean-snack-222g-judia-negra\/#breadcrumb","itemListElement":[{"@type":"ListItem","position":1,"name":"Portada","item":"https:\/\/colmadosingular.com\/ca\/inici\/"},{"@type":"ListItem","position":2,"name":"BOTIGA","item":"https:\/\/colmadosingular.com\/ca\/shop\/"},{"@type":"ListItem","position":3,"name":"BLACK BEAN SNACK 222g"}]},{"@type":"WebSite","@id":"https:\/\/colmadosingular.com\/ca\/#website","url":"https:\/\/colmadosingular.com\/ca\/","name":"Colmado Singular","description":"","publisher":{"@id":"https:\/\/colmadosingular.com\/ca\/#organization"},"potentialAction":[{"@type":"SearchAction","target":{"@type":"EntryPoint","urlTemplate":"https:\/\/colmadosingular.com\/ca\/?s={search_term_string}"},"query-input":{"@type":"PropertyValueSpecification","valueRequired":true,"valueName":"search_term_string"}}],"inLanguage":"ca"},{"@type":"Organization","@id":"https:\/\/colmadosingular.com\/ca\/#organization","name":"Colmado Singular","url":"https:\/\/colmadosingular.com\/ca\/","logo":{"@type":"ImageObject","inLanguage":"ca","@id":"https:\/\/colmadosingular.com\/ca\/#\/schema\/logo\/image\/","url":"https:\/\/colmadosingular.com\/wp-content\/uploads\/2024\/08\/logo-colmado.svg","contentUrl":"https:\/\/colmadosingular.com\/wp-content\/uploads\/2024\/08\/logo-colmado.svg","width":620,"height":50,"caption":"Colmado Singular"},"image":{"@id":"https:\/\/colmadosingular.com\/ca\/#\/schema\/logo\/image\/"}}]}},"_links":{"self":[{"href":"https:\/\/colmadosingular.com\/ca\/wp-json\/wp\/v2\/product\/999281","targetHints":{"allow":["GET"]}}],"collection":[{"href":"https:\/\/colmadosingular.com\/ca\/wp-json\/wp\/v2\/product"}],"about":[{"href":"https:\/\/colmadosingular.com\/ca\/wp-json\/wp\/v2\/types\/product"}],"wp:featuredmedia":[{"embeddable":true,"href":"https:\/\/colmadosingular.com\/ca\/wp-json\/wp\/v2\/media\/999289"}],"wp:attachment":[{"href":"https:\/\/colmadosingular.com\/ca\/wp-json\/wp\/v2\/media?parent=999281"}],"wp:term":[{"taxonomy":"product_brand","embeddable":true,"href":"https:\/\/colmadosingular.com\/ca\/wp-json\/wp\/v2\/product_brand?post=999281"},{"taxonomy":"product_cat","embeddable":true,"href":"https:\/\/colmadosingular.com\/ca\/wp-json\/wp\/v2\/product_cat?post=999281"},{"taxonomy":"product_tag","embeddable":true,"href":"https:\/\/colmadosingular.com\/ca\/wp-json\/wp\/v2\/product_tag?post=999281"}],"curies":[{"name":"wp","href":"https:\/\/api.w.org\/{rel}","templated":true}]}}