{"id":999850,"date":"2026-01-30T23:52:55","date_gmt":"2026-01-30T22:52:55","guid":{"rendered":"https:\/\/colmadosingular.com\/?post_type=product&#038;p=999850"},"modified":"2026-02-23T09:14:27","modified_gmt":"2026-02-23T08:14:27","slug":"royal-furikake-70g-copia","status":"publish","type":"product","link":"https:\/\/colmadosingular.com\/ca\/producto\/royal-furikake-70g-copia\/","title":{"rendered":"PINK FURIKAKE 65g"},"content":{"rendered":"","protected":false},"excerpt":{"rendered":"<p>LES ESP\u00c8CIES DEL COLMADO SINGULAR<\/p>\n<p>Una reinterpretaci\u00f3 molt el\u00e8ctrica del cl\u00e0ssic condiment japon\u00e8s, aquest furikake rosa combina una acidesa intensa i floral de l&#8217;umeboshi (pruna japonesa adobada) amb una barreja equilibrada d&#8217;algues nori torrades, llavors de s\u00e8sam, bonic i un toc de sal marina artesanal.<\/p>\n<p>El seu color rosat natural prov\u00e9 de l&#8217;umeboshi, la tonalitat del qual aporta un contrast visual delicat i divertit. Al paladar ofereix un joc entre salinitat, acidesa i umami. <\/p>\n<p>Ideal per empolvorar sobre arr\u00f2s blanc,t\u00e0rtars, ous fregits o amanides, aquest condiment aporta no nom\u00e9s sabor, sin\u00f3 tamb\u00e9 un aspecte est\u00e8tic molt original.<\/p>\n","protected":false},"featured_media":999854,"template":"","meta":{"_acf_changed":false,"_monsterinsights_skip_tracking":false,"_monsterinsights_sitenote_active":false,"_monsterinsights_sitenote_note":"","_monsterinsights_sitenote_category":0,"_joinchat":[]},"product_brand":[],"product_cat":[248,252,329],"product_tag":[],"class_list":{"0":"post-999850","1":"product","2":"type-product","3":"status-publish","4":"has-post-thumbnail","6":"product_cat-especies-i-condiments","7":"product_cat-asiatics","8":"product_cat-japon","10":"first","11":"instock","12":"taxable","13":"shipping-taxable","14":"purchasable","15":"product-type-simple"},"acf":[],"yoast_head":"<!-- This site is optimized with the Yoast SEO plugin v24.8.1 - https:\/\/yoast.com\/wordpress\/plugins\/seo\/ -->\n<title>PINK FURIKAKE 65g - Colmado Singular<\/title>\n<meta name=\"robots\" content=\"index, follow, max-snippet:-1, max-image-preview:large, max-video-preview:-1\" \/>\n<link rel=\"canonical\" href=\"https:\/\/colmadosingular.com\/ca\/producto\/royal-furikake-70g-copia\/\" \/>\n<meta property=\"og:locale\" content=\"ca_ES\" \/>\n<meta property=\"og:type\" content=\"article\" \/>\n<meta property=\"og:title\" content=\"PINK FURIKAKE 65g - Colmado Singular\" \/>\n<meta property=\"og:description\" content=\"LES ESP\u00c8CIES DEL COLMADO SINGULAR Una reinterpretaci\u00f3 molt el\u00e8ctrica del cl\u00e0ssic condiment japon\u00e8s, aquest furikake rosa combina una acidesa intensa i floral de l&#039;umeboshi (pruna japonesa adobada) amb una barreja equilibrada d&#039;algues nori torrades, llavors de s\u00e8sam, bonic i un toc de sal marina artesanal. El seu color rosat natural prov\u00e9 de l&#039;umeboshi, la tonalitat del qual aporta un contrast visual delicat i divertit. Al paladar ofereix un joc entre salinitat, acidesa i umami.  Ideal per empolvorar sobre arr\u00f2s blanc,t\u00e0rtars, ous fregits o amanides, aquest condiment aporta no nom\u00e9s sabor, sin\u00f3 tamb\u00e9 un aspecte est\u00e8tic molt original.\" \/>\n<meta property=\"og:url\" content=\"https:\/\/colmadosingular.com\/ca\/producto\/royal-furikake-70g-copia\/\" \/>\n<meta property=\"og:site_name\" content=\"Colmado Singular\" \/>\n<meta property=\"article:modified_time\" content=\"2026-02-23T08:14:27+00:00\" \/>\n<meta property=\"og:image\" content=\"https:\/\/colmadosingular.com\/wp-content\/uploads\/2026\/01\/FC116_FC117_25530022BxGris.jpg\" \/>\n\t<meta property=\"og:image:width\" content=\"1200\" \/>\n\t<meta property=\"og:image:height\" content=\"1200\" \/>\n\t<meta property=\"og:image:type\" content=\"image\/jpeg\" \/>\n<meta name=\"twitter:card\" content=\"summary_large_image\" \/>\n<meta name=\"twitter:label1\" content=\"Temps estimat de lectura\" \/>\n\t<meta name=\"twitter:data1\" content=\"1 minut\" \/>\n<script type=\"application\/ld+json\" class=\"yoast-schema-graph\">{\"@context\":\"https:\/\/schema.org\",\"@graph\":[{\"@type\":\"WebPage\",\"@id\":\"https:\/\/colmadosingular.com\/ca\/producto\/royal-furikake-70g-copia\/\",\"url\":\"https:\/\/colmadosingular.com\/ca\/producto\/royal-furikake-70g-copia\/\",\"name\":\"PINK FURIKAKE 65g - Colmado Singular\",\"isPartOf\":{\"@id\":\"https:\/\/colmadosingular.com\/ca\/#website\"},\"primaryImageOfPage\":{\"@id\":\"https:\/\/colmadosingular.com\/ca\/producto\/royal-furikake-70g-copia\/#primaryimage\"},\"image\":{\"@id\":\"https:\/\/colmadosingular.com\/ca\/producto\/royal-furikake-70g-copia\/#primaryimage\"},\"thumbnailUrl\":\"https:\/\/colmadosingular.com\/wp-content\/uploads\/2026\/01\/FC116_FC117_25530022BxGris.jpg\",\"datePublished\":\"2026-01-30T22:52:55+00:00\",\"dateModified\":\"2026-02-23T08:14:27+00:00\",\"breadcrumb\":{\"@id\":\"https:\/\/colmadosingular.com\/ca\/producto\/royal-furikake-70g-copia\/#breadcrumb\"},\"inLanguage\":\"ca\",\"potentialAction\":[{\"@type\":\"ReadAction\",\"target\":[\"https:\/\/colmadosingular.com\/ca\/producto\/royal-furikake-70g-copia\/\"]}]},{\"@type\":\"ImageObject\",\"inLanguage\":\"ca\",\"@id\":\"https:\/\/colmadosingular.com\/ca\/producto\/royal-furikake-70g-copia\/#primaryimage\",\"url\":\"https:\/\/colmadosingular.com\/wp-content\/uploads\/2026\/01\/FC116_FC117_25530022BxGris.jpg\",\"contentUrl\":\"https:\/\/colmadosingular.com\/wp-content\/uploads\/2026\/01\/FC116_FC117_25530022BxGris.jpg\",\"width\":1200,\"height\":1200},{\"@type\":\"BreadcrumbList\",\"@id\":\"https:\/\/colmadosingular.com\/ca\/producto\/royal-furikake-70g-copia\/#breadcrumb\",\"itemListElement\":[{\"@type\":\"ListItem\",\"position\":1,\"name\":\"Portada\",\"item\":\"https:\/\/colmadosingular.com\/ca\/inici\/\"},{\"@type\":\"ListItem\",\"position\":2,\"name\":\"BOTIGA\",\"item\":\"https:\/\/colmadosingular.com\/ca\/shop\/\"},{\"@type\":\"ListItem\",\"position\":3,\"name\":\"PINK FURIKAKE 65g\"}]},{\"@type\":\"WebSite\",\"@id\":\"https:\/\/colmadosingular.com\/ca\/#website\",\"url\":\"https:\/\/colmadosingular.com\/ca\/\",\"name\":\"Colmado Singular\",\"description\":\"\",\"publisher\":{\"@id\":\"https:\/\/colmadosingular.com\/ca\/#organization\"},\"potentialAction\":[{\"@type\":\"SearchAction\",\"target\":{\"@type\":\"EntryPoint\",\"urlTemplate\":\"https:\/\/colmadosingular.com\/ca\/?s={search_term_string}\"},\"query-input\":{\"@type\":\"PropertyValueSpecification\",\"valueRequired\":true,\"valueName\":\"search_term_string\"}}],\"inLanguage\":\"ca\"},{\"@type\":\"Organization\",\"@id\":\"https:\/\/colmadosingular.com\/ca\/#organization\",\"name\":\"Colmado Singular\",\"url\":\"https:\/\/colmadosingular.com\/ca\/\",\"logo\":{\"@type\":\"ImageObject\",\"inLanguage\":\"ca\",\"@id\":\"https:\/\/colmadosingular.com\/ca\/#\/schema\/logo\/image\/\",\"url\":\"https:\/\/colmadosingular.com\/wp-content\/uploads\/2024\/08\/logo-colmado.svg\",\"contentUrl\":\"https:\/\/colmadosingular.com\/wp-content\/uploads\/2024\/08\/logo-colmado.svg\",\"width\":620,\"height\":50,\"caption\":\"Colmado Singular\"},\"image\":{\"@id\":\"https:\/\/colmadosingular.com\/ca\/#\/schema\/logo\/image\/\"}}]}<\/script>\n<!-- \/ Yoast SEO plugin. -->","yoast_head_json":{"title":"PINK FURIKAKE 65g - Colmado Singular","robots":{"index":"index","follow":"follow","max-snippet":"max-snippet:-1","max-image-preview":"max-image-preview:large","max-video-preview":"max-video-preview:-1"},"canonical":"https:\/\/colmadosingular.com\/ca\/producto\/royal-furikake-70g-copia\/","og_locale":"ca_ES","og_type":"article","og_title":"PINK FURIKAKE 65g - Colmado Singular","og_description":"LES ESP\u00c8CIES DEL COLMADO SINGULAR Una reinterpretaci\u00f3 molt el\u00e8ctrica del cl\u00e0ssic condiment japon\u00e8s, aquest furikake rosa combina una acidesa intensa i floral de l'umeboshi (pruna japonesa adobada) amb una barreja equilibrada d'algues nori torrades, llavors de s\u00e8sam, bonic i un toc de sal marina artesanal. El seu color rosat natural prov\u00e9 de l'umeboshi, la tonalitat del qual aporta un contrast visual delicat i divertit. Al paladar ofereix un joc entre salinitat, acidesa i umami.  Ideal per empolvorar sobre arr\u00f2s blanc,t\u00e0rtars, ous fregits o amanides, aquest condiment aporta no nom\u00e9s sabor, sin\u00f3 tamb\u00e9 un aspecte est\u00e8tic molt original.","og_url":"https:\/\/colmadosingular.com\/ca\/producto\/royal-furikake-70g-copia\/","og_site_name":"Colmado Singular","article_modified_time":"2026-02-23T08:14:27+00:00","og_image":[{"width":1200,"height":1200,"url":"https:\/\/colmadosingular.com\/wp-content\/uploads\/2026\/01\/FC116_FC117_25530022BxGris.jpg","type":"image\/jpeg"}],"twitter_card":"summary_large_image","twitter_misc":{"Temps estimat de lectura":"1 minut"},"schema":{"@context":"https:\/\/schema.org","@graph":[{"@type":"WebPage","@id":"https:\/\/colmadosingular.com\/ca\/producto\/royal-furikake-70g-copia\/","url":"https:\/\/colmadosingular.com\/ca\/producto\/royal-furikake-70g-copia\/","name":"PINK FURIKAKE 65g - Colmado Singular","isPartOf":{"@id":"https:\/\/colmadosingular.com\/ca\/#website"},"primaryImageOfPage":{"@id":"https:\/\/colmadosingular.com\/ca\/producto\/royal-furikake-70g-copia\/#primaryimage"},"image":{"@id":"https:\/\/colmadosingular.com\/ca\/producto\/royal-furikake-70g-copia\/#primaryimage"},"thumbnailUrl":"https:\/\/colmadosingular.com\/wp-content\/uploads\/2026\/01\/FC116_FC117_25530022BxGris.jpg","datePublished":"2026-01-30T22:52:55+00:00","dateModified":"2026-02-23T08:14:27+00:00","breadcrumb":{"@id":"https:\/\/colmadosingular.com\/ca\/producto\/royal-furikake-70g-copia\/#breadcrumb"},"inLanguage":"ca","potentialAction":[{"@type":"ReadAction","target":["https:\/\/colmadosingular.com\/ca\/producto\/royal-furikake-70g-copia\/"]}]},{"@type":"ImageObject","inLanguage":"ca","@id":"https:\/\/colmadosingular.com\/ca\/producto\/royal-furikake-70g-copia\/#primaryimage","url":"https:\/\/colmadosingular.com\/wp-content\/uploads\/2026\/01\/FC116_FC117_25530022BxGris.jpg","contentUrl":"https:\/\/colmadosingular.com\/wp-content\/uploads\/2026\/01\/FC116_FC117_25530022BxGris.jpg","width":1200,"height":1200},{"@type":"BreadcrumbList","@id":"https:\/\/colmadosingular.com\/ca\/producto\/royal-furikake-70g-copia\/#breadcrumb","itemListElement":[{"@type":"ListItem","position":1,"name":"Portada","item":"https:\/\/colmadosingular.com\/ca\/inici\/"},{"@type":"ListItem","position":2,"name":"BOTIGA","item":"https:\/\/colmadosingular.com\/ca\/shop\/"},{"@type":"ListItem","position":3,"name":"PINK FURIKAKE 65g"}]},{"@type":"WebSite","@id":"https:\/\/colmadosingular.com\/ca\/#website","url":"https:\/\/colmadosingular.com\/ca\/","name":"Colmado Singular","description":"","publisher":{"@id":"https:\/\/colmadosingular.com\/ca\/#organization"},"potentialAction":[{"@type":"SearchAction","target":{"@type":"EntryPoint","urlTemplate":"https:\/\/colmadosingular.com\/ca\/?s={search_term_string}"},"query-input":{"@type":"PropertyValueSpecification","valueRequired":true,"valueName":"search_term_string"}}],"inLanguage":"ca"},{"@type":"Organization","@id":"https:\/\/colmadosingular.com\/ca\/#organization","name":"Colmado Singular","url":"https:\/\/colmadosingular.com\/ca\/","logo":{"@type":"ImageObject","inLanguage":"ca","@id":"https:\/\/colmadosingular.com\/ca\/#\/schema\/logo\/image\/","url":"https:\/\/colmadosingular.com\/wp-content\/uploads\/2024\/08\/logo-colmado.svg","contentUrl":"https:\/\/colmadosingular.com\/wp-content\/uploads\/2024\/08\/logo-colmado.svg","width":620,"height":50,"caption":"Colmado Singular"},"image":{"@id":"https:\/\/colmadosingular.com\/ca\/#\/schema\/logo\/image\/"}}]}},"_links":{"self":[{"href":"https:\/\/colmadosingular.com\/ca\/wp-json\/wp\/v2\/product\/999850","targetHints":{"allow":["GET"]}}],"collection":[{"href":"https:\/\/colmadosingular.com\/ca\/wp-json\/wp\/v2\/product"}],"about":[{"href":"https:\/\/colmadosingular.com\/ca\/wp-json\/wp\/v2\/types\/product"}],"wp:featuredmedia":[{"embeddable":true,"href":"https:\/\/colmadosingular.com\/ca\/wp-json\/wp\/v2\/media\/999854"}],"wp:attachment":[{"href":"https:\/\/colmadosingular.com\/ca\/wp-json\/wp\/v2\/media?parent=999850"}],"wp:term":[{"taxonomy":"product_brand","embeddable":true,"href":"https:\/\/colmadosingular.com\/ca\/wp-json\/wp\/v2\/product_brand?post=999850"},{"taxonomy":"product_cat","embeddable":true,"href":"https:\/\/colmadosingular.com\/ca\/wp-json\/wp\/v2\/product_cat?post=999850"},{"taxonomy":"product_tag","embeddable":true,"href":"https:\/\/colmadosingular.com\/ca\/wp-json\/wp\/v2\/product_tag?post=999850"}],"curies":[{"name":"wp","href":"https:\/\/api.w.org\/{rel}","templated":true}]}}