{"id":999955,"date":"2026-02-02T17:15:08","date_gmt":"2026-02-02T16:15:08","guid":{"rendered":"https:\/\/colmadosingular.com\/?post_type=product&#038;p=999955"},"modified":"2026-03-27T12:27:34","modified_gmt":"2026-03-27T11:27:34","slug":"boletes-de-wasabi-12kg-copia","status":"publish","type":"product","link":"https:\/\/colmadosingular.com\/ca\/producto\/boletes-de-wasabi-12kg-copia\/","title":{"rendered":"PATAC\u00d3 D&#8217;ARR\u00d2S 600g"},"content":{"rendered":"","protected":false},"excerpt":{"rendered":"<p>SINGULAR SNACKS<\/p>\n<p>Aquest snack de patac\u00f3 d&#8217;arr\u00f2s i soja es caracteritza per la textura molt cruixent i la textura lleugera i equilibrada. Combina el sabor suau i dol\u00e7 de l&#8217;arr\u00f2s amb el toc vegetal i sal\u00ed de la soja. \u00c9s daurat, lleuger i f\u00e0cil de menjar, ideal per als que busquen un snack diferent sense exc\u00e9s de greix. El seu sabor neutre el fa perfecte tant sol com acompanyat de dips. Tot plegat, \u00e9s una opci\u00f3 crocant i vers\u00e0til per a qualsevol moment del dia.    <\/p>\n","protected":false},"featured_media":1000592,"template":"","meta":{"_acf_changed":false,"_monsterinsights_skip_tracking":false,"_monsterinsights_sitenote_active":false,"_monsterinsights_sitenote_note":"","_monsterinsights_sitenote_category":0,"_joinchat":[]},"product_brand":[],"product_cat":[178,278],"product_tag":[],"class_list":{"0":"post-999955","1":"product","2":"type-product","3":"status-publish","4":"has-post-thumbnail","6":"product_cat-snacks-ca","7":"product_cat-singular-snacks-ca","9":"first","10":"instock","11":"taxable","12":"shipping-taxable","13":"purchasable","14":"product-type-simple"},"acf":[],"yoast_head":"<!-- This site is optimized with the Yoast SEO plugin v24.8.1 - https:\/\/yoast.com\/wordpress\/plugins\/seo\/ -->\n<title>PATAC\u00d3 D&#039;ARR\u00d2S 600g - Colmado Singular<\/title>\n<meta name=\"robots\" content=\"index, follow, max-snippet:-1, max-image-preview:large, max-video-preview:-1\" \/>\n<link rel=\"canonical\" href=\"https:\/\/colmadosingular.com\/ca\/producto\/boletes-de-wasabi-12kg-copia\/\" \/>\n<meta property=\"og:locale\" content=\"ca_ES\" \/>\n<meta property=\"og:type\" content=\"article\" \/>\n<meta property=\"og:title\" content=\"PATAC\u00d3 D&#039;ARR\u00d2S 600g - Colmado Singular\" \/>\n<meta property=\"og:description\" content=\"SINGULAR SNACKS Aquest snack de patac\u00f3 d&#039;arr\u00f2s i soja es caracteritza per la textura molt cruixent i la textura lleugera i equilibrada. Combina el sabor suau i dol\u00e7 de l&#039;arr\u00f2s amb el toc vegetal i sal\u00ed de la soja. \u00c9s daurat, lleuger i f\u00e0cil de menjar, ideal per als que busquen un snack diferent sense exc\u00e9s de greix. El seu sabor neutre el fa perfecte tant sol com acompanyat de dips. Tot plegat, \u00e9s una opci\u00f3 crocant i vers\u00e0til per a qualsevol moment del dia.\" \/>\n<meta property=\"og:url\" content=\"https:\/\/colmadosingular.com\/ca\/producto\/boletes-de-wasabi-12kg-copia\/\" \/>\n<meta property=\"og:site_name\" content=\"Colmado Singular\" \/>\n<meta property=\"article:modified_time\" content=\"2026-03-27T11:27:34+00:00\" \/>\n<meta property=\"og:image\" content=\"https:\/\/colmadosingular.com\/wp-content\/uploads\/2026\/02\/SS299_25530075BxGris.jpg\" \/>\n\t<meta property=\"og:image:width\" content=\"1200\" \/>\n\t<meta property=\"og:image:height\" content=\"1200\" \/>\n\t<meta property=\"og:image:type\" content=\"image\/jpeg\" \/>\n<meta name=\"twitter:card\" content=\"summary_large_image\" \/>\n<meta name=\"twitter:label1\" content=\"Temps estimat de lectura\" \/>\n\t<meta name=\"twitter:data1\" content=\"1 minut\" \/>\n<script type=\"application\/ld+json\" class=\"yoast-schema-graph\">{\"@context\":\"https:\/\/schema.org\",\"@graph\":[{\"@type\":\"WebPage\",\"@id\":\"https:\/\/colmadosingular.com\/ca\/producto\/boletes-de-wasabi-12kg-copia\/\",\"url\":\"https:\/\/colmadosingular.com\/ca\/producto\/boletes-de-wasabi-12kg-copia\/\",\"name\":\"PATAC\u00d3 D'ARR\u00d2S 600g - Colmado Singular\",\"isPartOf\":{\"@id\":\"https:\/\/colmadosingular.com\/ca\/#website\"},\"primaryImageOfPage\":{\"@id\":\"https:\/\/colmadosingular.com\/ca\/producto\/boletes-de-wasabi-12kg-copia\/#primaryimage\"},\"image\":{\"@id\":\"https:\/\/colmadosingular.com\/ca\/producto\/boletes-de-wasabi-12kg-copia\/#primaryimage\"},\"thumbnailUrl\":\"https:\/\/colmadosingular.com\/wp-content\/uploads\/2026\/02\/SS299_25530075BxGris.jpg\",\"datePublished\":\"2026-02-02T16:15:08+00:00\",\"dateModified\":\"2026-03-27T11:27:34+00:00\",\"breadcrumb\":{\"@id\":\"https:\/\/colmadosingular.com\/ca\/producto\/boletes-de-wasabi-12kg-copia\/#breadcrumb\"},\"inLanguage\":\"ca\",\"potentialAction\":[{\"@type\":\"ReadAction\",\"target\":[\"https:\/\/colmadosingular.com\/ca\/producto\/boletes-de-wasabi-12kg-copia\/\"]}]},{\"@type\":\"ImageObject\",\"inLanguage\":\"ca\",\"@id\":\"https:\/\/colmadosingular.com\/ca\/producto\/boletes-de-wasabi-12kg-copia\/#primaryimage\",\"url\":\"https:\/\/colmadosingular.com\/wp-content\/uploads\/2026\/02\/SS299_25530075BxGris.jpg\",\"contentUrl\":\"https:\/\/colmadosingular.com\/wp-content\/uploads\/2026\/02\/SS299_25530075BxGris.jpg\",\"width\":1200,\"height\":1200},{\"@type\":\"BreadcrumbList\",\"@id\":\"https:\/\/colmadosingular.com\/ca\/producto\/boletes-de-wasabi-12kg-copia\/#breadcrumb\",\"itemListElement\":[{\"@type\":\"ListItem\",\"position\":1,\"name\":\"Portada\",\"item\":\"https:\/\/colmadosingular.com\/ca\/inici\/\"},{\"@type\":\"ListItem\",\"position\":2,\"name\":\"BOTIGA\",\"item\":\"https:\/\/colmadosingular.com\/ca\/shop\/\"},{\"@type\":\"ListItem\",\"position\":3,\"name\":\"PATAC\u00d3 D&#8217;ARR\u00d2S 600g\"}]},{\"@type\":\"WebSite\",\"@id\":\"https:\/\/colmadosingular.com\/ca\/#website\",\"url\":\"https:\/\/colmadosingular.com\/ca\/\",\"name\":\"Colmado Singular\",\"description\":\"\",\"publisher\":{\"@id\":\"https:\/\/colmadosingular.com\/ca\/#organization\"},\"potentialAction\":[{\"@type\":\"SearchAction\",\"target\":{\"@type\":\"EntryPoint\",\"urlTemplate\":\"https:\/\/colmadosingular.com\/ca\/?s={search_term_string}\"},\"query-input\":{\"@type\":\"PropertyValueSpecification\",\"valueRequired\":true,\"valueName\":\"search_term_string\"}}],\"inLanguage\":\"ca\"},{\"@type\":\"Organization\",\"@id\":\"https:\/\/colmadosingular.com\/ca\/#organization\",\"name\":\"Colmado Singular\",\"url\":\"https:\/\/colmadosingular.com\/ca\/\",\"logo\":{\"@type\":\"ImageObject\",\"inLanguage\":\"ca\",\"@id\":\"https:\/\/colmadosingular.com\/ca\/#\/schema\/logo\/image\/\",\"url\":\"https:\/\/colmadosingular.com\/wp-content\/uploads\/2024\/08\/logo-colmado.svg\",\"contentUrl\":\"https:\/\/colmadosingular.com\/wp-content\/uploads\/2024\/08\/logo-colmado.svg\",\"width\":620,\"height\":50,\"caption\":\"Colmado Singular\"},\"image\":{\"@id\":\"https:\/\/colmadosingular.com\/ca\/#\/schema\/logo\/image\/\"}}]}<\/script>\n<!-- \/ Yoast SEO plugin. -->","yoast_head_json":{"title":"PATAC\u00d3 D'ARR\u00d2S 600g - Colmado Singular","robots":{"index":"index","follow":"follow","max-snippet":"max-snippet:-1","max-image-preview":"max-image-preview:large","max-video-preview":"max-video-preview:-1"},"canonical":"https:\/\/colmadosingular.com\/ca\/producto\/boletes-de-wasabi-12kg-copia\/","og_locale":"ca_ES","og_type":"article","og_title":"PATAC\u00d3 D'ARR\u00d2S 600g - Colmado Singular","og_description":"SINGULAR SNACKS Aquest snack de patac\u00f3 d'arr\u00f2s i soja es caracteritza per la textura molt cruixent i la textura lleugera i equilibrada. Combina el sabor suau i dol\u00e7 de l'arr\u00f2s amb el toc vegetal i sal\u00ed de la soja. \u00c9s daurat, lleuger i f\u00e0cil de menjar, ideal per als que busquen un snack diferent sense exc\u00e9s de greix. El seu sabor neutre el fa perfecte tant sol com acompanyat de dips. Tot plegat, \u00e9s una opci\u00f3 crocant i vers\u00e0til per a qualsevol moment del dia.","og_url":"https:\/\/colmadosingular.com\/ca\/producto\/boletes-de-wasabi-12kg-copia\/","og_site_name":"Colmado Singular","article_modified_time":"2026-03-27T11:27:34+00:00","og_image":[{"width":1200,"height":1200,"url":"https:\/\/colmadosingular.com\/wp-content\/uploads\/2026\/02\/SS299_25530075BxGris.jpg","type":"image\/jpeg"}],"twitter_card":"summary_large_image","twitter_misc":{"Temps estimat de lectura":"1 minut"},"schema":{"@context":"https:\/\/schema.org","@graph":[{"@type":"WebPage","@id":"https:\/\/colmadosingular.com\/ca\/producto\/boletes-de-wasabi-12kg-copia\/","url":"https:\/\/colmadosingular.com\/ca\/producto\/boletes-de-wasabi-12kg-copia\/","name":"PATAC\u00d3 D'ARR\u00d2S 600g - Colmado Singular","isPartOf":{"@id":"https:\/\/colmadosingular.com\/ca\/#website"},"primaryImageOfPage":{"@id":"https:\/\/colmadosingular.com\/ca\/producto\/boletes-de-wasabi-12kg-copia\/#primaryimage"},"image":{"@id":"https:\/\/colmadosingular.com\/ca\/producto\/boletes-de-wasabi-12kg-copia\/#primaryimage"},"thumbnailUrl":"https:\/\/colmadosingular.com\/wp-content\/uploads\/2026\/02\/SS299_25530075BxGris.jpg","datePublished":"2026-02-02T16:15:08+00:00","dateModified":"2026-03-27T11:27:34+00:00","breadcrumb":{"@id":"https:\/\/colmadosingular.com\/ca\/producto\/boletes-de-wasabi-12kg-copia\/#breadcrumb"},"inLanguage":"ca","potentialAction":[{"@type":"ReadAction","target":["https:\/\/colmadosingular.com\/ca\/producto\/boletes-de-wasabi-12kg-copia\/"]}]},{"@type":"ImageObject","inLanguage":"ca","@id":"https:\/\/colmadosingular.com\/ca\/producto\/boletes-de-wasabi-12kg-copia\/#primaryimage","url":"https:\/\/colmadosingular.com\/wp-content\/uploads\/2026\/02\/SS299_25530075BxGris.jpg","contentUrl":"https:\/\/colmadosingular.com\/wp-content\/uploads\/2026\/02\/SS299_25530075BxGris.jpg","width":1200,"height":1200},{"@type":"BreadcrumbList","@id":"https:\/\/colmadosingular.com\/ca\/producto\/boletes-de-wasabi-12kg-copia\/#breadcrumb","itemListElement":[{"@type":"ListItem","position":1,"name":"Portada","item":"https:\/\/colmadosingular.com\/ca\/inici\/"},{"@type":"ListItem","position":2,"name":"BOTIGA","item":"https:\/\/colmadosingular.com\/ca\/shop\/"},{"@type":"ListItem","position":3,"name":"PATAC\u00d3 D&#8217;ARR\u00d2S 600g"}]},{"@type":"WebSite","@id":"https:\/\/colmadosingular.com\/ca\/#website","url":"https:\/\/colmadosingular.com\/ca\/","name":"Colmado Singular","description":"","publisher":{"@id":"https:\/\/colmadosingular.com\/ca\/#organization"},"potentialAction":[{"@type":"SearchAction","target":{"@type":"EntryPoint","urlTemplate":"https:\/\/colmadosingular.com\/ca\/?s={search_term_string}"},"query-input":{"@type":"PropertyValueSpecification","valueRequired":true,"valueName":"search_term_string"}}],"inLanguage":"ca"},{"@type":"Organization","@id":"https:\/\/colmadosingular.com\/ca\/#organization","name":"Colmado Singular","url":"https:\/\/colmadosingular.com\/ca\/","logo":{"@type":"ImageObject","inLanguage":"ca","@id":"https:\/\/colmadosingular.com\/ca\/#\/schema\/logo\/image\/","url":"https:\/\/colmadosingular.com\/wp-content\/uploads\/2024\/08\/logo-colmado.svg","contentUrl":"https:\/\/colmadosingular.com\/wp-content\/uploads\/2024\/08\/logo-colmado.svg","width":620,"height":50,"caption":"Colmado Singular"},"image":{"@id":"https:\/\/colmadosingular.com\/ca\/#\/schema\/logo\/image\/"}}]}},"_links":{"self":[{"href":"https:\/\/colmadosingular.com\/ca\/wp-json\/wp\/v2\/product\/999955","targetHints":{"allow":["GET"]}}],"collection":[{"href":"https:\/\/colmadosingular.com\/ca\/wp-json\/wp\/v2\/product"}],"about":[{"href":"https:\/\/colmadosingular.com\/ca\/wp-json\/wp\/v2\/types\/product"}],"wp:featuredmedia":[{"embeddable":true,"href":"https:\/\/colmadosingular.com\/ca\/wp-json\/wp\/v2\/media\/1000592"}],"wp:attachment":[{"href":"https:\/\/colmadosingular.com\/ca\/wp-json\/wp\/v2\/media?parent=999955"}],"wp:term":[{"taxonomy":"product_brand","embeddable":true,"href":"https:\/\/colmadosingular.com\/ca\/wp-json\/wp\/v2\/product_brand?post=999955"},{"taxonomy":"product_cat","embeddable":true,"href":"https:\/\/colmadosingular.com\/ca\/wp-json\/wp\/v2\/product_cat?post=999955"},{"taxonomy":"product_tag","embeddable":true,"href":"https:\/\/colmadosingular.com\/ca\/wp-json\/wp\/v2\/product_tag?post=999955"}],"curies":[{"name":"wp","href":"https:\/\/api.w.org\/{rel}","templated":true}]}}