{"id":999990,"date":"2026-02-03T11:19:58","date_gmt":"2026-02-03T10:19:58","guid":{"rendered":"https:\/\/colmadosingular.com\/?post_type=product&#038;p=999990"},"modified":"2026-02-23T09:11:18","modified_gmt":"2026-02-23T08:11:18","slug":"tomaquet-groc-pelat-en-el-seu-suc-350g-copia","status":"publish","type":"product","link":"https:\/\/colmadosingular.com\/ca\/producto\/tomaquet-groc-pelat-en-el-seu-suc-350g-copia\/","title":{"rendered":"KETCHUP GROC 280g"},"content":{"rendered":"","protected":false},"excerpt":{"rendered":"<p>FINAGRICOLA<\/p>\n<p>El quetxup groc de Finagricola (Cos\u00ec Com&#8217;\u00e8) s&#8217;elabora amb tom\u00e0quet datter\u00ed groc 100% itali\u00e0 i destaca pel seu color daurat i la dol\u00e7or natural. T\u00e9 una textura suau i carnosa, amb baixa acidesa i un sabor net on el tom\u00e0quet \u00e9s protagonista. \u00c9s m\u00e9s delicat que el quetxup vermell tradicional, amb notes lleugerament afruitades. Ideal per a papes fregides, hamburgueses o carns blanques, aporta un toc \u00e0cid i dol\u00e7 sense ser invasiu. Tot plegat, \u00e9s un condiment elegant i molt equilibrat.    <\/p>\n","protected":false},"featured_media":999994,"template":"","meta":{"_acf_changed":false,"_monsterinsights_skip_tracking":false,"_monsterinsights_sitenote_active":false,"_monsterinsights_sitenote_note":"","_monsterinsights_sitenote_category":0,"_joinchat":[]},"product_brand":[],"product_cat":[269,270],"product_tag":[],"class_list":{"0":"post-999990","1":"product","2":"type-product","3":"status-publish","4":"has-post-thumbnail","6":"product_cat-salses","7":"product_cat-ketchup-ca","9":"first","10":"instock","11":"taxable","12":"shipping-taxable","13":"purchasable","14":"product-type-simple"},"acf":[],"yoast_head":"<!-- This site is optimized with the Yoast SEO plugin v24.8.1 - https:\/\/yoast.com\/wordpress\/plugins\/seo\/ -->\n<title>KETCHUP GROC 280g - Colmado Singular<\/title>\n<meta name=\"robots\" content=\"index, follow, max-snippet:-1, max-image-preview:large, max-video-preview:-1\" \/>\n<link rel=\"canonical\" href=\"https:\/\/colmadosingular.com\/ca\/producto\/tomaquet-groc-pelat-en-el-seu-suc-350g-copia\/\" \/>\n<meta property=\"og:locale\" content=\"ca_ES\" \/>\n<meta property=\"og:type\" content=\"article\" \/>\n<meta property=\"og:title\" content=\"KETCHUP GROC 280g - Colmado Singular\" \/>\n<meta property=\"og:description\" content=\"FINAGRICOLA El quetxup groc de Finagricola (Cos\u00ec Com&#039;\u00e8) s&#039;elabora amb tom\u00e0quet datter\u00ed groc 100% itali\u00e0 i destaca pel seu color daurat i la dol\u00e7or natural. T\u00e9 una textura suau i carnosa, amb baixa acidesa i un sabor net on el tom\u00e0quet \u00e9s protagonista. \u00c9s m\u00e9s delicat que el quetxup vermell tradicional, amb notes lleugerament afruitades. Ideal per a papes fregides, hamburgueses o carns blanques, aporta un toc \u00e0cid i dol\u00e7 sense ser invasiu. Tot plegat, \u00e9s un condiment elegant i molt equilibrat.\" \/>\n<meta property=\"og:url\" content=\"https:\/\/colmadosingular.com\/ca\/producto\/tomaquet-groc-pelat-en-el-seu-suc-350g-copia\/\" \/>\n<meta property=\"og:site_name\" content=\"Colmado Singular\" \/>\n<meta property=\"article:modified_time\" content=\"2026-02-23T08:11:18+00:00\" \/>\n<meta property=\"og:image\" content=\"https:\/\/colmadosingular.com\/wp-content\/uploads\/2026\/02\/FI021_25530008BxGris.jpg\" \/>\n\t<meta property=\"og:image:width\" content=\"1200\" \/>\n\t<meta property=\"og:image:height\" content=\"1200\" \/>\n\t<meta property=\"og:image:type\" content=\"image\/jpeg\" \/>\n<meta name=\"twitter:card\" content=\"summary_large_image\" \/>\n<meta name=\"twitter:label1\" content=\"Temps estimat de lectura\" \/>\n\t<meta name=\"twitter:data1\" content=\"1 minut\" \/>\n<script type=\"application\/ld+json\" class=\"yoast-schema-graph\">{\"@context\":\"https:\/\/schema.org\",\"@graph\":[{\"@type\":\"WebPage\",\"@id\":\"https:\/\/colmadosingular.com\/ca\/producto\/tomaquet-groc-pelat-en-el-seu-suc-350g-copia\/\",\"url\":\"https:\/\/colmadosingular.com\/ca\/producto\/tomaquet-groc-pelat-en-el-seu-suc-350g-copia\/\",\"name\":\"KETCHUP GROC 280g - Colmado Singular\",\"isPartOf\":{\"@id\":\"https:\/\/colmadosingular.com\/ca\/#website\"},\"primaryImageOfPage\":{\"@id\":\"https:\/\/colmadosingular.com\/ca\/producto\/tomaquet-groc-pelat-en-el-seu-suc-350g-copia\/#primaryimage\"},\"image\":{\"@id\":\"https:\/\/colmadosingular.com\/ca\/producto\/tomaquet-groc-pelat-en-el-seu-suc-350g-copia\/#primaryimage\"},\"thumbnailUrl\":\"https:\/\/colmadosingular.com\/wp-content\/uploads\/2026\/02\/FI021_25530008BxGris.jpg\",\"datePublished\":\"2026-02-03T10:19:58+00:00\",\"dateModified\":\"2026-02-23T08:11:18+00:00\",\"breadcrumb\":{\"@id\":\"https:\/\/colmadosingular.com\/ca\/producto\/tomaquet-groc-pelat-en-el-seu-suc-350g-copia\/#breadcrumb\"},\"inLanguage\":\"ca\",\"potentialAction\":[{\"@type\":\"ReadAction\",\"target\":[\"https:\/\/colmadosingular.com\/ca\/producto\/tomaquet-groc-pelat-en-el-seu-suc-350g-copia\/\"]}]},{\"@type\":\"ImageObject\",\"inLanguage\":\"ca\",\"@id\":\"https:\/\/colmadosingular.com\/ca\/producto\/tomaquet-groc-pelat-en-el-seu-suc-350g-copia\/#primaryimage\",\"url\":\"https:\/\/colmadosingular.com\/wp-content\/uploads\/2026\/02\/FI021_25530008BxGris.jpg\",\"contentUrl\":\"https:\/\/colmadosingular.com\/wp-content\/uploads\/2026\/02\/FI021_25530008BxGris.jpg\",\"width\":1200,\"height\":1200},{\"@type\":\"BreadcrumbList\",\"@id\":\"https:\/\/colmadosingular.com\/ca\/producto\/tomaquet-groc-pelat-en-el-seu-suc-350g-copia\/#breadcrumb\",\"itemListElement\":[{\"@type\":\"ListItem\",\"position\":1,\"name\":\"Portada\",\"item\":\"https:\/\/colmadosingular.com\/ca\/inici\/\"},{\"@type\":\"ListItem\",\"position\":2,\"name\":\"BOTIGA\",\"item\":\"https:\/\/colmadosingular.com\/ca\/shop\/\"},{\"@type\":\"ListItem\",\"position\":3,\"name\":\"KETCHUP GROC 280g\"}]},{\"@type\":\"WebSite\",\"@id\":\"https:\/\/colmadosingular.com\/ca\/#website\",\"url\":\"https:\/\/colmadosingular.com\/ca\/\",\"name\":\"Colmado Singular\",\"description\":\"\",\"publisher\":{\"@id\":\"https:\/\/colmadosingular.com\/ca\/#organization\"},\"potentialAction\":[{\"@type\":\"SearchAction\",\"target\":{\"@type\":\"EntryPoint\",\"urlTemplate\":\"https:\/\/colmadosingular.com\/ca\/?s={search_term_string}\"},\"query-input\":{\"@type\":\"PropertyValueSpecification\",\"valueRequired\":true,\"valueName\":\"search_term_string\"}}],\"inLanguage\":\"ca\"},{\"@type\":\"Organization\",\"@id\":\"https:\/\/colmadosingular.com\/ca\/#organization\",\"name\":\"Colmado Singular\",\"url\":\"https:\/\/colmadosingular.com\/ca\/\",\"logo\":{\"@type\":\"ImageObject\",\"inLanguage\":\"ca\",\"@id\":\"https:\/\/colmadosingular.com\/ca\/#\/schema\/logo\/image\/\",\"url\":\"https:\/\/colmadosingular.com\/wp-content\/uploads\/2024\/08\/logo-colmado.svg\",\"contentUrl\":\"https:\/\/colmadosingular.com\/wp-content\/uploads\/2024\/08\/logo-colmado.svg\",\"width\":620,\"height\":50,\"caption\":\"Colmado Singular\"},\"image\":{\"@id\":\"https:\/\/colmadosingular.com\/ca\/#\/schema\/logo\/image\/\"}}]}<\/script>\n<!-- \/ Yoast SEO plugin. -->","yoast_head_json":{"title":"KETCHUP GROC 280g - Colmado Singular","robots":{"index":"index","follow":"follow","max-snippet":"max-snippet:-1","max-image-preview":"max-image-preview:large","max-video-preview":"max-video-preview:-1"},"canonical":"https:\/\/colmadosingular.com\/ca\/producto\/tomaquet-groc-pelat-en-el-seu-suc-350g-copia\/","og_locale":"ca_ES","og_type":"article","og_title":"KETCHUP GROC 280g - Colmado Singular","og_description":"FINAGRICOLA El quetxup groc de Finagricola (Cos\u00ec Com'\u00e8) s'elabora amb tom\u00e0quet datter\u00ed groc 100% itali\u00e0 i destaca pel seu color daurat i la dol\u00e7or natural. T\u00e9 una textura suau i carnosa, amb baixa acidesa i un sabor net on el tom\u00e0quet \u00e9s protagonista. \u00c9s m\u00e9s delicat que el quetxup vermell tradicional, amb notes lleugerament afruitades. Ideal per a papes fregides, hamburgueses o carns blanques, aporta un toc \u00e0cid i dol\u00e7 sense ser invasiu. Tot plegat, \u00e9s un condiment elegant i molt equilibrat.","og_url":"https:\/\/colmadosingular.com\/ca\/producto\/tomaquet-groc-pelat-en-el-seu-suc-350g-copia\/","og_site_name":"Colmado Singular","article_modified_time":"2026-02-23T08:11:18+00:00","og_image":[{"width":1200,"height":1200,"url":"https:\/\/colmadosingular.com\/wp-content\/uploads\/2026\/02\/FI021_25530008BxGris.jpg","type":"image\/jpeg"}],"twitter_card":"summary_large_image","twitter_misc":{"Temps estimat de lectura":"1 minut"},"schema":{"@context":"https:\/\/schema.org","@graph":[{"@type":"WebPage","@id":"https:\/\/colmadosingular.com\/ca\/producto\/tomaquet-groc-pelat-en-el-seu-suc-350g-copia\/","url":"https:\/\/colmadosingular.com\/ca\/producto\/tomaquet-groc-pelat-en-el-seu-suc-350g-copia\/","name":"KETCHUP GROC 280g - Colmado Singular","isPartOf":{"@id":"https:\/\/colmadosingular.com\/ca\/#website"},"primaryImageOfPage":{"@id":"https:\/\/colmadosingular.com\/ca\/producto\/tomaquet-groc-pelat-en-el-seu-suc-350g-copia\/#primaryimage"},"image":{"@id":"https:\/\/colmadosingular.com\/ca\/producto\/tomaquet-groc-pelat-en-el-seu-suc-350g-copia\/#primaryimage"},"thumbnailUrl":"https:\/\/colmadosingular.com\/wp-content\/uploads\/2026\/02\/FI021_25530008BxGris.jpg","datePublished":"2026-02-03T10:19:58+00:00","dateModified":"2026-02-23T08:11:18+00:00","breadcrumb":{"@id":"https:\/\/colmadosingular.com\/ca\/producto\/tomaquet-groc-pelat-en-el-seu-suc-350g-copia\/#breadcrumb"},"inLanguage":"ca","potentialAction":[{"@type":"ReadAction","target":["https:\/\/colmadosingular.com\/ca\/producto\/tomaquet-groc-pelat-en-el-seu-suc-350g-copia\/"]}]},{"@type":"ImageObject","inLanguage":"ca","@id":"https:\/\/colmadosingular.com\/ca\/producto\/tomaquet-groc-pelat-en-el-seu-suc-350g-copia\/#primaryimage","url":"https:\/\/colmadosingular.com\/wp-content\/uploads\/2026\/02\/FI021_25530008BxGris.jpg","contentUrl":"https:\/\/colmadosingular.com\/wp-content\/uploads\/2026\/02\/FI021_25530008BxGris.jpg","width":1200,"height":1200},{"@type":"BreadcrumbList","@id":"https:\/\/colmadosingular.com\/ca\/producto\/tomaquet-groc-pelat-en-el-seu-suc-350g-copia\/#breadcrumb","itemListElement":[{"@type":"ListItem","position":1,"name":"Portada","item":"https:\/\/colmadosingular.com\/ca\/inici\/"},{"@type":"ListItem","position":2,"name":"BOTIGA","item":"https:\/\/colmadosingular.com\/ca\/shop\/"},{"@type":"ListItem","position":3,"name":"KETCHUP GROC 280g"}]},{"@type":"WebSite","@id":"https:\/\/colmadosingular.com\/ca\/#website","url":"https:\/\/colmadosingular.com\/ca\/","name":"Colmado Singular","description":"","publisher":{"@id":"https:\/\/colmadosingular.com\/ca\/#organization"},"potentialAction":[{"@type":"SearchAction","target":{"@type":"EntryPoint","urlTemplate":"https:\/\/colmadosingular.com\/ca\/?s={search_term_string}"},"query-input":{"@type":"PropertyValueSpecification","valueRequired":true,"valueName":"search_term_string"}}],"inLanguage":"ca"},{"@type":"Organization","@id":"https:\/\/colmadosingular.com\/ca\/#organization","name":"Colmado Singular","url":"https:\/\/colmadosingular.com\/ca\/","logo":{"@type":"ImageObject","inLanguage":"ca","@id":"https:\/\/colmadosingular.com\/ca\/#\/schema\/logo\/image\/","url":"https:\/\/colmadosingular.com\/wp-content\/uploads\/2024\/08\/logo-colmado.svg","contentUrl":"https:\/\/colmadosingular.com\/wp-content\/uploads\/2024\/08\/logo-colmado.svg","width":620,"height":50,"caption":"Colmado Singular"},"image":{"@id":"https:\/\/colmadosingular.com\/ca\/#\/schema\/logo\/image\/"}}]}},"_links":{"self":[{"href":"https:\/\/colmadosingular.com\/ca\/wp-json\/wp\/v2\/product\/999990","targetHints":{"allow":["GET"]}}],"collection":[{"href":"https:\/\/colmadosingular.com\/ca\/wp-json\/wp\/v2\/product"}],"about":[{"href":"https:\/\/colmadosingular.com\/ca\/wp-json\/wp\/v2\/types\/product"}],"wp:featuredmedia":[{"embeddable":true,"href":"https:\/\/colmadosingular.com\/ca\/wp-json\/wp\/v2\/media\/999994"}],"wp:attachment":[{"href":"https:\/\/colmadosingular.com\/ca\/wp-json\/wp\/v2\/media?parent=999990"}],"wp:term":[{"taxonomy":"product_brand","embeddable":true,"href":"https:\/\/colmadosingular.com\/ca\/wp-json\/wp\/v2\/product_brand?post=999990"},{"taxonomy":"product_cat","embeddable":true,"href":"https:\/\/colmadosingular.com\/ca\/wp-json\/wp\/v2\/product_cat?post=999990"},{"taxonomy":"product_tag","embeddable":true,"href":"https:\/\/colmadosingular.com\/ca\/wp-json\/wp\/v2\/product_tag?post=999990"}],"curies":[{"name":"wp","href":"https:\/\/api.w.org\/{rel}","templated":true}]}}